{"id":6383,"date":"2024-09-11T09:46:02","date_gmt":"2024-09-11T09:46:02","guid":{"rendered":"https:\/\/www.hg-cooker.com\/?post_type=product&#038;p=6383"},"modified":"2025-11-13T02:17:40","modified_gmt":"2025-11-13T02:17:40","slug":"wholesale-multi-function-pressure-cooker","status":"publish","type":"product","link":"https:\/\/www.hg-cooker.com\/pt\/produto\/wholesale-multi-function-pressure-cooker\/","title":{"rendered":"Panela de press\u00e3o multifun\u00e7\u00f5es por atacado - Design \"Abertura\/fecho com um clique"},"content":{"rendered":"<h3 class=\"wp-block-heading\">Par\u00e2metros da Panela de Press\u00e3o Multifun\u00e7\u00f5es<\/h3>\n\n\n\n<div class=\"wp-block-columns is-layout-flex wp-container-core-columns-is-layout-9d6595d7 wp-block-columns-is-layout-flex\">\n<div class=\"wp-block-column is-layout-flow wp-block-column-is-layout-flow\" style=\"flex-basis:66.66%\">\n<figure class=\"wp-block-image size-full\"><img fetchpriority=\"high\" decoding=\"async\" width=\"4060\" height=\"2032\" src=\"https:\/\/www.hg-cooker.com\/wp-content\/uploads\/2025\/09\/Specifications-of-multi-function-pressure-cooker.webp\" alt=\"Especifica\u00e7\u00f5es da panela de press\u00e3o multifun\u00e7\u00f5es\" class=\"wp-image-6384\" srcset=\"https:\/\/www.hg-cooker.com\/wp-content\/uploads\/2025\/09\/Specifications-of-multi-function-pressure-cooker.webp 4060w, https:\/\/www.hg-cooker.com\/wp-content\/uploads\/2025\/09\/Specifications-of-multi-function-pressure-cooker-300x150.webp 300w, https:\/\/www.hg-cooker.com\/wp-content\/uploads\/2025\/09\/Specifications-of-multi-function-pressure-cooker-768x384.webp 768w, https:\/\/www.hg-cooker.com\/wp-content\/uploads\/2025\/09\/Specifications-of-multi-function-pressure-cooker-18x9.webp 18w, https:\/\/www.hg-cooker.com\/wp-content\/uploads\/2025\/09\/Specifications-of-multi-function-pressure-cooker-285x143.webp 285w, https:\/\/www.hg-cooker.com\/wp-content\/uploads\/2025\/09\/Specifications-of-multi-function-pressure-cooker-1600x801.webp 1600w, https:\/\/www.hg-cooker.com\/wp-content\/uploads\/2025\/09\/Specifications-of-multi-function-pressure-cooker-660x330.webp 660w, https:\/\/www.hg-cooker.com\/wp-content\/uploads\/2025\/09\/Specifications-of-multi-function-pressure-cooker-150x75.webp 150w\" sizes=\"(max-width: 4060px) 100vw, 4060px\" \/><\/figure>\n<\/div>\n\n\n\n<div class=\"wp-block-column is-layout-flow wp-block-column-is-layout-flow\" style=\"flex-basis:33.33%\"><\/div>\n<\/div>\n\n\n\n<h3 class=\"wp-block-heading\">Op\u00e7\u00f5es de utens\u00edlios de cozinha personalizados<\/h3>\n\n\n\n<p><strong>Log\u00f3tipo:<\/strong> Personaliz\u00e1vel com o log\u00f3tipo da sua marca<br><strong>Embalagem:<\/strong>&nbsp;Caixa de cor\/caixa de cart\u00e3o, etc<br><strong>Material: <\/strong>Personaliz\u00e1vel<\/p>","protected":false},"excerpt":{"rendered":"<p>Panela de press\u00e3o multifuncional por atacado, equipada com uma tampa de abertura e fecho com um clique, os utilizadores s\u00f3 precisam de pressionar ligeiramente para abrir a tampa da panela de press\u00e3o. Esta panela de press\u00e3o oferece v\u00e1rias capacidades que variam de 4 litros a 8 litros para atender a v\u00e1rias necessidades de cozimento. O produto est\u00e1 em conformidade com as normas internacionais, tais como CE, LFGB, FDA e ISO. Os grossistas, distribuidores e comerciantes s\u00e3o bem-vindos para comprar a granel.<\/p>\n<h2>Carater\u00edsticas da Panela de Press\u00e3o Multifun\u00e7\u00f5es<\/h2>\n<p><strong>Design de abertura e fecho com um clique:<\/strong> Os utilizadores podem abrir facilmente a tampa da panela com apenas uma press\u00e3o. Esta carater\u00edstica n\u00e3o s\u00f3 aumenta a seguran\u00e7a do utilizador, como tamb\u00e9m torna os cozinhados mais r\u00e1pidos e agrad\u00e1veis.<\/p>\n<p><strong>Material dur\u00e1vel e seguro para alimentos:<\/strong> Esta panela de press\u00e3o \u00e9 feita de a\u00e7o inoxid\u00e1vel 304, que tem uma excelente resist\u00eancia \u00e0 ferrugem e \u00e0 corros\u00e3o, e \u00e9 muito dur\u00e1vel, tornando-a um investimento seguro e duradouro.<\/p>\n<p><strong>V\u00e1rios tamanhos \u00e0 escolha:<\/strong> Esta panela de press\u00e3o oferece v\u00e1rias op\u00e7\u00f5es de capacidade, incluindo 4 litros, 6 litros, 7 litros e 8 litros. Adequada para as necessidades de cozedura de diferentes escalas e tamanhos.<\/p>\n<p><strong>Poupar tempo de cozedura:<\/strong> O corpo da panela selado pode aumentar a press\u00e3o dentro da panela, permitindo que os alimentos cozinhem mais rapidamente e que os utilizadores preparem uma grande quantidade de refei\u00e7\u00f5es num curto per\u00edodo de tempo, melhorando a efici\u00eancia da cozinha.<\/p>\n<p><strong>Controlo de qualidade e certifica\u00e7\u00e3o rigorosos:<\/strong> Como fabricante l\u00edder de panelas de press\u00e3o na China, os nossos produtos implementam rigorosos procedimentos de controlo de qualidade e cumprem as normas internacionais, tais como CE, LFGB, FDA e ISO.<\/p>","protected":false},"featured_media":6385,"comment_status":"closed","ping_status":"closed","template":"","meta":[],"product_brand":[],"product_cat":[54],"product_tag":[],"class_list":{"0":"post-6383","1":"product","2":"type-product","3":"status-publish","4":"has-post-thumbnail","6":"product_cat-pressure-cooker","8":"first","9":"instock","10":"shipping-taxable","11":"product-type-simple"},"_links":{"self":[{"href":"https:\/\/www.hg-cooker.com\/pt\/wp-json\/wp\/v2\/product\/6383","targetHints":{"allow":["GET"]}}],"collection":[{"href":"https:\/\/www.hg-cooker.com\/pt\/wp-json\/wp\/v2\/product"}],"about":[{"href":"https:\/\/www.hg-cooker.com\/pt\/wp-json\/wp\/v2\/types\/product"}],"replies":[{"embeddable":true,"href":"https:\/\/www.hg-cooker.com\/pt\/wp-json\/wp\/v2\/comments?post=6383"}],"wp:featuredmedia":[{"embeddable":true,"href":"https:\/\/www.hg-cooker.com\/pt\/wp-json\/wp\/v2\/media\/6385"}],"wp:attachment":[{"href":"https:\/\/www.hg-cooker.com\/pt\/wp-json\/wp\/v2\/media?parent=6383"}],"wp:term":[{"taxonomy":"product_brand","embeddable":true,"href":"https:\/\/www.hg-cooker.com\/pt\/wp-json\/wp\/v2\/product_brand?post=6383"},{"taxonomy":"product_cat","embeddable":true,"href":"https:\/\/www.hg-cooker.com\/pt\/wp-json\/wp\/v2\/product_cat?post=6383"},{"taxonomy":"product_tag","embeddable":true,"href":"https:\/\/www.hg-cooker.com\/pt\/wp-json\/wp\/v2\/product_tag?post=6383"}],"curies":[{"name":"wp","href":"https:\/\/api.w.org\/{rel}","templated":true}]}}