{"id":6376,"date":"2024-09-11T09:32:25","date_gmt":"2024-09-11T09:32:25","guid":{"rendered":"https:\/\/www.hg-cooker.com\/?post_type=product&#038;p=6376"},"modified":"2025-11-13T02:17:32","modified_gmt":"2025-11-13T02:17:32","slug":"wholesale-knob-pressure-cooker","status":"publish","type":"product","link":"https:\/\/www.hg-cooker.com\/pt\/produto\/wholesale-knob-pressure-cooker\/","title":{"rendered":"Panela de press\u00e3o de bot\u00e3o por atacado, f\u00e1cil de operar, v\u00e1rios tamanhos dispon\u00edveis, fornecimento a granel de f\u00e1brica"},"content":{"rendered":"<h3 class=\"wp-block-heading\">Par\u00e2metros da Panela de Press\u00e3o Knob <\/h3>\n\n\n\n<div class=\"wp-block-columns is-layout-flex wp-container-core-columns-is-layout-9d6595d7 wp-block-columns-is-layout-flex\">\n<div class=\"wp-block-column is-layout-flow wp-block-column-is-layout-flow\" style=\"flex-basis:66.66%\">\n<figure class=\"wp-block-image size-full\"><img fetchpriority=\"high\" decoding=\"async\" width=\"3244\" height=\"1340\" src=\"https:\/\/www.hg-cooker.com\/wp-content\/uploads\/2025\/09\/wholesale-knob-pressure-cooker-2.webp\" alt=\"panela de press\u00e3o de bot\u00e3o por atacado (2)\" class=\"wp-image-6379\" srcset=\"https:\/\/www.hg-cooker.com\/wp-content\/uploads\/2025\/09\/wholesale-knob-pressure-cooker-2.webp 3244w, https:\/\/www.hg-cooker.com\/wp-content\/uploads\/2025\/09\/wholesale-knob-pressure-cooker-2-300x124.webp 300w, https:\/\/www.hg-cooker.com\/wp-content\/uploads\/2025\/09\/wholesale-knob-pressure-cooker-2-768x317.webp 768w, https:\/\/www.hg-cooker.com\/wp-content\/uploads\/2025\/09\/wholesale-knob-pressure-cooker-2-18x7.webp 18w, https:\/\/www.hg-cooker.com\/wp-content\/uploads\/2025\/09\/wholesale-knob-pressure-cooker-2-285x118.webp 285w, https:\/\/www.hg-cooker.com\/wp-content\/uploads\/2025\/09\/wholesale-knob-pressure-cooker-2-1600x661.webp 1600w, https:\/\/www.hg-cooker.com\/wp-content\/uploads\/2025\/09\/wholesale-knob-pressure-cooker-2-660x273.webp 660w, https:\/\/www.hg-cooker.com\/wp-content\/uploads\/2025\/09\/wholesale-knob-pressure-cooker-2-150x62.webp 150w\" sizes=\"(max-width: 3244px) 100vw, 3244px\" \/><\/figure>\n<\/div>\n\n\n\n<div class=\"wp-block-column is-layout-flow wp-block-column-is-layout-flow\" style=\"flex-basis:33.33%\"><\/div>\n<\/div>\n\n\n\n<h3 class=\"wp-block-heading\">Op\u00e7\u00f5es de panelas de press\u00e3o personalizadas<\/h3>\n\n\n\n<p><strong>Log\u00f3tipo:<\/strong> Personaliz\u00e1vel com o log\u00f3tipo da sua marca;     <strong>Embalagem:<\/strong>&nbsp;Caixa de cor\/caixa de cart\u00e3o, etc;     <strong>Material: <\/strong>Personaliz\u00e1vel<\/p>","protected":false},"excerpt":{"rendered":"<p>Panelas de press\u00e3o de bot\u00e3o por grosso. Combina materiais de alta qualidade e um design de f\u00e1cil utiliza\u00e7\u00e3o, tornando-a perfeita para utiliza\u00e7\u00e3o na cozinha dom\u00e9stica. Esta s\u00e9rie tem quatro capacidades \u00e0 escolha: 5, 6, 7 e 8 litros, adequadas para v\u00e1rios cen\u00e1rios. As cozinhas dom\u00e9sticas podem utiliz\u00e1-la para preparar uma variedade de alimentos, desde fast food durante a semana a grandes refei\u00e7\u00f5es festivas.<\/p>\n<h2>Carater\u00edsticas da Panela de Press\u00e3o Knob<\/h2>\n<div data-slate-node=\"element\"><span data-slate-node=\"text\"><strong>Material de alta qualidade:<\/strong> A nossa panela de press\u00e3o \u00e9 feita de material de a\u00e7o inoxid\u00e1vel 304 de qualidade alimentar, que n\u00e3o \u00e9 f\u00e1cil de enferrujar ou deformar, e n\u00e3o reage com alimentos \u00e1cidos, garantindo sa\u00fade e seguran\u00e7a.<\/span><span data-slate-node=\"text\"> Os utilizadores podem utiliz\u00e1-lo com mais confian\u00e7a.<\/p>\n<p><\/span><\/div>\n<div data-slate-node=\"element\"><span data-slate-node=\"text\"><strong>Design ergon\u00f3mico e seguro:<\/strong> Esta panela de press\u00e3o possui uma estrutura de tampa tipo bot\u00e3o, que facilita o bloqueio e o desbloqueio.<\/span><span data-slate-node=\"text\"> A pega lateral \u00e9 feita de material pl\u00e1stico preto resistente ao calor, proporcionando uma ader\u00eancia confort\u00e1vel e um toque frio, garantindo um funcionamento seguro.<\/p>\n<p><\/span><\/div>\n<div data-slate-node=\"element\"><span data-slate-node=\"text\"><strong>Capacidades m\u00faltiplas:<\/strong> Este produto de panela de press\u00e3o oferece quatro tamanhos diferentes: 5 litros, 6 litros, 7 litros e 8 litros;<\/span><span data-slate-node=\"text\"> As op\u00e7\u00f5es de grande capacidade tornam-no adequado para v\u00e1rios cen\u00e1rios.<\/p>\n<p><\/span><\/div>\n<div data-slate-node=\"element\" data-slate-fragment=\"JTVCJTdCJTIydHlwZSUyMiUzQSUyMnBhcmFncmFwaCUyMiUyQyUyMmNoaWxkcmVuJTIyJTNBJTVCJTdCJTIyaWQlMjIlM0ElMjJCUDk1cEVHeVdlJTIyJTJDJTIycGFyYUlkeCUyMiUzQTAlMkMlMjJzcmMlMjIlM0ElMjJIaWdoJTIwcXVhbGl0eSUyMG1hdGVyaWFsJTNBJTIwT3VyJTIwcHJlc3N1cmUlMjBjb29rZXIlMjBpcyUyMG1hZGUlMjBvZiUyMDMwNCUyMGZvb2QlMjBncmFkZSUyMHN0YWlubGVzcyUyMHN0ZWVsJTIwbWF0ZXJpYWwlMkMlMjB3aGljaCUyMGlzJTIwbm90JTIwZWFzeSUyMHRvJTIwcnVzdCUyMG9yJTIwZGVmb3JtJTJDJTIwYW5kJTIwd2lsbCUyMG5vdCUyMHJlYWN0JTIwd2l0aCUyMGFjaWRpYyUyMGZvb2RzJTJDJTIwZW5zdXJpbmclMjBoZWFsdGglMjBhbmQlMjBzYWZldHkuJTIyJTJDJTIyZHN0JTIyJTNBJTIyJUU0JUJDJTk4JUU4JUI0JUE4JUU2JTlEJTkwJUU2JTk2JTk5JUVGJUJDJTlBJUU2JTg4JTkxJUU0JUJCJUFDJUU3JTlBJTg0JUU1JThFJThCJUU1JThBJTlCJUU5JTk0JTg1JUU5JTg3JTg3JUU3JTk0JUE4MzA0JUU5JUEzJTlGJUU1JTkzJTgxJUU3JUJBJUE3JUU0JUI4JThEJUU5JTk0JTg4JUU5JTkyJUEyJUU2JTlEJTkwJUU2JTk2JTk5JUU1JTg4JUI2JUU2JTg4JTkwJUVGJUJDJThDJUU0JUI4JThEJUU2JTk4JTkzJUU3JTk0JTlGJUU5JTk0JTg4JUU2JTg4JTk2JUU1JThGJTk4JUU1JUJEJUEyJUVGJUJDJThDJUU0JUI4JThEJUU0JUJDJTlBJUU0JUI4JThFJUU5JTg1JUI4JUU2JTgwJUE3JUU5JUEzJTlGJUU1JTkzJTgxJUU1JThGJTkxJUU3JTk0JTlGJUU1JThGJThEJUU1JUJBJTk0JUVGJUJDJThDJUU3JUExJUFFJUU0JUJGJTlEJUU1JTgxJUE1JUU1JUJBJUI3JUU1JUFFJTg5JUU1JTg1JUE4JUUzJTgwJTgyJTIyJTJDJTIybWV0YWRhdGElMjIlM0ElMjIlMjIlMkMlMjJtYXRjaGVzJTIyJTNBbnVsbCUyQyUyMnRyYW5zbGF0ZWRCeSUyMiUzQW51bGwlMkMlMjJtZXRhRGF0YSUyMiUzQSU1QiU1RCUyQyUyMnRleHQlMjIlM0ElMjJIaWdoJTIwcXVhbGl0eSUyMG1hdGVyaWFsJTNBJTIwT3VyJTIwcHJlc3N1cmUlMjBjb29rZXIlMjBpcyUyMG1hZGUlMjBvZiUyMDMwNCUyMGZvb2QlMjBncmFkZSUyMHN0YWlubGVzcyUyMHN0ZWVsJTIwbWF0ZXJpYWwlMkMlMjB3aGljaCUyMGlzJTIwbm90JTIwZWFzeSUyMHRvJTIwcnVzdCUyMG9yJTIwZGVmb3JtJTJDJTIwYW5kJTIwd2lsbCUyMG5vdCUyMHJlYWN0JTIwd2l0aCUyMGFjaWRpYyUyMGZvb2RzJTJDJTIwZW5zdXJpbmclMjBoZWFsdGglMjBhbmQlMjBzYWZldHkuJTIyJTdEJTJDJTdCJTIyaWQlMjIlM0ElMjJWUWE3V0o2dzJWJTIyJTJDJTIycGFyYUlkeCUyMiUzQTAlMkMlMjJzcmMlMjIlM0ElMjIlMjBVc2VycyUyMGNhbiUyMHVzZSUyMGl0JTIwd2l0aCUyMG1vcmUlMjBjb25maWRlbmNlLiUyMiUyQyUyMmRzdCUyMiUzQSUyMiVFNyU5NCVBOCVFNiU4OCVCNyVFNSU4RiVBRiVFNCVCQiVBNSVFNiU5QiVCNCVFNiU5QyU4OSVFNCVCRiVBMSVFNSVCRiU4MyVFNSU5QyVCMCVFNCVCRCVCRiVFNyU5NCVBOCVFNSVBRSU4MyVFMyU4MCU4MiUyMiUyQyUyMm1ldGFkYXRhJTIyJTNBJTIyJTIyJTJDJTIybWF0Y2hlcyUyMiUzQW51bGwlMkMlMjJ0cmFuc2xhdGVkQnklMjIlM0FudWxsJTJDJTIybWV0YURhdGElMjIlM0ElNUIlNUQlMkMlMjJ0ZXh0JTIyJTNBJTIyJTIwVXNlcnMlMjBjYW4lMjB1c2UlMjBpdCUyMHdpdGglMjBtb3JlJTIwY29uZmlkZW5jZS4lMjIlN0QlNUQlN0QlMkMlN0IlMjJ0eXBlJTIyJTNBJTIycGFyYWdyYXBoJTIyJTJDJTIyY2hpbGRyZW4lMjIlM0ElNUIlN0IlMjJpZCUyMiUzQSUyMlZwZ244ak5SbmUlMjIlMkMlMjJwYXJhSWR4JTIyJTNBMSUyQyUyMnNyYyUyMiUzQSUyMkVyZ29ub21pYyUyMGFuZCUyMHNhZmUlMjBkZXNpZ24lM0ElMjBUaGlzJTIwcHJlc3N1cmUlMjBjb29rZXIlMjBmZWF0dXJlcyUyMGElMjBrbm9iJTIwc3R5bGUlMjBsaWQlMjBzdHJ1Y3R1cmUlMkMlMjBtYWtpbmclMjBpdCUyMGVhc3klMjB0byUyMGxvY2slMjBhbmQlMjB1bmxvY2slM0IlMjIlMkMlMjJkc3QlMjIlM0ElMjIlRTclQUMlQTYlRTUlOTAlODglRTQlQkElQkElRTQlQkQlOTMlRTUlQjclQTUlRTclQTglOEIlRTUlQUQlQTYlRTUlOTIlOEMlRTUlQUUlODklRTUlODUlQTglRTglQUUlQkUlRTglQUUlQTElRUYlQkMlOUElRTglQkYlOTklRTYlQUMlQkUlRTUlOEUlOEIlRTUlOEElOUIlRTklOTQlODUlRTklODclODclRTclOTQlQTglRTYlOTclOEIlRTklOTIlQUUlRTUlQkMlOEYlRTclOUIlOTYlRTUlQUQlOTAlRTclQkIlOTMlRTYlOUUlODQlRUYlQkMlOEMlRTYlOTglOTMlRTQlQkElOEUlRTklOTQlODElRTUlQUUlOUElRTUlOTIlOEMlRTglQTclQTMlRTklOTQlODElRUYlQkMlOUIlMjIlMkMlMjJtZXRhZGF0YSUyMiUzQSUyMiUyMiUyQyUyMm1hdGNoZXMlMjIlM0FudWxsJTJDJTIydHJhbnNsYXRlZEJ5JTIyJTNBbnVsbCUyQyUyMm1ldGFEYXRhJTIyJTNBJTVCJTVEJTJDJTIydGV4dCUyMiUzQSUyMkVyZ29ub21pYyUyMGFuZCUyMHNhZmUlMjBkZXNpZ24lM0ElMjBUaGlzJTIwcHJlc3N1cmUlMjBjb29rZXIlMjBmZWF0dXJlcyUyMGElMjBrbm9iJTIwc3R5bGUlMjBsaWQlMjBzdHJ1Y3R1cmUlMkMlMjBtYWtpbmclMjBpdCUyMGVhc3klMjB0byUyMGxvY2slMjBhbmQlMjB1bmxvY2slM0IlMjIlN0QlMkMlN0IlMjJpZCUyMiUzQSUyMlZXNmJuMW9sd2UlMjIlMkMlMjJwYXJhSWR4JTIyJTNBMSUyQyUyMnNyYyUyMiUzQSUyMiUyMFRoZSUyMHNpZGUlMjBoYW5kbGUlMjBpcyUyMG1hZGUlMjBvZiUyMGhlYXQtcmVzaXN0YW50JTIwYmxhY2slMjBwbGFzdGljJTIwbWF0ZXJpYWwlMkMlMjBwcm92aWRpbmclMjBhJTIwY29tZm9ydGFibGUlMjBncmlwJTIwYW5kJTIwYSUyMGNvb2wlMjB0b3VjaCUyQyUyMGVuc3VyaW5nJTIwc2FmZSUyMG9wZXJhdGlvbi4lMjIlMkMlMjJkc3QlMjIlM0ElMjIlRTQlQkUlQTclRTYlODklOEIlRTYlOUYlODQlRTclOTQlQjElRTglODAlOTAlRTclODMlQUQlRTklQkIlOTElRTglODklQjIlRTUlQTElOTElRTYlOTYlOTklRTYlOUQlOTAlRTYlOTYlOTklRTUlODglQjYlRTYlODglOTAlRUYlQkMlOEMlRTYlOEYlOTAlRTQlQkUlOUIlRTglODglOTIlRTklODAlODIlRTclOUElODQlRTYlOEElOTMlRTYlOEYlQTElRTUlOTIlOEMlRTUlODclODklRTclODglQkQlRTclOUElODQlRTglQTclQTYlRTYlODQlOUYlRUYlQkMlOEMlRTclQTElQUUlRTQlQkYlOUQlRTUlQUUlODklRTUlODUlQTglRTYlOTMlOEQlRTQlQkQlOUMlRTMlODAlODIlMjIlMkMlMjJtZXRhZGF0YSUyMiUzQSUyMiUyMiUyQyUyMm1hdGNoZXMlMjIlM0FudWxsJTJDJTIydHJhbnNsYXRlZEJ5JTIyJTNBbnVsbCUyQyUyMm1ldGFEYXRhJTIyJTNBJTVCJTVEJTJDJTIydGV4dCUyMiUzQSUyMiUyMFRoZSUyMHNpZGUlMjBoYW5kbGUlMjBpcyUyMG1hZGUlMjBvZiUyMGhlYXQtcmVzaXN0YW50JTIwYmxhY2slMjBwbGFzdGljJTIwbWF0ZXJpYWwlMkMlMjBwcm92aWRpbmclMjBhJTIwY29tZm9ydGFibGUlMjBncmlwJTIwYW5kJTIwYSUyMGNvb2wlMjB0b3VjaCUyQyUyMGVuc3VyaW5nJTIwc2FmZSUyMG9wZXJhdGlvbi4lMjIlN0QlNUQlN0QlMkMlN0IlMjJ0eXBlJTIyJTNBJTIycGFyYWdyYXBoJTIyJTJDJTIyY2hpbGRyZW4lMjIlM0ElNUIlN0IlMjJpZCUyMiUzQSUyMkI4OUFObFpkNmUlMjIlMkMlMjJwYXJhSWR4JTIyJTNBMiUyQyUyMnNyYyUyMiUzQSUyMk11bHRpcGxlJTIwY2FwYWNpdGllcyUzQSUyMFRoaXMlMjBwcmVzc3VyZSUyMGNvb2tlciUyMHByb2R1Y3QlMjBvZmZlcnMlMjBmb3VyJTIwZGlmZmVyZW50JTIwc2l6ZXMlM0ElMjA1JTIwbGl0ZXJzJTJDJTIwNiUyMGxpdGVycyUyQyUyMDclMjBsaXRlcnMlMkMlMjBhbmQlMjA4JTIwbGl0ZXJzJTNCJTIyJTJDJTIyZHN0JTIyJTNBJTIyJUU1JUE0JTlBJUU3JUE3JThEJUU1JUFFJUI5JUU5JTg3JThGJUVGJUJDJTlBJUU4JUJGJTk5JUU2JUFDJUJFJUU1JThFJThCJUU1JThBJTlCJUU5JTk0JTg1JUU0JUJBJUE3JUU1JTkzJTgxJUU2JThGJTkwJUU0JUJFJTlCJUU1JTlCJTlCJUU3JUE3JThEJUU0JUI4JThEJUU1JTkwJThDJUU1JUIwJUJBJUU1JUFGJUI4JUVGJUJDJTlBNSVFNSU4RCU4NyVFMyU4MCU4MTYlRTUlOEQlODclRTMlODAlODE3JUU1JThEJTg3JUU1JTkyJThDOCVFNSU4RCU4NyVFRiVCQyU5QiUyMiUyQyUyMm1ldGFkYXRhJTIyJTNBJTIyJTIyJTJDJTIybWF0Y2hlcyUyMiUzQW51bGwlMkMlMjJ0cmFuc2xhdGVkQnklMjIlM0FudWxsJTJDJTIybWV0YURhdGElMjIlM0ElNUIlNUQlMkMlMjJ0ZXh0JTIyJTNBJTIyTXVsdGlwbGUlMjBjYXBhY2l0aWVzJTNBJTIwVGhpcyUyMHByZXNzdXJlJTIwY29va2VyJTIwcHJvZHVjdCUyMG9mZmVycyUyMGZvdXIlMjBkaWZmZXJlbnQlMjBzaXplcyUzQSUyMDUlMjBsaXRlcnMlMkMlMjA2JTIwbGl0ZXJzJTJDJTIwNyUyMGxpdGVycyUyQyUyMGFuZCUyMDglMjBsaXRlcnMlM0IlMjIlN0QlMkMlN0IlMjJpZCUyMiUzQSUyMlYxZDZxUnhhUmUlMjIlMkMlMjJwYXJhSWR4JTIyJTNBMiUyQyUyMnNyYyUyMiUzQSUyMiUyMFJpY2glMjBjYXBhY2l0eSUyMG9wdGlvbnMlMjBtYWtlJTIwaXQlMjBzdWl0YWJsZSUyMGZvciUyMHZhcmlvdXMlMjBzY2VuYXJpb3MuJTIyJTJDJTIyZHN0JTIyJTNBJTIyJUU0JUI4JUIwJUU1JUFGJThDJUU3JTlBJTg0JUU1JUFFJUI5JUU5JTg3JThGJUU5JTgwJTg5JUU5JUExJUI5JUU0JUJEJUJGJUU1JTg1JUI2JUU5JTgwJTgyJUU3JTk0JUE4JUU0JUJBJThFJUU1JTkwJTg0JUU3JUE3JThEJUU1JTlDJUJBJUU2JTk5JUFGJUUzJTgwJTgyJTIyJTJDJTIybWV0YWRhdGElMjIlM0ElMjIlMjIlMkMlMjJtYXRjaGVzJTIyJTNBbnVsbCUyQyUyMnRyYW5zbGF0ZWRCeSUyMiUzQW51bGwlMkMlMjJtZXRhRGF0YSUyMiUzQSU1QiU1RCUyQyUyMnRleHQlMjIlM0ElMjIlMjBSaWNoJTIwY2FwYWNpdHklMjBvcHRpb25zJTIwbWFrZSUyMGl0JTIwc3VpdGFibGUlMjBmb3IlMjB2YXJpb3VzJTIwc2NlbmFyaW9zLiUyMiU3RCU1RCU3RCUyQyU3QiUyMnR5cGUlMjIlM0ElMjJwYXJhZ3JhcGglMjIlMkMlMjJjaGlsZHJlbiUyMiUzQSU1QiU3QiUyMmlkJTIyJTNBJTIyQnYydnFqS2dNQiUyMiUyQyUyMnBhcmFJZHglMjIlM0EzJTJDJTIyc3JjJTIyJTNBJTIyR29vZCUyMHF1YWxpdHklM0ElMjBBcyUyMGElMjBwcmVzc3VyZSUyMGNvb2tlciUyMG1hbnVmYWN0dXJlciUyMHdpdGglMjBvdmVyJTIwMzAlMjB5ZWFycyUyMG9mJTIwbWFudWZhY3R1cmluZyUyMGV4cGVyaWVuY2UlMkMlMjB3ZSUyMGhhdmUlMjBwcm9mZXNzaW9uYWwlMjBwcm9jZXNzZXMlMjB0byUyMGVuc3VyZSUyMHByb2R1Y3QlMjBxdWFsaXR5JTIwYW5kJTIwZW5zdXJlJTIwdGhhdCUyMHByZXNzdXJlJTIwY29va2VycyUyMGNhbiUyMHdpdGhzdGFuZCUyMHllYXJzJTIwb2YlMjBmcmVxdWVudCUyMHVzZS4lMjIlMkMlMjJkc3QlMjIlM0ElMjIlRTglQjQlQTglRTklODclOEYlRTUlQTUlQkQlRUYlQkMlOUElRTQlQkQlOUMlRTQlQjglQkElRTQlQjglODAlRTUlQUUlQjYlRTYlOEIlQTUlRTYlOUMlODkzMCVFNSVBNCU5QSVFNSVCOSVCNCVFNSU4OCVCNiVFOSU4MCVBMCVFNyVCQiU4RiVFOSVBQSU4QyVFNyU5QSU4NCVFNSU4RSU4QiVFNSU4QSU5QiVFOSU5NCU4NSVFNSU4OCVCNiVFOSU4MCVBMCVFNSU5NSU4NiVFRiVCQyU4QyVFNiU4OCU5MSVFNCVCQiVBQyVFNiU5QyU4OSVFNCVCOCU5MyVFNCVCOCU5QSVFNyU5QSU4NCVFNSVCNyVBNSVFOCU4OSVCQSVFNiU5RCVBNSVFNyVBMSVBRSVFNCVCRiU5RCVFNCVCQSVBNyVFNSU5MyU4MSVFOCVCNCVBOCVFOSU4NyU4RiVFRiVCQyU4QyVFNSVCOSVCNiVFNyVBMSVBRSVFNCVCRiU5RCVFNSU4RSU4QiVFNSU4QSU5QiVFOSU5NCU4NSVFOCU4MyVCRCVFNSVBNCU5RiVFNiU4OSVCRiVFNSU4RiU5NyVFNSVBNCU5QSVFNSVCOSVCNCVFNyU5QSU4NCVFOSVBMiU5MSVFNyVCOSU4MSVFNCVCRCVCRiVFNyU5NCVBOCVFMyU4MCU4MiUyMiUyQyUyMm1ldGFkYXRhJTIyJTNBJTIyJTIyJTJDJTIybWF0Y2hlcyUyMiUzQW51bGwlMkMlMjJ0cmFuc2xhdGVkQnklMjIlM0FudWxsJTJDJTIybWV0YURhdGElMjIlM0ElNUIlNUQlMkMlMjJ0ZXh0JTIyJTNBJTIyR29vZCUyMHF1YWxpdHklM0ElMjBBcyUyMGElMjBwcmVzc3VyZSUyMGNvb2tlciUyMG1hbnVmYWN0dXJlciUyMHdpdGglMjBvdmVyJTIwMzAlMjB5ZWFycyUyMG9mJTIwbWFudWZhY3R1cmluZyUyMGV4cGVyaWVuY2UlMkMlMjB3ZSUyMGhhdmUlMjBwcm9mZXNzaW9uYWwlMjBwcm9jZXNzZXMlMjB0byUyMGVuc3VyZSUyMHByb2R1Y3QlMjBxdWFsaXR5JTIwYW5kJTIwZW5zdXJlJTIwdGhhdCUyMHByZXNzdXJlJTIwY29va2VycyUyMGNhbiUyMHdpdGhzdGFuZCUyMHllYXJzJTIwb2YlMjBmcmVxdWVudCUyMHVzZS4lMjIlN0QlNUQlN0QlNUQ=\"><span data-slate-node=\"text\"><strong>Boa qualidade:<\/strong> Enquanto fabricante de panelas de press\u00e3o com mais de 30 anos de experi\u00eancia de fabrico, dispomos de processos profissionais para garantir a qualidade do produto e assegurar que as panelas de press\u00e3o podem suportar anos de utiliza\u00e7\u00e3o frequente.<\/span><\/div>","protected":false},"featured_media":6380,"comment_status":"closed","ping_status":"closed","template":"","meta":[],"product_brand":[],"product_cat":[54],"product_tag":[],"class_list":{"0":"post-6376","1":"product","2":"type-product","3":"status-publish","4":"has-post-thumbnail","6":"product_cat-pressure-cooker","8":"first","9":"instock","10":"shipping-taxable","11":"product-type-simple"},"_links":{"self":[{"href":"https:\/\/www.hg-cooker.com\/pt\/wp-json\/wp\/v2\/product\/6376","targetHints":{"allow":["GET"]}}],"collection":[{"href":"https:\/\/www.hg-cooker.com\/pt\/wp-json\/wp\/v2\/product"}],"about":[{"href":"https:\/\/www.hg-cooker.com\/pt\/wp-json\/wp\/v2\/types\/product"}],"replies":[{"embeddable":true,"href":"https:\/\/www.hg-cooker.com\/pt\/wp-json\/wp\/v2\/comments?post=6376"}],"wp:featuredmedia":[{"embeddable":true,"href":"https:\/\/www.hg-cooker.com\/pt\/wp-json\/wp\/v2\/media\/6380"}],"wp:attachment":[{"href":"https:\/\/www.hg-cooker.com\/pt\/wp-json\/wp\/v2\/media?parent=6376"}],"wp:term":[{"taxonomy":"product_brand","embeddable":true,"href":"https:\/\/www.hg-cooker.com\/pt\/wp-json\/wp\/v2\/product_brand?post=6376"},{"taxonomy":"product_cat","embeddable":true,"href":"https:\/\/www.hg-cooker.com\/pt\/wp-json\/wp\/v2\/product_cat?post=6376"},{"taxonomy":"product_tag","embeddable":true,"href":"https:\/\/www.hg-cooker.com\/pt\/wp-json\/wp\/v2\/product_tag?post=6376"}],"curies":[{"name":"wp","href":"https:\/\/api.w.org\/{rel}","templated":true}]}}