{"id":6371,"date":"2024-09-11T07:20:34","date_gmt":"2024-09-11T07:20:34","guid":{"rendered":"https:\/\/www.hg-cooker.com\/?post_type=product&#038;p=6371"},"modified":"2025-11-13T02:17:21","modified_gmt":"2025-11-13T02:17:21","slug":"wholesale-pressure-cooker-in-bulk","status":"publish","type":"product","link":"https:\/\/www.hg-cooker.com\/pt\/produto\/wholesale-pressure-cooker-in-bulk\/","title":{"rendered":"Panela de press\u00e3o por atacado, dur\u00e1vel, eficiente, fornecida pela f\u00e1brica em grandes quantidades"},"content":{"rendered":"<h3 class=\"wp-block-heading\">Par\u00e2metros das panelas de press\u00e3o em a\u00e7o inoxid\u00e1vel<\/h3>\n\n\n\n<div class=\"wp-block-columns is-layout-flex wp-container-core-columns-is-layout-9d6595d7 wp-block-columns-is-layout-flex\">\n<div class=\"wp-block-column is-layout-flow wp-block-column-is-layout-flow\" style=\"flex-basis:66.66%\">\n<figure class=\"wp-block-image size-full\"><img fetchpriority=\"high\" decoding=\"async\" width=\"4964\" height=\"2700\" src=\"https:\/\/www.hg-cooker.com\/wp-content\/uploads\/2025\/09\/specifications-of-pressure-cooker.webp\" alt=\"especifica\u00e7\u00f5es da panela de press\u00e3o\" class=\"wp-image-6382\" srcset=\"https:\/\/www.hg-cooker.com\/wp-content\/uploads\/2025\/09\/specifications-of-pressure-cooker.webp 4964w, https:\/\/www.hg-cooker.com\/wp-content\/uploads\/2025\/09\/specifications-of-pressure-cooker-300x163.webp 300w, https:\/\/www.hg-cooker.com\/wp-content\/uploads\/2025\/09\/specifications-of-pressure-cooker-768x418.webp 768w, https:\/\/www.hg-cooker.com\/wp-content\/uploads\/2025\/09\/specifications-of-pressure-cooker-18x10.webp 18w, https:\/\/www.hg-cooker.com\/wp-content\/uploads\/2025\/09\/specifications-of-pressure-cooker-285x155.webp 285w, https:\/\/www.hg-cooker.com\/wp-content\/uploads\/2025\/09\/specifications-of-pressure-cooker-1600x870.webp 1600w, https:\/\/www.hg-cooker.com\/wp-content\/uploads\/2025\/09\/specifications-of-pressure-cooker-660x359.webp 660w, https:\/\/www.hg-cooker.com\/wp-content\/uploads\/2025\/09\/specifications-of-pressure-cooker-150x82.webp 150w\" sizes=\"(max-width: 4964px) 100vw, 4964px\" \/><\/figure>\n<\/div>\n\n\n\n<div class=\"wp-block-column is-layout-flow wp-block-column-is-layout-flow\" style=\"flex-basis:33.33%\"><\/div>\n<\/div>\n\n\n\n<h3 class=\"wp-block-heading\">Op\u00e7\u00f5es de panelas de press\u00e3o personalizadas<\/h3>\n\n\n\n<p><strong>Log\u00f3tipo:<\/strong> Personaliz\u00e1vel com o log\u00f3tipo da sua marca; <strong>Embalagem:<\/strong>&nbsp;Caixa de cor\/caixa de cart\u00e3o, etc; <strong>Material: <\/strong>Personaliz\u00e1vel<\/p>","protected":false},"excerpt":{"rendered":"<p>Panelas de press\u00e3o por grosso, concebidas especificamente para cozinhas dom\u00e9sticas e utiliza\u00e7\u00e3o profissional, dispon\u00edveis em oito tamanhos diferentes. Cada panela de press\u00e3o est\u00e1 equipada com um fundo de a\u00e7o inoxid\u00e1vel de tr\u00eas camadas, que proporciona uma excelente condutividade t\u00e9rmica e melhora significativamente a efici\u00eancia de cozedura e o desempenho geral. Os comerciantes, grossistas e distribuidores mundiais s\u00e3o bem-vindos a contactar-nos para compras a granel.<\/p>\n<h2>Carater\u00edsticas das panelas de press\u00e3o<\/h2>\n<p><strong>Fundo em a\u00e7o inoxid\u00e1vel de tr\u00eas camadas:<\/strong> Esta estrutura combina a for\u00e7a e a resist\u00eancia \u00e0 corros\u00e3o do a\u00e7o inoxid\u00e1vel com a excelente condutividade t\u00e9rmica do alum\u00ednio, garantindo uma distribui\u00e7\u00e3o uniforme do calor por toda a superf\u00edcie de cozedura da panela de press\u00e3o, melhorando significativamente a efici\u00eancia e a efic\u00e1cia da cozedura.<\/p>\n<p><strong>Oito tamanhos:<\/strong> Estas panelas de press\u00e3o est\u00e3o dispon\u00edveis em oito op\u00e7\u00f5es de tamanho diferentes, desde modelos compactos adequados para pequenos agregados familiares at\u00e9 modelos de grande capacidade adequados para restaurantes ou servi\u00e7os de catering, proporcionando aos utilizadores uma gama diversificada de escolhas.<\/p>\n<p><strong>Excelente durabilidade:<\/strong> Estas panelas de press\u00e3o s\u00e3o feitas de a\u00e7o inoxid\u00e1vel de alta qualidade e podem suportar uma utiliza\u00e7\u00e3o frequente e intensa sem deforma\u00e7\u00e3o, indenta\u00e7\u00e3o ou corros\u00e3o.<\/p>\n<p><strong>Cozinhar de forma eficiente:<\/strong> A combina\u00e7\u00e3o da cozedura selada sob press\u00e3o e uma base de a\u00e7o inoxid\u00e1vel de tr\u00eas camadas permite que estas panelas de press\u00e3o cozinhem 50% mais rapidamente do que os m\u00e9todos de cozedura tradicionais.<\/p>\n<p><strong>Fornecimento fi\u00e1vel da f\u00e1brica:<\/strong> Como estas panelas de press\u00e3o s\u00e3o fornecidas diretamente pela f\u00e1brica, os grossistas e distribuidores podem contar com um fornecimento est\u00e1vel e em grande escala, sem interrup\u00e7\u00f5es.<\/p>","protected":false},"featured_media":6372,"comment_status":"closed","ping_status":"closed","template":"","meta":[],"product_brand":[],"product_cat":[54],"product_tag":[],"class_list":{"0":"post-6371","1":"product","2":"type-product","3":"status-publish","4":"has-post-thumbnail","6":"product_cat-pressure-cooker","8":"first","9":"instock","10":"shipping-taxable","11":"product-type-simple"},"_links":{"self":[{"href":"https:\/\/www.hg-cooker.com\/pt\/wp-json\/wp\/v2\/product\/6371","targetHints":{"allow":["GET"]}}],"collection":[{"href":"https:\/\/www.hg-cooker.com\/pt\/wp-json\/wp\/v2\/product"}],"about":[{"href":"https:\/\/www.hg-cooker.com\/pt\/wp-json\/wp\/v2\/types\/product"}],"replies":[{"embeddable":true,"href":"https:\/\/www.hg-cooker.com\/pt\/wp-json\/wp\/v2\/comments?post=6371"}],"wp:featuredmedia":[{"embeddable":true,"href":"https:\/\/www.hg-cooker.com\/pt\/wp-json\/wp\/v2\/media\/6372"}],"wp:attachment":[{"href":"https:\/\/www.hg-cooker.com\/pt\/wp-json\/wp\/v2\/media?parent=6371"}],"wp:term":[{"taxonomy":"product_brand","embeddable":true,"href":"https:\/\/www.hg-cooker.com\/pt\/wp-json\/wp\/v2\/product_brand?post=6371"},{"taxonomy":"product_cat","embeddable":true,"href":"https:\/\/www.hg-cooker.com\/pt\/wp-json\/wp\/v2\/product_cat?post=6371"},{"taxonomy":"product_tag","embeddable":true,"href":"https:\/\/www.hg-cooker.com\/pt\/wp-json\/wp\/v2\/product_tag?post=6371"}],"curies":[{"name":"wp","href":"https:\/\/api.w.org\/{rel}","templated":true}]}}