{"id":6368,"date":"2024-09-11T06:58:04","date_gmt":"2024-09-11T06:58:04","guid":{"rendered":"https:\/\/www.hg-cooker.com\/?post_type=product&#038;p=6368"},"modified":"2025-11-13T02:12:44","modified_gmt":"2025-11-13T02:12:44","slug":"wholesale-mini-pressure-cooker-for-home-and-outdoor-cooking","status":"publish","type":"product","link":"https:\/\/www.hg-cooker.com\/pt\/produto\/wholesale-mini-pressure-cooker-for-home-and-outdoor-cooking\/","title":{"rendered":"Mini panela de press\u00e3o por atacado - Adequada para cozinhar ao ar livre e em casa"},"content":{"rendered":"<h3 class=\"wp-block-heading\">Par\u00e2metros da Mini Panela de Press\u00e3o<\/h3>\n\n\n\n<div class=\"wp-block-columns is-layout-flex wp-container-core-columns-is-layout-9d6595d7 wp-block-columns-is-layout-flex\">\n<div class=\"wp-block-column is-layout-flow wp-block-column-is-layout-flow\" style=\"flex-basis:66.66%\">\n<figure class=\"wp-block-image size-full\"><img fetchpriority=\"high\" decoding=\"async\" width=\"4460\" height=\"2056\" src=\"https:\/\/www.hg-cooker.com\/wp-content\/uploads\/2025\/09\/specifications-of-mini-pressure-cooker-1.webp\" alt=\"especifica\u00e7\u00f5es da mini panela de press\u00e3o\" class=\"wp-image-6370\" srcset=\"https:\/\/www.hg-cooker.com\/wp-content\/uploads\/2025\/09\/specifications-of-mini-pressure-cooker-1.webp 4460w, https:\/\/www.hg-cooker.com\/wp-content\/uploads\/2025\/09\/specifications-of-mini-pressure-cooker-1-300x138.webp 300w, https:\/\/www.hg-cooker.com\/wp-content\/uploads\/2025\/09\/specifications-of-mini-pressure-cooker-1-768x354.webp 768w, https:\/\/www.hg-cooker.com\/wp-content\/uploads\/2025\/09\/specifications-of-mini-pressure-cooker-1-18x8.webp 18w, https:\/\/www.hg-cooker.com\/wp-content\/uploads\/2025\/09\/specifications-of-mini-pressure-cooker-1-285x131.webp 285w, https:\/\/www.hg-cooker.com\/wp-content\/uploads\/2025\/09\/specifications-of-mini-pressure-cooker-1-1600x738.webp 1600w, https:\/\/www.hg-cooker.com\/wp-content\/uploads\/2025\/09\/specifications-of-mini-pressure-cooker-1-660x304.webp 660w, https:\/\/www.hg-cooker.com\/wp-content\/uploads\/2025\/09\/specifications-of-mini-pressure-cooker-1-150x69.webp 150w\" sizes=\"(max-width: 4460px) 100vw, 4460px\" \/><\/figure>\n<\/div>\n\n\n\n<div class=\"wp-block-column is-layout-flow wp-block-column-is-layout-flow\" style=\"flex-basis:33.33%\"><\/div>\n<\/div>\n\n\n\n<h3 class=\"wp-block-heading\">Op\u00e7\u00f5es de panelas de press\u00e3o personalizadas<\/h3>\n\n\n\n<p><strong>Log\u00f3tipo:<\/strong> Personaliz\u00e1vel com o log\u00f3tipo da sua marca; <strong>Embalagem:<\/strong>\u00a0Caixa de cor\/caixa de cart\u00e3o, etc; <strong>Material: <\/strong>Personaliz\u00e1vel<\/p>\n\n\n\n<p><\/p>","protected":false},"excerpt":{"rendered":"<p>As mini panelas de press\u00e3o por grosso s\u00e3o perfeitas para casas, apartamentos, dormit\u00f3rios ou autocaravanas com espa\u00e7o de cozinha limitado. A velocidade de cozedura das mini panelas de press\u00e3o \u00e9 70% mais r\u00e1pida do que os m\u00e9todos de cozedura tradicionais, e a sua constru\u00e7\u00e3o leve e port\u00e1til torna-as uma escolha ideal para actividades ao ar livre, como acampar, fazer piqueniques e viajar. Bem-vindo comerciantes globais, grossistas e distribuidores para nos contactar.<\/p>\n<h2>Carater\u00edsticas das mini panelas de press\u00e3o<\/h2>\n<p><strong>Design economizador de espa\u00e7o:<\/strong> Esta mini panela de press\u00e3o tem uma pequena capacidade de apenas 0,8 a 1,6 litros, o que a torna a escolha ideal para casas, apartamentos, dormit\u00f3rios ou autocaravanas com espa\u00e7o de cozinha limitado.<\/p>\n<p><strong>Adequado para v\u00e1rias utiliza\u00e7\u00f5es no interior e no exterior:<\/strong> A mini-panela de press\u00e3o pode suportar o aquecimento com chamas abertas ou fog\u00f5es port\u00e1teis. Para os entusiastas do campismo, uma mini panela de press\u00e3o \u00e9 um instrumento fi\u00e1vel para cozinhar deliciosos alimentos ao ar livre.<\/p>\n<p><strong>Preservar a nutri\u00e7\u00e3o e o sabor:<\/strong> Um ambiente de cozedura selado pode preservar eficazmente as vitaminas e os minerais, evitando a perda atrav\u00e9s dos m\u00e9todos tradicionais de cozedura por fervura ou fritura.<\/p>\n<p><strong>Carater\u00edsticas seguras e f\u00e1ceis de utilizar:<\/strong> As mini panelas de press\u00e3o d\u00e3o prioridade \u00e0 seguran\u00e7a. Est\u00e1 equipada com v\u00e1rios dispositivos de prote\u00e7\u00e3o, incluindo uma tampa de bloqueio para evitar a abertura acidental sob press\u00e3o, uma v\u00e1lvula de descompress\u00e3o para controlar a liberta\u00e7\u00e3o de vapor e uma pega resistente ao calor para evitar queimaduras em ambas as m\u00e3os.<\/p>\n<p><strong>Experi\u00eancia de exporta\u00e7\u00e3o a n\u00edvel mundial:<\/strong> como um fabricante profissional de panelas de press\u00e3o. Temos uma vasta experi\u00eancia na exporta\u00e7\u00e3o de produtos a n\u00edvel mundial, proporcionando cadeias de abastecimento fi\u00e1veis e uma qualidade de produto consistente para compradores de todo o mundo.<\/p>","protected":false},"featured_media":6369,"comment_status":"closed","ping_status":"closed","template":"","meta":[],"product_brand":[],"product_cat":[49],"product_tag":[],"class_list":{"0":"post-6368","1":"product","2":"type-product","3":"status-publish","4":"has-post-thumbnail","6":"product_cat-mini-pressure-cooker","8":"first","9":"instock","10":"shipping-taxable","11":"product-type-simple"},"_links":{"self":[{"href":"https:\/\/www.hg-cooker.com\/pt\/wp-json\/wp\/v2\/product\/6368","targetHints":{"allow":["GET"]}}],"collection":[{"href":"https:\/\/www.hg-cooker.com\/pt\/wp-json\/wp\/v2\/product"}],"about":[{"href":"https:\/\/www.hg-cooker.com\/pt\/wp-json\/wp\/v2\/types\/product"}],"replies":[{"embeddable":true,"href":"https:\/\/www.hg-cooker.com\/pt\/wp-json\/wp\/v2\/comments?post=6368"}],"wp:featuredmedia":[{"embeddable":true,"href":"https:\/\/www.hg-cooker.com\/pt\/wp-json\/wp\/v2\/media\/6369"}],"wp:attachment":[{"href":"https:\/\/www.hg-cooker.com\/pt\/wp-json\/wp\/v2\/media?parent=6368"}],"wp:term":[{"taxonomy":"product_brand","embeddable":true,"href":"https:\/\/www.hg-cooker.com\/pt\/wp-json\/wp\/v2\/product_brand?post=6368"},{"taxonomy":"product_cat","embeddable":true,"href":"https:\/\/www.hg-cooker.com\/pt\/wp-json\/wp\/v2\/product_cat?post=6368"},{"taxonomy":"product_tag","embeddable":true,"href":"https:\/\/www.hg-cooker.com\/pt\/wp-json\/wp\/v2\/product_tag?post=6368"}],"curies":[{"name":"wp","href":"https:\/\/api.w.org\/{rel}","templated":true}]}}