{"id":6365,"date":"2024-09-11T06:17:23","date_gmt":"2024-09-11T06:17:23","guid":{"rendered":"https:\/\/www.hg-cooker.com\/?post_type=product&#038;p=6365"},"modified":"2025-11-13T02:12:54","modified_gmt":"2025-11-13T02:12:54","slug":"wholesale-mini-pressure-cooker-with-handle","status":"publish","type":"product","link":"https:\/\/www.hg-cooker.com\/pt\/produto\/wholesale-mini-pressure-cooker-with-handle\/","title":{"rendered":"Mini panela de press\u00e3o por atacado com al\u00e7a - Fornecimento a granel da f\u00e1brica"},"content":{"rendered":"<h3 class=\"wp-block-heading\">Par\u00e2metros da Mini Panela de Press\u00e3o<\/h3>\n\n\n\n<div class=\"wp-block-columns is-layout-flex wp-container-core-columns-is-layout-9d6595d7 wp-block-columns-is-layout-flex\">\n<div class=\"wp-block-column is-layout-flow wp-block-column-is-layout-flow\" style=\"flex-basis:66.66%\">\n<figure class=\"wp-block-image size-full\"><img fetchpriority=\"high\" decoding=\"async\" width=\"5120\" height=\"2304\" src=\"https:\/\/www.hg-cooker.com\/wp-content\/uploads\/2025\/09\/specifications-of-mini-pressure-cooker.webp\" alt=\"especifica\u00e7\u00f5es da mini panela de press\u00e3o\" class=\"wp-image-6366\" srcset=\"https:\/\/www.hg-cooker.com\/wp-content\/uploads\/2025\/09\/specifications-of-mini-pressure-cooker.webp 5120w, https:\/\/www.hg-cooker.com\/wp-content\/uploads\/2025\/09\/specifications-of-mini-pressure-cooker-300x135.webp 300w, https:\/\/www.hg-cooker.com\/wp-content\/uploads\/2025\/09\/specifications-of-mini-pressure-cooker-768x346.webp 768w, https:\/\/www.hg-cooker.com\/wp-content\/uploads\/2025\/09\/specifications-of-mini-pressure-cooker-18x8.webp 18w, https:\/\/www.hg-cooker.com\/wp-content\/uploads\/2025\/09\/specifications-of-mini-pressure-cooker-285x128.webp 285w, https:\/\/www.hg-cooker.com\/wp-content\/uploads\/2025\/09\/specifications-of-mini-pressure-cooker-1600x720.webp 1600w, https:\/\/www.hg-cooker.com\/wp-content\/uploads\/2025\/09\/specifications-of-mini-pressure-cooker-660x297.webp 660w, https:\/\/www.hg-cooker.com\/wp-content\/uploads\/2025\/09\/specifications-of-mini-pressure-cooker-150x68.webp 150w\" sizes=\"(max-width: 5120px) 100vw, 5120px\" \/><\/figure>\n<\/div>\n\n\n\n<div class=\"wp-block-column is-layout-flow wp-block-column-is-layout-flow\" style=\"flex-basis:33.33%\"><\/div>\n<\/div>\n\n\n\n<h3 class=\"wp-block-heading\">Op\u00e7\u00f5es de utens\u00edlios de cozinha personalizados<\/h3>\n\n\n\n<p><strong>Log\u00f3tipo:<\/strong> Personaliz\u00e1vel com o log\u00f3tipo da sua marca; <strong>Embalagem:<\/strong>\u00a0Caixa de cor\/caixa de cart\u00e3o, etc; <strong>Material: <\/strong>Personaliz\u00e1vel<\/p>","protected":false},"excerpt":{"rendered":"<p>A f\u00e1brica fornece mini panelas de press\u00e3o a granel. Adequado para grossistas, retalhistas e fornecedores de utens\u00edlios de cozinha. Oferecemos pre\u00e7os competitivos, qualidade est\u00e1vel e entrega fi\u00e1vel.<\/p>\n<h2>Carater\u00edsticas da Mini Panela de Press\u00e3o<\/h2>\n<p><strong>Design que poupa espa\u00e7o:<\/strong> Dispomos de mini panelas de press\u00e3o de 0,8-2,0 L, com um design mini que facilita a adapta\u00e7\u00e3o a cozinhas mais pequenas, apartamentos, dormit\u00f3rios ou caravanas.<\/p>\n<p><strong>Efici\u00eancia energ\u00e9tica:<\/strong> A mini panela de press\u00e3o Wholesale utiliza material de a\u00e7o inoxid\u00e1vel de tr\u00eas camadas, que consome menos energia e tem uma maior efici\u00eancia de cozedura, reduzindo significativamente o tempo total de cozedura.<\/p>\n<p><strong>Nutri\u00e7\u00e3o e reten\u00e7\u00e3o de sabor:<\/strong> O ambiente de cozedura selado da panela de press\u00e3o pode bloquear o vapor, ajudando a preservar as vitaminas, os minerais e os sabores naturais dos alimentos.<\/p>\n<p><strong>F\u00e1cil de limpar:<\/strong> A nossa mini panela de press\u00e3o \u00e9 feita de a\u00e7o inoxid\u00e1vel, o que torna a limpeza e a manuten\u00e7\u00e3o mais pr\u00e1ticas.<\/p>\n<p><strong>Controlo de qualidade e certifica\u00e7\u00e3o rigorosos:<\/strong> Desde a inspe\u00e7\u00e3o da mat\u00e9ria-prima at\u00e9 ao teste do produto final, os nossos produtos passaram as normas internacionais, tais como CE, LFGB, FDA e ISO.<\/p>","protected":false},"featured_media":6367,"comment_status":"closed","ping_status":"closed","template":"","meta":[],"product_brand":[],"product_cat":[49],"product_tag":[],"class_list":{"0":"post-6365","1":"product","2":"type-product","3":"status-publish","4":"has-post-thumbnail","6":"product_cat-mini-pressure-cooker","8":"first","9":"instock","10":"shipping-taxable","11":"product-type-simple"},"_links":{"self":[{"href":"https:\/\/www.hg-cooker.com\/pt\/wp-json\/wp\/v2\/product\/6365","targetHints":{"allow":["GET"]}}],"collection":[{"href":"https:\/\/www.hg-cooker.com\/pt\/wp-json\/wp\/v2\/product"}],"about":[{"href":"https:\/\/www.hg-cooker.com\/pt\/wp-json\/wp\/v2\/types\/product"}],"replies":[{"embeddable":true,"href":"https:\/\/www.hg-cooker.com\/pt\/wp-json\/wp\/v2\/comments?post=6365"}],"wp:featuredmedia":[{"embeddable":true,"href":"https:\/\/www.hg-cooker.com\/pt\/wp-json\/wp\/v2\/media\/6367"}],"wp:attachment":[{"href":"https:\/\/www.hg-cooker.com\/pt\/wp-json\/wp\/v2\/media?parent=6365"}],"wp:term":[{"taxonomy":"product_brand","embeddable":true,"href":"https:\/\/www.hg-cooker.com\/pt\/wp-json\/wp\/v2\/product_brand?post=6365"},{"taxonomy":"product_cat","embeddable":true,"href":"https:\/\/www.hg-cooker.com\/pt\/wp-json\/wp\/v2\/product_cat?post=6365"},{"taxonomy":"product_tag","embeddable":true,"href":"https:\/\/www.hg-cooker.com\/pt\/wp-json\/wp\/v2\/product_tag?post=6365"}],"curies":[{"name":"wp","href":"https:\/\/api.w.org\/{rel}","templated":true}]}}