{"id":6360,"date":"2024-09-11T02:52:05","date_gmt":"2024-09-11T02:52:05","guid":{"rendered":"https:\/\/www.hg-cooker.com\/?post_type=product&#038;p=6360"},"modified":"2025-11-13T02:13:08","modified_gmt":"2025-11-13T02:13:08","slug":"wholesale-mini-pressure-cooker-e-type","status":"publish","type":"product","link":"https:\/\/www.hg-cooker.com\/pt\/produto\/wholesale-mini-pressure-cooker-e-type\/","title":{"rendered":"Mini panela de press\u00e3o por atacado 0,8 -1,6L, aquecimento r\u00e1pido e f\u00e1cil de transportar"},"content":{"rendered":"<h3 class=\"wp-block-heading\">Par\u00e2metros da Mini Panela de Press\u00e3o<\/h3>\n\n\n\n<div class=\"wp-block-columns is-layout-flex wp-container-core-columns-is-layout-9d6595d7 wp-block-columns-is-layout-flex\">\n<div class=\"wp-block-column is-layout-flow wp-block-column-is-layout-flow\" style=\"flex-basis:66.66%\">\n<figure class=\"wp-block-image size-full\"><img fetchpriority=\"high\" decoding=\"async\" width=\"5120\" height=\"1980\" src=\"https:\/\/www.hg-cooker.com\/wp-content\/uploads\/2025\/09\/specification-of-mini-pressure-cooker.webp\" alt=\"especifica\u00e7\u00f5es da mini panela de press\u00e3o\" class=\"wp-image-6362\" srcset=\"https:\/\/www.hg-cooker.com\/wp-content\/uploads\/2025\/09\/specification-of-mini-pressure-cooker.webp 5120w, https:\/\/www.hg-cooker.com\/wp-content\/uploads\/2025\/09\/specification-of-mini-pressure-cooker-300x116.webp 300w, https:\/\/www.hg-cooker.com\/wp-content\/uploads\/2025\/09\/specification-of-mini-pressure-cooker-768x297.webp 768w, https:\/\/www.hg-cooker.com\/wp-content\/uploads\/2025\/09\/specification-of-mini-pressure-cooker-18x7.webp 18w, https:\/\/www.hg-cooker.com\/wp-content\/uploads\/2025\/09\/specification-of-mini-pressure-cooker-285x110.webp 285w, https:\/\/www.hg-cooker.com\/wp-content\/uploads\/2025\/09\/specification-of-mini-pressure-cooker-1600x619.webp 1600w, https:\/\/www.hg-cooker.com\/wp-content\/uploads\/2025\/09\/specification-of-mini-pressure-cooker-660x255.webp 660w, https:\/\/www.hg-cooker.com\/wp-content\/uploads\/2025\/09\/specification-of-mini-pressure-cooker-150x58.webp 150w\" sizes=\"(max-width: 5120px) 100vw, 5120px\" \/><\/figure>\n<\/div>\n\n\n\n<div class=\"wp-block-column is-layout-flow wp-block-column-is-layout-flow\" style=\"flex-basis:33.33%\"><\/div>\n<\/div>","protected":false},"excerpt":{"rendered":"<p>Mini panelas de press\u00e3o por atacado. Com uma capacidade de apenas 0,8-1,6L e um tamanho compacto, s\u00e3o adequadas para actividades ao ar livre, como apartamentos, dormit\u00f3rios, campismo e viagens. Fabricada em a\u00e7o inoxid\u00e1vel de tr\u00eas camadas, aquece uniformemente e conduz o calor rapidamente, reduzindo o tempo de prepara\u00e7\u00e3o e preservando a nutri\u00e7\u00e3o e o sabor dos ingredientes. Fornecemos cota\u00e7\u00f5es de f\u00e1brica e damos as boas-vindas a comerciantes, grossistas e propriet\u00e1rios de marcas de panelas de press\u00e3o globais para nos contactarem para compras a granel.<\/p>\n<h2>Carater\u00edsticas da Mini Panela de Press\u00e3o 0,8 - 2,0L<\/h2>\n<ul>\n<li>\n<p><strong>Tamanho compacto:<\/strong> As mini panelas de press\u00e3o t\u00eam normalmente uma capacidade entre 0,8 e 1,6 litros. O seu tamanho compacto e o seu peso leve tornam-nas adequadas para habita\u00e7\u00f5es unifamiliares ou bifamiliares, dormit\u00f3rios de estudantes e cozinhas pequenas.<\/p>\n<\/li>\n<li>\n<p><strong>Aquecimento r\u00e1pido:<\/strong> Devido \u00e0 sua pequena dimens\u00e3o e baixa capacidade de aquecimento, estas mini panelas de press\u00e3o s\u00e3o constru\u00eddas em a\u00e7o inoxid\u00e1vel triplo, permitindo uma condu\u00e7\u00e3o de calor mais r\u00e1pida e uniforme, reduzindo significativamente o tempo de cozedura de pratos tradicionalmente demorados, como estufar carnes e feij\u00f5es.<\/p>\n<\/li>\n<li>\n<p><strong>F\u00e1cil de utilizar:<\/strong> Carater\u00edsticas de seguran\u00e7a como um bloqueio de seguran\u00e7a autom\u00e1tico, uma v\u00e1lvula de al\u00edvio de press\u00e3o e uma prote\u00e7\u00e3o contra a secagem em ebuli\u00e7\u00e3o garantem que os utilizadores seguem simplesmente as instru\u00e7\u00f5es para definir o n\u00edvel de \u00e1gua e o tempo de cozedura.<\/p>\n<\/li>\n<li>\n<p><strong>Cozinha vers\u00e1til:<\/strong> As mini panelas de press\u00e3o podem ser utilizadas para uma variedade de m\u00e9todos de cozedura, incluindo estufar, ferver, cozer a vapor e refogar. Desde sopas nutritivas e guisados de carne a arroz r\u00e1pido cozinhado a vapor, feij\u00f5es e guisados de legumes, podem fazer tudo.<\/p>\n<\/li>\n<li>\n<p><strong>Pre\u00e7os competitivos de f\u00e1brica:<\/strong> Como um fabricante profissional de panelas de press\u00e3o, temos capacidades de produ\u00e7\u00e3o em larga escala para garantir produtos de alta qualidade e oferecer grandes quantidades a pre\u00e7os competitivos.<\/p>\n<\/li>\n<\/ul>","protected":false},"featured_media":6361,"comment_status":"closed","ping_status":"closed","template":"","meta":[],"product_brand":[],"product_cat":[49],"product_tag":[],"class_list":{"0":"post-6360","1":"product","2":"type-product","3":"status-publish","4":"has-post-thumbnail","6":"product_cat-mini-pressure-cooker","8":"first","9":"instock","10":"shipping-taxable","11":"product-type-simple"},"_links":{"self":[{"href":"https:\/\/www.hg-cooker.com\/pt\/wp-json\/wp\/v2\/product\/6360","targetHints":{"allow":["GET"]}}],"collection":[{"href":"https:\/\/www.hg-cooker.com\/pt\/wp-json\/wp\/v2\/product"}],"about":[{"href":"https:\/\/www.hg-cooker.com\/pt\/wp-json\/wp\/v2\/types\/product"}],"replies":[{"embeddable":true,"href":"https:\/\/www.hg-cooker.com\/pt\/wp-json\/wp\/v2\/comments?post=6360"}],"wp:featuredmedia":[{"embeddable":true,"href":"https:\/\/www.hg-cooker.com\/pt\/wp-json\/wp\/v2\/media\/6361"}],"wp:attachment":[{"href":"https:\/\/www.hg-cooker.com\/pt\/wp-json\/wp\/v2\/media?parent=6360"}],"wp:term":[{"taxonomy":"product_brand","embeddable":true,"href":"https:\/\/www.hg-cooker.com\/pt\/wp-json\/wp\/v2\/product_brand?post=6360"},{"taxonomy":"product_cat","embeddable":true,"href":"https:\/\/www.hg-cooker.com\/pt\/wp-json\/wp\/v2\/product_cat?post=6360"},{"taxonomy":"product_tag","embeddable":true,"href":"https:\/\/www.hg-cooker.com\/pt\/wp-json\/wp\/v2\/product_tag?post=6360"}],"curies":[{"name":"wp","href":"https:\/\/api.w.org\/{rel}","templated":true}]}}