{"id":6353,"date":"2025-09-11T01:17:51","date_gmt":"2025-09-11T01:17:51","guid":{"rendered":"https:\/\/www.hg-cooker.com\/?post_type=product&#038;p=6353"},"modified":"2025-09-11T01:48:38","modified_gmt":"2025-09-11T01:48:38","slug":"wholesale-titanium-cookware-in-bulk","status":"publish","type":"product","link":"https:\/\/www.hg-cooker.com\/pt\/produto\/wholesale-titanium-cookware-in-bulk\/","title":{"rendered":"Utens\u00edlios de cozinha de tit\u00e2nio por atacado, dur\u00e1veis, leves, resistentes \u00e0 corros\u00e3o, produzidos na f\u00e1brica a granel"},"content":{"rendered":"<h3 class=\"wp-block-heading\">Op\u00e7\u00f5es de utens\u00edlios de cozinha personalizados<\/h3>\n\n\n\n<ul class=\"wp-block-list\">\n<li><strong>Log\u00f3tipo:<\/strong> Personaliz\u00e1vel com o log\u00f3tipo da sua marca<\/li>\n\n\n\n<li><strong>Embalagem:<\/strong>\u00a0Caixa de cor\/caixa de cart\u00e3o, etc<\/li>\n\n\n\n<li><strong>Material: <\/strong>Personaliz\u00e1vel<\/li>\n<\/ul>\n\n\n\n<div class=\"wp-block-columns is-layout-flex wp-container-core-columns-is-layout-9d6595d7 wp-block-columns-is-layout-flex\">\n<div class=\"wp-block-column is-layout-flow wp-block-column-is-layout-flow\"><\/div>\n\n\n\n<div class=\"wp-block-column is-layout-flow wp-block-column-is-layout-flow\"><\/div>\n<\/div>","protected":false},"excerpt":{"rendered":"<p>Os nossos utens\u00edlios de cozinha de tit\u00e2nio de alta qualidade t\u00eam excelente durabilidade, portabilidade leve e excelente resist\u00eancia \u00e0 corros\u00e3o, tornando-os a escolha ideal para cozinhas profissionais, cozinha ao ar livre e mercados de retalho. O design dos utens\u00edlios de cozinha sem rea\u00e7\u00e3o e seguros de qualidade alimentar proporciona aos utilizadores uma excelente experi\u00eancia culin\u00e1ria. Os comerciantes, grossistas e retalhistas de todo o mundo podem contactar-nos para obterem cota\u00e7\u00f5es.<\/p>\n<h2>Carater\u00edsticas dos utens\u00edlios de cozinha em tit\u00e2nio<\/h2>\n<p><!-- wp:list --><\/p>\n<ul class=\"wp-block-list\"><!-- wp:list-item --><\/p>\n<li><strong>Durabilidade superior: <\/strong>Ao contr\u00e1rio dos metais mais macios, o tit\u00e2nio resiste a amolgadelas, dobras e deforma\u00e7\u00f5es provocadas pela cozedura a alta temperatura ou por uma utiliza\u00e7\u00e3o prolongada e intensiva.<\/li>\n<p><!-- \/wp:list-item --><\/p>\n<p><!-- wp:list-item --><\/p>\n<li><strong>Design leve:<\/strong> Uma das vantagens mais aclamadas dos utens\u00edlios de cozinha em tit\u00e2nio \u00e9 a sua leveza. Os nossos utens\u00edlios de cozinha em tit\u00e2nio podem ser 45% a 50% mais leves, o que representa uma melhoria significativa na cozinha quotidiana.<\/li>\n<p><!-- \/wp:list-item --><\/p>\n<p><!-- wp:list-item --><\/p>\n<li><strong>\u00d3timo para o ar livre:<\/strong> Os utens\u00edlios de cozinha em tit\u00e2nio combinam uma resist\u00eancia excecional com um peso m\u00ednimo e o seu design leve garante que n\u00e3o acrescentam um volume desnecess\u00e1rio \u00e0 sua mochila.<\/li>\n<p><!-- \/wp:list-item --><\/p>\n<p><!-- wp:list-item --><\/p>\n<li><strong>Manuten\u00e7\u00e3o reduzida:<\/strong> A superf\u00edcie resistente a riscos dos utens\u00edlios de cozinha em tit\u00e2nio ajuda a evitar que os alimentos se colem excessivamente, o que significa que a maioria dos res\u00edduos pode ser removida apenas com \u00e1gua morna e uma esponja macia.<\/li>\n<p><!-- \/wp:list-item --><\/p>\n<p><!-- wp:list-item --><\/p>\n<li><strong>Saud\u00e1vel e seguro: <\/strong>O tit\u00e2nio proporciona uma superf\u00edcie de cozedura segura e inerte, permitindo aos utilizadores preparar refei\u00e7\u00f5es saud\u00e1veis.<\/li>\n<p><!-- \/wp:list-item --><\/ul>\n<p><!-- \/wp:list --><\/p>","protected":false},"featured_media":6355,"comment_status":"closed","ping_status":"closed","template":"","meta":[],"product_brand":[],"product_cat":[69],"product_tag":[],"class_list":{"0":"post-6353","1":"product","2":"type-product","3":"status-publish","4":"has-post-thumbnail","6":"product_cat-wholesale-titanium-cookware","8":"first","9":"instock","10":"shipping-taxable","11":"product-type-simple"},"_links":{"self":[{"href":"https:\/\/www.hg-cooker.com\/pt\/wp-json\/wp\/v2\/product\/6353","targetHints":{"allow":["GET"]}}],"collection":[{"href":"https:\/\/www.hg-cooker.com\/pt\/wp-json\/wp\/v2\/product"}],"about":[{"href":"https:\/\/www.hg-cooker.com\/pt\/wp-json\/wp\/v2\/types\/product"}],"replies":[{"embeddable":true,"href":"https:\/\/www.hg-cooker.com\/pt\/wp-json\/wp\/v2\/comments?post=6353"}],"wp:featuredmedia":[{"embeddable":true,"href":"https:\/\/www.hg-cooker.com\/pt\/wp-json\/wp\/v2\/media\/6355"}],"wp:attachment":[{"href":"https:\/\/www.hg-cooker.com\/pt\/wp-json\/wp\/v2\/media?parent=6353"}],"wp:term":[{"taxonomy":"product_brand","embeddable":true,"href":"https:\/\/www.hg-cooker.com\/pt\/wp-json\/wp\/v2\/product_brand?post=6353"},{"taxonomy":"product_cat","embeddable":true,"href":"https:\/\/www.hg-cooker.com\/pt\/wp-json\/wp\/v2\/product_cat?post=6353"},{"taxonomy":"product_tag","embeddable":true,"href":"https:\/\/www.hg-cooker.com\/pt\/wp-json\/wp\/v2\/product_tag?post=6353"}],"curies":[{"name":"wp","href":"https:\/\/api.w.org\/{rel}","templated":true}]}}