{"id":6201,"date":"2025-08-18T08:10:46","date_gmt":"2025-08-18T08:10:46","guid":{"rendered":"https:\/\/www.hg-cooker.com\/?post_type=product&#038;p=6201"},"modified":"2025-08-18T08:43:41","modified_gmt":"2025-08-18T08:43:41","slug":"wholesale-stainless-steel-3-layer-steamer-pots","status":"publish","type":"product","link":"https:\/\/www.hg-cooker.com\/pt\/produto\/wholesale-stainless-steel-3-layer-steamer-pots\/","title":{"rendered":"Panelas para vapor de 3 camadas por atacado - Cozinhar r\u00e1pido e saud\u00e1vel, economizar energia"},"content":{"rendered":"<figure class=\"wp-block-image size-full\"><img fetchpriority=\"high\" decoding=\"async\" width=\"2600\" height=\"757\" src=\"https:\/\/www.hg-cooker.com\/wp-content\/uploads\/2025\/08\/parameters-of-3-layer-steamer-pot.webp\" alt=\"par\u00e2metros da panela de vapor de 3 camadas\" class=\"wp-image-6208\" srcset=\"https:\/\/www.hg-cooker.com\/wp-content\/uploads\/2025\/08\/parameters-of-3-layer-steamer-pot.webp 2600w, https:\/\/www.hg-cooker.com\/wp-content\/uploads\/2025\/08\/parameters-of-3-layer-steamer-pot-300x87.webp 300w, https:\/\/www.hg-cooker.com\/wp-content\/uploads\/2025\/08\/parameters-of-3-layer-steamer-pot-768x224.webp 768w, https:\/\/www.hg-cooker.com\/wp-content\/uploads\/2025\/08\/parameters-of-3-layer-steamer-pot-18x5.webp 18w, https:\/\/www.hg-cooker.com\/wp-content\/uploads\/2025\/08\/parameters-of-3-layer-steamer-pot-285x83.webp 285w, https:\/\/www.hg-cooker.com\/wp-content\/uploads\/2025\/08\/parameters-of-3-layer-steamer-pot-1600x466.webp 1600w, https:\/\/www.hg-cooker.com\/wp-content\/uploads\/2025\/08\/parameters-of-3-layer-steamer-pot-660x192.webp 660w, https:\/\/www.hg-cooker.com\/wp-content\/uploads\/2025\/08\/parameters-of-3-layer-steamer-pot-150x44.webp 150w\" sizes=\"(max-width: 2600px) 100vw, 2600px\" \/><\/figure>","protected":false},"excerpt":{"rendered":"<p>Panelas para vapor de 3 camadas por atacado. O design de v\u00e1rias camadas permite-lhe cozinhar v\u00e1rios pratos em simult\u00e2neo sem misturar sabores. Feitos de a\u00e7o inoxid\u00e1vel de alta qualidade, oferecem uma condu\u00e7\u00e3o de calor uniforme, s\u00e3o dur\u00e1veis e resistentes \u00e0 ferrugem e preservam o sabor original dos alimentos. Como um fabricante de utens\u00edlios de cozinha da China, oferecemos cota\u00e7\u00f5es de f\u00e1brica. Contacte-nos agora!<\/p>\n<h2>Carater\u00edsticas da panela para vapor de 3 camadas<\/h2>\n<p><strong>Camadas amov\u00edveis:<\/strong> Este design dividido permite uma utiliza\u00e7\u00e3o flex\u00edvel das camadas de acordo com as necessidades culin\u00e1rias. Pode ser utilizado como um vaporizador de tr\u00eas camadas ou como uma panela de sopa.<\/p>\n<p><strong>Aumento da efici\u00eancia de cozedura:<\/strong> As panelas para vapor de 3 camadas por atacado permitem-lhe fazer v\u00e1rias tarefas e cozinhar at\u00e9 tr\u00eas pratos ao mesmo tempo, poupando significativamente tempo e energia.<\/p>\n<p><strong>Duradouro:<\/strong> O material de a\u00e7o inoxid\u00e1vel oferece uma elevada resist\u00eancia e dureza, permitindo-lhe suportar ciclos frequentes de aquecimento e arrefecimento sem deforma\u00e7\u00e3o ou abaulamento.<\/p>\n<p><strong>Cozinhar com efici\u00eancia energ\u00e9tica:<\/strong> Gra\u00e7as \u00e0 sua melhor reten\u00e7\u00e3o e dissipa\u00e7\u00e3o de calor, \u00e9 necess\u00e1ria menos energia para manter a temperatura do vapor.<\/p>\n<p><strong>Pegas \u00e0 prova de escamas:<\/strong> As pegas de ambos os lados da panela s\u00e3o robustas e largas, e s\u00e3o feitas de material oco para evitar eficazmente a condu\u00e7\u00e3o de calor e as queimaduras.<\/p>\n<p><strong>Tampa curva:<\/strong> A tampa curva recolhe e direciona eficazmente o vapor, permitindo que a \u00e1gua condensada escorra pelas paredes da panela at\u00e9 ao fundo, preservando a textura dos alimentos.<\/p>","protected":false},"featured_media":6209,"comment_status":"closed","ping_status":"closed","template":"","meta":[],"product_brand":[],"product_cat":[52],"product_tag":[],"class_list":{"0":"post-6201","1":"product","2":"type-product","3":"status-publish","4":"has-post-thumbnail","6":"product_cat-stainless-steel-cookware","8":"first","9":"instock","10":"shipping-taxable","11":"product-type-simple"},"_links":{"self":[{"href":"https:\/\/www.hg-cooker.com\/pt\/wp-json\/wp\/v2\/product\/6201","targetHints":{"allow":["GET"]}}],"collection":[{"href":"https:\/\/www.hg-cooker.com\/pt\/wp-json\/wp\/v2\/product"}],"about":[{"href":"https:\/\/www.hg-cooker.com\/pt\/wp-json\/wp\/v2\/types\/product"}],"replies":[{"embeddable":true,"href":"https:\/\/www.hg-cooker.com\/pt\/wp-json\/wp\/v2\/comments?post=6201"}],"wp:featuredmedia":[{"embeddable":true,"href":"https:\/\/www.hg-cooker.com\/pt\/wp-json\/wp\/v2\/media\/6209"}],"wp:attachment":[{"href":"https:\/\/www.hg-cooker.com\/pt\/wp-json\/wp\/v2\/media?parent=6201"}],"wp:term":[{"taxonomy":"product_brand","embeddable":true,"href":"https:\/\/www.hg-cooker.com\/pt\/wp-json\/wp\/v2\/product_brand?post=6201"},{"taxonomy":"product_cat","embeddable":true,"href":"https:\/\/www.hg-cooker.com\/pt\/wp-json\/wp\/v2\/product_cat?post=6201"},{"taxonomy":"product_tag","embeddable":true,"href":"https:\/\/www.hg-cooker.com\/pt\/wp-json\/wp\/v2\/product_tag?post=6201"}],"curies":[{"name":"wp","href":"https:\/\/api.w.org\/{rel}","templated":true}]}}