{"id":6193,"date":"2025-08-18T07:34:58","date_gmt":"2025-08-18T07:34:58","guid":{"rendered":"https:\/\/www.hg-cooker.com\/?post_type=product&#038;p=6193"},"modified":"2025-08-18T08:09:28","modified_gmt":"2025-08-18T08:09:28","slug":"wholesale-3-tier-steamer-pots","status":"publish","type":"product","link":"https:\/\/www.hg-cooker.com\/pt\/produto\/wholesale-3-tier-steamer-pots\/","title":{"rendered":"Panelas para vapor de 3 camadas por atacado - Adequadas para uso comercial e dom\u00e9stico"},"content":{"rendered":"<figure class=\"wp-block-image size-full\"><img fetchpriority=\"high\" decoding=\"async\" width=\"1920\" height=\"510\" src=\"https:\/\/www.hg-cooker.com\/wp-content\/uploads\/2025\/08\/wholesale-3-tier-steamer-pots.webp\" alt=\"recipientes para vapor de 3 camadas por atacado\" class=\"wp-image-6194\" srcset=\"https:\/\/www.hg-cooker.com\/wp-content\/uploads\/2025\/08\/wholesale-3-tier-steamer-pots.webp 1920w, https:\/\/www.hg-cooker.com\/wp-content\/uploads\/2025\/08\/wholesale-3-tier-steamer-pots-300x80.webp 300w, https:\/\/www.hg-cooker.com\/wp-content\/uploads\/2025\/08\/wholesale-3-tier-steamer-pots-768x204.webp 768w, https:\/\/www.hg-cooker.com\/wp-content\/uploads\/2025\/08\/wholesale-3-tier-steamer-pots-18x5.webp 18w, https:\/\/www.hg-cooker.com\/wp-content\/uploads\/2025\/08\/wholesale-3-tier-steamer-pots-285x76.webp 285w, https:\/\/www.hg-cooker.com\/wp-content\/uploads\/2025\/08\/wholesale-3-tier-steamer-pots-1600x425.webp 1600w, https:\/\/www.hg-cooker.com\/wp-content\/uploads\/2025\/08\/wholesale-3-tier-steamer-pots-660x175.webp 660w, https:\/\/www.hg-cooker.com\/wp-content\/uploads\/2025\/08\/wholesale-3-tier-steamer-pots-150x40.webp 150w\" sizes=\"(max-width: 1920px) 100vw, 1920px\" \/><\/figure>","protected":false},"excerpt":{"rendered":"<p>As panelas a vapor de a\u00e7o inoxid\u00e1vel de 3 camadas, concebidas para uma cozedura saud\u00e1vel e eficiente, s\u00e3o ideais para cozinhas dom\u00e9sticas e para uso profissional. Oferecemos pre\u00e7os de f\u00e1brica por grosso e aceitamos compras a granel.<\/p>\n<h2>Carater\u00edsticas do recipiente para vapor de 3 camadas<\/h2>\n<p><strong>A\u00e7o inoxid\u00e1vel de alta qualidade:<\/strong> As panelas para cozer a vapor por grosso s\u00e3o feitas de a\u00e7o inoxid\u00e1vel de alta qualidade, que \u00e9 resistente \u00e0 ferrugem, \u00e0 corros\u00e3o e dur\u00e1vel.<\/p>\n<p><strong>Aumentar a efici\u00eancia da cozedura: <\/strong>A panela de vapor de 3 camadas melhora significativamente a efici\u00eancia da cozedura, permitindo-lhe cozinhar v\u00e1rios pratos em simult\u00e2neo utilizando apenas uma panela de vapor.<\/p>\n<p><strong>M\u00e9todo de cozedura saud\u00e1vel:<\/strong> A cozedura a vapor \u00e9 amplamente considerada um dos m\u00e9todos de cozedura mais saud\u00e1veis, ajudando a preservar uma maior percentagem dos nutrientes naturais, vitaminas e minerais dos alimentos.<\/p>\n<p><strong>F\u00e1cil de limpar e de manter:<\/strong> O interior e o exterior elegantes e altamente polidos deste vaporizador de tr\u00eas camadas em a\u00e7o inoxid\u00e1vel s\u00e3o antiaderentes, f\u00e1ceis de limpar e podem ser lavados na m\u00e1quina de lavar lou\u00e7a.<\/p>\n<p><strong>Adequado tanto para uso comercial como dom\u00e9stico:<\/strong> O seu design de v\u00e1rios n\u00edveis permite-lhe cozinhar v\u00e1rios pratos em simult\u00e2neo, tornando-o conveniente para preparar refei\u00e7\u00f5es para clientes ou para toda a fam\u00edlia.<\/p>","protected":false},"featured_media":6195,"comment_status":"closed","ping_status":"closed","template":"","meta":[],"product_brand":[],"product_cat":[52],"product_tag":[],"class_list":{"0":"post-6193","1":"product","2":"type-product","3":"status-publish","4":"has-post-thumbnail","6":"product_cat-stainless-steel-cookware","8":"first","9":"instock","10":"shipping-taxable","11":"product-type-simple"},"_links":{"self":[{"href":"https:\/\/www.hg-cooker.com\/pt\/wp-json\/wp\/v2\/product\/6193","targetHints":{"allow":["GET"]}}],"collection":[{"href":"https:\/\/www.hg-cooker.com\/pt\/wp-json\/wp\/v2\/product"}],"about":[{"href":"https:\/\/www.hg-cooker.com\/pt\/wp-json\/wp\/v2\/types\/product"}],"replies":[{"embeddable":true,"href":"https:\/\/www.hg-cooker.com\/pt\/wp-json\/wp\/v2\/comments?post=6193"}],"wp:featuredmedia":[{"embeddable":true,"href":"https:\/\/www.hg-cooker.com\/pt\/wp-json\/wp\/v2\/media\/6195"}],"wp:attachment":[{"href":"https:\/\/www.hg-cooker.com\/pt\/wp-json\/wp\/v2\/media?parent=6193"}],"wp:term":[{"taxonomy":"product_brand","embeddable":true,"href":"https:\/\/www.hg-cooker.com\/pt\/wp-json\/wp\/v2\/product_brand?post=6193"},{"taxonomy":"product_cat","embeddable":true,"href":"https:\/\/www.hg-cooker.com\/pt\/wp-json\/wp\/v2\/product_cat?post=6193"},{"taxonomy":"product_tag","embeddable":true,"href":"https:\/\/www.hg-cooker.com\/pt\/wp-json\/wp\/v2\/product_tag?post=6193"}],"curies":[{"name":"wp","href":"https:\/\/api.w.org\/{rel}","templated":true}]}}