{"id":6157,"date":"2025-08-18T03:58:48","date_gmt":"2025-08-16T01:23:50","guid":{"rendered":"https:\/\/www.hg-cooker.com\/?post_type=product&#038;p=6157"},"modified":"2025-08-18T04:20:41","modified_gmt":"2025-08-18T04:20:41","slug":"wholesale-premium-stainless-steel-stewing-pots","status":"publish","type":"product","link":"https:\/\/www.hg-cooker.com\/pt\/produto\/wholesale-premium-stainless-steel-stewing-pots\/","title":{"rendered":"Panela para guisado de a\u00e7o inoxid\u00e1vel Premium com tampa - multi-tamanhos e empilh\u00e1vel"},"content":{"rendered":"<figure class=\"wp-block-image size-full\"><img fetchpriority=\"high\" decoding=\"async\" width=\"1752\" height=\"519\" src=\"https:\/\/www.hg-cooker.com\/wp-content\/uploads\/2025\/08\/parameters-of-stewing-pot.webp\" alt=\"par\u00e2metros da panela de estufar\" class=\"wp-image-6180\" srcset=\"https:\/\/www.hg-cooker.com\/wp-content\/uploads\/2025\/08\/parameters-of-stewing-pot.webp 1752w, https:\/\/www.hg-cooker.com\/wp-content\/uploads\/2025\/08\/parameters-of-stewing-pot-300x89.webp 300w, https:\/\/www.hg-cooker.com\/wp-content\/uploads\/2025\/08\/parameters-of-stewing-pot-768x228.webp 768w, https:\/\/www.hg-cooker.com\/wp-content\/uploads\/2025\/08\/parameters-of-stewing-pot-18x5.webp 18w, https:\/\/www.hg-cooker.com\/wp-content\/uploads\/2025\/08\/parameters-of-stewing-pot-285x84.webp 285w, https:\/\/www.hg-cooker.com\/wp-content\/uploads\/2025\/08\/parameters-of-stewing-pot-1600x474.webp 1600w, https:\/\/www.hg-cooker.com\/wp-content\/uploads\/2025\/08\/parameters-of-stewing-pot-660x196.webp 660w, https:\/\/www.hg-cooker.com\/wp-content\/uploads\/2025\/08\/parameters-of-stewing-pot-150x44.webp 150w\" sizes=\"(max-width: 1752px) 100vw, 1752px\" \/><\/figure>","protected":false},"excerpt":{"rendered":"<p>Panelas para guisado de a\u00e7o inoxid\u00e1vel de alta qualidade por grosso. Esta panela de estufar em a\u00e7o inoxid\u00e1vel apresenta um acabamento de alto polimento para seguran\u00e7a, durabilidade e simplicidade elegante. \u00c9 perfeita para sopas de cozedura lenta, guisados, papas de aveia e uma variedade de outros pratos. Dispon\u00edvel em quatro tamanhos, apoiamos os servi\u00e7os OEM e ODM. Aceitamos compras a granel.<\/p>\n<p><!-- wp:heading --><\/p>\n<h2 class=\"wp-block-heading\">Carater\u00edsticas da panela de estufar em a\u00e7o inoxid\u00e1vel Premium<\/h2>\n<ul>\n<li><strong>Est\u00e1vel e ergon\u00f3mico:<\/strong> As panelas para estufar por atacado t\u00eam pegas duplas que proporcionam uma ader\u00eancia segura. As pegas ocas retardam a transfer\u00eancia de calor da panela para as pegas, proporcionando isolamento.<\/li>\n<li><strong>Tampa em a\u00e7o inoxid\u00e1vel:<\/strong> A tampa de a\u00e7o inoxid\u00e1vel \u00e9 mais resistente ao impacto e aos estilha\u00e7os e proporciona uma excelente reten\u00e7\u00e3o de calor, retendo eficazmente o calor e o vapor dentro da panela para uma cozedura mais r\u00e1pida.<\/li>\n<li><strong>Vers\u00e1til:<\/strong> Perfeito para caldos de ossos longos e cozinhados lentamente, papas de arroz perfumadas ou outros pratos de carne que exijam um refogado bem temperado.<\/li>\n<li><strong>F\u00e1cil de limpar:<\/strong> As panelas para guisado por atacado apresentam um acabamento polido profundo, tornando a limpeza incrivelmente f\u00e1cil; basta limpar com uma esponja e detergente.<\/li>\n<li><strong>Quatro tamanhos dispon\u00edveis:<\/strong> Dispon\u00edveis em 20cm, 22cm, 24cm e 26cm, satisfazem as necessidades das cozinhas dom\u00e9sticas e comerciais.<\/li>\n<\/ul>\n<p><!-- \/wp:paragraph --><\/p>","protected":false},"featured_media":6161,"comment_status":"closed","ping_status":"closed","template":"","meta":[],"product_brand":[],"product_cat":[52],"product_tag":[],"class_list":{"0":"post-6157","1":"product","2":"type-product","3":"status-publish","4":"has-post-thumbnail","6":"product_cat-stainless-steel-cookware","8":"first","9":"instock","10":"shipping-taxable","11":"product-type-simple"},"_links":{"self":[{"href":"https:\/\/www.hg-cooker.com\/pt\/wp-json\/wp\/v2\/product\/6157","targetHints":{"allow":["GET"]}}],"collection":[{"href":"https:\/\/www.hg-cooker.com\/pt\/wp-json\/wp\/v2\/product"}],"about":[{"href":"https:\/\/www.hg-cooker.com\/pt\/wp-json\/wp\/v2\/types\/product"}],"replies":[{"embeddable":true,"href":"https:\/\/www.hg-cooker.com\/pt\/wp-json\/wp\/v2\/comments?post=6157"}],"wp:featuredmedia":[{"embeddable":true,"href":"https:\/\/www.hg-cooker.com\/pt\/wp-json\/wp\/v2\/media\/6161"}],"wp:attachment":[{"href":"https:\/\/www.hg-cooker.com\/pt\/wp-json\/wp\/v2\/media?parent=6157"}],"wp:term":[{"taxonomy":"product_brand","embeddable":true,"href":"https:\/\/www.hg-cooker.com\/pt\/wp-json\/wp\/v2\/product_brand?post=6157"},{"taxonomy":"product_cat","embeddable":true,"href":"https:\/\/www.hg-cooker.com\/pt\/wp-json\/wp\/v2\/product_cat?post=6157"},{"taxonomy":"product_tag","embeddable":true,"href":"https:\/\/www.hg-cooker.com\/pt\/wp-json\/wp\/v2\/product_tag?post=6157"}],"curies":[{"name":"wp","href":"https:\/\/api.w.org\/{rel}","templated":true}]}}