{"id":6143,"date":"2025-08-26T03:26:55","date_gmt":"2025-08-26T03:26:55","guid":{"rendered":"https:\/\/www.hg-cooker.com\/?post_type=product&#038;p=6143"},"modified":"2025-09-13T02:35:33","modified_gmt":"2025-09-13T02:35:33","slug":"wholesale-stainless-steel-stew-pots","status":"publish","type":"product","link":"https:\/\/www.hg-cooker.com\/pt\/produto\/wholesale-stainless-steel-stew-pots\/","title":{"rendered":"Panelas para guisado de a\u00e7o inoxid\u00e1vel por atacado com tampa de vidro temperado - multi-tamanho e empilh\u00e1vel"},"content":{"rendered":"<div class=\"wp-block-columns is-layout-flex wp-container-core-columns-is-layout-9d6595d7 wp-block-columns-is-layout-flex\">\n<div class=\"wp-block-column is-layout-flow wp-block-column-is-layout-flow\">\n<figure class=\"wp-block-image size-full\"><img fetchpriority=\"high\" decoding=\"async\" width=\"2351\" height=\"2351\" src=\"https:\/\/www.hg-cooker.com\/wp-content\/uploads\/2025\/08\/wholesale-stainless-steel-stewing-soup-pot-2.webp\" alt=\"panela de sopa para guisado de a\u00e7o inoxid\u00e1vel por atacado (2)\" class=\"wp-image-6147\" srcset=\"https:\/\/www.hg-cooker.com\/wp-content\/uploads\/2025\/08\/wholesale-stainless-steel-stewing-soup-pot-2.webp 2351w, https:\/\/www.hg-cooker.com\/wp-content\/uploads\/2025\/08\/wholesale-stainless-steel-stewing-soup-pot-2-300x300.webp 300w, https:\/\/www.hg-cooker.com\/wp-content\/uploads\/2025\/08\/wholesale-stainless-steel-stewing-soup-pot-2-150x150.webp 150w, https:\/\/www.hg-cooker.com\/wp-content\/uploads\/2025\/08\/wholesale-stainless-steel-stewing-soup-pot-2-768x768.webp 768w, https:\/\/www.hg-cooker.com\/wp-content\/uploads\/2025\/08\/wholesale-stainless-steel-stewing-soup-pot-2-12x12.webp 12w, https:\/\/www.hg-cooker.com\/wp-content\/uploads\/2025\/08\/wholesale-stainless-steel-stewing-soup-pot-2-285x285.webp 285w, https:\/\/www.hg-cooker.com\/wp-content\/uploads\/2025\/08\/wholesale-stainless-steel-stewing-soup-pot-2-1600x1600.webp 1600w, https:\/\/www.hg-cooker.com\/wp-content\/uploads\/2025\/08\/wholesale-stainless-steel-stewing-soup-pot-2-270x270.webp 270w, https:\/\/www.hg-cooker.com\/wp-content\/uploads\/2025\/08\/wholesale-stainless-steel-stewing-soup-pot-2-540x540.webp 540w, https:\/\/www.hg-cooker.com\/wp-content\/uploads\/2025\/08\/wholesale-stainless-steel-stewing-soup-pot-2-660x660.webp 660w\" sizes=\"(max-width: 2351px) 100vw, 2351px\" \/><\/figure>\n<\/div>\n\n\n\n<div class=\"wp-block-column is-layout-flow wp-block-column-is-layout-flow\">\n<figure class=\"wp-block-image size-full\"><img decoding=\"async\" width=\"2309\" height=\"2309\" src=\"https:\/\/www.hg-cooker.com\/wp-content\/uploads\/2025\/08\/wholesale-stainless-steel-stewing-soup-pot-3.webp\" alt=\"panela de sopa para guisado de a\u00e7o inoxid\u00e1vel por atacado (3)\" class=\"wp-image-6148\" srcset=\"https:\/\/www.hg-cooker.com\/wp-content\/uploads\/2025\/08\/wholesale-stainless-steel-stewing-soup-pot-3.webp 2309w, https:\/\/www.hg-cooker.com\/wp-content\/uploads\/2025\/08\/wholesale-stainless-steel-stewing-soup-pot-3-300x300.webp 300w, https:\/\/www.hg-cooker.com\/wp-content\/uploads\/2025\/08\/wholesale-stainless-steel-stewing-soup-pot-3-150x150.webp 150w, https:\/\/www.hg-cooker.com\/wp-content\/uploads\/2025\/08\/wholesale-stainless-steel-stewing-soup-pot-3-768x768.webp 768w, https:\/\/www.hg-cooker.com\/wp-content\/uploads\/2025\/08\/wholesale-stainless-steel-stewing-soup-pot-3-12x12.webp 12w, https:\/\/www.hg-cooker.com\/wp-content\/uploads\/2025\/08\/wholesale-stainless-steel-stewing-soup-pot-3-285x285.webp 285w, https:\/\/www.hg-cooker.com\/wp-content\/uploads\/2025\/08\/wholesale-stainless-steel-stewing-soup-pot-3-1600x1600.webp 1600w, https:\/\/www.hg-cooker.com\/wp-content\/uploads\/2025\/08\/wholesale-stainless-steel-stewing-soup-pot-3-270x270.webp 270w, https:\/\/www.hg-cooker.com\/wp-content\/uploads\/2025\/08\/wholesale-stainless-steel-stewing-soup-pot-3-540x540.webp 540w, https:\/\/www.hg-cooker.com\/wp-content\/uploads\/2025\/08\/wholesale-stainless-steel-stewing-soup-pot-3-660x660.webp 660w\" sizes=\"(max-width: 2309px) 100vw, 2309px\" \/><\/figure>\n<\/div>\n<\/div>","protected":false},"excerpt":{"rendered":"<p>Panelas para guisado em a\u00e7o inoxid\u00e1vel por grosso. Feitas de a\u00e7o inoxid\u00e1vel de qualidade alimentar altamente polido, estas panelas s\u00e3o dur\u00e1veis, seguras e fi\u00e1veis, oferecendo tamb\u00e9m um estilo moderno. Podem ser utilizadas para uma variedade de m\u00e9todos de cozedura, incluindo sopas para guisar, papas, refogar e cozinhar massa. Adequados tanto para cozinhas comerciais como dom\u00e9sticas. Aceitamos compras a granel.<\/p>\n<p><!-- wp:heading --><\/p>\n<h2 class=\"wp-block-heading\">Carater\u00edsticas da panela de a\u00e7o inoxid\u00e1vel para sopa<\/h2>\n<ul>\n<li><strong>A\u00e7o inoxid\u00e1vel de alta qualidade:<\/strong> Estas panelas para guisado por atacado s\u00e3o fabricadas em a\u00e7o inoxid\u00e1vel altamente polido, obtendo uma superf\u00edcie lisa como um espelho, sem rebarbas ou manchas. T\u00eam um acabamento antiaderente e s\u00e3o f\u00e1ceis de limpar.<\/li>\n<li><strong>Qualidade de fabrico:<\/strong> A elevada densidade e a espessura uniforme destas panelas para guisados tornam-nas resistentes \u00e0 corros\u00e3o, \u00e0 ferrugem e \u00e0 deforma\u00e7\u00e3o, permitindo-lhes suportar uma utiliza\u00e7\u00e3o normal e mesmo impactos sem amolgar.<\/li>\n<li><strong>Aquecimento uniforme:<\/strong> Concebidas para cozedura lenta e sopas em lume brando, estas panelas para guisado em a\u00e7o inoxid\u00e1vel promovem uma distribui\u00e7\u00e3o uniforme do calor, tornando-as ideais para canja de galinha, sopa de costela de porco ou pratos de cozedura prolongada.<\/li>\n<li><strong>Design de pega dupla:<\/strong> O design de pega dupla permite um manuseamento f\u00e1cil e uma distribui\u00e7\u00e3o uniforme da press\u00e3o. As pegas de design ergon\u00f3mico proporcionam uma ader\u00eancia confort\u00e1vel.<\/li>\n<li><strong>Servi\u00e7o grossista de utens\u00edlios de cozinha:<\/strong> Como um fabricante profissional de utens\u00edlios de cozinha, oferecemos utens\u00edlios de cozinha por atacado, fornecendo uma vasta gama de tipos e tamanhos de utens\u00edlios de cozinha em a\u00e7o inoxid\u00e1vel a pre\u00e7os de f\u00e1brica.<\/li>\n<\/ul>\n<p><!-- \/wp:paragraph --><\/p>","protected":false},"featured_media":6154,"comment_status":"closed","ping_status":"closed","template":"","meta":[],"product_brand":[],"product_cat":[52],"product_tag":[],"class_list":{"0":"post-6143","1":"product","2":"type-product","3":"status-publish","4":"has-post-thumbnail","6":"product_cat-stainless-steel-cookware","8":"first","9":"instock","10":"shipping-taxable","11":"product-type-simple"},"_links":{"self":[{"href":"https:\/\/www.hg-cooker.com\/pt\/wp-json\/wp\/v2\/product\/6143","targetHints":{"allow":["GET"]}}],"collection":[{"href":"https:\/\/www.hg-cooker.com\/pt\/wp-json\/wp\/v2\/product"}],"about":[{"href":"https:\/\/www.hg-cooker.com\/pt\/wp-json\/wp\/v2\/types\/product"}],"replies":[{"embeddable":true,"href":"https:\/\/www.hg-cooker.com\/pt\/wp-json\/wp\/v2\/comments?post=6143"}],"wp:featuredmedia":[{"embeddable":true,"href":"https:\/\/www.hg-cooker.com\/pt\/wp-json\/wp\/v2\/media\/6154"}],"wp:attachment":[{"href":"https:\/\/www.hg-cooker.com\/pt\/wp-json\/wp\/v2\/media?parent=6143"}],"wp:term":[{"taxonomy":"product_brand","embeddable":true,"href":"https:\/\/www.hg-cooker.com\/pt\/wp-json\/wp\/v2\/product_brand?post=6143"},{"taxonomy":"product_cat","embeddable":true,"href":"https:\/\/www.hg-cooker.com\/pt\/wp-json\/wp\/v2\/product_cat?post=6143"},{"taxonomy":"product_tag","embeddable":true,"href":"https:\/\/www.hg-cooker.com\/pt\/wp-json\/wp\/v2\/product_tag?post=6143"}],"curies":[{"name":"wp","href":"https:\/\/api.w.org\/{rel}","templated":true}]}}