{"id":6130,"date":"2025-08-28T06:19:05","date_gmt":"2025-08-28T06:19:05","guid":{"rendered":"https:\/\/www.hg-cooker.com\/?post_type=product&#038;p=6130"},"modified":"2025-09-13T02:31:34","modified_gmt":"2025-09-13T02:31:34","slug":"wholesale-premium-stainless-steel-stew-pots","status":"publish","type":"product","link":"https:\/\/www.hg-cooker.com\/pt\/produto\/wholesale-premium-stainless-steel-stew-pots\/","title":{"rendered":"Panelas para guisado de a\u00e7o inoxid\u00e1vel polido de qualidade superior por atacado - multi-tamanhos e empilh\u00e1veis"},"content":{"rendered":"<figure class=\"wp-block-image size-full\"><img fetchpriority=\"high\" decoding=\"async\" width=\"1920\" height=\"597\" src=\"https:\/\/www.hg-cooker.com\/wp-content\/uploads\/2025\/08\/parameters-of-stew-pot.webp\" alt=\"par\u00e2metros da panela de guisado\" class=\"wp-image-6190\" srcset=\"https:\/\/www.hg-cooker.com\/wp-content\/uploads\/2025\/08\/parameters-of-stew-pot.webp 1920w, https:\/\/www.hg-cooker.com\/wp-content\/uploads\/2025\/08\/parameters-of-stew-pot-300x93.webp 300w, https:\/\/www.hg-cooker.com\/wp-content\/uploads\/2025\/08\/parameters-of-stew-pot-768x239.webp 768w, https:\/\/www.hg-cooker.com\/wp-content\/uploads\/2025\/08\/parameters-of-stew-pot-18x6.webp 18w, https:\/\/www.hg-cooker.com\/wp-content\/uploads\/2025\/08\/parameters-of-stew-pot-285x89.webp 285w, https:\/\/www.hg-cooker.com\/wp-content\/uploads\/2025\/08\/parameters-of-stew-pot-1600x498.webp 1600w, https:\/\/www.hg-cooker.com\/wp-content\/uploads\/2025\/08\/parameters-of-stew-pot-660x205.webp 660w, https:\/\/www.hg-cooker.com\/wp-content\/uploads\/2025\/08\/parameters-of-stew-pot-150x47.webp 150w\" sizes=\"(max-width: 1920px) 100vw, 1920px\" \/><\/figure>","protected":false},"excerpt":{"rendered":"<p>Panelas de sopa em a\u00e7o inoxid\u00e1vel de qualidade superior. Fabricada em a\u00e7o inoxid\u00e1vel polido de qualidade alimentar, esta panela de sopa multifun\u00e7\u00f5es baseia-se nos princ\u00edpios da durabilidade, conforto ergon\u00f3mico e estilo minimalista contempor\u00e2neo. Ideal para cozer em lume brando pratos quentes, sopas e guisados, oferece efici\u00eancia e beleza a qualquer cozinha. Apoiando os servi\u00e7os OEM\/ODM, aceitamos compras a granel.<\/p>\n<p><!-- wp:heading --><\/p>\n<h2 class=\"wp-block-heading\">Carater\u00edsticas da Panela para Guisado em A\u00e7o Inoxid\u00e1vel Polido Premium<\/h2>\n<ul>\n<li><strong>F\u00e1cil de limpar:<\/strong> As nossas panelas para guisado por atacado s\u00e3o feitas de a\u00e7o inoxid\u00e1vel de alta qualidade, polido como um espelho, com uma superf\u00edcie lisa, sem manchas ou rebarbas, aumentando a resist\u00eancia \u00e0s manchas. Podem ser facilmente limpas apenas com detergente e um pano de cozinha h\u00famido.<\/li>\n<li><strong>Dois estilos de tampa:<\/strong> Dispon\u00edvel com uma tampa de a\u00e7o inoxid\u00e1vel ou uma tampa de vidro temperado para se adaptar a diferentes cen\u00e1rios de cozedura e prefer\u00eancias do utilizador.<\/li>\n<li><strong>Design de pega dupla:<\/strong> As nossas panelas de a\u00e7o inoxid\u00e1vel polido de alta qualidade para venda por grosso possuem pegas de dupla face com um design naturalmente curvo para facilitar a eleva\u00e7\u00e3o e o despejo.<\/li>\n<li><strong>Empilh\u00e1vel:<\/strong> Dispon\u00edveis em quatro tamanhos, estas panelas para guisado podem ser empilhadas de forma organizada para libertar espa\u00e7o na cozinha.<\/li>\n<li><strong>Vers\u00e1til:<\/strong> Perfeito para fazer caldos e caldos caseiros, molhos de cozedura lenta ou escaldar legumes.<\/li>\n<\/ul>\n<p><!-- \/wp:paragraph --><\/p>","protected":false},"featured_media":6181,"comment_status":"closed","ping_status":"closed","template":"","meta":[],"product_brand":[],"product_cat":[52],"product_tag":[],"class_list":{"0":"post-6130","1":"product","2":"type-product","3":"status-publish","4":"has-post-thumbnail","6":"product_cat-stainless-steel-cookware","8":"first","9":"instock","10":"shipping-taxable","11":"product-type-simple"},"_links":{"self":[{"href":"https:\/\/www.hg-cooker.com\/pt\/wp-json\/wp\/v2\/product\/6130","targetHints":{"allow":["GET"]}}],"collection":[{"href":"https:\/\/www.hg-cooker.com\/pt\/wp-json\/wp\/v2\/product"}],"about":[{"href":"https:\/\/www.hg-cooker.com\/pt\/wp-json\/wp\/v2\/types\/product"}],"replies":[{"embeddable":true,"href":"https:\/\/www.hg-cooker.com\/pt\/wp-json\/wp\/v2\/comments?post=6130"}],"wp:featuredmedia":[{"embeddable":true,"href":"https:\/\/www.hg-cooker.com\/pt\/wp-json\/wp\/v2\/media\/6181"}],"wp:attachment":[{"href":"https:\/\/www.hg-cooker.com\/pt\/wp-json\/wp\/v2\/media?parent=6130"}],"wp:term":[{"taxonomy":"product_brand","embeddable":true,"href":"https:\/\/www.hg-cooker.com\/pt\/wp-json\/wp\/v2\/product_brand?post=6130"},{"taxonomy":"product_cat","embeddable":true,"href":"https:\/\/www.hg-cooker.com\/pt\/wp-json\/wp\/v2\/product_cat?post=6130"},{"taxonomy":"product_tag","embeddable":true,"href":"https:\/\/www.hg-cooker.com\/pt\/wp-json\/wp\/v2\/product_tag?post=6130"}],"curies":[{"name":"wp","href":"https:\/\/api.w.org\/{rel}","templated":true}]}}