{"id":6123,"date":"2025-03-31T07:09:54","date_gmt":"2025-03-31T07:09:54","guid":{"rendered":"https:\/\/www.hg-cooker.com\/?post_type=product&#038;p=6123"},"modified":"2025-11-13T01:56:29","modified_gmt":"2025-11-13T01:56:29","slug":"wholesale-premium-stainless-steel-dry-pots","status":"publish","type":"product","link":"https:\/\/www.hg-cooker.com\/pt\/produto\/wholesale-premium-stainless-steel-dry-pots\/","title":{"rendered":"Potes secos de a\u00e7o inoxid\u00e1vel de qualidade superior por atacado - Dur\u00e1veis e multifuncionais"},"content":{"rendered":"<div class=\"wp-block-columns is-layout-flex wp-container-core-columns-is-layout-9d6595d7 wp-block-columns-is-layout-flex\">\n<div class=\"wp-block-column is-layout-flow wp-block-column-is-layout-flow\">\n<figure class=\"wp-block-image size-full\"><img fetchpriority=\"high\" decoding=\"async\" width=\"2958\" height=\"2958\" src=\"https:\/\/www.hg-cooker.com\/wp-content\/uploads\/2025\/08\/Wholesale-Premium-Stainless-Steel-Dry-Pot-1.webp\" alt=\"Pote seco de a\u00e7o inoxid\u00e1vel de qualidade superior por atacado (1)\" class=\"wp-image-6124\" srcset=\"https:\/\/www.hg-cooker.com\/wp-content\/uploads\/2025\/08\/Wholesale-Premium-Stainless-Steel-Dry-Pot-1.webp 2958w, https:\/\/www.hg-cooker.com\/wp-content\/uploads\/2025\/08\/Wholesale-Premium-Stainless-Steel-Dry-Pot-1-300x300.webp 300w, https:\/\/www.hg-cooker.com\/wp-content\/uploads\/2025\/08\/Wholesale-Premium-Stainless-Steel-Dry-Pot-1-150x150.webp 150w, https:\/\/www.hg-cooker.com\/wp-content\/uploads\/2025\/08\/Wholesale-Premium-Stainless-Steel-Dry-Pot-1-768x768.webp 768w, https:\/\/www.hg-cooker.com\/wp-content\/uploads\/2025\/08\/Wholesale-Premium-Stainless-Steel-Dry-Pot-1-12x12.webp 12w, https:\/\/www.hg-cooker.com\/wp-content\/uploads\/2025\/08\/Wholesale-Premium-Stainless-Steel-Dry-Pot-1-285x285.webp 285w, https:\/\/www.hg-cooker.com\/wp-content\/uploads\/2025\/08\/Wholesale-Premium-Stainless-Steel-Dry-Pot-1-1600x1600.webp 1600w, https:\/\/www.hg-cooker.com\/wp-content\/uploads\/2025\/08\/Wholesale-Premium-Stainless-Steel-Dry-Pot-1-270x270.webp 270w, https:\/\/www.hg-cooker.com\/wp-content\/uploads\/2025\/08\/Wholesale-Premium-Stainless-Steel-Dry-Pot-1-540x540.webp 540w, https:\/\/www.hg-cooker.com\/wp-content\/uploads\/2025\/08\/Wholesale-Premium-Stainless-Steel-Dry-Pot-1-660x660.webp 660w\" sizes=\"(max-width: 2958px) 100vw, 2958px\" \/><\/figure>\n<\/div>\n\n\n\n<div class=\"wp-block-column is-layout-flow wp-block-column-is-layout-flow\">\n<figure class=\"wp-block-image size-full\"><img decoding=\"async\" width=\"2930\" height=\"2930\" src=\"https:\/\/www.hg-cooker.com\/wp-content\/uploads\/2025\/08\/Wholesale-Premium-Stainless-Steel-Dry-Pot-5.webp\" alt=\"Pote seco de a\u00e7o inoxid\u00e1vel de qualidade superior por atacado (5)\" class=\"wp-image-6128\" srcset=\"https:\/\/www.hg-cooker.com\/wp-content\/uploads\/2025\/08\/Wholesale-Premium-Stainless-Steel-Dry-Pot-5.webp 2930w, https:\/\/www.hg-cooker.com\/wp-content\/uploads\/2025\/08\/Wholesale-Premium-Stainless-Steel-Dry-Pot-5-300x300.webp 300w, https:\/\/www.hg-cooker.com\/wp-content\/uploads\/2025\/08\/Wholesale-Premium-Stainless-Steel-Dry-Pot-5-150x150.webp 150w, https:\/\/www.hg-cooker.com\/wp-content\/uploads\/2025\/08\/Wholesale-Premium-Stainless-Steel-Dry-Pot-5-768x768.webp 768w, https:\/\/www.hg-cooker.com\/wp-content\/uploads\/2025\/08\/Wholesale-Premium-Stainless-Steel-Dry-Pot-5-12x12.webp 12w, https:\/\/www.hg-cooker.com\/wp-content\/uploads\/2025\/08\/Wholesale-Premium-Stainless-Steel-Dry-Pot-5-285x285.webp 285w, https:\/\/www.hg-cooker.com\/wp-content\/uploads\/2025\/08\/Wholesale-Premium-Stainless-Steel-Dry-Pot-5-1600x1600.webp 1600w, https:\/\/www.hg-cooker.com\/wp-content\/uploads\/2025\/08\/Wholesale-Premium-Stainless-Steel-Dry-Pot-5-270x270.webp 270w, https:\/\/www.hg-cooker.com\/wp-content\/uploads\/2025\/08\/Wholesale-Premium-Stainless-Steel-Dry-Pot-5-540x540.webp 540w, https:\/\/www.hg-cooker.com\/wp-content\/uploads\/2025\/08\/Wholesale-Premium-Stainless-Steel-Dry-Pot-5-660x660.webp 660w\" sizes=\"(max-width: 2930px) 100vw, 2930px\" \/><\/figure>\n<\/div>\n<\/div>","protected":false},"excerpt":{"rendered":"<p>Potes secos em a\u00e7o inoxid\u00e1vel de qualidade superior. Constru\u00eddo a partir de a\u00e7o inoxid\u00e1vel polido de qualidade alimentar, este pote seco de a\u00e7o inoxid\u00e1vel por atacado oferece durabilidade, uso ergonomicamente amig\u00e1vel e um design minimalista moderno. Perfeita para fritar e servir, \u00e9 funcional e elegante para qualquer cozinha. Apoiando os servi\u00e7os OEM\/ODM, a aquisi\u00e7\u00e3o a granel \u00e9 bem-vinda.<\/p>\n<p><!-- wp:heading --><\/p>\n<h2 class=\"wp-block-heading\">Carater\u00edsticas da panela seca de a\u00e7o inoxid\u00e1vel<\/h2>\n<ul>\n<li><strong>Conce\u00e7\u00e3o de placas rasas:<\/strong> O design da placa rasa destas panelas secas por atacado permite que os alimentos sejam espalhados de forma plana na panela, aumentando a \u00e1rea da superf\u00edcie de aquecimento e tornando-as ideais para cozinhar em panelas secas.<\/li>\n<li><strong>F\u00e1cil de segurar: <\/strong>O design curvo da pega tamb\u00e9m proporciona uma melhor ader\u00eancia e estabilidade, tornando-o f\u00e1cil de retirar do fog\u00e3o e de transportar para a mesa.<\/li>\n<li><strong>Utiliza\u00e7\u00e3o vers\u00e1til:<\/strong> Estas panelas secas por atacado podem ser utilizadas para cozinhar em panelas secas, como utens\u00edlios de aquecimento ou como tabuleiros para alimentos, o que as torna extremamente vers\u00e1teis.<\/li>\n<li><strong>A\u00e7o inoxid\u00e1vel de qualidade alimentar:<\/strong> Estas panelas secas por atacado s\u00e3o feitas de a\u00e7o inoxid\u00e1vel de alta qualidade e resistente \u00e0 corros\u00e3o, garantindo um contacto seguro com os alimentos. Tamb\u00e9m podem conter alimentos \u00e1cidos ou alcalinos, como lim\u00f5es e tomates.<\/li>\n<li><strong>F\u00e1cil de limpar:<\/strong> Atrav\u00e9s do polimento e de outros processos, as panelas secas t\u00eam uma superf\u00edcie muito lisa, reduzindo a ader\u00eancia de res\u00edduos alimentares. Basta passar um pano ou lavar com detergente para recuperar o brilho.<\/li>\n<\/ul>\n<p><!-- \/wp:paragraph --><\/p>","protected":false},"featured_media":6126,"comment_status":"closed","ping_status":"closed","template":"","meta":[],"product_brand":[],"product_cat":[52,65],"product_tag":[],"class_list":{"0":"post-6123","1":"product","2":"type-product","3":"status-publish","4":"has-post-thumbnail","6":"product_cat-stainless-steel-cookware","7":"product_cat-dry-pot","9":"first","10":"instock","11":"shipping-taxable","12":"product-type-simple"},"_links":{"self":[{"href":"https:\/\/www.hg-cooker.com\/pt\/wp-json\/wp\/v2\/product\/6123","targetHints":{"allow":["GET"]}}],"collection":[{"href":"https:\/\/www.hg-cooker.com\/pt\/wp-json\/wp\/v2\/product"}],"about":[{"href":"https:\/\/www.hg-cooker.com\/pt\/wp-json\/wp\/v2\/types\/product"}],"replies":[{"embeddable":true,"href":"https:\/\/www.hg-cooker.com\/pt\/wp-json\/wp\/v2\/comments?post=6123"}],"wp:featuredmedia":[{"embeddable":true,"href":"https:\/\/www.hg-cooker.com\/pt\/wp-json\/wp\/v2\/media\/6126"}],"wp:attachment":[{"href":"https:\/\/www.hg-cooker.com\/pt\/wp-json\/wp\/v2\/media?parent=6123"}],"wp:term":[{"taxonomy":"product_brand","embeddable":true,"href":"https:\/\/www.hg-cooker.com\/pt\/wp-json\/wp\/v2\/product_brand?post=6123"},{"taxonomy":"product_cat","embeddable":true,"href":"https:\/\/www.hg-cooker.com\/pt\/wp-json\/wp\/v2\/product_cat?post=6123"},{"taxonomy":"product_tag","embeddable":true,"href":"https:\/\/www.hg-cooker.com\/pt\/wp-json\/wp\/v2\/product_tag?post=6123"}],"curies":[{"name":"wp","href":"https:\/\/api.w.org\/{rel}","templated":true}]}}