{"id":6108,"date":"2025-08-18T01:58:25","date_gmt":"2025-08-15T08:46:29","guid":{"rendered":"https:\/\/www.hg-cooker.com\/?post_type=product&#038;p=6108"},"modified":"2025-08-18T02:04:09","modified_gmt":"2025-08-18T02:04:09","slug":"wholesale-stainless-steel-hammered-woks","status":"publish","type":"product","link":"https:\/\/www.hg-cooker.com\/pt\/produto\/wholesale-stainless-steel-hammered-woks\/","title":{"rendered":"Woks marteladas de a\u00e7o inoxid\u00e1vel por atacado - bom efeito antiaderente e reduz o fumo do \u00f3leo"},"content":{"rendered":"<figure class=\"wp-block-image size-full\"><img fetchpriority=\"high\" decoding=\"async\" width=\"1920\" height=\"510\" src=\"https:\/\/www.hg-cooker.com\/wp-content\/uploads\/2025\/08\/parameters-of-hammered-wok.webp\" alt=\"par\u00e2metros do wok martelado\" class=\"wp-image-6178\" srcset=\"https:\/\/www.hg-cooker.com\/wp-content\/uploads\/2025\/08\/parameters-of-hammered-wok.webp 1920w, https:\/\/www.hg-cooker.com\/wp-content\/uploads\/2025\/08\/parameters-of-hammered-wok-300x80.webp 300w, https:\/\/www.hg-cooker.com\/wp-content\/uploads\/2025\/08\/parameters-of-hammered-wok-768x204.webp 768w, https:\/\/www.hg-cooker.com\/wp-content\/uploads\/2025\/08\/parameters-of-hammered-wok-18x5.webp 18w, https:\/\/www.hg-cooker.com\/wp-content\/uploads\/2025\/08\/parameters-of-hammered-wok-285x76.webp 285w, https:\/\/www.hg-cooker.com\/wp-content\/uploads\/2025\/08\/parameters-of-hammered-wok-1600x425.webp 1600w, https:\/\/www.hg-cooker.com\/wp-content\/uploads\/2025\/08\/parameters-of-hammered-wok-660x175.webp 660w, https:\/\/www.hg-cooker.com\/wp-content\/uploads\/2025\/08\/parameters-of-hammered-wok-150x40.webp 150w\" sizes=\"(max-width: 1920px) 100vw, 1920px\" \/><\/figure>","protected":false},"excerpt":{"rendered":"<p>Woks martelados em a\u00e7o inoxid\u00e1vel por grosso. Este wok apresenta uma textura de superf\u00edcie \u00fanica e ondulada criada atrav\u00e9s de um martelamento manual meticuloso. Estes padr\u00f5es martelados conferem ao wok um aspeto elegante e um acabamento antiaderente. Inclui uma pega ergon\u00f3mica e uma tampa de vidro transparente. \u00c9 perfeito para fritar, refogar e estufar. Contacte a Hengguang para obter o melhor or\u00e7amento de um fabricante profissional de utens\u00edlios de cozinha.<\/p>\n<p><!-- wp:heading --><\/p>\n<h2 class=\"wp-block-heading\">Carater\u00edsticas do Wok martelado em a\u00e7o inoxid\u00e1vel<\/h2>\n<ul>\n<li><strong>Excelente efeito anti-aderente:<\/strong> Durante a cozedura, os alimentos s\u00e3o apoiados pela superf\u00edcie texturizada em relevo, minimizando o contacto direto entre os alimentos e a frigideira, o que diminui a probabilidade de ficarem colados do que com um fundo liso.<\/li>\n<li><strong>Reduz o fumo de \u00f3leo:<\/strong> Como a superf\u00edcie da frigideira n\u00e3o \u00e9 completamente plana, os ingredientes e o \u00f3leo podem deslizar e mexer mais rapidamente, evitando que se colem e sobreaque\u00e7am durante per\u00edodos prolongados, reduzindo assim o fumo do \u00f3leo.<\/li>\n<li><strong>Cabo ergon\u00f3mico em a\u00e7o inoxid\u00e1vel:<\/strong> A pega \u00e9 robusta e confort\u00e1vel, tornando-a f\u00e1cil de segurar mesmo durante longas sess\u00f5es de cozedura.<\/li>\n<li><strong>Tampa de vidro temperado transparente:<\/strong> Equipada com uma tampa de vidro temperado transparente, pode ver claramente o que est\u00e1 a cozinhar sem a abrir, mantendo os ingredientes h\u00famidos e frescos.<\/li>\n<\/ul>\n<p><!-- \/wp:paragraph --><\/p>","protected":false},"featured_media":6116,"comment_status":"closed","ping_status":"closed","template":"","meta":[],"product_brand":[],"product_cat":[52],"product_tag":[],"class_list":{"0":"post-6108","1":"product","2":"type-product","3":"status-publish","4":"has-post-thumbnail","6":"product_cat-stainless-steel-cookware","8":"first","9":"instock","10":"shipping-taxable","11":"product-type-simple"},"_links":{"self":[{"href":"https:\/\/www.hg-cooker.com\/pt\/wp-json\/wp\/v2\/product\/6108","targetHints":{"allow":["GET"]}}],"collection":[{"href":"https:\/\/www.hg-cooker.com\/pt\/wp-json\/wp\/v2\/product"}],"about":[{"href":"https:\/\/www.hg-cooker.com\/pt\/wp-json\/wp\/v2\/types\/product"}],"replies":[{"embeddable":true,"href":"https:\/\/www.hg-cooker.com\/pt\/wp-json\/wp\/v2\/comments?post=6108"}],"wp:featuredmedia":[{"embeddable":true,"href":"https:\/\/www.hg-cooker.com\/pt\/wp-json\/wp\/v2\/media\/6116"}],"wp:attachment":[{"href":"https:\/\/www.hg-cooker.com\/pt\/wp-json\/wp\/v2\/media?parent=6108"}],"wp:term":[{"taxonomy":"product_brand","embeddable":true,"href":"https:\/\/www.hg-cooker.com\/pt\/wp-json\/wp\/v2\/product_brand?post=6108"},{"taxonomy":"product_cat","embeddable":true,"href":"https:\/\/www.hg-cooker.com\/pt\/wp-json\/wp\/v2\/product_cat?post=6108"},{"taxonomy":"product_tag","embeddable":true,"href":"https:\/\/www.hg-cooker.com\/pt\/wp-json\/wp\/v2\/product_tag?post=6108"}],"curies":[{"name":"wp","href":"https:\/\/api.w.org\/{rel}","templated":true}]}}