{"id":6100,"date":"2025-08-27T06:51:20","date_gmt":"2025-08-27T06:51:20","guid":{"rendered":"https:\/\/www.hg-cooker.com\/?post_type=product&#038;p=6100"},"modified":"2025-09-13T02:33:01","modified_gmt":"2025-09-13T02:33:01","slug":"wholesale-stainless-steel-snow-pans","status":"publish","type":"product","link":"https:\/\/www.hg-cooker.com\/pt\/produto\/wholesale-stainless-steel-snow-pans\/","title":{"rendered":"Frigideiras para a neve em a\u00e7o inoxid\u00e1vel por grosso com pega de madeira e tampa de vidro"},"content":{"rendered":"<figure class=\"wp-block-image size-full\"><img fetchpriority=\"high\" decoding=\"async\" width=\"1752\" height=\"476\" src=\"https:\/\/www.hg-cooker.com\/wp-content\/uploads\/2025\/08\/parameters-of-snow-pan.webp\" alt=\"par\u00e2metros do tabuleiro de neve\" class=\"wp-image-6192\" srcset=\"https:\/\/www.hg-cooker.com\/wp-content\/uploads\/2025\/08\/parameters-of-snow-pan.webp 1752w, https:\/\/www.hg-cooker.com\/wp-content\/uploads\/2025\/08\/parameters-of-snow-pan-300x82.webp 300w, https:\/\/www.hg-cooker.com\/wp-content\/uploads\/2025\/08\/parameters-of-snow-pan-768x209.webp 768w, https:\/\/www.hg-cooker.com\/wp-content\/uploads\/2025\/08\/parameters-of-snow-pan-18x5.webp 18w, https:\/\/www.hg-cooker.com\/wp-content\/uploads\/2025\/08\/parameters-of-snow-pan-285x77.webp 285w, https:\/\/www.hg-cooker.com\/wp-content\/uploads\/2025\/08\/parameters-of-snow-pan-1600x435.webp 1600w, https:\/\/www.hg-cooker.com\/wp-content\/uploads\/2025\/08\/parameters-of-snow-pan-660x179.webp 660w, https:\/\/www.hg-cooker.com\/wp-content\/uploads\/2025\/08\/parameters-of-snow-pan-150x41.webp 150w\" sizes=\"(max-width: 1752px) 100vw, 1752px\" \/><\/figure>","protected":false},"excerpt":{"rendered":"<p>Panelas para neve em a\u00e7o inoxid\u00e1vel por grosso. Trata-se de uma frigideira para neve em a\u00e7o inoxid\u00e1vel martelado, bem constru\u00edda, com uma distribui\u00e7\u00e3o uniforme do calor e uma pega de madeira quente para uma ader\u00eancia confort\u00e1vel. Inclui uma tampa de vidro transparente para facilitar a visibilidade e \u00e9 adequada para sopas, papas, frituras pouco profundas e cozinha em geral. Apoiamos os servi\u00e7os OEM\/ODM e as compras a granel s\u00e3o bem-vindas.<\/p>\n<p><!-- wp:heading --><\/p>\n<h2 class=\"wp-block-heading\">Carater\u00edsticas da frigideira para neve martelada em a\u00e7o inoxid\u00e1vel<\/h2>\n<ul>\n<li><strong>Design martelado:<\/strong> A frigideira apresenta um design robusto e martelado. Este design n\u00e3o s\u00f3 \u00e9 esteticamente agrad\u00e1vel, como tamb\u00e9m aumenta a \u00e1rea de distribui\u00e7\u00e3o do calor, garantindo um aquecimento mais uniforme.<\/li>\n<li><strong>Pegas de madeira:<\/strong> As frigideiras para neve por atacado possuem pegas de madeira para um excelente isolamento t\u00e9rmico, eliminando a necessidade de luvas de forno ou panos, proporcionando uma ader\u00eancia confort\u00e1vel e evitando queimaduras.<\/li>\n<li><strong>Est\u00e9tica \u00fanica:<\/strong> O gr\u00e3o natural e a cor da madeira conferem \u00e0s frigideiras uma est\u00e9tica \u00fanica e realista. Complementa a textura moderna do a\u00e7o inoxid\u00e1vel, dando um toque quente e luxuoso a qualquer cozinha.<\/li>\n<li><strong>F\u00e1cil de deitar:<\/strong> As frigideiras de neve para venda por grosso possuem um pr\u00e1tico bico de despejo, facilitando o despejo de sopas, massas e muito mais sem derrames.<\/li>\n<li><strong>Versatilidade:<\/strong> A frigideira de neve \u00e9 incrivelmente vers\u00e1til e pode lidar com quase todas as tarefas de cozedura. \u00c9 particularmente adequada para cozer, estufar, escaldar, fritar e fazer molhos.<\/li>\n<\/ul>\n<p><!-- \/wp:paragraph --><\/p>","protected":false},"featured_media":6167,"comment_status":"closed","ping_status":"closed","template":"","meta":[],"product_brand":[],"product_cat":[52],"product_tag":[],"class_list":{"0":"post-6100","1":"product","2":"type-product","3":"status-publish","4":"has-post-thumbnail","6":"product_cat-stainless-steel-cookware","8":"first","9":"instock","10":"shipping-taxable","11":"product-type-simple"},"_links":{"self":[{"href":"https:\/\/www.hg-cooker.com\/pt\/wp-json\/wp\/v2\/product\/6100","targetHints":{"allow":["GET"]}}],"collection":[{"href":"https:\/\/www.hg-cooker.com\/pt\/wp-json\/wp\/v2\/product"}],"about":[{"href":"https:\/\/www.hg-cooker.com\/pt\/wp-json\/wp\/v2\/types\/product"}],"replies":[{"embeddable":true,"href":"https:\/\/www.hg-cooker.com\/pt\/wp-json\/wp\/v2\/comments?post=6100"}],"wp:featuredmedia":[{"embeddable":true,"href":"https:\/\/www.hg-cooker.com\/pt\/wp-json\/wp\/v2\/media\/6167"}],"wp:attachment":[{"href":"https:\/\/www.hg-cooker.com\/pt\/wp-json\/wp\/v2\/media?parent=6100"}],"wp:term":[{"taxonomy":"product_brand","embeddable":true,"href":"https:\/\/www.hg-cooker.com\/pt\/wp-json\/wp\/v2\/product_brand?post=6100"},{"taxonomy":"product_cat","embeddable":true,"href":"https:\/\/www.hg-cooker.com\/pt\/wp-json\/wp\/v2\/product_cat?post=6100"},{"taxonomy":"product_tag","embeddable":true,"href":"https:\/\/www.hg-cooker.com\/pt\/wp-json\/wp\/v2\/product_tag?post=6100"}],"curies":[{"name":"wp","href":"https:\/\/api.w.org\/{rel}","templated":true}]}}