{"id":6086,"date":"2025-08-25T02:11:28","date_gmt":"2025-08-25T02:11:28","guid":{"rendered":"https:\/\/www.hg-cooker.com\/?post_type=product&#038;p=6086"},"modified":"2025-09-13T02:43:01","modified_gmt":"2025-09-13T02:43:01","slug":"wholesale-stainless-steel-milk-pans","status":"publish","type":"product","link":"https:\/\/www.hg-cooker.com\/pt\/produto\/wholesale-stainless-steel-milk-pans\/","title":{"rendered":"Frigideiras de leite de a\u00e7o inoxid\u00e1vel por atacado - Fornecimento a granel e cota\u00e7\u00e3o de f\u00e1brica"},"content":{"rendered":"<figure class=\"wp-block-image size-full\"><img fetchpriority=\"high\" decoding=\"async\" width=\"1920\" height=\"567\" src=\"https:\/\/www.hg-cooker.com\/wp-content\/uploads\/2025\/08\/parameters-of-stainless-steel-milk-pot.webp\" alt=\"par\u00e2metros da leiteira de a\u00e7o inoxid\u00e1vel\" class=\"wp-image-6173\" srcset=\"https:\/\/www.hg-cooker.com\/wp-content\/uploads\/2025\/08\/parameters-of-stainless-steel-milk-pot.webp 1920w, https:\/\/www.hg-cooker.com\/wp-content\/uploads\/2025\/08\/parameters-of-stainless-steel-milk-pot-300x89.webp 300w, https:\/\/www.hg-cooker.com\/wp-content\/uploads\/2025\/08\/parameters-of-stainless-steel-milk-pot-768x227.webp 768w, https:\/\/www.hg-cooker.com\/wp-content\/uploads\/2025\/08\/parameters-of-stainless-steel-milk-pot-18x5.webp 18w, https:\/\/www.hg-cooker.com\/wp-content\/uploads\/2025\/08\/parameters-of-stainless-steel-milk-pot-285x84.webp 285w, https:\/\/www.hg-cooker.com\/wp-content\/uploads\/2025\/08\/parameters-of-stainless-steel-milk-pot-1600x473.webp 1600w, https:\/\/www.hg-cooker.com\/wp-content\/uploads\/2025\/08\/parameters-of-stainless-steel-milk-pot-660x195.webp 660w, https:\/\/www.hg-cooker.com\/wp-content\/uploads\/2025\/08\/parameters-of-stainless-steel-milk-pot-150x44.webp 150w\" sizes=\"(max-width: 1920px) 100vw, 1920px\" \/><\/figure>","protected":false},"excerpt":{"rendered":"<p>Frigideiras para leite em a\u00e7o inoxid\u00e1vel por grosso. Constru\u00edda em a\u00e7o inoxid\u00e1vel 304 de qualidade alimentar, esta leiteira apresenta um design cil\u00edndrico suave com uma pega em a\u00e7o inoxid\u00e1vel f\u00e1cil de agarrar. O acabamento polido espelhado confere-lhe for\u00e7a, \u00e9 resistente a manchas e \u00e9 f\u00e1cil de limpar. Existem dois tamanhos \u00e0 escolha: 16 cm e 18 cm. As compras a granel s\u00e3o bem-vindas.<\/p>\n<p><!-- wp:heading --><\/p>\n<h2 class=\"wp-block-heading\">Carater\u00edsticas da leiteira de a\u00e7o inoxid\u00e1vel<\/h2>\n<ul>\n<li><strong>A\u00e7o inoxid\u00e1vel 304 de qualidade alimentar topo de gama: <\/strong>Interior liso, sem rebarbas, sem revestimento e seguro para o contacto direto com papas, alimentos \u00e1cidos e leite sem reten\u00e7\u00e3o de odor ou sabor. Resistente a manchas com um acabamento de alto polimento e f\u00e1cil limpeza com um pano.<\/li>\n<li><strong>Forma cil\u00edndrica aerodin\u00e2mica: <\/strong>Sem arestas desnecess\u00e1rias no corpo, garantindo uma \u00f3ptima transfer\u00eancia de calor e limpeza. Tamanho compacto perfeito para uma \u00fanica por\u00e7\u00e3o ou para uma pequena fam\u00edlia.<\/li>\n<li><strong>Bonito e elegante:<\/strong> Os puxadores ocos s\u00e3o normalmente concebidos para serem simples e suaves, com linhas bonitas. Em compara\u00e7\u00e3o com os tradicionais puxadores s\u00f3lidos, t\u00eam um aspeto mais leve e moderno, conferindo um toque de moda \u00e0 cozinha.<\/li>\n<li><strong>2 tamanhos \u00e0 escolha:<\/strong> O fabricante de utens\u00edlios de cozinha Hengguang oferece 2 tamanhos de panelas de leite para escolher e suporta a personaliza\u00e7\u00e3o do tamanho.<\/li>\n<\/ul>\n<p><!-- \/wp:paragraph --><\/p>","protected":false},"featured_media":6091,"comment_status":"closed","ping_status":"closed","template":"","meta":[],"product_brand":[],"product_cat":[52],"product_tag":[],"class_list":{"0":"post-6086","1":"product","2":"type-product","3":"status-publish","4":"has-post-thumbnail","6":"product_cat-stainless-steel-cookware","8":"first","9":"instock","10":"shipping-taxable","11":"product-type-simple"},"_links":{"self":[{"href":"https:\/\/www.hg-cooker.com\/pt\/wp-json\/wp\/v2\/product\/6086","targetHints":{"allow":["GET"]}}],"collection":[{"href":"https:\/\/www.hg-cooker.com\/pt\/wp-json\/wp\/v2\/product"}],"about":[{"href":"https:\/\/www.hg-cooker.com\/pt\/wp-json\/wp\/v2\/types\/product"}],"replies":[{"embeddable":true,"href":"https:\/\/www.hg-cooker.com\/pt\/wp-json\/wp\/v2\/comments?post=6086"}],"wp:featuredmedia":[{"embeddable":true,"href":"https:\/\/www.hg-cooker.com\/pt\/wp-json\/wp\/v2\/media\/6091"}],"wp:attachment":[{"href":"https:\/\/www.hg-cooker.com\/pt\/wp-json\/wp\/v2\/media?parent=6086"}],"wp:term":[{"taxonomy":"product_brand","embeddable":true,"href":"https:\/\/www.hg-cooker.com\/pt\/wp-json\/wp\/v2\/product_brand?post=6086"},{"taxonomy":"product_cat","embeddable":true,"href":"https:\/\/www.hg-cooker.com\/pt\/wp-json\/wp\/v2\/product_cat?post=6086"},{"taxonomy":"product_tag","embeddable":true,"href":"https:\/\/www.hg-cooker.com\/pt\/wp-json\/wp\/v2\/product_tag?post=6086"}],"curies":[{"name":"wp","href":"https:\/\/api.w.org\/{rel}","templated":true}]}}