{"id":6031,"date":"2025-08-25T02:04:48","date_gmt":"2025-08-25T02:04:48","guid":{"rendered":"https:\/\/www.hg-cooker.com\/?post_type=product&#038;p=6031"},"modified":"2025-09-13T02:43:18","modified_gmt":"2025-09-13T02:43:18","slug":"wholesale-stainless-steel-frying-pans","status":"publish","type":"product","link":"https:\/\/www.hg-cooker.com\/pt\/produto\/wholesale-stainless-steel-frying-pans\/","title":{"rendered":"Frigideira de a\u00e7o inoxid\u00e1vel por grosso com tampa de vidro - Acabamento polido e pega ergon\u00f3mica"},"content":{"rendered":"<figure class=\"wp-block-image size-full\"><img fetchpriority=\"high\" decoding=\"async\" width=\"1752\" height=\"498\" src=\"https:\/\/www.hg-cooker.com\/wp-content\/uploads\/2025\/08\/parameters-of-stainless-steel-frying-pan.webp\" alt=\"par\u00e2metros da frigideira de a\u00e7o inoxid\u00e1vel\" class=\"wp-image-6179\" srcset=\"https:\/\/www.hg-cooker.com\/wp-content\/uploads\/2025\/08\/parameters-of-stainless-steel-frying-pan.webp 1752w, https:\/\/www.hg-cooker.com\/wp-content\/uploads\/2025\/08\/parameters-of-stainless-steel-frying-pan-300x85.webp 300w, https:\/\/www.hg-cooker.com\/wp-content\/uploads\/2025\/08\/parameters-of-stainless-steel-frying-pan-768x218.webp 768w, https:\/\/www.hg-cooker.com\/wp-content\/uploads\/2025\/08\/parameters-of-stainless-steel-frying-pan-18x5.webp 18w, https:\/\/www.hg-cooker.com\/wp-content\/uploads\/2025\/08\/parameters-of-stainless-steel-frying-pan-285x81.webp 285w, https:\/\/www.hg-cooker.com\/wp-content\/uploads\/2025\/08\/parameters-of-stainless-steel-frying-pan-1600x455.webp 1600w, https:\/\/www.hg-cooker.com\/wp-content\/uploads\/2025\/08\/parameters-of-stainless-steel-frying-pan-660x188.webp 660w, https:\/\/www.hg-cooker.com\/wp-content\/uploads\/2025\/08\/parameters-of-stainless-steel-frying-pan-150x43.webp 150w\" sizes=\"(max-width: 1752px) 100vw, 1752px\" \/><\/figure>","protected":false},"excerpt":{"rendered":"<p>Frigideiras de a\u00e7o inoxid\u00e1vel para venda por grosso. Apresentam uma tampa de vidro transparente e uma pega ergon\u00f3mica. Fabricadas em a\u00e7o inoxid\u00e1vel 304 de qualidade alimentar com um acabamento polido, s\u00e3o dur\u00e1veis, resistentes \u00e0 ferrugem e f\u00e1ceis de limpar. S\u00e3o perfeitos para grelhar, fritar e cozinhar no dia a dia. Oferecemos servi\u00e7os OEM\/ODM e aceitamos compras a granel.<\/p>\n<p><!-- wp:heading --><\/p>\n<h2 class=\"wp-block-heading\">Carater\u00edsticas da frigideira de a\u00e7o inoxid\u00e1vel<\/h2>\n<ul>\n<li><strong>Duradouro:<\/strong> As frigideiras por atacado s\u00e3o feitas de a\u00e7o inoxid\u00e1vel de alta qualidade, que \u00e9 altamente resistente \u00e0 corros\u00e3o, ao desgaste e \u00e0 oxida\u00e7\u00e3o, garantindo uma vida \u00fatil excecionalmente longa.<\/li>\n<li><strong>Seguro e saud\u00e1vel:<\/strong> O a\u00e7o inoxid\u00e1vel de qualidade alimentar \u00e9 um material reconhecidamente saud\u00e1vel, proporcionando uma escolha mais segura para as fam\u00edlias que procuram uma cozinha saud\u00e1vel.<\/li>\n<li><strong>F\u00e1cil de limpar:<\/strong> As frigideiras para venda por grosso apresentam uma superf\u00edcie meticulosamente polida, lisa e n\u00e3o porosa, tornando-as imperme\u00e1veis \u00e0 gordura e aos res\u00edduos alimentares, e podem ser lavadas na m\u00e1quina de lavar lou\u00e7a.<\/li>\n<li><strong>Tampa de vidro transparente:<\/strong> A tampa de vidro transparente permite aos utilizadores verificar o progresso da cozedura sem ter de a retirar frequentemente.<\/li>\n<li><strong>Pegas confort\u00e1veis e seguras \u00e0 prova de escamas:<\/strong> As frigideiras para venda por grosso possuem pegas ergon\u00f3micas com uma curva suave para uma ader\u00eancia confort\u00e1vel.<\/li>\n<\/ul>\n<p><!-- \/wp:paragraph --><\/p>","protected":false},"featured_media":6068,"comment_status":"closed","ping_status":"closed","template":"","meta":[],"product_brand":[],"product_cat":[52],"product_tag":[],"class_list":{"0":"post-6031","1":"product","2":"type-product","3":"status-publish","4":"has-post-thumbnail","6":"product_cat-stainless-steel-cookware","8":"first","9":"instock","10":"shipping-taxable","11":"product-type-simple"},"_links":{"self":[{"href":"https:\/\/www.hg-cooker.com\/pt\/wp-json\/wp\/v2\/product\/6031","targetHints":{"allow":["GET"]}}],"collection":[{"href":"https:\/\/www.hg-cooker.com\/pt\/wp-json\/wp\/v2\/product"}],"about":[{"href":"https:\/\/www.hg-cooker.com\/pt\/wp-json\/wp\/v2\/types\/product"}],"replies":[{"embeddable":true,"href":"https:\/\/www.hg-cooker.com\/pt\/wp-json\/wp\/v2\/comments?post=6031"}],"wp:featuredmedia":[{"embeddable":true,"href":"https:\/\/www.hg-cooker.com\/pt\/wp-json\/wp\/v2\/media\/6068"}],"wp:attachment":[{"href":"https:\/\/www.hg-cooker.com\/pt\/wp-json\/wp\/v2\/media?parent=6031"}],"wp:term":[{"taxonomy":"product_brand","embeddable":true,"href":"https:\/\/www.hg-cooker.com\/pt\/wp-json\/wp\/v2\/product_brand?post=6031"},{"taxonomy":"product_cat","embeddable":true,"href":"https:\/\/www.hg-cooker.com\/pt\/wp-json\/wp\/v2\/product_cat?post=6031"},{"taxonomy":"product_tag","embeddable":true,"href":"https:\/\/www.hg-cooker.com\/pt\/wp-json\/wp\/v2\/product_tag?post=6031"}],"curies":[{"name":"wp","href":"https:\/\/api.w.org\/{rel}","templated":true}]}}