{"id":5998,"date":"2025-08-15T07:46:51","date_gmt":"2025-08-14T07:01:41","guid":{"rendered":"https:\/\/www.hg-cooker.com\/?post_type=product&#038;p=5998"},"modified":"2025-08-15T08:51:48","modified_gmt":"2025-08-15T08:51:48","slug":"wholesale-stainless-steel-non-stick-wok","status":"publish","type":"product","link":"https:\/\/www.hg-cooker.com\/pt\/produto\/wholesale-stainless-steel-non-stick-wok\/","title":{"rendered":"Wok antiaderente de a\u00e7o inoxid\u00e1vel por atacado com pega dupla - Fundo de a\u00e7o inoxid\u00e1vel Tri Ply"},"content":{"rendered":"<figure class=\"wp-block-image size-full\"><img fetchpriority=\"high\" decoding=\"async\" width=\"1920\" height=\"682\" src=\"https:\/\/www.hg-cooker.com\/wp-content\/uploads\/2025\/08\/parameters-of-stainless-steel-non-stick-wok.webp\" alt=\"par\u00e2metros do wok antiaderente de a\u00e7o inoxid\u00e1vel\" class=\"wp-image-6101\" srcset=\"https:\/\/www.hg-cooker.com\/wp-content\/uploads\/2025\/08\/parameters-of-stainless-steel-non-stick-wok.webp 1920w, https:\/\/www.hg-cooker.com\/wp-content\/uploads\/2025\/08\/parameters-of-stainless-steel-non-stick-wok-300x107.webp 300w, https:\/\/www.hg-cooker.com\/wp-content\/uploads\/2025\/08\/parameters-of-stainless-steel-non-stick-wok-768x273.webp 768w, https:\/\/www.hg-cooker.com\/wp-content\/uploads\/2025\/08\/parameters-of-stainless-steel-non-stick-wok-18x6.webp 18w, https:\/\/www.hg-cooker.com\/wp-content\/uploads\/2025\/08\/parameters-of-stainless-steel-non-stick-wok-285x101.webp 285w, https:\/\/www.hg-cooker.com\/wp-content\/uploads\/2025\/08\/parameters-of-stainless-steel-non-stick-wok-1600x568.webp 1600w, https:\/\/www.hg-cooker.com\/wp-content\/uploads\/2025\/08\/parameters-of-stainless-steel-non-stick-wok-660x234.webp 660w, https:\/\/www.hg-cooker.com\/wp-content\/uploads\/2025\/08\/parameters-of-stainless-steel-non-stick-wok-150x53.webp 150w\" sizes=\"(max-width: 1920px) 100vw, 1920px\" \/><\/figure>","protected":false},"excerpt":{"rendered":"<p>Wok em a\u00e7o inoxid\u00e1vel com dupla pega e textura antiaderente. Experimente cozinhar sem complica\u00e7\u00f5es com este wok em a\u00e7o inoxid\u00e1vel, com revestimento antiaderente em favo de mel, pega dupla ergon\u00f3mica e tampa de vidro transparente. Concebida para durar, reter o calor e ter um aspeto moderno e elegante, \u00e9 perfeita para fritar, saltear e para os jantares de fam\u00edlia do dia a dia. Apoiando os servi\u00e7os OEM\/ODM, as compras a granel s\u00e3o bem-vindas.<\/p>\n<p><!-- wp:heading --><\/p>\n<h2 class=\"wp-block-heading\">Carater\u00edsticas do Wok antiaderente de a\u00e7o inoxid\u00e1vel<\/h2>\n<ul>\n<li><strong>Superf\u00edcie antiaderente dupla em forma de favo de mel: <\/strong>Parede interior revestida com um acabamento antiaderente escuro mate, revelando uma textura hexagonal em favo de mel e um padr\u00e3o de grelha escamosa para restringir o contacto com os alimentos, evitar a ader\u00eancia e reter uma fina pel\u00edcula de \u00f3leo para uma cozedura naturalmente antiaderente.<\/li>\n<li><strong>Ergonomia de pega dupla: <\/strong>Pega principal comprida com uma curva ascendente para maior conforto, complementada por uma pega lateral em forma de C para proporcionar maior estabilidade ao levantar ou verter. Ambas as pegas s\u00e3o rebitadas para uma durabilidade a longo prazo.<\/li>\n<li><strong>Fundo em a\u00e7o inoxid\u00e1vel de tr\u00eas camadas: <\/strong>O fundo composto de tr\u00eas camadas em a\u00e7o inoxid\u00e1vel proporciona um melhor desempenho de cozedura, permitindo um aquecimento r\u00e1pido e uniforme. Tamb\u00e9m \u00e9 compat\u00edvel com os fog\u00f5es de indu\u00e7\u00e3o, alargando consideravelmente a sua aplicabilidade.<\/li>\n<li><strong>Tampa de vidro transparente com fecho seguro: <\/strong>Permite-lhe ver a cozedura em tempo real enquanto mant\u00e9m a humidade e o sabor. Inclui um bot\u00e3o de metal em forma de D com um toque vermelho para uma fixa\u00e7\u00e3o segura e segura ao calor.<\/li>\n<\/ul>\n<p><!-- \/wp:paragraph --><\/p>","protected":false},"featured_media":6003,"comment_status":"closed","ping_status":"closed","template":"","meta":[],"product_brand":[],"product_cat":[68],"product_tag":[],"class_list":{"0":"post-5998","1":"product","2":"type-product","3":"status-publish","4":"has-post-thumbnail","6":"product_cat-wholesale-non-stick-cookware","8":"first","9":"instock","10":"shipping-taxable","11":"product-type-simple"},"_links":{"self":[{"href":"https:\/\/www.hg-cooker.com\/pt\/wp-json\/wp\/v2\/product\/5998","targetHints":{"allow":["GET"]}}],"collection":[{"href":"https:\/\/www.hg-cooker.com\/pt\/wp-json\/wp\/v2\/product"}],"about":[{"href":"https:\/\/www.hg-cooker.com\/pt\/wp-json\/wp\/v2\/types\/product"}],"replies":[{"embeddable":true,"href":"https:\/\/www.hg-cooker.com\/pt\/wp-json\/wp\/v2\/comments?post=5998"}],"wp:featuredmedia":[{"embeddable":true,"href":"https:\/\/www.hg-cooker.com\/pt\/wp-json\/wp\/v2\/media\/6003"}],"wp:attachment":[{"href":"https:\/\/www.hg-cooker.com\/pt\/wp-json\/wp\/v2\/media?parent=5998"}],"wp:term":[{"taxonomy":"product_brand","embeddable":true,"href":"https:\/\/www.hg-cooker.com\/pt\/wp-json\/wp\/v2\/product_brand?post=5998"},{"taxonomy":"product_cat","embeddable":true,"href":"https:\/\/www.hg-cooker.com\/pt\/wp-json\/wp\/v2\/product_cat?post=5998"},{"taxonomy":"product_tag","embeddable":true,"href":"https:\/\/www.hg-cooker.com\/pt\/wp-json\/wp\/v2\/product_tag?post=5998"}],"curies":[{"name":"wp","href":"https:\/\/api.w.org\/{rel}","templated":true}]}}