{"id":5985,"date":"2025-08-15T09:10:06","date_gmt":"2025-08-14T06:23:16","guid":{"rendered":"https:\/\/www.hg-cooker.com\/?post_type=product&#038;p=5985"},"modified":"2025-08-15T09:40:21","modified_gmt":"2025-08-15T09:40:21","slug":"wholesale-honeycomb-non-stick-woks","status":"publish","type":"product","link":"https:\/\/www.hg-cooker.com\/pt\/produto\/wholesale-honeycomb-non-stick-woks\/","title":{"rendered":"Woks antiaderentes em favo de mel por atacado - com pega confort\u00e1vel resistente ao calor Tri"},"content":{"rendered":"<figure class=\"wp-block-image size-full\"><img fetchpriority=\"high\" decoding=\"async\" width=\"1920\" height=\"682\" src=\"https:\/\/www.hg-cooker.com\/wp-content\/uploads\/2025\/08\/parameters-of-stainless-steel-non-stick-wok-1.webp\" alt=\"par\u00e2metros do wok antiaderente de a\u00e7o inoxid\u00e1vel\" class=\"wp-image-6129\" srcset=\"https:\/\/www.hg-cooker.com\/wp-content\/uploads\/2025\/08\/parameters-of-stainless-steel-non-stick-wok-1.webp 1920w, https:\/\/www.hg-cooker.com\/wp-content\/uploads\/2025\/08\/parameters-of-stainless-steel-non-stick-wok-1-300x107.webp 300w, https:\/\/www.hg-cooker.com\/wp-content\/uploads\/2025\/08\/parameters-of-stainless-steel-non-stick-wok-1-768x273.webp 768w, https:\/\/www.hg-cooker.com\/wp-content\/uploads\/2025\/08\/parameters-of-stainless-steel-non-stick-wok-1-18x6.webp 18w, https:\/\/www.hg-cooker.com\/wp-content\/uploads\/2025\/08\/parameters-of-stainless-steel-non-stick-wok-1-285x101.webp 285w, https:\/\/www.hg-cooker.com\/wp-content\/uploads\/2025\/08\/parameters-of-stainless-steel-non-stick-wok-1-1600x568.webp 1600w, https:\/\/www.hg-cooker.com\/wp-content\/uploads\/2025\/08\/parameters-of-stainless-steel-non-stick-wok-1-660x234.webp 660w, https:\/\/www.hg-cooker.com\/wp-content\/uploads\/2025\/08\/parameters-of-stainless-steel-non-stick-wok-1-150x53.webp 150w\" sizes=\"(max-width: 1920px) 100vw, 1920px\" \/><\/figure>","protected":false},"excerpt":{"rendered":"<p>Wholesale Honeycomb Non-Stick Stainless Steel Wok. This wok features a honeycomb non-stick surface for superior non-stick performance. It comes with an ergonomic, heat-resistant handle and a tempered glass lid. Its triply composite steel construction makes it perfect for various cooking styles on gas, induction, and other stovetops.<\/p>\n<p>As a cookware manufacturer, we offer factory quotes and welcome bulk purchases.<\/p>\n<p><!-- wp:heading --><\/p>\n<h2 class=\"wp-block-heading\">Carater\u00edsticas do Wok antiaderente Honeycomb<\/h2>\n<ul>\n<li><strong>Material de qualidade alimentar:<\/strong> O wok antiaderente foi submetido a testes rigorosos e a uma certifica\u00e7\u00e3o autorizada para garantir que nenhum elemento nocivo se infiltra nos alimentos durante a cozedura a alta temperatura.<\/li>\n<li><strong>Revestimento antiaderente em favo de mel:<\/strong> A estrutura em favo de mel aumenta a \u00e1rea da superf\u00edcie de cozedura, reduz o contacto direto com os alimentos, tem um bom efeito antiaderente e pode ser utilizada para fritar, saltear e fritar em profundidade com uma pequena quantidade de \u00f3leo, reduzindo a ingest\u00e3o de \u00f3leo pelo organismo.<\/li>\n<li><strong>Pega segura e confort\u00e1vel: <\/strong>A pega met\u00e1lica prateada est\u00e1 rodeada por silicone antiderrapante vermelho para uma ader\u00eancia confort\u00e1vel e segura, evitando a fadiga das m\u00e3os ao preparar alimentos durante longas horas. Suavemente curvada para cima para se adaptar \u00e0 forma natural da palma da m\u00e3o, a liga\u00e7\u00e3o com rebites duplos assegura uma liga\u00e7\u00e3o s\u00f3lida sem oscila\u00e7\u00f5es ao longo do percurso.<\/li>\n<li><strong>Compat\u00edvel com v\u00e1rios fog\u00f5es:\u00a0 <\/strong>O fundo \u00e9 feito de a\u00e7o composto e \u00e9 adequado para uma variedade de fog\u00f5es, tais como fog\u00f5es de indu\u00e7\u00e3o, fog\u00f5es a g\u00e1s, fog\u00f5es el\u00e9ctricos, fog\u00f5es de cer\u00e2mica, etc., e pode conseguir uma r\u00e1pida condu\u00e7\u00e3o de calor e uma transfer\u00eancia de calor uniforme.<\/li>\n<\/ul>\n<p><!-- \/wp:paragraph --><\/p>","protected":false},"featured_media":6024,"comment_status":"closed","ping_status":"closed","template":"","meta":[],"product_brand":[],"product_cat":[68],"product_tag":[],"class_list":{"0":"post-5985","1":"product","2":"type-product","3":"status-publish","4":"has-post-thumbnail","6":"product_cat-wholesale-non-stick-cookware","8":"first","9":"instock","10":"shipping-taxable","11":"product-type-simple"},"_links":{"self":[{"href":"https:\/\/www.hg-cooker.com\/pt\/wp-json\/wp\/v2\/product\/5985","targetHints":{"allow":["GET"]}}],"collection":[{"href":"https:\/\/www.hg-cooker.com\/pt\/wp-json\/wp\/v2\/product"}],"about":[{"href":"https:\/\/www.hg-cooker.com\/pt\/wp-json\/wp\/v2\/types\/product"}],"replies":[{"embeddable":true,"href":"https:\/\/www.hg-cooker.com\/pt\/wp-json\/wp\/v2\/comments?post=5985"}],"wp:featuredmedia":[{"embeddable":true,"href":"https:\/\/www.hg-cooker.com\/pt\/wp-json\/wp\/v2\/media\/6024"}],"wp:attachment":[{"href":"https:\/\/www.hg-cooker.com\/pt\/wp-json\/wp\/v2\/media?parent=5985"}],"wp:term":[{"taxonomy":"product_brand","embeddable":true,"href":"https:\/\/www.hg-cooker.com\/pt\/wp-json\/wp\/v2\/product_brand?post=5985"},{"taxonomy":"product_cat","embeddable":true,"href":"https:\/\/www.hg-cooker.com\/pt\/wp-json\/wp\/v2\/product_cat?post=5985"},{"taxonomy":"product_tag","embeddable":true,"href":"https:\/\/www.hg-cooker.com\/pt\/wp-json\/wp\/v2\/product_tag?post=5985"}],"curies":[{"name":"wp","href":"https:\/\/api.w.org\/{rel}","templated":true}]}}