{"id":5977,"date":"2025-08-16T03:51:43","date_gmt":"2025-08-14T03:39:59","guid":{"rendered":"https:\/\/www.hg-cooker.com\/?post_type=product&#038;p=5977"},"modified":"2025-08-16T04:19:25","modified_gmt":"2025-08-16T04:19:25","slug":"wholesale-stainless-steel-nonstick-frying-pans","status":"publish","type":"product","link":"https:\/\/www.hg-cooker.com\/pt\/produto\/wholesale-stainless-steel-nonstick-frying-pans\/","title":{"rendered":"Frigideiras antiaderentes em favo de mel de a\u00e7o inoxid\u00e1vel por grosso com pega de arame e tampa de vidro"},"content":{"rendered":"<figure class=\"wp-block-image size-full\"><img fetchpriority=\"high\" decoding=\"async\" width=\"5120\" height=\"1348\" src=\"https:\/\/www.hg-cooker.com\/wp-content\/uploads\/2025\/08\/parameters-of-non-stick-frying-pan-1.webp\" alt=\"par\u00e2metros da frigideira antiaderente\" class=\"wp-image-6176\" srcset=\"https:\/\/www.hg-cooker.com\/wp-content\/uploads\/2025\/08\/parameters-of-non-stick-frying-pan-1.webp 5120w, https:\/\/www.hg-cooker.com\/wp-content\/uploads\/2025\/08\/parameters-of-non-stick-frying-pan-1-300x79.webp 300w, https:\/\/www.hg-cooker.com\/wp-content\/uploads\/2025\/08\/parameters-of-non-stick-frying-pan-1-768x202.webp 768w, https:\/\/www.hg-cooker.com\/wp-content\/uploads\/2025\/08\/parameters-of-non-stick-frying-pan-1-18x5.webp 18w, https:\/\/www.hg-cooker.com\/wp-content\/uploads\/2025\/08\/parameters-of-non-stick-frying-pan-1-285x75.webp 285w, https:\/\/www.hg-cooker.com\/wp-content\/uploads\/2025\/08\/parameters-of-non-stick-frying-pan-1-1600x421.webp 1600w, https:\/\/www.hg-cooker.com\/wp-content\/uploads\/2025\/08\/parameters-of-non-stick-frying-pan-1-660x174.webp 660w, https:\/\/www.hg-cooker.com\/wp-content\/uploads\/2025\/08\/parameters-of-non-stick-frying-pan-1-150x39.webp 150w\" sizes=\"(max-width: 5120px) 100vw, 5120px\" \/><figcaption class=\"wp-element-caption\">par\u00e2metros da frigideira antiaderente<\/figcaption><\/figure>","protected":false},"excerpt":{"rendered":"<p>Frigideira antiaderente em forma de favo de mel em a\u00e7o inoxid\u00e1vel. A inovadora textura em favo de mel isola eficazmente os alimentos, conseguindo verdadeiras propriedades antiaderentes f\u00edsicas. \u00c9 resistente ao desgaste e dur\u00e1vel, e pode ser usado com uma esp\u00e1tula de metal. O fabricante de utens\u00edlios de cozinha Hengguang oferece pre\u00e7os de f\u00e1brica e personaliza\u00e7\u00e3o OEM. Compras a granel s\u00e3o bem-vindas.<\/p>\n<p><!-- wp:heading --><\/p>\n<h2 class=\"wp-block-heading\">Carater\u00edsticas da frigideira antiaderente de a\u00e7o inoxid\u00e1vel<\/h2>\n<ul>\n<li><strong>A\u00e7o inoxid\u00e1vel de qualidade alimentar:<\/strong> Fabricadas em a\u00e7o inoxid\u00e1vel 304 de alta qualidade, as nossas frigideiras antiaderentes por atacado cumprem as normas de seguran\u00e7a em contacto com os alimentos, com uma superf\u00edcie lisa sem rebarbas e cantos arredondados, s\u00e3o fortes e duradouras para uma utiliza\u00e7\u00e3o a longo prazo.<\/li>\n<li><strong>Desenho de textura em favo de mel:<\/strong> O design hexagonal em forma de favo de mel reduz o contacto direto entre os alimentos e as panelas, evita que se colem \u00e0 panela e facilita a sua remo\u00e7\u00e3o da panela. \u00c9 muito adequada para fritar bifes, panquecas e ovos estrelados.<\/li>\n<li><strong>Design de pega oca:<\/strong> A pega adopta um design oco, elegante e leve, que ajuda a dissipar o calor e a reduzir o sobreaquecimento da pega.<\/li>\n<li><strong>Elevada durabilidade:<\/strong> A frigideira antiaderente em forma de favo de mel por atacado combina a durabilidade do a\u00e7o inoxid\u00e1vel com a conveni\u00eancia do revestimento antiaderente. A parte em relevo do a\u00e7o inoxid\u00e1vel protege o revestimento antiaderente, tornando esta frigideira mais dur\u00e1vel do que as frigideiras antiaderentes normais.<\/li>\n<\/ul>\n<p><!-- \/wp:paragraph --><\/p>","protected":false},"featured_media":6017,"comment_status":"closed","ping_status":"closed","template":"","meta":[],"product_brand":[],"product_cat":[68],"product_tag":[],"class_list":{"0":"post-5977","1":"product","2":"type-product","3":"status-publish","4":"has-post-thumbnail","6":"product_cat-wholesale-non-stick-cookware","8":"first","9":"instock","10":"shipping-taxable","11":"product-type-simple"},"_links":{"self":[{"href":"https:\/\/www.hg-cooker.com\/pt\/wp-json\/wp\/v2\/product\/5977","targetHints":{"allow":["GET"]}}],"collection":[{"href":"https:\/\/www.hg-cooker.com\/pt\/wp-json\/wp\/v2\/product"}],"about":[{"href":"https:\/\/www.hg-cooker.com\/pt\/wp-json\/wp\/v2\/types\/product"}],"replies":[{"embeddable":true,"href":"https:\/\/www.hg-cooker.com\/pt\/wp-json\/wp\/v2\/comments?post=5977"}],"wp:featuredmedia":[{"embeddable":true,"href":"https:\/\/www.hg-cooker.com\/pt\/wp-json\/wp\/v2\/media\/6017"}],"wp:attachment":[{"href":"https:\/\/www.hg-cooker.com\/pt\/wp-json\/wp\/v2\/media?parent=5977"}],"wp:term":[{"taxonomy":"product_brand","embeddable":true,"href":"https:\/\/www.hg-cooker.com\/pt\/wp-json\/wp\/v2\/product_brand?post=5977"},{"taxonomy":"product_cat","embeddable":true,"href":"https:\/\/www.hg-cooker.com\/pt\/wp-json\/wp\/v2\/product_cat?post=5977"},{"taxonomy":"product_tag","embeddable":true,"href":"https:\/\/www.hg-cooker.com\/pt\/wp-json\/wp\/v2\/product_tag?post=5977"}],"curies":[{"name":"wp","href":"https:\/\/api.w.org\/{rel}","templated":true}]}}