{"id":5961,"date":"2025-08-16T03:21:17","date_gmt":"2025-08-16T03:21:17","guid":{"rendered":"https:\/\/www.hg-cooker.com\/?post_type=product&#038;p=5961"},"modified":"2025-08-16T03:21:59","modified_gmt":"2025-08-16T03:21:59","slug":"wholesale-non-stick-frying-pans","status":"publish","type":"product","link":"https:\/\/www.hg-cooker.com\/pt\/produto\/wholesale-non-stick-frying-pans\/","title":{"rendered":"Frigideiras antiaderentes por atacado - com fundo em a\u00e7o inoxid\u00e1vel composto e pega ergon\u00f3mica"},"content":{"rendered":"<figure class=\"wp-block-image size-full\"><img fetchpriority=\"high\" decoding=\"async\" width=\"1920\" height=\"586\" src=\"https:\/\/www.hg-cooker.com\/wp-content\/uploads\/2025\/08\/parameters-of-non-stick-frying-pan.webp\" alt=\"par\u00e2metros da frigideira antiaderente\" class=\"wp-image-6174\" srcset=\"https:\/\/www.hg-cooker.com\/wp-content\/uploads\/2025\/08\/parameters-of-non-stick-frying-pan.webp 1920w, https:\/\/www.hg-cooker.com\/wp-content\/uploads\/2025\/08\/parameters-of-non-stick-frying-pan-300x92.webp 300w, https:\/\/www.hg-cooker.com\/wp-content\/uploads\/2025\/08\/parameters-of-non-stick-frying-pan-768x234.webp 768w, https:\/\/www.hg-cooker.com\/wp-content\/uploads\/2025\/08\/parameters-of-non-stick-frying-pan-18x5.webp 18w, https:\/\/www.hg-cooker.com\/wp-content\/uploads\/2025\/08\/parameters-of-non-stick-frying-pan-285x87.webp 285w, https:\/\/www.hg-cooker.com\/wp-content\/uploads\/2025\/08\/parameters-of-non-stick-frying-pan-1600x488.webp 1600w, https:\/\/www.hg-cooker.com\/wp-content\/uploads\/2025\/08\/parameters-of-non-stick-frying-pan-660x201.webp 660w, https:\/\/www.hg-cooker.com\/wp-content\/uploads\/2025\/08\/parameters-of-non-stick-frying-pan-150x46.webp 150w\" sizes=\"(max-width: 1920px) 100vw, 1920px\" \/><\/figure>","protected":false},"excerpt":{"rendered":"<p>Frigideira antiaderente por grosso. Esta frigideira em a\u00e7o inoxid\u00e1vel 304 de alta qualidade apresenta um design antiaderente em forma de favo de mel para um excelente desempenho antiaderente e uma tampa de vidro temperado para facilitar a monitoriza\u00e7\u00e3o durante a cozedura. Aquece uniformemente, \u00e9 f\u00e1cil de limpar e funciona com uma variedade de fontes de calor. \u00c9 perfeita para fritar, saltear e outros m\u00e9todos de cozedura. As encomendas a granel s\u00e3o bem-vindas.<\/p>\n<p><!-- wp:heading --><\/p>\n<h2 class=\"wp-block-heading\">Carater\u00edsticas da frigideira antiaderente<\/h2>\n<ul>\n<li><strong>Cinco tamanhos \u00e0 escolha:<\/strong> As nossas frigideiras por grosso est\u00e3o dispon\u00edveis em cinco tamanhos diferentes: 22 cm, 24 cm, 26 cm, 28 cm e 30 cm, para satisfazer diferentes fam\u00edlias e necessidades culin\u00e1rias.<\/li>\n<li><strong>Design antiaderente em forma de favo de mel:<\/strong> O padr\u00e3o em forma de favo de mel melhora o desempenho antiaderente e assegura uma distribui\u00e7\u00e3o uniforme do calor, evitando a ader\u00eancia. Tamb\u00e9m torna mais f\u00e1cil evitar que os alimentos pegajosos, como omeletas e panquecas, se colem.<\/li>\n<li><strong>Cabo ergon\u00f3mico:<\/strong> A pega tem um n\u00facleo de metal prateado com um revestimento antiderrapante vermelho, que evita queimaduras e escorregadelas e proporciona uma ader\u00eancia confort\u00e1vel.<\/li>\n<li><strong>F\u00e1cil de limpar, baixa manuten\u00e7\u00e3o:<\/strong> Evita eficazmente que os alimentos se colem, tornando a limpeza r\u00e1pida e f\u00e1cil com um simples enxaguamento.<\/li>\n<li><strong>Fundo em a\u00e7o inoxid\u00e1vel de tr\u00eas camadas:<\/strong> As nossas frigideiras antiaderentes para venda por grosso t\u00eam um fundo de a\u00e7o inoxid\u00e1vel de tr\u00eas camadas. O n\u00facleo de alum\u00ednio ou cobre no fundo de a\u00e7o inoxid\u00e1vel Tri-ply absorve rapidamente o calor e distribui-o uniformemente pelo fundo e pelos lados, eliminando eficazmente os pontos quentes durante a cozedura.<\/li>\n<\/ul>\n<p><!-- \/wp:paragraph --><\/p>","protected":false},"featured_media":6005,"comment_status":"closed","ping_status":"closed","template":"","meta":[],"product_brand":[],"product_cat":[68],"product_tag":[],"class_list":{"0":"post-5961","1":"product","2":"type-product","3":"status-publish","4":"has-post-thumbnail","6":"product_cat-wholesale-non-stick-cookware","8":"first","9":"instock","10":"shipping-taxable","11":"product-type-simple"},"_links":{"self":[{"href":"https:\/\/www.hg-cooker.com\/pt\/wp-json\/wp\/v2\/product\/5961","targetHints":{"allow":["GET"]}}],"collection":[{"href":"https:\/\/www.hg-cooker.com\/pt\/wp-json\/wp\/v2\/product"}],"about":[{"href":"https:\/\/www.hg-cooker.com\/pt\/wp-json\/wp\/v2\/types\/product"}],"replies":[{"embeddable":true,"href":"https:\/\/www.hg-cooker.com\/pt\/wp-json\/wp\/v2\/comments?post=5961"}],"wp:featuredmedia":[{"embeddable":true,"href":"https:\/\/www.hg-cooker.com\/pt\/wp-json\/wp\/v2\/media\/6005"}],"wp:attachment":[{"href":"https:\/\/www.hg-cooker.com\/pt\/wp-json\/wp\/v2\/media?parent=5961"}],"wp:term":[{"taxonomy":"product_brand","embeddable":true,"href":"https:\/\/www.hg-cooker.com\/pt\/wp-json\/wp\/v2\/product_brand?post=5961"},{"taxonomy":"product_cat","embeddable":true,"href":"https:\/\/www.hg-cooker.com\/pt\/wp-json\/wp\/v2\/product_cat?post=5961"},{"taxonomy":"product_tag","embeddable":true,"href":"https:\/\/www.hg-cooker.com\/pt\/wp-json\/wp\/v2\/product_tag?post=5961"}],"curies":[{"name":"wp","href":"https:\/\/api.w.org\/{rel}","templated":true}]}}