{"id":5722,"date":"2025-05-05T07:43:24","date_gmt":"2025-05-05T07:43:24","guid":{"rendered":"https:\/\/www.hg-cooker.com\/?post_type=product&#038;p=5722"},"modified":"2025-09-13T02:44:28","modified_gmt":"2025-09-13T02:44:28","slug":"pote-de-leite-fervente-de-aco-inoxidavel-por-atacado-76","status":"publish","type":"product","link":"https:\/\/www.hg-cooker.com\/pt\/produto\/pote-de-leite-fervente-de-aco-inoxidavel-por-atacado-76\/","title":{"rendered":"Conjuntos de panelas antiaderentes de 3 pe\u00e7as por atacado - Dur\u00e1veis e eficientes"},"content":{"rendered":"<h3 class=\"wp-block-heading\">Par\u00e2metros dos conjuntos de panelas antiaderentes de 3 pe\u00e7as<\/h3>\n\n\n\n<figure class=\"wp-block-image size-full\"><img fetchpriority=\"high\" decoding=\"async\" width=\"2400\" height=\"800\" src=\"https:\/\/www.hg-cooker.com\/wp-content\/uploads\/2025\/08\/parameters-of-non-stick-cookware-set.webp\" alt=\"par\u00e2metros do conjunto de panelas antiaderentes\" class=\"wp-image-5723\" srcset=\"https:\/\/www.hg-cooker.com\/wp-content\/uploads\/2025\/08\/parameters-of-non-stick-cookware-set.webp 2400w, https:\/\/www.hg-cooker.com\/wp-content\/uploads\/2025\/08\/parameters-of-non-stick-cookware-set-150x50.webp 150w, https:\/\/www.hg-cooker.com\/wp-content\/uploads\/2025\/08\/parameters-of-non-stick-cookware-set-660x220.webp 660w, https:\/\/www.hg-cooker.com\/wp-content\/uploads\/2025\/08\/parameters-of-non-stick-cookware-set-300x100.webp 300w, https:\/\/www.hg-cooker.com\/wp-content\/uploads\/2025\/08\/parameters-of-non-stick-cookware-set-768x256.webp 768w, https:\/\/www.hg-cooker.com\/wp-content\/uploads\/2025\/08\/parameters-of-non-stick-cookware-set-18x6.webp 18w, https:\/\/www.hg-cooker.com\/wp-content\/uploads\/2025\/08\/parameters-of-non-stick-cookware-set-285x95.webp 285w, https:\/\/www.hg-cooker.com\/wp-content\/uploads\/2025\/08\/parameters-of-non-stick-cookware-set-1600x533.webp 1600w\" sizes=\"(max-width: 2400px) 100vw, 2400px\" \/><\/figure>\n\n\n\n<h3 class=\"wp-block-heading\">Op\u00e7\u00f5es de utens\u00edlios de cozinha personalizados<\/h3>\n\n\n\n<p><strong>Log\u00f3tipo:<\/strong> Personaliz\u00e1vel com o log\u00f3tipo da sua marca<br><strong>Embalagem:<\/strong>&nbsp;Caixa de cor\/caixa de cart\u00e3o, etc<br><strong>Material: <\/strong>Personaliz\u00e1vel<\/p>","protected":false},"excerpt":{"rendered":"<p>Conjuntos de panelas antiaderentes de 3 pe\u00e7as por grosso. Este conjunto combina um revestimento antiaderente em forma de favo de mel com uma base composta para um aquecimento excelente e uniforme e um acabamento antiaderente. Compat\u00edvel com uma variedade de fontes de calor, incluindo placas de fog\u00e3o a g\u00e1s e de indu\u00e7\u00e3o, adapta-se \u00e0s diversas necessidades das cozinhas modernas. Dispon\u00edvel numa variedade de tamanhos, as compras a granel s\u00e3o bem-vindas.<\/p>\n<h2>Carater\u00edsticas dos conjuntos de utens\u00edlios de cozinha antiaderentes<\/h2>\n<ul>\n<li><strong>Tecnologia avan\u00e7ada de fundo composto:<\/strong> O fundo do recipiente de cozinha possui uma tecnologia de fundo composto, que consiste em tr\u00eas camadas de material. Isto assegura uma condu\u00e7\u00e3o de calor r\u00e1pida e consistente e evita que os ingredientes aque\u00e7am de forma desigual, tornando assim a cozedura mais eficiente.<\/li>\n<li><strong>Desempenho super antiaderente:<\/strong> O fundo e os lados da panela possuem um revestimento antiaderente superior em forma de favo de mel que evita que os ingredientes se colem ao fundo e aos lados da panela e diminui a perda de alimentos, facilitando a limpeza.<\/li>\n<li><strong>Forma ergon\u00f3mica do punho:<\/strong> A pega extra-contornada n\u00e3o s\u00f3 proporciona uma ader\u00eancia mais confort\u00e1vel, como tamb\u00e9m melhora significativamente o controlo, eliminando a tens\u00e3o durante a utiliza\u00e7\u00e3o, especialmente ao fritar ou ao carregar uma panela pesada.<\/li>\n<li><strong>Embalagem exacta:<\/strong> Cada pote \u00e9 embalado com precis\u00e3o, com uma camada de material absorvente de choques no interior para proteger eficazmente contra choques e quedas durante o transporte.<\/li>\n<li><strong>Utens\u00edlios de cozinha por atacado:<\/strong> O fabricante de panelas de a\u00e7o inoxid\u00e1vel Hengguang oferece panelas de a\u00e7o inoxid\u00e1vel por atacado de excelente qualidade e personaliza\u00e7\u00e3o a granel, atendendo a compradores por atacado a granel.<\/li>\n<\/ul>","protected":false},"featured_media":5724,"comment_status":"closed","ping_status":"closed","template":"","meta":[],"product_brand":[],"product_cat":[52],"product_tag":[],"class_list":{"0":"post-5722","1":"product","2":"type-product","3":"status-publish","4":"has-post-thumbnail","6":"product_cat-stainless-steel-cookware","8":"first","9":"instock","10":"shipping-taxable","11":"product-type-simple"},"_links":{"self":[{"href":"https:\/\/www.hg-cooker.com\/pt\/wp-json\/wp\/v2\/product\/5722","targetHints":{"allow":["GET"]}}],"collection":[{"href":"https:\/\/www.hg-cooker.com\/pt\/wp-json\/wp\/v2\/product"}],"about":[{"href":"https:\/\/www.hg-cooker.com\/pt\/wp-json\/wp\/v2\/types\/product"}],"replies":[{"embeddable":true,"href":"https:\/\/www.hg-cooker.com\/pt\/wp-json\/wp\/v2\/comments?post=5722"}],"wp:featuredmedia":[{"embeddable":true,"href":"https:\/\/www.hg-cooker.com\/pt\/wp-json\/wp\/v2\/media\/5724"}],"wp:attachment":[{"href":"https:\/\/www.hg-cooker.com\/pt\/wp-json\/wp\/v2\/media?parent=5722"}],"wp:term":[{"taxonomy":"product_brand","embeddable":true,"href":"https:\/\/www.hg-cooker.com\/pt\/wp-json\/wp\/v2\/product_brand?post=5722"},{"taxonomy":"product_cat","embeddable":true,"href":"https:\/\/www.hg-cooker.com\/pt\/wp-json\/wp\/v2\/product_cat?post=5722"},{"taxonomy":"product_tag","embeddable":true,"href":"https:\/\/www.hg-cooker.com\/pt\/wp-json\/wp\/v2\/product_tag?post=5722"}],"curies":[{"name":"wp","href":"https:\/\/api.w.org\/{rel}","templated":true}]}}