{"id":5709,"date":"2025-05-05T06:45:19","date_gmt":"2025-05-05T06:45:19","guid":{"rendered":"https:\/\/www.hg-cooker.com\/?post_type=product&#038;p=5709"},"modified":"2025-09-13T02:44:40","modified_gmt":"2025-09-13T02:44:40","slug":"pote-de-leite-fervente-de-aco-inoxidavel-por-atacado-75","status":"publish","type":"product","link":"https:\/\/www.hg-cooker.com\/pt\/produto\/pote-de-leite-fervente-de-aco-inoxidavel-por-atacado-75\/","title":{"rendered":"Conjuntos de panelas antiaderentes por atacado - Textura em favo de mel e fundo em a\u00e7o composto"},"content":{"rendered":"<h3 class=\"wp-block-heading\">Par\u00e2metros dos conjuntos de utens\u00edlios de cozinha antiaderentes<\/h3>\n\n\n\n<figure class=\"wp-block-image size-full\"><img fetchpriority=\"high\" decoding=\"async\" width=\"2400\" height=\"800\" src=\"https:\/\/www.hg-cooker.com\/wp-content\/uploads\/2025\/08\/wholesale-non-stick-cookware-sets-2.webp\" alt=\"conjuntos de panelas antiaderentes por atacado (2)\" class=\"wp-image-5720\" srcset=\"https:\/\/www.hg-cooker.com\/wp-content\/uploads\/2025\/08\/wholesale-non-stick-cookware-sets-2.webp 2400w, https:\/\/www.hg-cooker.com\/wp-content\/uploads\/2025\/08\/wholesale-non-stick-cookware-sets-2-150x50.webp 150w, https:\/\/www.hg-cooker.com\/wp-content\/uploads\/2025\/08\/wholesale-non-stick-cookware-sets-2-660x220.webp 660w, https:\/\/www.hg-cooker.com\/wp-content\/uploads\/2025\/08\/wholesale-non-stick-cookware-sets-2-300x100.webp 300w, https:\/\/www.hg-cooker.com\/wp-content\/uploads\/2025\/08\/wholesale-non-stick-cookware-sets-2-768x256.webp 768w, https:\/\/www.hg-cooker.com\/wp-content\/uploads\/2025\/08\/wholesale-non-stick-cookware-sets-2-18x6.webp 18w, https:\/\/www.hg-cooker.com\/wp-content\/uploads\/2025\/08\/wholesale-non-stick-cookware-sets-2-285x95.webp 285w, https:\/\/www.hg-cooker.com\/wp-content\/uploads\/2025\/08\/wholesale-non-stick-cookware-sets-2-1600x533.webp 1600w\" sizes=\"(max-width: 2400px) 100vw, 2400px\" \/><\/figure>\n\n\n\n<h3 class=\"wp-block-heading\">Op\u00e7\u00f5es de utens\u00edlios de cozinha personalizados<\/h3>\n\n\n\n<p><strong>Log\u00f3tipo:<\/strong> Personaliz\u00e1vel com o log\u00f3tipo da sua marca<br><strong>Embalagem:<\/strong>\u00a0Caixa de cor\/caixa de cart\u00e3o, etc<br><strong>Material: <\/strong>Personaliz\u00e1vel<\/p>","protected":false},"excerpt":{"rendered":"<p>Conjuntos de utens\u00edlios de cozinha antiaderentes por grosso. O conjunto de utens\u00edlios de cozinha antiaderentes de 3 pe\u00e7as inclui uma leiteira e uma frigideira. O conjunto de utens\u00edlios de cozinha apresenta uma superf\u00edcie antiaderente \u00fanica em forma de favo de mel que requer menos \u00f3leo ao cozinhar, reduz a ader\u00eancia dos alimentos e facilita a limpeza.<\/p>\n<h2>Carater\u00edsticas do conjunto de panelas antiaderentes<\/h2>\n<p><strong>Tecnologia antiaderente em favo de mel:<\/strong> Os conjuntos de utens\u00edlios de cozinha apresentam uma textura \u00fanica em forma de favo de mel que \u00e9 altamente eficaz para evitar que os alimentos se colem, cozinhar com menos \u00f3leo e sem res\u00edduos, pelo que ter\u00e1 de esfregar menos.<\/p>\n<p><strong>Cozinhar com pouco \u00f3leo e sem fumo:<\/strong> Com a distribui\u00e7\u00e3o uniforme do calor da superf\u00edcie antiaderente, cozinhar\u00e1 com menos \u00f3leo, com menos fumos de cozinha, o que \u00e9 mais saud\u00e1vel e mais amigo do ambiente.<\/p>\n<p><strong>Tamanhos diferentes dispon\u00edveis:<\/strong> Todos os conjuntos de utens\u00edlios de cozinha antiaderentes est\u00e3o dispon\u00edveis em diferentes tamanhos, que variam entre 18 cm e 30 cm, perfeitos para cozinhar em casa no dia a dia.<\/p>\n<p><strong>Compat\u00edvel com diferentes fontes de calor:<\/strong> O conjunto de panelas antiaderentes pode ser utilizado em v\u00e1rias fontes de calor, incluindo fog\u00f5es a g\u00e1s, de indu\u00e7\u00e3o e el\u00e9ctricos, adaptando-se perfeitamente a diferentes condi\u00e7\u00f5es de cozedura.<\/p>\n<p><strong>Conce\u00e7\u00e3o est\u00e9tica e funcional:<\/strong> O conjunto de utens\u00edlios de cozinha apresenta um design minimalista com um exterior em a\u00e7o inoxid\u00e1vel prateado liso e um design moderno em forma de favo de mel que combina bem com o design moderno da cozinha.<\/p>\n<p><strong>Servi\u00e7o grossista de utens\u00edlios de cozinha:<\/strong> A Hengguang tem mais de 30 anos de experi\u00eancia no fabrico de utens\u00edlios de cozinha. Oferecemos uma vasta gama de produtos de panelas e apoiamos OEM e ODM.<\/p>","protected":false},"featured_media":5719,"comment_status":"closed","ping_status":"closed","template":"","meta":[],"product_brand":[],"product_cat":[52],"product_tag":[],"class_list":{"0":"post-5709","1":"product","2":"type-product","3":"status-publish","4":"has-post-thumbnail","6":"product_cat-stainless-steel-cookware","8":"first","9":"instock","10":"shipping-taxable","11":"product-type-simple"},"_links":{"self":[{"href":"https:\/\/www.hg-cooker.com\/pt\/wp-json\/wp\/v2\/product\/5709","targetHints":{"allow":["GET"]}}],"collection":[{"href":"https:\/\/www.hg-cooker.com\/pt\/wp-json\/wp\/v2\/product"}],"about":[{"href":"https:\/\/www.hg-cooker.com\/pt\/wp-json\/wp\/v2\/types\/product"}],"replies":[{"embeddable":true,"href":"https:\/\/www.hg-cooker.com\/pt\/wp-json\/wp\/v2\/comments?post=5709"}],"wp:featuredmedia":[{"embeddable":true,"href":"https:\/\/www.hg-cooker.com\/pt\/wp-json\/wp\/v2\/media\/5719"}],"wp:attachment":[{"href":"https:\/\/www.hg-cooker.com\/pt\/wp-json\/wp\/v2\/media?parent=5709"}],"wp:term":[{"taxonomy":"product_brand","embeddable":true,"href":"https:\/\/www.hg-cooker.com\/pt\/wp-json\/wp\/v2\/product_brand?post=5709"},{"taxonomy":"product_cat","embeddable":true,"href":"https:\/\/www.hg-cooker.com\/pt\/wp-json\/wp\/v2\/product_cat?post=5709"},{"taxonomy":"product_tag","embeddable":true,"href":"https:\/\/www.hg-cooker.com\/pt\/wp-json\/wp\/v2\/product_tag?post=5709"}],"curies":[{"name":"wp","href":"https:\/\/api.w.org\/{rel}","templated":true}]}}