{"id":5700,"date":"2025-05-05T03:27:54","date_gmt":"2025-05-05T03:27:54","guid":{"rendered":"https:\/\/www.hg-cooker.com\/?post_type=product&#038;p=5700"},"modified":"2025-09-13T02:44:56","modified_gmt":"2025-09-13T02:44:56","slug":"pote-de-leite-fervente-de-aco-inoxidavel-por-atacado-74","status":"publish","type":"product","link":"https:\/\/www.hg-cooker.com\/pt\/produto\/pote-de-leite-fervente-de-aco-inoxidavel-por-atacado-74\/","title":{"rendered":"Conjuntos de panelas por atacado - Conjunto de panelas de 3 pe\u00e7as em a\u00e7o inoxid\u00e1vel"},"content":{"rendered":"<h3 class=\"wp-block-heading\">Par\u00e2metros dos conjuntos de utens\u00edlios de cozinha <\/h3>\n\n\n\n<figure class=\"wp-block-image size-full\"><img fetchpriority=\"high\" decoding=\"async\" width=\"1920\" height=\"800\" src=\"https:\/\/www.hg-cooker.com\/wp-content\/uploads\/2025\/08\/wholesale-cookware-sets-2.webp\" alt=\"conjuntos de utens\u00edlios de cozinha por atacado (2)\" class=\"wp-image-5708\" srcset=\"https:\/\/www.hg-cooker.com\/wp-content\/uploads\/2025\/08\/wholesale-cookware-sets-2.webp 1920w, https:\/\/www.hg-cooker.com\/wp-content\/uploads\/2025\/08\/wholesale-cookware-sets-2-150x63.webp 150w, https:\/\/www.hg-cooker.com\/wp-content\/uploads\/2025\/08\/wholesale-cookware-sets-2-660x275.webp 660w, https:\/\/www.hg-cooker.com\/wp-content\/uploads\/2025\/08\/wholesale-cookware-sets-2-300x125.webp 300w, https:\/\/www.hg-cooker.com\/wp-content\/uploads\/2025\/08\/wholesale-cookware-sets-2-768x320.webp 768w, https:\/\/www.hg-cooker.com\/wp-content\/uploads\/2025\/08\/wholesale-cookware-sets-2-18x8.webp 18w, https:\/\/www.hg-cooker.com\/wp-content\/uploads\/2025\/08\/wholesale-cookware-sets-2-285x119.webp 285w, https:\/\/www.hg-cooker.com\/wp-content\/uploads\/2025\/08\/wholesale-cookware-sets-2-1600x667.webp 1600w\" sizes=\"(max-width: 1920px) 100vw, 1920px\" \/><\/figure>\n\n\n\n<h2 class=\"wp-block-heading\">Op\u00e7\u00e3o de utens\u00edlios de cozinha personalizados<\/h2>\n\n\n\n<p><strong>Log\u00f3tipo: <\/strong>Personaliz\u00e1vel com o log\u00f3tipo da sua marca<br><strong>Embalagem: <\/strong>Caixa de cor\/caixa de cart\u00e3o, etc<br><strong>Material:<\/strong> Personaliz\u00e1vel<\/p>\n\n\n\n<div class=\"wp-block-columns is-layout-flex wp-container-core-columns-is-layout-9d6595d7 wp-block-columns-is-layout-flex\">\n<div class=\"wp-block-column is-layout-flow wp-block-column-is-layout-flow\"><\/div>\n\n\n\n<div class=\"wp-block-column is-layout-flow wp-block-column-is-layout-flow\"><\/div>\n\n\n\n<div class=\"wp-block-column is-layout-flow wp-block-column-is-layout-flow\"><\/div>\n<\/div>\n\n\n\n<div class=\"wp-block-columns is-layout-flex wp-container-core-columns-is-layout-9d6595d7 wp-block-columns-is-layout-flex\">\n<div class=\"wp-block-column is-layout-flow wp-block-column-is-layout-flow\"><\/div>\n\n\n\n<div class=\"wp-block-column is-layout-flow wp-block-column-is-layout-flow\"><\/div>\n\n\n\n<div class=\"wp-block-column is-layout-flow wp-block-column-is-layout-flow\"><\/div>\n<\/div>\n\n\n\n<div class=\"wp-block-columns is-layout-flex wp-container-core-columns-is-layout-9d6595d7 wp-block-columns-is-layout-flex\">\n<div class=\"wp-block-column is-layout-flow wp-block-column-is-layout-flow\"><\/div>\n\n\n\n<div class=\"wp-block-column is-layout-flow wp-block-column-is-layout-flow\"><\/div>\n\n\n\n<div class=\"wp-block-column is-layout-flow wp-block-column-is-layout-flow\"><\/div>\n<\/div>\n\n\n\n<div class=\"wp-block-columns is-layout-flex wp-container-core-columns-is-layout-9d6595d7 wp-block-columns-is-layout-flex\">\n<div class=\"wp-block-column is-layout-flow wp-block-column-is-layout-flow\"><\/div>\n\n\n\n<div class=\"wp-block-column is-layout-flow wp-block-column-is-layout-flow\"><\/div>\n\n\n\n<div class=\"wp-block-column is-layout-flow wp-block-column-is-layout-flow\"><\/div>\n<\/div>\n\n\n\n<div class=\"wp-block-columns is-layout-flex wp-container-core-columns-is-layout-9d6595d7 wp-block-columns-is-layout-flex\">\n<div class=\"wp-block-column is-layout-flow wp-block-column-is-layout-flow\"><\/div>\n\n\n\n<div class=\"wp-block-column is-layout-flow wp-block-column-is-layout-flow\"><\/div>\n\n\n\n<div class=\"wp-block-column is-layout-flow wp-block-column-is-layout-flow\"><\/div>\n<\/div>\n\n\n\n<div class=\"wp-block-columns is-layout-flex wp-container-core-columns-is-layout-9d6595d7 wp-block-columns-is-layout-flex\">\n<div class=\"wp-block-column is-layout-flow wp-block-column-is-layout-flow\"><\/div>\n\n\n\n<div class=\"wp-block-column is-layout-flow wp-block-column-is-layout-flow\"><\/div>\n\n\n\n<div class=\"wp-block-column is-layout-flow wp-block-column-is-layout-flow\"><\/div>\n<\/div>","protected":false},"excerpt":{"rendered":"<p>Conjuntos de utens\u00edlios de cozinha por grosso. Este conjunto de utens\u00edlios de cozinha de 3 pe\u00e7as inclui uma panela de leite, uma panela de sopa e uma frigideira, satisfazendo uma variedade de necessidades culin\u00e1rias. Fabricado em a\u00e7o triplamente inoxid\u00e1vel, oferece uma excelente distribui\u00e7\u00e3o do calor e uma manuten\u00e7\u00e3o f\u00e1cil. Dispon\u00edvel numa variedade de tamanhos, \u00e9 adequado tanto para cozinhas dom\u00e9sticas como para uso comercial.<\/p>\n<p>Como um fabricante profissional de utens\u00edlios de cozinha, a Hengguang oferece um servi\u00e7o completo de utens\u00edlios de cozinha por atacado e suporte de personaliza\u00e7\u00e3o. Contacte-nos hoje!<\/p>\n<h2>Carater\u00edsticas do conjunto de panelas de 3 pe\u00e7as<\/h2>\n<ul>\n<li><strong>A\u00e7o inoxid\u00e1vel 304 de qualidade alimentar:<\/strong> O conjunto de panelas de 3 pe\u00e7as \u00e9 feito de a\u00e7o inoxid\u00e1vel 304 de alta qualidade que cumpre as normas internacionais de seguran\u00e7a alimentar, com excelente resist\u00eancia \u00e0 corros\u00e3o e sem subst\u00e2ncias t\u00f3xicas como o PFAS.<\/li>\n<li><strong>Cozinha vers\u00e1til:<\/strong> O conjunto de utens\u00edlios de cozinha de 3 pe\u00e7as inclui uma panela para leite, uma panela para sopa e uma frigideira para m\u00faltiplas aplica\u00e7\u00f5es culin\u00e1rias, como ferver leite, estufar sopa e fritar legumes.<\/li>\n<li><strong>Dur\u00e1vel e f\u00e1cil de limpar:<\/strong> O conjunto de panelas de 3 pe\u00e7as n\u00e3o \u00e9 revestido a antiaderente e \u00e9 constru\u00eddo a partir de uma estrutura de a\u00e7o composto para uma elevada dureza, durabilidade e facilidade de limpeza.<\/li>\n<li><strong>Dispon\u00edvel em diferentes tamanhos:<\/strong> Todos os produtos do conjunto est\u00e3o dispon\u00edveis numa variedade de tamanhos, para que possa escolher o que melhor se adapta \u00e0s suas necessidades culin\u00e1rias. Desde pequenas a grandes por\u00e7\u00f5es ou cozinhar para toda a fam\u00edlia, este conjunto oferece flexibilidade para todos os tipos de cozinha.<\/li>\n<li><strong>Servi\u00e7o grossista de utens\u00edlios de cozinha:<\/strong> Somos um fabricante profissional de utens\u00edlios de cozinha e somos especialistas em fornecer utens\u00edlios de cozinha de qualidade que cumprem as normas de qualidade internacionais. Oferecemos servi\u00e7os OEM e ODM e pre\u00e7os competitivos.<\/li>\n<\/ul>","protected":false},"featured_media":5707,"comment_status":"closed","ping_status":"closed","template":"","meta":[],"product_brand":[],"product_cat":[52],"product_tag":[],"class_list":{"0":"post-5700","1":"product","2":"type-product","3":"status-publish","4":"has-post-thumbnail","6":"product_cat-stainless-steel-cookware","8":"first","9":"instock","10":"shipping-taxable","11":"product-type-simple"},"_links":{"self":[{"href":"https:\/\/www.hg-cooker.com\/pt\/wp-json\/wp\/v2\/product\/5700","targetHints":{"allow":["GET"]}}],"collection":[{"href":"https:\/\/www.hg-cooker.com\/pt\/wp-json\/wp\/v2\/product"}],"about":[{"href":"https:\/\/www.hg-cooker.com\/pt\/wp-json\/wp\/v2\/types\/product"}],"replies":[{"embeddable":true,"href":"https:\/\/www.hg-cooker.com\/pt\/wp-json\/wp\/v2\/comments?post=5700"}],"wp:featuredmedia":[{"embeddable":true,"href":"https:\/\/www.hg-cooker.com\/pt\/wp-json\/wp\/v2\/media\/5707"}],"wp:attachment":[{"href":"https:\/\/www.hg-cooker.com\/pt\/wp-json\/wp\/v2\/media?parent=5700"}],"wp:term":[{"taxonomy":"product_brand","embeddable":true,"href":"https:\/\/www.hg-cooker.com\/pt\/wp-json\/wp\/v2\/product_brand?post=5700"},{"taxonomy":"product_cat","embeddable":true,"href":"https:\/\/www.hg-cooker.com\/pt\/wp-json\/wp\/v2\/product_cat?post=5700"},{"taxonomy":"product_tag","embeddable":true,"href":"https:\/\/www.hg-cooker.com\/pt\/wp-json\/wp\/v2\/product_tag?post=5700"}],"curies":[{"name":"wp","href":"https:\/\/api.w.org\/{rel}","templated":true}]}}