{"id":5458,"date":"2025-05-22T09:01:27","date_gmt":"2025-05-22T09:01:27","guid":{"rendered":"https:\/\/www.hg-cooker.com\/?post_type=product&#038;p=5458"},"modified":"2025-06-01T15:33:09","modified_gmt":"2025-06-01T15:33:09","slug":"pote-de-leite-fervente-de-aco-inoxidavel-por-atacado-73","status":"publish","type":"product","link":"https:\/\/www.hg-cooker.com\/pt\/produto\/pote-de-leite-fervente-de-aco-inoxidavel-por-atacado-73\/","title":{"rendered":"Wok chin\u00eas antiaderente por atacado feito de material de a\u00e7o inoxid\u00e1vel de tr\u00eas camadas - Tamanho: 34 cm"},"content":{"rendered":"<h3 class=\"wp-block-heading\">Par\u00e2metros do Wok chin\u00eas antiaderente<\/h3>\n\n\n\n<figure class=\"wp-block-table\"><table class=\"has-fixed-layout\"><tbody><tr><td>Item<\/td><td>Especifica\u00e7\u00f5es<\/td><td>Material<\/td><td>Quantidade da embalagem<\/td><td>Tamanho da embalagem (cm)<\/td><\/tr><tr><td>HG-SBBZCG34<\/td><td>34cm<\/td><td>304<\/td><td>6<\/td><td>54\u00d768\u00d748<\/td><\/tr><\/tbody><\/table><\/figure>\n\n\n\n<h3 class=\"wp-block-heading\">Par\u00e2metros da s\u00e9rie de utens\u00edlios de cozinha relacionados<\/h3>\n\n\n\n<figure class=\"wp-block-image size-full\"><img fetchpriority=\"high\" decoding=\"async\" width=\"3354\" height=\"1701\" src=\"https:\/\/www.hg-cooker.com\/wp-content\/uploads\/2025\/05\/Skillets-and-wok-series-parameters.webp\" alt=\"Par\u00e2metros das s\u00e9ries de frigideiras e woks\" class=\"wp-image-5440\" srcset=\"https:\/\/www.hg-cooker.com\/wp-content\/uploads\/2025\/05\/Skillets-and-wok-series-parameters.webp 3354w, https:\/\/www.hg-cooker.com\/wp-content\/uploads\/2025\/05\/Skillets-and-wok-series-parameters-150x76.webp 150w, https:\/\/www.hg-cooker.com\/wp-content\/uploads\/2025\/05\/Skillets-and-wok-series-parameters-660x335.webp 660w, https:\/\/www.hg-cooker.com\/wp-content\/uploads\/2025\/05\/Skillets-and-wok-series-parameters-300x152.webp 300w, https:\/\/www.hg-cooker.com\/wp-content\/uploads\/2025\/05\/Skillets-and-wok-series-parameters-768x389.webp 768w, https:\/\/www.hg-cooker.com\/wp-content\/uploads\/2025\/05\/Skillets-and-wok-series-parameters-18x9.webp 18w, https:\/\/www.hg-cooker.com\/wp-content\/uploads\/2025\/05\/Skillets-and-wok-series-parameters-285x145.webp 285w, https:\/\/www.hg-cooker.com\/wp-content\/uploads\/2025\/05\/Skillets-and-wok-series-parameters-1600x811.webp 1600w\" sizes=\"(max-width: 3354px) 100vw, 3354px\" \/><figcaption class=\"wp-element-caption\">Par\u00e2metros das s\u00e9ries de frigideiras e woks<\/figcaption><\/figure>\n\n\n\n<p><\/p>","protected":false},"excerpt":{"rendered":"<p>O wok chin\u00eas antiaderente por grosso, feito de materiais de alta qualidade e com um revestimento antiaderente duradouro, \u00e9 ideal para todos os tipos de cozinha, como fritar, fritar em profundidade e fritar na frigideira. N\u00e3o cont\u00e9m PFOA, certificado de qualidade alimentar. Hengguang suporta OEM e ODM, entre em contato conosco.<\/p>\n<h2>Carater\u00edsticas do Wok chin\u00eas antiaderente<\/h2>\n<p><strong>Adequado para cozinhas comerciais:<\/strong> O wok antiaderente pode suportar frituras cont\u00ednuas a alta temperatura sem deforma\u00e7\u00e3o e tem um revestimento antiaderente, pelo que \u00e9 mais f\u00e1cil de limpar.<\/p>\n<p><strong>Saud\u00e1vel e seguro:<\/strong> Certificada em conformidade com as normas de qualidade alimentar da FDA e da GB, esta wok n\u00e3o cont\u00e9m subst\u00e2ncias nocivas como PFOA e PTFE, garantindo uma experi\u00eancia de cozinha mais segura para os utilizadores.<\/p>\n<p><strong>Estrutura dur\u00e1vel de tr\u00eas camadas:<\/strong> Este wok \u00e9 feito de tr\u00eas camadas de a\u00e7o inoxid\u00e1vel, que tem uma excelente condutividade t\u00e9rmica e uma distribui\u00e7\u00e3o uniforme da energia t\u00e9rmica. Pode minimizar os pontos quentes e ajudar a preservar o sabor e a nutri\u00e7\u00e3o dos alimentos.<\/p>\n<p><strong>Design humanizado:<\/strong> O wok tem uma pega ergon\u00f3mica resistente ao calor e uma tampa opcional de vidro temperado para facilitar a monitoriza\u00e7\u00e3o durante a cozedura.<\/p>","protected":false},"featured_media":5463,"comment_status":"closed","ping_status":"closed","template":"","meta":[],"product_brand":[],"product_cat":[52],"product_tag":[],"class_list":{"0":"post-5458","1":"product","2":"type-product","3":"status-publish","4":"has-post-thumbnail","6":"product_cat-stainless-steel-cookware","8":"first","9":"instock","10":"shipping-taxable","11":"product-type-simple"},"_links":{"self":[{"href":"https:\/\/www.hg-cooker.com\/pt\/wp-json\/wp\/v2\/product\/5458","targetHints":{"allow":["GET"]}}],"collection":[{"href":"https:\/\/www.hg-cooker.com\/pt\/wp-json\/wp\/v2\/product"}],"about":[{"href":"https:\/\/www.hg-cooker.com\/pt\/wp-json\/wp\/v2\/types\/product"}],"replies":[{"embeddable":true,"href":"https:\/\/www.hg-cooker.com\/pt\/wp-json\/wp\/v2\/comments?post=5458"}],"wp:featuredmedia":[{"embeddable":true,"href":"https:\/\/www.hg-cooker.com\/pt\/wp-json\/wp\/v2\/media\/5463"}],"wp:attachment":[{"href":"https:\/\/www.hg-cooker.com\/pt\/wp-json\/wp\/v2\/media?parent=5458"}],"wp:term":[{"taxonomy":"product_brand","embeddable":true,"href":"https:\/\/www.hg-cooker.com\/pt\/wp-json\/wp\/v2\/product_brand?post=5458"},{"taxonomy":"product_cat","embeddable":true,"href":"https:\/\/www.hg-cooker.com\/pt\/wp-json\/wp\/v2\/product_cat?post=5458"},{"taxonomy":"product_tag","embeddable":true,"href":"https:\/\/www.hg-cooker.com\/pt\/wp-json\/wp\/v2\/product_tag?post=5458"}],"curies":[{"name":"wp","href":"https:\/\/api.w.org\/{rel}","templated":true}]}}