{"id":5453,"date":"2025-05-22T08:11:58","date_gmt":"2025-05-22T08:11:58","guid":{"rendered":"https:\/\/www.hg-cooker.com\/?post_type=product&#038;p=5453"},"modified":"2025-06-01T15:40:25","modified_gmt":"2025-06-01T15:40:25","slug":"pote-de-leite-fervente-de-aco-inoxidavel-por-atacado-72","status":"publish","type":"product","link":"https:\/\/www.hg-cooker.com\/pt\/produto\/pote-de-leite-fervente-de-aco-inoxidavel-por-atacado-72\/","title":{"rendered":"Wok de a\u00e7o inoxid\u00e1vel de tr\u00eas camadas por atacado com tampa de vidro \u00e0 prova de explos\u00e3o"},"content":{"rendered":"<h3 class=\"wp-block-heading\">Par\u00e2metros do Wok de a\u00e7o inoxid\u00e1vel com tampa<\/h3>\n\n\n\n<figure class=\"wp-block-table\"><table class=\"has-fixed-layout\"><tbody><tr><td>Item<\/td><td>Especifica\u00e7\u00f5es<\/td><td>Material<\/td><td>Quantidade da embalagem<\/td><td>Tamanho da embalagem (cm)<\/td><\/tr><tr><td>HG-CWCG30<\/td><td>30 cm<\/td><td>304<\/td><td>6<\/td><td>-<\/td><\/tr><tr><td>HG-CWCG32<\/td><td>32 cm<\/td><td>304<\/td><td>6<\/td><td>-<\/td><\/tr><tr><td>HG-CWCG34<\/td><td>34cm<\/td><td>304<\/td><td>6<\/td><td>54\u00d734\u00d716<\/td><\/tr><\/tbody><\/table><\/figure>\n\n\n\n<h3 class=\"wp-block-heading\">Par\u00e2metros da s\u00e9rie de utens\u00edlios de cozinha relacionados<\/h3>\n\n\n\n<figure class=\"wp-block-image size-full\"><img fetchpriority=\"high\" decoding=\"async\" width=\"3354\" height=\"1701\" src=\"https:\/\/www.hg-cooker.com\/wp-content\/uploads\/2025\/05\/Skillets-and-wok-series-parameters.webp\" alt=\"Par\u00e2metros das s\u00e9ries de frigideiras e woks\" class=\"wp-image-5440\" srcset=\"https:\/\/www.hg-cooker.com\/wp-content\/uploads\/2025\/05\/Skillets-and-wok-series-parameters.webp 3354w, https:\/\/www.hg-cooker.com\/wp-content\/uploads\/2025\/05\/Skillets-and-wok-series-parameters-150x76.webp 150w, https:\/\/www.hg-cooker.com\/wp-content\/uploads\/2025\/05\/Skillets-and-wok-series-parameters-660x335.webp 660w, https:\/\/www.hg-cooker.com\/wp-content\/uploads\/2025\/05\/Skillets-and-wok-series-parameters-300x152.webp 300w, https:\/\/www.hg-cooker.com\/wp-content\/uploads\/2025\/05\/Skillets-and-wok-series-parameters-768x389.webp 768w, https:\/\/www.hg-cooker.com\/wp-content\/uploads\/2025\/05\/Skillets-and-wok-series-parameters-18x9.webp 18w, https:\/\/www.hg-cooker.com\/wp-content\/uploads\/2025\/05\/Skillets-and-wok-series-parameters-285x145.webp 285w, https:\/\/www.hg-cooker.com\/wp-content\/uploads\/2025\/05\/Skillets-and-wok-series-parameters-1600x811.webp 1600w\" sizes=\"(max-width: 3354px) 100vw, 3354px\" \/><figcaption class=\"wp-element-caption\">Par\u00e2metros das s\u00e9ries de frigideiras e woks<\/figcaption><\/figure>","protected":false},"excerpt":{"rendered":"<p>Frigideira de a\u00e7o inoxid\u00e1vel de alta qualidade com tampa, adequada para cozinhas dom\u00e9sticas e comerciais. Adequada para fritar, cozer a vapor e outros m\u00e9todos de cozedura. Compat\u00edvel com fog\u00f5es a g\u00e1s, fog\u00f5es el\u00e9ctricos e fog\u00f5es de indu\u00e7\u00e3o. Existem 3 tamanhos \u00e0 escolha: 30cm, 32cm e 34cm. Contacte-nos para um or\u00e7amento.<\/p>\n<h2>Carater\u00edsticas do Wok de a\u00e7o inoxid\u00e1vel com tampa<\/h2>\n<p><strong>Multi-fun\u00e7\u00f5es:<\/strong> O wok de a\u00e7o inoxid\u00e1vel \u00e9 adequado para fritar, fritar, estufar e outros m\u00e9todos de cozedura chineses.<\/p>\n<p><strong>Tampa de vidro temperado de alta resist\u00eancia:<\/strong> Equipado com uma tampa de vidro \u00e0 prova de explos\u00e3o de alta qualidade, pode suportar altas temperaturas e explos\u00f5es, e pode suportar frio e calor repentinos, tornando a sua utiliza\u00e7\u00e3o mais segura.<\/p>\n<p><strong>Design profissional de n\u00edvel comercial:<\/strong> Corpo de panela funda, grande capacidade, fritura mais confort\u00e1vel, adequada para uso dom\u00e9stico e em restaurantes.<\/p>\n<p><strong>Pre\u00e7o grossista de f\u00e1brica:<\/strong> Produzido pela f\u00e1brica de utens\u00edlios de cozinha Hengguang, fornecimento direto da f\u00e1brica, fornecendo pre\u00e7os competitivos.<\/p>\n<p><strong>Servi\u00e7os OEM e ODM:<\/strong> A Hengguang fornece solu\u00e7\u00f5es completas de utens\u00edlios de cozinha personalizados, abrangendo o design do produto, a sele\u00e7\u00e3o do material, a impress\u00e3o do log\u00f3tipo e a personaliza\u00e7\u00e3o da embalagem.<\/p>","protected":false},"featured_media":5457,"comment_status":"closed","ping_status":"closed","template":"","meta":[],"product_brand":[],"product_cat":[52],"product_tag":[],"class_list":{"0":"post-5453","1":"product","2":"type-product","3":"status-publish","4":"has-post-thumbnail","6":"product_cat-stainless-steel-cookware","8":"first","9":"instock","10":"shipping-taxable","11":"product-type-simple"},"_links":{"self":[{"href":"https:\/\/www.hg-cooker.com\/pt\/wp-json\/wp\/v2\/product\/5453","targetHints":{"allow":["GET"]}}],"collection":[{"href":"https:\/\/www.hg-cooker.com\/pt\/wp-json\/wp\/v2\/product"}],"about":[{"href":"https:\/\/www.hg-cooker.com\/pt\/wp-json\/wp\/v2\/types\/product"}],"replies":[{"embeddable":true,"href":"https:\/\/www.hg-cooker.com\/pt\/wp-json\/wp\/v2\/comments?post=5453"}],"wp:featuredmedia":[{"embeddable":true,"href":"https:\/\/www.hg-cooker.com\/pt\/wp-json\/wp\/v2\/media\/5457"}],"wp:attachment":[{"href":"https:\/\/www.hg-cooker.com\/pt\/wp-json\/wp\/v2\/media?parent=5453"}],"wp:term":[{"taxonomy":"product_brand","embeddable":true,"href":"https:\/\/www.hg-cooker.com\/pt\/wp-json\/wp\/v2\/product_brand?post=5453"},{"taxonomy":"product_cat","embeddable":true,"href":"https:\/\/www.hg-cooker.com\/pt\/wp-json\/wp\/v2\/product_cat?post=5453"},{"taxonomy":"product_tag","embeddable":true,"href":"https:\/\/www.hg-cooker.com\/pt\/wp-json\/wp\/v2\/product_tag?post=5453"}],"curies":[{"name":"wp","href":"https:\/\/api.w.org\/{rel}","templated":true}]}}