{"id":5447,"date":"2025-05-22T07:31:40","date_gmt":"2025-05-22T07:31:40","guid":{"rendered":"https:\/\/www.hg-cooker.com\/?post_type=product&#038;p=5447"},"modified":"2025-06-01T15:15:06","modified_gmt":"2025-06-01T15:15:06","slug":"pote-de-leite-fervente-de-aco-inoxidavel-por-atacado-71","status":"publish","type":"product","link":"https:\/\/www.hg-cooker.com\/pt\/produto\/pote-de-leite-fervente-de-aco-inoxidavel-por-atacado-71\/","title":{"rendered":"Frigideira de a\u00e7o inoxid\u00e1vel Tri Ply por atacado, compat\u00edvel com indu\u00e7\u00e3o, dispon\u00edvel em v\u00e1rios tamanhos"},"content":{"rendered":"<h3 class=\"wp-block-heading\">Par\u00e2metros da frigideira de a\u00e7o inoxid\u00e1vel Tri Ply<\/h3>\n\n\n\n<figure class=\"wp-block-table\"><table class=\"has-fixed-layout\"><tbody><tr><td>Item<\/td><td>Especifica\u00e7\u00f5es<\/td><td>Material<\/td><td>Quantidade da embalagem<\/td><td>Tamanho da embalagem (cm)<\/td><\/tr><tr><td>HG-BZJG22<\/td><td>22 cm<\/td><td>A\u00e7o inoxid\u00e1vel 304<\/td><td>8<\/td><td>41.5\u00d747\u00d740<\/td><\/tr><tr><td>HG-BZJG24<\/td><td>24 cm<\/td><td>A\u00e7o inoxid\u00e1vel 304<\/td><td>8<\/td><td>45.5\u00d751\u00d740<\/td><\/tr><tr><td>HG-BZJG26<\/td><td>26 cm<\/td><td>A\u00e7o inoxid\u00e1vel 304<\/td><td>8<\/td><td>47.5\u00d759\u00d740<\/td><\/tr><tr><td>HG-BZJG28<\/td><td>28 cm<\/td><td>A\u00e7o inoxid\u00e1vel 304<\/td><td>8<\/td><td>49.5\u00d763\u00d740<\/td><\/tr><tr><td>HG-BZJG30<\/td><td>30 cm<\/td><td>A\u00e7o inoxid\u00e1vel 304<\/td><td>8<\/td><td>51.5\u00d767\u00d740<\/td><\/tr><\/tbody><\/table><\/figure>\n\n\n\n<h3 class=\"wp-block-heading\">Par\u00e2metros da s\u00e9rie de utens\u00edlios de cozinha relacionados<\/h3>\n\n\n\n<figure class=\"wp-block-image size-full\"><img fetchpriority=\"high\" decoding=\"async\" width=\"3354\" height=\"1701\" src=\"https:\/\/www.hg-cooker.com\/wp-content\/uploads\/2025\/05\/Skillets-and-wok-series-parameters.webp\" alt=\"Par\u00e2metros das s\u00e9ries de frigideiras e woks\" class=\"wp-image-5440\" srcset=\"https:\/\/www.hg-cooker.com\/wp-content\/uploads\/2025\/05\/Skillets-and-wok-series-parameters.webp 3354w, https:\/\/www.hg-cooker.com\/wp-content\/uploads\/2025\/05\/Skillets-and-wok-series-parameters-150x76.webp 150w, https:\/\/www.hg-cooker.com\/wp-content\/uploads\/2025\/05\/Skillets-and-wok-series-parameters-660x335.webp 660w, https:\/\/www.hg-cooker.com\/wp-content\/uploads\/2025\/05\/Skillets-and-wok-series-parameters-300x152.webp 300w, https:\/\/www.hg-cooker.com\/wp-content\/uploads\/2025\/05\/Skillets-and-wok-series-parameters-768x389.webp 768w, https:\/\/www.hg-cooker.com\/wp-content\/uploads\/2025\/05\/Skillets-and-wok-series-parameters-18x9.webp 18w, https:\/\/www.hg-cooker.com\/wp-content\/uploads\/2025\/05\/Skillets-and-wok-series-parameters-285x145.webp 285w, https:\/\/www.hg-cooker.com\/wp-content\/uploads\/2025\/05\/Skillets-and-wok-series-parameters-1600x811.webp 1600w\" sizes=\"(max-width: 3354px) 100vw, 3354px\" \/><\/figure>\n\n\n\n<div class=\"wp-block-columns is-layout-flex wp-container-core-columns-is-layout-9d6595d7 wp-block-columns-is-layout-flex\">\n<div class=\"wp-block-column is-layout-flow wp-block-column-is-layout-flow\"><\/div>\n\n\n\n<div class=\"wp-block-column is-layout-flow wp-block-column-is-layout-flow\"><\/div>\n\n\n\n<div class=\"wp-block-column is-layout-flow wp-block-column-is-layout-flow\"><\/div>\n<\/div>\n\n\n\n<div class=\"wp-block-columns is-layout-flex wp-container-core-columns-is-layout-9d6595d7 wp-block-columns-is-layout-flex\">\n<div class=\"wp-block-column is-layout-flow wp-block-column-is-layout-flow\"><\/div>\n\n\n\n<div class=\"wp-block-column is-layout-flow wp-block-column-is-layout-flow\"><\/div>\n\n\n\n<div class=\"wp-block-column is-layout-flow wp-block-column-is-layout-flow\"><\/div>\n<\/div>\n\n\n\n<div class=\"wp-block-columns is-layout-flex wp-container-core-columns-is-layout-9d6595d7 wp-block-columns-is-layout-flex\">\n<div class=\"wp-block-column is-layout-flow wp-block-column-is-layout-flow\"><\/div>\n\n\n\n<div class=\"wp-block-column is-layout-flow wp-block-column-is-layout-flow\"><\/div>\n\n\n\n<div class=\"wp-block-column is-layout-flow wp-block-column-is-layout-flow\"><\/div>\n<\/div>\n\n\n\n<div class=\"wp-block-columns is-layout-flex wp-container-core-columns-is-layout-9d6595d7 wp-block-columns-is-layout-flex\">\n<div class=\"wp-block-column is-layout-flow wp-block-column-is-layout-flow\"><\/div>\n\n\n\n<div class=\"wp-block-column is-layout-flow wp-block-column-is-layout-flow\"><\/div>\n\n\n\n<div class=\"wp-block-column is-layout-flow wp-block-column-is-layout-flow\"><\/div>\n<\/div>\n\n\n\n<div class=\"wp-block-columns is-layout-flex wp-container-core-columns-is-layout-9d6595d7 wp-block-columns-is-layout-flex\">\n<div class=\"wp-block-column is-layout-flow wp-block-column-is-layout-flow\"><\/div>\n\n\n\n<div class=\"wp-block-column is-layout-flow wp-block-column-is-layout-flow\"><\/div>\n\n\n\n<div class=\"wp-block-column is-layout-flow wp-block-column-is-layout-flow\"><\/div>\n<\/div>\n\n\n\n<div class=\"wp-block-columns is-layout-flex wp-container-core-columns-is-layout-9d6595d7 wp-block-columns-is-layout-flex\">\n<div class=\"wp-block-column is-layout-flow wp-block-column-is-layout-flow\"><\/div>\n\n\n\n<div class=\"wp-block-column is-layout-flow wp-block-column-is-layout-flow\"><\/div>\n\n\n\n<div class=\"wp-block-column is-layout-flow wp-block-column-is-layout-flow\"><\/div>\n<\/div>","protected":false},"excerpt":{"rendered":"<p>A frigideira de a\u00e7o inoxid\u00e1vel por grosso, feita de material de a\u00e7o inoxid\u00e1vel triplo de alta qualidade, conduz o calor de forma uniforme e r\u00e1pida, tem um desempenho profissional ao n\u00edvel da cozinha e tem uma base pesada para evitar a deforma\u00e7\u00e3o. Restaurantes, hot\u00e9is e compradores B2B s\u00e3o bem-vindos para comprar a granel.<\/p>\n<h2>Carater\u00edsticas da frigideira de a\u00e7o inoxid\u00e1vel Tri-Ply<\/h2>\n<p><strong>Aquecimento r\u00e1pido e uniforme:<\/strong> A frigideira adopta uma estrutura composta de tr\u00eas camadas, combinando as vantagens de diferentes metais: o n\u00facleo de alum\u00ednio conduz o calor rapidamente e a camada exterior de a\u00e7o inoxid\u00e1vel dissipa o calor uniformemente, obtendo bons resultados de cozedura.<\/p>\n<p><strong>Durabilidade e longa vida \u00fatil:<\/strong> O design sem revestimento evita riscos ou descama\u00e7\u00e3o, e o material de a\u00e7o inoxid\u00e1vel pode suportar fornos\/chamas abertas e tem um desempenho est\u00e1vel para uma utiliza\u00e7\u00e3o a longo prazo.<\/p>\n<p><strong>Cozinha vers\u00e1til:<\/strong> A frigideira em a\u00e7o inoxid\u00e1vel triplo \u00e9 compat\u00edvel com uma variedade de fog\u00f5es, incluindo fog\u00f5es a g\u00e1s, fog\u00f5es de indu\u00e7\u00e3o, fog\u00f5es el\u00e9ctricos de cer\u00e2mica, fornos, etc.<\/p>\n<p><strong>Vantagens do com\u00e9rcio grossista:<\/strong> Vendas diretas da f\u00e1brica, baixos custos de compra a granel, adequado para restaurantes, hot\u00e9is, comerciantes de utens\u00edlios de cozinha, reduzindo os custos unit\u00e1rios.<\/p>","protected":false},"featured_media":5452,"comment_status":"closed","ping_status":"closed","template":"","meta":[],"product_brand":[],"product_cat":[52],"product_tag":[],"class_list":{"0":"post-5447","1":"product","2":"type-product","3":"status-publish","4":"has-post-thumbnail","6":"product_cat-stainless-steel-cookware","8":"first","9":"instock","10":"shipping-taxable","11":"product-type-simple"},"_links":{"self":[{"href":"https:\/\/www.hg-cooker.com\/pt\/wp-json\/wp\/v2\/product\/5447","targetHints":{"allow":["GET"]}}],"collection":[{"href":"https:\/\/www.hg-cooker.com\/pt\/wp-json\/wp\/v2\/product"}],"about":[{"href":"https:\/\/www.hg-cooker.com\/pt\/wp-json\/wp\/v2\/types\/product"}],"replies":[{"embeddable":true,"href":"https:\/\/www.hg-cooker.com\/pt\/wp-json\/wp\/v2\/comments?post=5447"}],"wp:featuredmedia":[{"embeddable":true,"href":"https:\/\/www.hg-cooker.com\/pt\/wp-json\/wp\/v2\/media\/5452"}],"wp:attachment":[{"href":"https:\/\/www.hg-cooker.com\/pt\/wp-json\/wp\/v2\/media?parent=5447"}],"wp:term":[{"taxonomy":"product_brand","embeddable":true,"href":"https:\/\/www.hg-cooker.com\/pt\/wp-json\/wp\/v2\/product_brand?post=5447"},{"taxonomy":"product_cat","embeddable":true,"href":"https:\/\/www.hg-cooker.com\/pt\/wp-json\/wp\/v2\/product_cat?post=5447"},{"taxonomy":"product_tag","embeddable":true,"href":"https:\/\/www.hg-cooker.com\/pt\/wp-json\/wp\/v2\/product_tag?post=5447"}],"curies":[{"name":"wp","href":"https:\/\/api.w.org\/{rel}","templated":true}]}}