{"id":5438,"date":"2025-05-22T07:05:34","date_gmt":"2025-05-22T07:05:34","guid":{"rendered":"https:\/\/www.hg-cooker.com\/?post_type=product&#038;p=5438"},"modified":"2025-06-01T15:11:15","modified_gmt":"2025-06-01T15:11:15","slug":"pote-de-leite-fervente-de-aco-inoxidavel-por-atacado-70","status":"publish","type":"product","link":"https:\/\/www.hg-cooker.com\/pt\/produto\/pote-de-leite-fervente-de-aco-inoxidavel-por-atacado-70\/","title":{"rendered":"Frigideira antiaderente de alta qualidade por atacado, adequada para fog\u00e3o de indu\u00e7\u00e3o, material Tri Ply"},"content":{"rendered":"<h3 class=\"wp-block-heading\">Par\u00e2metros da frigideira antiaderente de alta qualidade<\/h3>\n\n\n\n<figure class=\"wp-block-table\"><table class=\"has-fixed-layout\"><tbody><tr><td>Item<\/td><td>Tamanho<\/td><td>Material<\/td><td>Qtd\/embalagem<\/td><td>Dimens\u00f5es da embalagem (cm)<\/td><\/tr><tr><td>HG-WGJG22<\/td><td>22 cm<\/td><td>A\u00e7o inoxid\u00e1vel 304<\/td><td>8<\/td><td>41.5\u00d747\u00d739<\/td><\/tr><tr><td>HG-WGJG24<\/td><td>24 cm<\/td><td>A\u00e7o inoxid\u00e1vel 304<\/td><td>8<\/td><td>45.5\u00d751\u00d739<\/td><\/tr><tr><td>HG-WGJG26<\/td><td>26 cm<\/td><td>A\u00e7o inoxid\u00e1vel 304<\/td><td>8<\/td><td>47.5\u00d759\u00d739<\/td><\/tr><tr><td>HG-WGJG28<\/td><td>28 cm<\/td><td>A\u00e7o inoxid\u00e1vel 304<\/td><td>8<\/td><td>49.5\u00d763\u00d739<\/td><\/tr><tr><td>HG-WGJG30<\/td><td>30 cm<\/td><td>A\u00e7o inoxid\u00e1vel 304<\/td><td>8<\/td><td>51.5\u00d767\u00d739<\/td><\/tr><\/tbody><\/table><\/figure>\n\n\n\n<div class=\"wp-block-columns is-layout-flex wp-container-core-columns-is-layout-9d6595d7 wp-block-columns-is-layout-flex\">\n<div class=\"wp-block-column is-layout-flow wp-block-column-is-layout-flow\"><\/div>\n\n\n\n<div class=\"wp-block-column is-layout-flow wp-block-column-is-layout-flow\"><\/div>\n<\/div>\n\n\n\n<h3 class=\"wp-block-heading\">Par\u00e2metros da s\u00e9rie de utens\u00edlios de cozinha relacionados<\/h3>\n\n\n\n<figure class=\"wp-block-image size-full\"><img fetchpriority=\"high\" decoding=\"async\" width=\"3354\" height=\"1701\" src=\"https:\/\/www.hg-cooker.com\/wp-content\/uploads\/2025\/05\/Skillets-and-wok-series-parameters.webp\" alt=\"Par\u00e2metros das s\u00e9ries de frigideiras e woks\" class=\"wp-image-5440\" srcset=\"https:\/\/www.hg-cooker.com\/wp-content\/uploads\/2025\/05\/Skillets-and-wok-series-parameters.webp 3354w, https:\/\/www.hg-cooker.com\/wp-content\/uploads\/2025\/05\/Skillets-and-wok-series-parameters-150x76.webp 150w, https:\/\/www.hg-cooker.com\/wp-content\/uploads\/2025\/05\/Skillets-and-wok-series-parameters-660x335.webp 660w, https:\/\/www.hg-cooker.com\/wp-content\/uploads\/2025\/05\/Skillets-and-wok-series-parameters-300x152.webp 300w, https:\/\/www.hg-cooker.com\/wp-content\/uploads\/2025\/05\/Skillets-and-wok-series-parameters-768x389.webp 768w, https:\/\/www.hg-cooker.com\/wp-content\/uploads\/2025\/05\/Skillets-and-wok-series-parameters-18x9.webp 18w, https:\/\/www.hg-cooker.com\/wp-content\/uploads\/2025\/05\/Skillets-and-wok-series-parameters-285x145.webp 285w, https:\/\/www.hg-cooker.com\/wp-content\/uploads\/2025\/05\/Skillets-and-wok-series-parameters-1600x811.webp 1600w\" sizes=\"(max-width: 3354px) 100vw, 3354px\" \/><\/figure>\n\n\n\n<div class=\"wp-block-columns is-layout-flex wp-container-core-columns-is-layout-9d6595d7 wp-block-columns-is-layout-flex\">\n<div class=\"wp-block-column is-layout-flow wp-block-column-is-layout-flow\"><\/div>\n\n\n\n<div class=\"wp-block-column is-layout-flow wp-block-column-is-layout-flow\"><\/div>\n\n\n\n<div class=\"wp-block-column is-layout-flow wp-block-column-is-layout-flow\"><\/div>\n<\/div>\n\n\n\n<div class=\"wp-block-columns is-layout-flex wp-container-core-columns-is-layout-9d6595d7 wp-block-columns-is-layout-flex\">\n<div class=\"wp-block-column is-layout-flow wp-block-column-is-layout-flow\"><\/div>\n\n\n\n<div class=\"wp-block-column is-layout-flow wp-block-column-is-layout-flow\"><\/div>\n\n\n\n<div class=\"wp-block-column is-layout-flow wp-block-column-is-layout-flow\"><\/div>\n<\/div>\n\n\n\n<div class=\"wp-block-columns is-layout-flex wp-container-core-columns-is-layout-9d6595d7 wp-block-columns-is-layout-flex\">\n<div class=\"wp-block-column is-layout-flow wp-block-column-is-layout-flow\"><\/div>\n\n\n\n<div class=\"wp-block-column is-layout-flow wp-block-column-is-layout-flow\"><\/div>\n\n\n\n<div class=\"wp-block-column is-layout-flow wp-block-column-is-layout-flow\"><\/div>\n<\/div>\n\n\n\n<div class=\"wp-block-columns is-layout-flex wp-container-core-columns-is-layout-9d6595d7 wp-block-columns-is-layout-flex\">\n<div class=\"wp-block-column is-layout-flow wp-block-column-is-layout-flow\"><\/div>\n\n\n\n<div class=\"wp-block-column is-layout-flow wp-block-column-is-layout-flow\"><\/div>\n\n\n\n<div class=\"wp-block-column is-layout-flow wp-block-column-is-layout-flow\"><\/div>\n<\/div>\n\n\n\n<div class=\"wp-block-columns is-layout-flex wp-container-core-columns-is-layout-9d6595d7 wp-block-columns-is-layout-flex\">\n<div class=\"wp-block-column is-layout-flow wp-block-column-is-layout-flow\"><\/div>\n\n\n\n<div class=\"wp-block-column is-layout-flow wp-block-column-is-layout-flow\"><\/div>\n\n\n\n<div class=\"wp-block-column is-layout-flow wp-block-column-is-layout-flow\"><\/div>\n<\/div>\n\n\n\n<div class=\"wp-block-columns is-layout-flex wp-container-core-columns-is-layout-9d6595d7 wp-block-columns-is-layout-flex\">\n<div class=\"wp-block-column is-layout-flow wp-block-column-is-layout-flow\"><\/div>\n\n\n\n<div class=\"wp-block-column is-layout-flow wp-block-column-is-layout-flow\"><\/div>\n\n\n\n<div class=\"wp-block-column is-layout-flow wp-block-column-is-layout-flow\"><\/div>\n<\/div>\n\n\n\n<div class=\"wp-block-columns is-layout-flex wp-container-core-columns-is-layout-9d6595d7 wp-block-columns-is-layout-flex\">\n<div class=\"wp-block-column is-layout-flow wp-block-column-is-layout-flow\"><\/div>\n\n\n\n<div class=\"wp-block-column is-layout-flow wp-block-column-is-layout-flow\"><\/div>\n\n\n\n<div class=\"wp-block-column is-layout-flow wp-block-column-is-layout-flow\"><\/div>\n<\/div>","protected":false},"excerpt":{"rendered":"<p>Frigideiras antiaderentes de alta qualidade por atacado, as nossas frigideiras antiaderentes s\u00e3o feitas de material de a\u00e7o inoxid\u00e1vel triplo de alta qualidade e revestimento antiaderente espesso, que pode facilmente conseguir menos \u00f3leo para cozinhar. Adequado para fog\u00f5es a g\u00e1s, fog\u00f5es de indu\u00e7\u00e3o, fog\u00f5es el\u00e9ctricos de cer\u00e2mica e outras fontes de calor, para atender \u00e0s necessidades de diferentes cen\u00e1rios, como restaurantes, hot\u00e9is e fam\u00edlias. Contacte-nos para obter um or\u00e7amento.<\/p>\n<h2>Carater\u00edsticas da frigideira antiaderente de alta qualidade<\/h2>\n<p><strong>Revestimento antiaderente de qualidade superior:<\/strong> A frigideira antiaderente possui uma superf\u00edcie antiaderente de qualidade alimentar de primeira qualidade para cozinhar sem esfor\u00e7o, perfeita para fritar ovos, peixe, carne e legumes com um m\u00ednimo de \u00f3leo.<\/p>\n<p><strong>Distribui\u00e7\u00e3o uniforme do calor:<\/strong> Fabricado em material triplamente inoxid\u00e1vel, assegura uma distribui\u00e7\u00e3o uniforme do calor por toda a superf\u00edcie, reduzindo o tempo de cozedura e evitando que os alimentos se queimem.<\/p>\n<p><strong>V\u00e1rios tamanhos \u00e0 escolha:<\/strong> Dispon\u00edvel nos tamanhos 22cm, 24cm, 26cm, 28cm e 30cm para se adaptar a uma variedade de necessidades culin\u00e1rias.<\/p>\n<p><strong>Personaliza\u00e7\u00e3o OEM e ODM dispon\u00edvel:<\/strong> Revestimentos, log\u00f3tipos, embalagens e designs de pegas personaliz\u00e1veis para satisfazer os requisitos da sua marca - perfeito para projectos de marca pr\u00f3pria ou distribui\u00e7\u00e3o a retalho.<\/p>","protected":false},"featured_media":5445,"comment_status":"closed","ping_status":"closed","template":"","meta":[],"product_brand":[],"product_cat":[52],"product_tag":[],"class_list":{"0":"post-5438","1":"product","2":"type-product","3":"status-publish","4":"has-post-thumbnail","6":"product_cat-stainless-steel-cookware","8":"first","9":"instock","10":"shipping-taxable","11":"product-type-simple"},"_links":{"self":[{"href":"https:\/\/www.hg-cooker.com\/pt\/wp-json\/wp\/v2\/product\/5438","targetHints":{"allow":["GET"]}}],"collection":[{"href":"https:\/\/www.hg-cooker.com\/pt\/wp-json\/wp\/v2\/product"}],"about":[{"href":"https:\/\/www.hg-cooker.com\/pt\/wp-json\/wp\/v2\/types\/product"}],"replies":[{"embeddable":true,"href":"https:\/\/www.hg-cooker.com\/pt\/wp-json\/wp\/v2\/comments?post=5438"}],"wp:featuredmedia":[{"embeddable":true,"href":"https:\/\/www.hg-cooker.com\/pt\/wp-json\/wp\/v2\/media\/5445"}],"wp:attachment":[{"href":"https:\/\/www.hg-cooker.com\/pt\/wp-json\/wp\/v2\/media?parent=5438"}],"wp:term":[{"taxonomy":"product_brand","embeddable":true,"href":"https:\/\/www.hg-cooker.com\/pt\/wp-json\/wp\/v2\/product_brand?post=5438"},{"taxonomy":"product_cat","embeddable":true,"href":"https:\/\/www.hg-cooker.com\/pt\/wp-json\/wp\/v2\/product_cat?post=5438"},{"taxonomy":"product_tag","embeddable":true,"href":"https:\/\/www.hg-cooker.com\/pt\/wp-json\/wp\/v2\/product_tag?post=5438"}],"curies":[{"name":"wp","href":"https:\/\/api.w.org\/{rel}","templated":true}]}}