{"id":5434,"date":"2025-08-29T04:05:36","date_gmt":"2025-08-29T04:05:36","guid":{"rendered":"https:\/\/www.hg-cooker.com\/?post_type=product&#038;p=5434"},"modified":"2025-09-13T02:29:15","modified_gmt":"2025-09-13T02:29:15","slug":"pote-de-leite-fervente-de-aco-inoxidavel-por-atacado-69","status":"publish","type":"product","link":"https:\/\/www.hg-cooker.com\/pt\/produto\/pote-de-leite-fervente-de-aco-inoxidavel-por-atacado-69\/","title":{"rendered":"Panela de leite antiaderente por atacado, material de a\u00e7o inoxid\u00e1vel Tri Ply, tamanhos dispon\u00edveis: 18cm, 20cm, 22cm"},"content":{"rendered":"<h3 class=\"wp-block-heading\"> Par\u00e2metros da leiteira antiaderente<\/h3>\n\n\n\n<figure class=\"wp-block-table\"><table class=\"has-fixed-layout\"><tbody><tr><td>Item<\/td><td>Tamanho<\/td><td>Material<\/td><td>Qtd\/embalagem<\/td><td>Dimens\u00f5es da embalagem (cm)<\/td><\/tr><tr><td>HG-BZNG18<\/td><td>18 cm<\/td><td>A\u00e7o inoxid\u00e1vel 304<\/td><td>8 unidades<\/td><td>41 \u00d7 42 \u00d7 55<\/td><\/tr><tr><td>HG-BZNG20<\/td><td>20 cm<\/td><td>A\u00e7o inoxid\u00e1vel 304<\/td><td>8 unidades<\/td><td>43 \u00d7 46 \u00d7 57<\/td><\/tr><tr><td>HG-BZNG22<\/td><td>22 cm<\/td><td>A\u00e7o inoxid\u00e1vel 304<\/td><td>8 unidades<\/td><td>45 \u00d7 50 \u00d7 59<\/td><\/tr><\/tbody><\/table><\/figure>\n\n\n\n<h3 class=\"wp-block-heading\">Par\u00e2metros da s\u00e9rie de utens\u00edlios de cozinha relacionados<\/h3>\n\n\n\n<figure class=\"wp-block-image size-full\"><img fetchpriority=\"high\" decoding=\"async\" width=\"3354\" height=\"1701\" src=\"https:\/\/www.hg-cooker.com\/wp-content\/uploads\/2025\/05\/Hengguang-cooking-pot-series-parameters.jpg\" alt=\"Par\u00e2metros da s\u00e9rie de panelas Hengguang\" class=\"wp-image-5428\" srcset=\"https:\/\/www.hg-cooker.com\/wp-content\/uploads\/2025\/05\/Hengguang-cooking-pot-series-parameters.jpg 3354w, https:\/\/www.hg-cooker.com\/wp-content\/uploads\/2025\/05\/Hengguang-cooking-pot-series-parameters-150x76.jpg 150w, https:\/\/www.hg-cooker.com\/wp-content\/uploads\/2025\/05\/Hengguang-cooking-pot-series-parameters-660x335.jpg 660w, https:\/\/www.hg-cooker.com\/wp-content\/uploads\/2025\/05\/Hengguang-cooking-pot-series-parameters-300x152.jpg 300w, https:\/\/www.hg-cooker.com\/wp-content\/uploads\/2025\/05\/Hengguang-cooking-pot-series-parameters-768x389.jpg 768w, https:\/\/www.hg-cooker.com\/wp-content\/uploads\/2025\/05\/Hengguang-cooking-pot-series-parameters-18x9.jpg 18w, https:\/\/www.hg-cooker.com\/wp-content\/uploads\/2025\/05\/Hengguang-cooking-pot-series-parameters-285x145.jpg 285w, https:\/\/www.hg-cooker.com\/wp-content\/uploads\/2025\/05\/Hengguang-cooking-pot-series-parameters-1600x811.jpg 1600w\" sizes=\"(max-width: 3354px) 100vw, 3354px\" \/><figcaption class=\"wp-element-caption\">Par\u00e2metros da s\u00e9rie de panelas Hengguang<\/figcaption><\/figure>\n\n\n\n<div class=\"wp-block-columns is-layout-flex wp-container-core-columns-is-layout-9d6595d7 wp-block-columns-is-layout-flex\">\n<div class=\"wp-block-column is-layout-flow wp-block-column-is-layout-flow\"><\/div>\n\n\n\n<div class=\"wp-block-column is-layout-flow wp-block-column-is-layout-flow\"><\/div>\n\n\n\n<div class=\"wp-block-column is-layout-flow wp-block-column-is-layout-flow\"><\/div>\n<\/div>\n\n\n\n<div class=\"wp-block-columns is-layout-flex wp-container-core-columns-is-layout-9d6595d7 wp-block-columns-is-layout-flex\">\n<div class=\"wp-block-column is-layout-flow wp-block-column-is-layout-flow\"><\/div>\n\n\n\n<div class=\"wp-block-column is-layout-flow wp-block-column-is-layout-flow\"><\/div>\n\n\n\n<div class=\"wp-block-column is-layout-flow wp-block-column-is-layout-flow\"><\/div>\n<\/div>\n\n\n\n<div class=\"wp-block-columns is-layout-flex wp-container-core-columns-is-layout-9d6595d7 wp-block-columns-is-layout-flex\">\n<div class=\"wp-block-column is-layout-flow wp-block-column-is-layout-flow\"><\/div>\n\n\n\n<div class=\"wp-block-column is-layout-flow wp-block-column-is-layout-flow\"><\/div>\n\n\n\n<div class=\"wp-block-column is-layout-flow wp-block-column-is-layout-flow\"><\/div>\n<\/div>\n\n\n\n<div class=\"wp-block-columns is-layout-flex wp-container-core-columns-is-layout-9d6595d7 wp-block-columns-is-layout-flex\">\n<div class=\"wp-block-column is-layout-flow wp-block-column-is-layout-flow\"><\/div>\n\n\n\n<div class=\"wp-block-column is-layout-flow wp-block-column-is-layout-flow\"><\/div>\n\n\n\n<div class=\"wp-block-column is-layout-flow wp-block-column-is-layout-flow\"><\/div>\n<\/div>\n\n\n\n<div class=\"wp-block-columns is-layout-flex wp-container-core-columns-is-layout-9d6595d7 wp-block-columns-is-layout-flex\">\n<div class=\"wp-block-column is-layout-flow wp-block-column-is-layout-flow\"><\/div>\n\n\n\n<div class=\"wp-block-column is-layout-flow wp-block-column-is-layout-flow\"><\/div>\n\n\n\n<div class=\"wp-block-column is-layout-flow wp-block-column-is-layout-flow\"><\/div>\n<\/div>\n\n\n\n<div class=\"wp-block-columns is-layout-flex wp-container-core-columns-is-layout-9d6595d7 wp-block-columns-is-layout-flex\">\n<div class=\"wp-block-column is-layout-flow wp-block-column-is-layout-flow\"><\/div>\n\n\n\n<div class=\"wp-block-column is-layout-flow wp-block-column-is-layout-flow\"><\/div>\n\n\n\n<div class=\"wp-block-column is-layout-flow wp-block-column-is-layout-flow\"><\/div>\n<\/div>\n\n\n\n<div class=\"wp-block-columns is-layout-flex wp-container-core-columns-is-layout-9d6595d7 wp-block-columns-is-layout-flex\">\n<div class=\"wp-block-column is-layout-flow wp-block-column-is-layout-flow\"><\/div>\n\n\n\n<div class=\"wp-block-column is-layout-flow wp-block-column-is-layout-flow\"><\/div>\n\n\n\n<div class=\"wp-block-column is-layout-flow wp-block-column-is-layout-flow\"><\/div>\n<\/div>","protected":false},"excerpt":{"rendered":"<p>Frigideira de leite antiaderente em a\u00e7o inoxid\u00e1vel, adequada para aquecer leite, fazer molhos ou pequenas refei\u00e7\u00f5es. Adequado para uma variedade de fog\u00f5es, incluindo fog\u00f5es de indu\u00e7\u00e3o, fog\u00f5es a g\u00e1s, etc. Pode ser utilizada para cozinhar em muitos tipos de cozinhas. Dispon\u00edvel em tr\u00eas tamanhos: 18cm, 20cm e 22cm. Contacte-nos para um or\u00e7amento.<\/p>\n<h2>Carater\u00edsticas da leiteira antiaderente<\/h2>\n<p><strong>Design do bico de despejo:<\/strong> O bico de sa\u00edda incorporado permite-lhe verter leite ou l\u00edquidos de forma suave e sem sujidade.<\/p>\n<p><strong>Multi-fun\u00e7\u00f5es:<\/strong> A leiteira pode ser utilizada para cozinhar diariamente em casa, adequada para aquecer leite, leite de soja, etc., e tamb\u00e9m \u00e9 adequada para derreter manteiga, chocolate e aquecer leite em caf\u00e9s.<\/p>\n<p><strong>V\u00e1rias op\u00e7\u00f5es de tamanho:<\/strong> A leiteira est\u00e1 dispon\u00edvel em 18 cm, 20 cm e 22 cm, adequada para cozinhas dom\u00e9sticas, de restaurantes ou de catering com diferentes necessidades culin\u00e1rias.<\/p>\n<p><strong>Compat\u00edvel com v\u00e1rios fog\u00f5es:<\/strong> A leiteira \u00e9 adequada para fog\u00f5es a g\u00e1s, fog\u00f5es el\u00e9ctricos, fog\u00f5es de cer\u00e2mica e fog\u00f5es de indu\u00e7\u00e3o, o que constitui uma escolha ideal para cozinhas modernas.<\/p>\n<p><strong>Suporte OEM\/ODM:<\/strong> A Hengguang fornece servi\u00e7os profissionais de OEM e ODM, que podem personalizar o tamanho, as pegas, o design do fundo, o revestimento antiaderente e a embalagem, adequados para marcas privadas.<\/p>","protected":false},"featured_media":5437,"comment_status":"closed","ping_status":"closed","template":"","meta":[],"product_brand":[],"product_cat":[52],"product_tag":[],"class_list":{"0":"post-5434","1":"product","2":"type-product","3":"status-publish","4":"has-post-thumbnail","6":"product_cat-stainless-steel-cookware","8":"first","9":"instock","10":"shipping-taxable","11":"product-type-simple"},"_links":{"self":[{"href":"https:\/\/www.hg-cooker.com\/pt\/wp-json\/wp\/v2\/product\/5434","targetHints":{"allow":["GET"]}}],"collection":[{"href":"https:\/\/www.hg-cooker.com\/pt\/wp-json\/wp\/v2\/product"}],"about":[{"href":"https:\/\/www.hg-cooker.com\/pt\/wp-json\/wp\/v2\/types\/product"}],"replies":[{"embeddable":true,"href":"https:\/\/www.hg-cooker.com\/pt\/wp-json\/wp\/v2\/comments?post=5434"}],"wp:featuredmedia":[{"embeddable":true,"href":"https:\/\/www.hg-cooker.com\/pt\/wp-json\/wp\/v2\/media\/5437"}],"wp:attachment":[{"href":"https:\/\/www.hg-cooker.com\/pt\/wp-json\/wp\/v2\/media?parent=5434"}],"wp:term":[{"taxonomy":"product_brand","embeddable":true,"href":"https:\/\/www.hg-cooker.com\/pt\/wp-json\/wp\/v2\/product_brand?post=5434"},{"taxonomy":"product_cat","embeddable":true,"href":"https:\/\/www.hg-cooker.com\/pt\/wp-json\/wp\/v2\/product_cat?post=5434"},{"taxonomy":"product_tag","embeddable":true,"href":"https:\/\/www.hg-cooker.com\/pt\/wp-json\/wp\/v2\/product_tag?post=5434"}],"curies":[{"name":"wp","href":"https:\/\/api.w.org\/{rel}","templated":true}]}}