{"id":5422,"date":"2025-08-27T03:03:27","date_gmt":"2025-08-27T03:03:27","guid":{"rendered":"https:\/\/www.hg-cooker.com\/?post_type=product&#038;p=5422"},"modified":"2025-09-13T02:33:31","modified_gmt":"2025-09-13T02:33:31","slug":"pote-de-leite-fervente-de-aco-inoxidavel-por-atacado-67","status":"publish","type":"product","link":"https:\/\/www.hg-cooker.com\/pt\/produto\/pote-de-leite-fervente-de-aco-inoxidavel-por-atacado-67\/","title":{"rendered":"Panela de neve de a\u00e7o inoxid\u00e1vel por atacado \/ Yukinabe, material 304, tr\u00eas tamanhos: 18 cm, 20 cm, 22 cm"},"content":{"rendered":"<h3 class=\"wp-block-heading\">Par\u00e2metros da panela de a\u00e7o inoxid\u00e1vel para neve<\/h3>\n\n\n\n<figure class=\"wp-block-table\"><table class=\"has-fixed-layout\"><tbody><tr><td>Item No.<\/td><td>Tamanho<\/td><td>Material<\/td><td>Qtd\/embalagem<\/td><td>Dimens\u00f5es da embalagem (cm)<\/td><\/tr><tr><td>HG-WTCNG16<\/td><td>16 cm<\/td><td>A\u00e7o inoxid\u00e1vel 304<\/td><td>6 unidades<\/td><td>67 \u00d7 51 \u00d7 38<\/td><\/tr><tr><td>HG-WTCNG18<\/td><td>18 cm<\/td><td>A\u00e7o inoxid\u00e1vel 304<\/td><td>6 unidades<\/td><td><br>71 \u00d7 56 \u00d7 42<\/td><\/tr><\/tbody><\/table><\/figure>\n\n\n\n<h3 class=\"wp-block-heading\">Par\u00e2metros da s\u00e9rie de utens\u00edlios de cozinha relacionados<\/h3>\n\n\n\n<figure class=\"wp-block-image size-full\"><img fetchpriority=\"high\" decoding=\"async\" width=\"3354\" height=\"1701\" src=\"https:\/\/www.hg-cooker.com\/wp-content\/uploads\/2025\/05\/Hengguang-cooking-pot-series-parameters.webp\" alt=\"Par\u00e2metros da s\u00e9rie de panelas Hengguang\" class=\"wp-image-5420\" srcset=\"https:\/\/www.hg-cooker.com\/wp-content\/uploads\/2025\/05\/Hengguang-cooking-pot-series-parameters.webp 3354w, https:\/\/www.hg-cooker.com\/wp-content\/uploads\/2025\/05\/Hengguang-cooking-pot-series-parameters-150x76.webp 150w, https:\/\/www.hg-cooker.com\/wp-content\/uploads\/2025\/05\/Hengguang-cooking-pot-series-parameters-660x335.webp 660w, https:\/\/www.hg-cooker.com\/wp-content\/uploads\/2025\/05\/Hengguang-cooking-pot-series-parameters-300x152.webp 300w, https:\/\/www.hg-cooker.com\/wp-content\/uploads\/2025\/05\/Hengguang-cooking-pot-series-parameters-768x389.webp 768w, https:\/\/www.hg-cooker.com\/wp-content\/uploads\/2025\/05\/Hengguang-cooking-pot-series-parameters-18x9.webp 18w, https:\/\/www.hg-cooker.com\/wp-content\/uploads\/2025\/05\/Hengguang-cooking-pot-series-parameters-285x145.webp 285w, https:\/\/www.hg-cooker.com\/wp-content\/uploads\/2025\/05\/Hengguang-cooking-pot-series-parameters-1600x811.webp 1600w\" sizes=\"(max-width: 3354px) 100vw, 3354px\" \/><figcaption class=\"wp-element-caption\">Par\u00e2metros da s\u00e9rie de panelas Hengguang<\/figcaption><\/figure>\n\n\n\n<div class=\"wp-block-columns is-layout-flex wp-container-core-columns-is-layout-9d6595d7 wp-block-columns-is-layout-flex\">\n<div class=\"wp-block-column is-layout-flow wp-block-column-is-layout-flow\"><\/div>\n\n\n\n<div class=\"wp-block-column is-layout-flow wp-block-column-is-layout-flow\"><\/div>\n\n\n\n<div class=\"wp-block-column is-layout-flow wp-block-column-is-layout-flow\"><\/div>\n<\/div>\n\n\n\n<div class=\"wp-block-columns is-layout-flex wp-container-core-columns-is-layout-9d6595d7 wp-block-columns-is-layout-flex\">\n<div class=\"wp-block-column is-layout-flow wp-block-column-is-layout-flow\"><\/div>\n\n\n\n<div class=\"wp-block-column is-layout-flow wp-block-column-is-layout-flow\"><\/div>\n\n\n\n<div class=\"wp-block-column is-layout-flow wp-block-column-is-layout-flow\"><\/div>\n<\/div>\n\n\n\n<div class=\"wp-block-columns is-layout-flex wp-container-core-columns-is-layout-9d6595d7 wp-block-columns-is-layout-flex\">\n<div class=\"wp-block-column is-layout-flow wp-block-column-is-layout-flow\"><\/div>\n\n\n\n<div class=\"wp-block-column is-layout-flow wp-block-column-is-layout-flow\"><\/div>\n\n\n\n<div class=\"wp-block-column is-layout-flow wp-block-column-is-layout-flow\"><\/div>\n<\/div>\n\n\n\n<div class=\"wp-block-columns is-layout-flex wp-container-core-columns-is-layout-9d6595d7 wp-block-columns-is-layout-flex\">\n<div class=\"wp-block-column is-layout-flow wp-block-column-is-layout-flow\"><\/div>\n\n\n\n<div class=\"wp-block-column is-layout-flow wp-block-column-is-layout-flow\"><\/div>\n\n\n\n<div class=\"wp-block-column is-layout-flow wp-block-column-is-layout-flow\"><\/div>\n<\/div>\n\n\n\n<div class=\"wp-block-columns is-layout-flex wp-container-core-columns-is-layout-9d6595d7 wp-block-columns-is-layout-flex\">\n<div class=\"wp-block-column is-layout-flow wp-block-column-is-layout-flow\"><\/div>\n\n\n\n<div class=\"wp-block-column is-layout-flow wp-block-column-is-layout-flow\"><\/div>\n\n\n\n<div class=\"wp-block-column is-layout-flow wp-block-column-is-layout-flow\"><\/div>\n<\/div>\n\n\n\n<div class=\"wp-block-columns is-layout-flex wp-container-core-columns-is-layout-9d6595d7 wp-block-columns-is-layout-flex\">\n<div class=\"wp-block-column is-layout-flow wp-block-column-is-layout-flow\"><\/div>\n\n\n\n<div class=\"wp-block-column is-layout-flow wp-block-column-is-layout-flow\"><\/div>\n\n\n\n<div class=\"wp-block-column is-layout-flow wp-block-column-is-layout-flow\"><\/div>\n<\/div>\n\n\n\n<div class=\"wp-block-columns is-layout-flex wp-container-core-columns-is-layout-9d6595d7 wp-block-columns-is-layout-flex\">\n<div class=\"wp-block-column is-layout-flow wp-block-column-is-layout-flow\"><\/div>\n\n\n\n<div class=\"wp-block-column is-layout-flow wp-block-column-is-layout-flow\"><\/div>\n\n\n\n<div class=\"wp-block-column is-layout-flow wp-block-column-is-layout-flow\"><\/div>\n<\/div>","protected":false},"excerpt":{"rendered":"<p>Panelas de a\u00e7o inoxid\u00e1vel para neve por atacado, ideais para ferver, estufar e cozinhar panelas quentes. Dispomos de tr\u00eas tamanhos comuns: 18cm, 20cm e 22cm. Apoio ao servi\u00e7o OEM, entre em contacto connosco para obter uma cota\u00e7\u00e3o.<\/p>\n<h2>Carater\u00edsticas da frigideira para neve em a\u00e7o inoxid\u00e1vel<\/h2>\n<p><strong>Aspeto elegante:<\/strong> Combinando o estilo de design do Yukinabe tradicional, a textura \u00e9 delicada e \u00e9 simultaneamente pr\u00e1tica e bonita.<\/p>\n<p><strong>Cabo de madeira:<\/strong> A frigideira para a neve est\u00e1 equipada com uma pega de madeira, que \u00e9 confort\u00e1vel de segurar e pode efetivamente evitar queimaduras ao cozinhar a altas temperaturas, tornando a sua utiliza\u00e7\u00e3o mais segura.<\/p>\n<p><strong>F\u00e1cil de limpar:<\/strong> A parede interior lisa de a\u00e7o inoxid\u00e1vel \u00e9 f\u00e1cil de limpar e permite a lavagem na m\u00e1quina de lavar lou\u00e7a, sendo adequada para fam\u00edlias com ritmo acelerado ou cozinhas comerciais.<\/p>\n<p><strong>Cen\u00e1rios aplic\u00e1veis:<\/strong> A panela de neve \u00e9 muito adequada para utiliza\u00e7\u00e3o em casa e em restaurantes japoneses. Pode ser utilizada para estufar sopa, cozinhar noodles, panela quente, oden, etc.<\/p>\n<p><strong>Suporte de servi\u00e7o OEM&amp;ODM:<\/strong> Suporta personaliza\u00e7\u00e3o multidimensional, incluindo grava\u00e7\u00e3o a laser do log\u00f3tipo, tamanho e embalagem personalizados, etc.<\/p>","protected":false},"featured_media":5427,"comment_status":"closed","ping_status":"closed","template":"","meta":[],"product_brand":[],"product_cat":[52],"product_tag":[],"class_list":{"0":"post-5422","1":"product","2":"type-product","3":"status-publish","4":"has-post-thumbnail","6":"product_cat-stainless-steel-cookware","8":"first","9":"instock","10":"shipping-taxable","11":"product-type-simple"},"_links":{"self":[{"href":"https:\/\/www.hg-cooker.com\/pt\/wp-json\/wp\/v2\/product\/5422","targetHints":{"allow":["GET"]}}],"collection":[{"href":"https:\/\/www.hg-cooker.com\/pt\/wp-json\/wp\/v2\/product"}],"about":[{"href":"https:\/\/www.hg-cooker.com\/pt\/wp-json\/wp\/v2\/types\/product"}],"replies":[{"embeddable":true,"href":"https:\/\/www.hg-cooker.com\/pt\/wp-json\/wp\/v2\/comments?post=5422"}],"wp:featuredmedia":[{"embeddable":true,"href":"https:\/\/www.hg-cooker.com\/pt\/wp-json\/wp\/v2\/media\/5427"}],"wp:attachment":[{"href":"https:\/\/www.hg-cooker.com\/pt\/wp-json\/wp\/v2\/media?parent=5422"}],"wp:term":[{"taxonomy":"product_brand","embeddable":true,"href":"https:\/\/www.hg-cooker.com\/pt\/wp-json\/wp\/v2\/product_brand?post=5422"},{"taxonomy":"product_cat","embeddable":true,"href":"https:\/\/www.hg-cooker.com\/pt\/wp-json\/wp\/v2\/product_cat?post=5422"},{"taxonomy":"product_tag","embeddable":true,"href":"https:\/\/www.hg-cooker.com\/pt\/wp-json\/wp\/v2\/product_tag?post=5422"}],"curies":[{"name":"wp","href":"https:\/\/api.w.org\/{rel}","templated":true}]}}