{"id":5414,"date":"2025-08-16T01:08:31","date_gmt":"2025-08-16T01:08:31","guid":{"rendered":"https:\/\/www.hg-cooker.com\/?post_type=product&#038;p=5414"},"modified":"2025-09-13T02:45:35","modified_gmt":"2025-09-13T02:45:35","slug":"pote-de-leite-fervente-de-aco-inoxidavel-por-atacado-66","status":"publish","type":"product","link":"https:\/\/www.hg-cooker.com\/pt\/produto\/pote-de-leite-fervente-de-aco-inoxidavel-por-atacado-66\/","title":{"rendered":"Frasco de leite de a\u00e7o inoxid\u00e1vel por atacado, dois tamanhos: 16cm e 18cm - N\u00e3o revestido, a\u00e7o inoxid\u00e1vel de qualidade alimentar"},"content":{"rendered":"<h3 class=\"wp-block-heading\">Par\u00e2metros do recipiente para leite em a\u00e7o inoxid\u00e1vel<\/h3>\n\n\n\n<figure class=\"wp-block-table\"><table class=\"has-fixed-layout\"><tbody><tr><td>N\u00famero de arte<\/td><td>Especifica\u00e7\u00f5es<\/td><td>Material<\/td><td>Quantidade da embalagem<\/td><td>Tamanho da embalagem (cm)<\/td><\/tr><tr><td>HG-WTCNG16<\/td><td>16 cm<\/td><td>A\u00e7o inoxid\u00e1vel 304<\/td><td>6 unidades<\/td><td>67\u00d751\u00d738<\/td><\/tr><tr><td>HG-WTCNG18<\/td><td>18 cm<\/td><td>A\u00e7o inoxid\u00e1vel 304<\/td><td>6 unidades<\/td><td>71\u00d756\u00d742<\/td><\/tr><\/tbody><\/table><\/figure>\n\n\n\n<h3 class=\"wp-block-heading\">Par\u00e2metros da s\u00e9rie de utens\u00edlios de cozinha relacionados<\/h3>\n\n\n<div class=\"wp-block-image\">\n<figure class=\"aligncenter size-full\"><img fetchpriority=\"high\" decoding=\"async\" width=\"3354\" height=\"1701\" src=\"https:\/\/www.hg-cooker.com\/wp-content\/uploads\/2025\/05\/Hengguang-cooking-pot-series-parameters.webp\" alt=\"Par\u00e2metros da s\u00e9rie de panelas Hengguang\" class=\"wp-image-5420\" srcset=\"https:\/\/www.hg-cooker.com\/wp-content\/uploads\/2025\/05\/Hengguang-cooking-pot-series-parameters.webp 3354w, https:\/\/www.hg-cooker.com\/wp-content\/uploads\/2025\/05\/Hengguang-cooking-pot-series-parameters-150x76.webp 150w, https:\/\/www.hg-cooker.com\/wp-content\/uploads\/2025\/05\/Hengguang-cooking-pot-series-parameters-660x335.webp 660w, https:\/\/www.hg-cooker.com\/wp-content\/uploads\/2025\/05\/Hengguang-cooking-pot-series-parameters-300x152.webp 300w, https:\/\/www.hg-cooker.com\/wp-content\/uploads\/2025\/05\/Hengguang-cooking-pot-series-parameters-768x389.webp 768w, https:\/\/www.hg-cooker.com\/wp-content\/uploads\/2025\/05\/Hengguang-cooking-pot-series-parameters-18x9.webp 18w, https:\/\/www.hg-cooker.com\/wp-content\/uploads\/2025\/05\/Hengguang-cooking-pot-series-parameters-285x145.webp 285w, https:\/\/www.hg-cooker.com\/wp-content\/uploads\/2025\/05\/Hengguang-cooking-pot-series-parameters-1600x811.webp 1600w\" sizes=\"(max-width: 3354px) 100vw, 3354px\" \/><figcaption class=\"wp-element-caption\">Par\u00e2metros da s\u00e9rie de panelas Hengguang<\/figcaption><\/figure>\n<\/div>\n\n\n<p><\/p>","protected":false},"excerpt":{"rendered":"<p>Frigideiras de leite em a\u00e7o inoxid\u00e1vel por atacado, de 16 cm e 18 cm em dois tamanhos, adequadas para cozinhas dom\u00e9sticas, dormit\u00f3rios e mesmo para utiliza\u00e7\u00e3o no exterior, para aquecer leite, preparar comida para beb\u00e9, cozer ovos ou fazer molhos.<\/p>\n<h2>Carater\u00edsticas da leiteira de a\u00e7o inoxid\u00e1vel<\/h2>\n<p><strong>Material de a\u00e7o inoxid\u00e1vel de qualidade alimentar:<\/strong> Fabricado em a\u00e7o inoxid\u00e1vel 304 de qualidade alimentar, cumpre as normas internacionais de seguran\u00e7a alimentar.<\/p>\n<p><strong>Desenho n\u00e3o revestido:<\/strong> Design sem revestimento, pelo que este pote de leite em a\u00e7o inoxid\u00e1vel n\u00e3o precisa de se preocupar com riscos ou derramamento de revestimento, e tem uma vida \u00fatil mais longa.<\/p>\n<p><strong>Design ergon\u00f3mico da pega:<\/strong> Equipado com uma pega anti-escaldante, \u00e9 est\u00e1vel para segurar e mais seguro para mover.<\/p>\n<p><strong>Aplica\u00e7\u00e3o multi-cena:<\/strong> O pequeno pote de leite pode ser utilizado em cozinhas dom\u00e9sticas, dormit\u00f3rios de estudantes, piqueniques em parques de campismo e cenas comerciais de catering.<\/p>\n<p><strong>Servi\u00e7o OEM e ODM:<\/strong> Log\u00f3tipo personaliz\u00e1vel, embalagem exterior, cor da pega, tamanho e espessura, pode ser equipada com tampa de vidro ou tampa de a\u00e7o inoxid\u00e1vel para satisfazer as diferentes prefer\u00eancias do mercado.<\/p>","protected":false},"featured_media":5418,"comment_status":"closed","ping_status":"closed","template":"","meta":[],"product_brand":[],"product_cat":[52],"product_tag":[],"class_list":{"0":"post-5414","1":"product","2":"type-product","3":"status-publish","4":"has-post-thumbnail","6":"product_cat-stainless-steel-cookware","8":"first","9":"instock","10":"shipping-taxable","11":"product-type-simple"},"_links":{"self":[{"href":"https:\/\/www.hg-cooker.com\/pt\/wp-json\/wp\/v2\/product\/5414","targetHints":{"allow":["GET"]}}],"collection":[{"href":"https:\/\/www.hg-cooker.com\/pt\/wp-json\/wp\/v2\/product"}],"about":[{"href":"https:\/\/www.hg-cooker.com\/pt\/wp-json\/wp\/v2\/types\/product"}],"replies":[{"embeddable":true,"href":"https:\/\/www.hg-cooker.com\/pt\/wp-json\/wp\/v2\/comments?post=5414"}],"wp:featuredmedia":[{"embeddable":true,"href":"https:\/\/www.hg-cooker.com\/pt\/wp-json\/wp\/v2\/media\/5418"}],"wp:attachment":[{"href":"https:\/\/www.hg-cooker.com\/pt\/wp-json\/wp\/v2\/media?parent=5414"}],"wp:term":[{"taxonomy":"product_brand","embeddable":true,"href":"https:\/\/www.hg-cooker.com\/pt\/wp-json\/wp\/v2\/product_brand?post=5414"},{"taxonomy":"product_cat","embeddable":true,"href":"https:\/\/www.hg-cooker.com\/pt\/wp-json\/wp\/v2\/product_cat?post=5414"},{"taxonomy":"product_tag","embeddable":true,"href":"https:\/\/www.hg-cooker.com\/pt\/wp-json\/wp\/v2\/product_tag?post=5414"}],"curies":[{"name":"wp","href":"https:\/\/api.w.org\/{rel}","templated":true}]}}