{"id":5301,"date":"2025-04-10T08:53:49","date_gmt":"2025-04-10T08:53:49","guid":{"rendered":"https:\/\/www.hg-cooker.com\/?post_type=product&#038;p=5301"},"modified":"2025-04-10T09:20:37","modified_gmt":"2025-04-10T09:20:37","slug":"pote-de-leite-fervente-de-aco-inoxidavel-por-atacado-65","status":"publish","type":"product","link":"https:\/\/www.hg-cooker.com\/pt\/produto\/pote-de-leite-fervente-de-aco-inoxidavel-por-atacado-65\/","title":{"rendered":"Material de a\u00e7o inoxid\u00e1vel Tri Ply por atacado para a fabrica\u00e7\u00e3o de panelas"},"content":{"rendered":"<div class=\"wp-block-columns is-layout-flex wp-container-core-columns-is-layout-9d6595d7 wp-block-columns-is-layout-flex\">\n<div class=\"wp-block-column is-layout-flow wp-block-column-is-layout-flow\">\n<h2 class=\"wp-block-heading\">Par\u00e2metros dos discos de a\u00e7o inoxid\u00e1vel de tr\u00eas camadas<\/h2>\n\n\n\n<p><strong>Nome do produto<\/strong>Discos em a\u00e7o inoxid\u00e1vel composto de tr\u00eas camadas<\/p>\n\n\n\n<p><strong>Material do produto<\/strong>:A\u00e7o inoxid\u00e1vel 304\/316 + alum\u00ednio + a\u00e7o inoxid\u00e1vel 430<br><br><strong>Espessura opcional do produto<\/strong>:<br>1.8mm\/2.0mm\/2.2mm\/2.5mm\/3.0mm<\/p>\n\n\n\n<p><strong>Formas do produto<\/strong>:circular \/ de forma especial<\/p>\n\n\n\n<p><strong>Tamanho opcional do produto<\/strong>:<br>O tamanho circular pode ser de 250mm-500mm.<br>O tamanho da forma especial pode ser de 900 mm.<\/p>\n<\/div>\n\n\n\n<div class=\"wp-block-column is-layout-flow wp-block-column-is-layout-flow\">\n<h2 class=\"wp-block-heading\">Op\u00e7\u00f5es personaliz\u00e1veis<\/h2>\n\n\n\n<p><strong>Padr\u00e3o<\/strong>Personaliza\u00e7\u00e3o de todos os tipos de padr\u00f5es nos discos de a\u00e7o inoxid\u00e1vel de tr\u00eas camadas.<br><br><strong>Material<\/strong>:A\u00e7o inoxid\u00e1vel 304\/316 + alum\u00ednio + a\u00e7o inoxid\u00e1vel 430<br><br><strong>Tamanho<\/strong>Personaliza\u00e7\u00e3o de diferentes tamanhos de discos de a\u00e7o inoxid\u00e1vel de tr\u00eas camadas.<br><br><strong>Formas<\/strong>:Placas redondas \/ Qualquer forma especial<br><br><strong>MOQ<\/strong>:1000 pe\u00e7as<\/p>\n\n\n\n<p><a href=\"https:\/\/www.hg-cooker.com\/pt\/discos-de-aco-inoxidavel-de-tres-camadas\/\" target=\"_blank\" rel=\"noreferrer noopener\"><strong>Explore mais detalhes personalizados de discos de a\u00e7o inoxid\u00e1vel de tr\u00eas camadas<\/strong><\/a><\/p>\n<\/div>\n<\/div>\n\n\n\n<div class=\"wp-block-columns is-layout-flex wp-container-core-columns-is-layout-9d6595d7 wp-block-columns-is-layout-flex\">\n<div class=\"wp-block-column is-layout-flow wp-block-column-is-layout-flow\">\n<figure class=\"wp-block-image size-full\"><img fetchpriority=\"high\" decoding=\"async\" width=\"1800\" height=\"1350\" src=\"https:\/\/www.hg-cooker.com\/wp-content\/uploads\/2025\/04\/Henguang-tri-ply-stainless-steel-material-manufacturing-factory-1.webp\" alt=\"F\u00e1brica de fabrico de material de a\u00e7o inoxid\u00e1vel de tr\u00eas camadas de Henguang (1)\" class=\"wp-image-5306\" srcset=\"https:\/\/www.hg-cooker.com\/wp-content\/uploads\/2025\/04\/Henguang-tri-ply-stainless-steel-material-manufacturing-factory-1.webp 1800w, https:\/\/www.hg-cooker.com\/wp-content\/uploads\/2025\/04\/Henguang-tri-ply-stainless-steel-material-manufacturing-factory-1-150x113.webp 150w, https:\/\/www.hg-cooker.com\/wp-content\/uploads\/2025\/04\/Henguang-tri-ply-stainless-steel-material-manufacturing-factory-1-660x495.webp 660w, https:\/\/www.hg-cooker.com\/wp-content\/uploads\/2025\/04\/Henguang-tri-ply-stainless-steel-material-manufacturing-factory-1-300x225.webp 300w, https:\/\/www.hg-cooker.com\/wp-content\/uploads\/2025\/04\/Henguang-tri-ply-stainless-steel-material-manufacturing-factory-1-768x576.webp 768w, https:\/\/www.hg-cooker.com\/wp-content\/uploads\/2025\/04\/Henguang-tri-ply-stainless-steel-material-manufacturing-factory-1-16x12.webp 16w, https:\/\/www.hg-cooker.com\/wp-content\/uploads\/2025\/04\/Henguang-tri-ply-stainless-steel-material-manufacturing-factory-1-285x214.webp 285w, https:\/\/www.hg-cooker.com\/wp-content\/uploads\/2025\/04\/Henguang-tri-ply-stainless-steel-material-manufacturing-factory-1-1600x1200.webp 1600w, https:\/\/www.hg-cooker.com\/wp-content\/uploads\/2025\/04\/Henguang-tri-ply-stainless-steel-material-manufacturing-factory-1-800x600.webp 800w\" sizes=\"(max-width: 1800px) 100vw, 1800px\" \/><\/figure>\n<\/div>\n\n\n\n<div class=\"wp-block-column is-layout-flow wp-block-column-is-layout-flow\">\n<figure class=\"wp-block-image size-full\"><img decoding=\"async\" width=\"1800\" height=\"1350\" src=\"https:\/\/www.hg-cooker.com\/wp-content\/uploads\/2025\/04\/Henguang-tri-ply-stainless-steel-material-manufacturing-factory-2.webp\" alt=\"F\u00e1brica de fabrico de material de a\u00e7o inoxid\u00e1vel de tr\u00eas camadas de Henguang (2)\" class=\"wp-image-5308\" srcset=\"https:\/\/www.hg-cooker.com\/wp-content\/uploads\/2025\/04\/Henguang-tri-ply-stainless-steel-material-manufacturing-factory-2.webp 1800w, https:\/\/www.hg-cooker.com\/wp-content\/uploads\/2025\/04\/Henguang-tri-ply-stainless-steel-material-manufacturing-factory-2-150x113.webp 150w, https:\/\/www.hg-cooker.com\/wp-content\/uploads\/2025\/04\/Henguang-tri-ply-stainless-steel-material-manufacturing-factory-2-660x495.webp 660w, https:\/\/www.hg-cooker.com\/wp-content\/uploads\/2025\/04\/Henguang-tri-ply-stainless-steel-material-manufacturing-factory-2-300x225.webp 300w, https:\/\/www.hg-cooker.com\/wp-content\/uploads\/2025\/04\/Henguang-tri-ply-stainless-steel-material-manufacturing-factory-2-768x576.webp 768w, https:\/\/www.hg-cooker.com\/wp-content\/uploads\/2025\/04\/Henguang-tri-ply-stainless-steel-material-manufacturing-factory-2-16x12.webp 16w, https:\/\/www.hg-cooker.com\/wp-content\/uploads\/2025\/04\/Henguang-tri-ply-stainless-steel-material-manufacturing-factory-2-285x214.webp 285w, https:\/\/www.hg-cooker.com\/wp-content\/uploads\/2025\/04\/Henguang-tri-ply-stainless-steel-material-manufacturing-factory-2-1600x1200.webp 1600w, https:\/\/www.hg-cooker.com\/wp-content\/uploads\/2025\/04\/Henguang-tri-ply-stainless-steel-material-manufacturing-factory-2-800x600.webp 800w\" sizes=\"(max-width: 1800px) 100vw, 1800px\" \/><\/figure>\n<\/div>\n<\/div>","protected":false},"excerpt":{"rendered":"<p>A Hengguang fornece materiais de a\u00e7o inoxid\u00e1vel de tr\u00eas camadas de alta qualidade para a fabrica\u00e7\u00e3o de utens\u00edlios de cozinha, suportando personaliza\u00e7\u00e3o de gama completa, incluindo espessura, tamanho, textura, forma, etc. Fornecimento fi\u00e1vel, pre\u00e7o competitivo e entrega r\u00e1pida em 15 dias.<\/p>\n<h2>Carater\u00edsticas e vantagens do material de a\u00e7o inoxid\u00e1vel Tri Ply<\/h2>\n<p><strong>Desempenho Premium:<\/strong> O a\u00e7o inoxid\u00e1vel de tr\u00eas camadas \u00e9 o material de elei\u00e7\u00e3o para os utens\u00edlios de cozinha dos cozinheiros profissionais. A inclus\u00e3o deste material na sua linha de produtos permitir-lhe-\u00e1 visar consumidores de elevado valor e desenvolver o mercado dos utens\u00edlios de cozinha de gama alta.<\/p>\n<p><strong>Elevada durabilidade e resist\u00eancia estrutural:<\/strong> A constru\u00e7\u00e3o de tr\u00eas camadas resiste eficazmente \u00e0 deforma\u00e7\u00e3o, mesmo em processos de fabrico a alta temperatura, como a colagem por impacto e a forma\u00e7\u00e3o por press\u00e3o. Isto significa menos defeitos, menos devolu\u00e7\u00f5es e uma durabilidade do produto a longo prazo.<\/p>\n<p><strong>Compat\u00edvel com indu\u00e7\u00e3o e vers\u00e1til:<\/strong> O inv\u00f3lucro magn\u00e9tico em a\u00e7o inoxid\u00e1vel torna este utens\u00edlio de cozinha compat\u00edvel com a indu\u00e7\u00e3o, bem como com todos os outros fog\u00f5es. Agora pode vender os seus utens\u00edlios de cozinha como um produto verdadeiramente universal, adquirindo assim uma base de clientes mais alargada.<\/p>\n<p><strong>F\u00e1cil de processar:<\/strong> O nosso a\u00e7o inoxid\u00e1vel de tr\u00eas camadas \u00e9 f\u00e1cil de moldar, soldar e polir, permitindo-lhe simplificar o seu processo de produ\u00e7\u00e3o e obter resultados de alta qualidade.<\/p>\n<p><strong>Servi\u00e7o personalizado:<\/strong> Oferecemos padr\u00f5es, espessuras, tamanhos e formas personalizados para material de a\u00e7o inoxid\u00e1vel triplo para satisfazer as suas necessidades de fabrico de utens\u00edlios de cozinha.<\/p>","protected":false},"featured_media":5303,"comment_status":"closed","ping_status":"closed","template":"","meta":[],"product_brand":[],"product_cat":[53],"product_tag":[],"class_list":{"0":"post-5301","1":"product","2":"type-product","3":"status-publish","4":"has-post-thumbnail","6":"product_cat-tri-ply-stainless-steel-discs","8":"first","9":"instock","10":"shipping-taxable","11":"product-type-simple"},"_links":{"self":[{"href":"https:\/\/www.hg-cooker.com\/pt\/wp-json\/wp\/v2\/product\/5301","targetHints":{"allow":["GET"]}}],"collection":[{"href":"https:\/\/www.hg-cooker.com\/pt\/wp-json\/wp\/v2\/product"}],"about":[{"href":"https:\/\/www.hg-cooker.com\/pt\/wp-json\/wp\/v2\/types\/product"}],"replies":[{"embeddable":true,"href":"https:\/\/www.hg-cooker.com\/pt\/wp-json\/wp\/v2\/comments?post=5301"}],"wp:featuredmedia":[{"embeddable":true,"href":"https:\/\/www.hg-cooker.com\/pt\/wp-json\/wp\/v2\/media\/5303"}],"wp:attachment":[{"href":"https:\/\/www.hg-cooker.com\/pt\/wp-json\/wp\/v2\/media?parent=5301"}],"wp:term":[{"taxonomy":"product_brand","embeddable":true,"href":"https:\/\/www.hg-cooker.com\/pt\/wp-json\/wp\/v2\/product_brand?post=5301"},{"taxonomy":"product_cat","embeddable":true,"href":"https:\/\/www.hg-cooker.com\/pt\/wp-json\/wp\/v2\/product_cat?post=5301"},{"taxonomy":"product_tag","embeddable":true,"href":"https:\/\/www.hg-cooker.com\/pt\/wp-json\/wp\/v2\/product_tag?post=5301"}],"curies":[{"name":"wp","href":"https:\/\/api.w.org\/{rel}","templated":true}]}}