{"id":5239,"date":"2025-04-02T06:09:15","date_gmt":"2025-04-02T06:09:15","guid":{"rendered":"https:\/\/www.hg-cooker.com\/?post_type=product&#038;p=5239"},"modified":"2025-04-02T06:54:24","modified_gmt":"2025-04-02T06:54:24","slug":"pote-de-leite-fervente-de-aco-inoxidavel-por-atacado-64","status":"publish","type":"product","link":"https:\/\/www.hg-cooker.com\/pt\/produto\/pote-de-leite-fervente-de-aco-inoxidavel-por-atacado-64\/","title":{"rendered":"Panelas de cozinha suspensas por atacado, panela seca suspensa com al\u00e7a curva, panela quente de frutos do mar \uff0c Pote de Jjigae Budae"},"content":{"rendered":"<h3 class=\"wp-block-heading\">Detalhes de Tachos de cozinha suspensos<\/h3>\n\n\n\n<div class=\"wp-block-columns is-layout-flex wp-container-core-columns-is-layout-9d6595d7 wp-block-columns-is-layout-flex\">\n<div class=\"wp-block-column is-layout-flow wp-block-column-is-layout-flow\">\n<figure class=\"wp-block-image size-full\"><img fetchpriority=\"high\" decoding=\"async\" width=\"2500\" height=\"3750\" src=\"https:\/\/www.hg-cooker.com\/wp-content\/uploads\/2025\/04\/Hanging-Cooking-Pots-Details-1.webp\" alt=\"Detalhes das panelas suspensas (1)\" class=\"wp-image-5240\" srcset=\"https:\/\/www.hg-cooker.com\/wp-content\/uploads\/2025\/04\/Hanging-Cooking-Pots-Details-1.webp 2500w, https:\/\/www.hg-cooker.com\/wp-content\/uploads\/2025\/04\/Hanging-Cooking-Pots-Details-1-100x150.webp 100w, https:\/\/www.hg-cooker.com\/wp-content\/uploads\/2025\/04\/Hanging-Cooking-Pots-Details-1-440x660.webp 440w, https:\/\/www.hg-cooker.com\/wp-content\/uploads\/2025\/04\/Hanging-Cooking-Pots-Details-1-200x300.webp 200w, https:\/\/www.hg-cooker.com\/wp-content\/uploads\/2025\/04\/Hanging-Cooking-Pots-Details-1-768x1152.webp 768w, https:\/\/www.hg-cooker.com\/wp-content\/uploads\/2025\/04\/Hanging-Cooking-Pots-Details-1-8x12.webp 8w, https:\/\/www.hg-cooker.com\/wp-content\/uploads\/2025\/04\/Hanging-Cooking-Pots-Details-1-285x428.webp 285w, https:\/\/www.hg-cooker.com\/wp-content\/uploads\/2025\/04\/Hanging-Cooking-Pots-Details-1-1600x2400.webp 1600w\" sizes=\"(max-width: 2500px) 100vw, 2500px\" \/><\/figure>\n<\/div>\n\n\n\n<div class=\"wp-block-column is-layout-flow wp-block-column-is-layout-flow\">\n<figure class=\"wp-block-image size-full\"><img decoding=\"async\" width=\"2500\" height=\"3750\" src=\"https:\/\/www.hg-cooker.com\/wp-content\/uploads\/2025\/04\/Hanging-Cooking-Pots-Details-2.webp\" alt=\"Detalhes das panelas suspensas (2)\" class=\"wp-image-5241\" srcset=\"https:\/\/www.hg-cooker.com\/wp-content\/uploads\/2025\/04\/Hanging-Cooking-Pots-Details-2.webp 2500w, https:\/\/www.hg-cooker.com\/wp-content\/uploads\/2025\/04\/Hanging-Cooking-Pots-Details-2-100x150.webp 100w, https:\/\/www.hg-cooker.com\/wp-content\/uploads\/2025\/04\/Hanging-Cooking-Pots-Details-2-440x660.webp 440w, https:\/\/www.hg-cooker.com\/wp-content\/uploads\/2025\/04\/Hanging-Cooking-Pots-Details-2-200x300.webp 200w, https:\/\/www.hg-cooker.com\/wp-content\/uploads\/2025\/04\/Hanging-Cooking-Pots-Details-2-768x1152.webp 768w, https:\/\/www.hg-cooker.com\/wp-content\/uploads\/2025\/04\/Hanging-Cooking-Pots-Details-2-8x12.webp 8w, https:\/\/www.hg-cooker.com\/wp-content\/uploads\/2025\/04\/Hanging-Cooking-Pots-Details-2-285x428.webp 285w, https:\/\/www.hg-cooker.com\/wp-content\/uploads\/2025\/04\/Hanging-Cooking-Pots-Details-2-1600x2400.webp 1600w\" sizes=\"(max-width: 2500px) 100vw, 2500px\" \/><\/figure>\n<\/div>\n<\/div>\n\n\n\n<h3 class=\"wp-block-heading\">Par\u00e2metros das panelas suspensas<\/h3>\n\n\n\n<figure class=\"wp-block-table\"><table class=\"has-fixed-layout\"><tbody><tr><td>Nome do produto<\/td><td>Tamanho&nbsp;<\/td><td>Material<\/td><td>PCS\/CTN<\/td><td>Peso bruto (kg)<\/td><td>Tamanho da caixa<\/td><\/tr><tr><td rowspan=\"4\">Pote de cozinha suspenso (Pote seco)<\/td><td>20CM<\/td><td>A\u00e7o inoxid\u00e1vel de tr\u00eas camadas&nbsp;<\/td><td>20<\/td><td>13,5 kg<\/td><td>22*22*42.5<\/td><\/tr><tr><td>22CM<\/td><td>A\u00e7o inoxid\u00e1vel de tr\u00eas camadas&nbsp;<\/td><td>20<\/td><td>16,2 kg<\/td><td>24*24*43<\/td><\/tr><tr><td>24CM<\/td><td>A\u00e7o inoxid\u00e1vel de tr\u00eas camadas&nbsp;<\/td><td>20<\/td><td>19 kg<\/td><td>26*26*45.5<\/td><\/tr><tr><td>26CM<\/td><td>A\u00e7o inoxid\u00e1vel de tr\u00eas camadas&nbsp;<\/td><td>20<\/td><td>20,6 kg<\/td><td>28*28*43.5<\/td><\/tr><\/tbody><\/table><\/figure>","protected":false},"excerpt":{"rendered":"<p>Panelas de cozinha suspensas por atacado, especialmente concebidas para a cozinha japonesa e coreana, perfeitas para cozinhas cl\u00e1ssicas como budae jjigae, sukiyaki, oden, kaisen nabe, etc. Compat\u00edvel com fog\u00f5es a \u00e1lcool, chamas abertas, fornos e outros m\u00e9todos de aquecimento, e pode mesmo ser utilizada em campismo ao ar livre, satisfazendo uma variedade de necessidades de utiliza\u00e7\u00e3o. Esta panela suspensa \u00e9 a escolha ideal para churrascarias coreanas e cadeias de hot pot. Bem-vindo a contactar-nos para um or\u00e7amento.<\/p>\n<h2>Carater\u00edsticas e vantagens das panelas suspensas<\/h2>\n<p><strong>Pega curva para pendurar:<\/strong> As pegas robustas e ergon\u00f3micas facilitam a arruma\u00e7\u00e3o suspensa, adequadas para restaurantes especializados e utiliza\u00e7\u00e3o em campismo ao ar livre.<\/p>\n<p><strong>Compat\u00edvel com v\u00e1rias fontes de calor:<\/strong> Pode ser utilizado em fog\u00f5es a \u00e1lcool, chamas abertas e queimadores port\u00e1teis, adequado para cozinhar no exterior e no interior.<\/p>\n<p><strong>Aplica\u00e7\u00f5es de cozedura vers\u00e1teis:<\/strong> Adequado para uma variedade de pratos, como marisco na panela quente, budae jjigae (guisado do ex\u00e9rcito coreano), sopas, guisados e at\u00e9 pratos estufados.<\/p>\n<p><strong>F\u00e1cil de limpar e manter:<\/strong> A superf\u00edcie interior polida facilita a limpeza e evita que os alimentos se colem.<\/p>\n<p><strong>Apelo Premium:<\/strong> Elegante e dur\u00e1vel, \u00e9 a escolha ideal para restaurantes de luxo, bares japoneses e churrascarias coreanas.<\/p>","protected":false},"featured_media":5242,"comment_status":"closed","ping_status":"closed","template":"","meta":[],"product_brand":[],"product_cat":[65],"product_tag":[],"class_list":{"0":"post-5239","1":"product","2":"type-product","3":"status-publish","4":"has-post-thumbnail","6":"product_cat-dry-pot","8":"first","9":"instock","10":"shipping-taxable","11":"product-type-simple"},"_links":{"self":[{"href":"https:\/\/www.hg-cooker.com\/pt\/wp-json\/wp\/v2\/product\/5239","targetHints":{"allow":["GET"]}}],"collection":[{"href":"https:\/\/www.hg-cooker.com\/pt\/wp-json\/wp\/v2\/product"}],"about":[{"href":"https:\/\/www.hg-cooker.com\/pt\/wp-json\/wp\/v2\/types\/product"}],"replies":[{"embeddable":true,"href":"https:\/\/www.hg-cooker.com\/pt\/wp-json\/wp\/v2\/comments?post=5239"}],"wp:featuredmedia":[{"embeddable":true,"href":"https:\/\/www.hg-cooker.com\/pt\/wp-json\/wp\/v2\/media\/5242"}],"wp:attachment":[{"href":"https:\/\/www.hg-cooker.com\/pt\/wp-json\/wp\/v2\/media?parent=5239"}],"wp:term":[{"taxonomy":"product_brand","embeddable":true,"href":"https:\/\/www.hg-cooker.com\/pt\/wp-json\/wp\/v2\/product_brand?post=5239"},{"taxonomy":"product_cat","embeddable":true,"href":"https:\/\/www.hg-cooker.com\/pt\/wp-json\/wp\/v2\/product_cat?post=5239"},{"taxonomy":"product_tag","embeddable":true,"href":"https:\/\/www.hg-cooker.com\/pt\/wp-json\/wp\/v2\/product_tag?post=5239"}],"curies":[{"name":"wp","href":"https:\/\/api.w.org\/{rel}","templated":true}]}}