{"id":5223,"date":"2025-04-02T03:39:08","date_gmt":"2025-04-02T03:39:08","guid":{"rendered":"https:\/\/www.hg-cooker.com\/?post_type=product&#038;p=5223"},"modified":"2025-04-02T04:05:29","modified_gmt":"2025-04-02T04:05:29","slug":"pote-de-leite-fervente-de-aco-inoxidavel-por-atacado-63","status":"publish","type":"product","link":"https:\/\/www.hg-cooker.com\/pt\/produto\/pote-de-leite-fervente-de-aco-inoxidavel-por-atacado-63\/","title":{"rendered":"Pote de Budae Jjigae por atacado com al\u00e7a, pote de frutos do mar cozidos, pote quente"},"content":{"rendered":"<h3 class=\"wp-block-heading\">Detalhes de Budae Jjigae Pote com Al\u00e7a<\/h3>\n\n\n\n<div class=\"wp-block-columns is-layout-flex wp-container-core-columns-is-layout-9d6595d7 wp-block-columns-is-layout-flex\">\n<div class=\"wp-block-column is-layout-flow wp-block-column-is-layout-flow\">\n<figure class=\"wp-block-image size-full\"><img fetchpriority=\"high\" decoding=\"async\" width=\"1800\" height=\"2700\" src=\"https:\/\/www.hg-cooker.com\/wp-content\/uploads\/2025\/04\/Budae-Jjigae-Pot-Details-1.webp\" alt=\"Detalhes do pote de Budae Jjigae (1)\" class=\"wp-image-5230\" srcset=\"https:\/\/www.hg-cooker.com\/wp-content\/uploads\/2025\/04\/Budae-Jjigae-Pot-Details-1.webp 1800w, https:\/\/www.hg-cooker.com\/wp-content\/uploads\/2025\/04\/Budae-Jjigae-Pot-Details-1-100x150.webp 100w, https:\/\/www.hg-cooker.com\/wp-content\/uploads\/2025\/04\/Budae-Jjigae-Pot-Details-1-440x660.webp 440w, https:\/\/www.hg-cooker.com\/wp-content\/uploads\/2025\/04\/Budae-Jjigae-Pot-Details-1-200x300.webp 200w, https:\/\/www.hg-cooker.com\/wp-content\/uploads\/2025\/04\/Budae-Jjigae-Pot-Details-1-768x1152.webp 768w, https:\/\/www.hg-cooker.com\/wp-content\/uploads\/2025\/04\/Budae-Jjigae-Pot-Details-1-8x12.webp 8w, https:\/\/www.hg-cooker.com\/wp-content\/uploads\/2025\/04\/Budae-Jjigae-Pot-Details-1-285x428.webp 285w, https:\/\/www.hg-cooker.com\/wp-content\/uploads\/2025\/04\/Budae-Jjigae-Pot-Details-1-1600x2400.webp 1600w\" sizes=\"(max-width: 1800px) 100vw, 1800px\" \/><\/figure>\n<\/div>\n\n\n\n<div class=\"wp-block-column is-layout-flow wp-block-column-is-layout-flow\">\n<figure class=\"wp-block-image size-full\"><img decoding=\"async\" width=\"1800\" height=\"2700\" src=\"https:\/\/www.hg-cooker.com\/wp-content\/uploads\/2025\/04\/Budae-Jjigae-Pot-Details-2.webp\" alt=\"Detalhes do pote de Budae Jjigae (2)\" class=\"wp-image-5231\" srcset=\"https:\/\/www.hg-cooker.com\/wp-content\/uploads\/2025\/04\/Budae-Jjigae-Pot-Details-2.webp 1800w, https:\/\/www.hg-cooker.com\/wp-content\/uploads\/2025\/04\/Budae-Jjigae-Pot-Details-2-100x150.webp 100w, https:\/\/www.hg-cooker.com\/wp-content\/uploads\/2025\/04\/Budae-Jjigae-Pot-Details-2-440x660.webp 440w, https:\/\/www.hg-cooker.com\/wp-content\/uploads\/2025\/04\/Budae-Jjigae-Pot-Details-2-200x300.webp 200w, https:\/\/www.hg-cooker.com\/wp-content\/uploads\/2025\/04\/Budae-Jjigae-Pot-Details-2-768x1152.webp 768w, https:\/\/www.hg-cooker.com\/wp-content\/uploads\/2025\/04\/Budae-Jjigae-Pot-Details-2-8x12.webp 8w, https:\/\/www.hg-cooker.com\/wp-content\/uploads\/2025\/04\/Budae-Jjigae-Pot-Details-2-285x428.webp 285w, https:\/\/www.hg-cooker.com\/wp-content\/uploads\/2025\/04\/Budae-Jjigae-Pot-Details-2-1600x2400.webp 1600w\" sizes=\"(max-width: 1800px) 100vw, 1800px\" \/><\/figure>\n<\/div>\n<\/div>\n\n\n\n<h3 class=\"wp-block-heading\">Par\u00e2metros do pote Budae Jjigae com pega<\/h3>\n\n\n\n<figure class=\"wp-block-table\"><table class=\"has-fixed-layout\"><tbody><tr><td>Nome do produto<\/td><td>Tamanho&nbsp;<\/td><td>Material<\/td><td>PCS\/CTN<\/td><td>Peso bruto (kg)<\/td><td>Tamanho da caixa<\/td><\/tr><tr><td rowspan=\"2\">Pote Budae Jjigae com pega<\/td><td>26CM<\/td><td>A\u00e7o inoxid\u00e1vel de tr\u00eas camadas&nbsp;<\/td><td>10<\/td><td>12 kg<\/td><td>36*34*34<\/td><\/tr><tr><td>28CM<\/td><td>A\u00e7o inoxid\u00e1vel de tr\u00eas camadas&nbsp;<\/td><td>10<\/td><td>13,2 kg<\/td><td>35*34.5*39<\/td><\/tr><\/tbody><\/table><\/figure>","protected":false},"excerpt":{"rendered":"<p>Panela Budae Jjigae por atacado, adequada para cozinhar uma variedade de panelas quentes, panelas quentes e guisados, especialmente para fazer panela do ex\u00e9rcito coreano e panela de frutos do mar. Grande capacidade, adequado para reuni\u00f5es familiares ou uso comercial, como restaurantes e restaurantes de panela quente. Bem-vindo a contactar-nos para um or\u00e7amento.<\/p>\n<h2>Carater\u00edsticas e vantagens do pote Budae Jjigae com pega<\/h2>\n<p><strong>Cozinha vers\u00e1til:<\/strong> Esta panela \u00e9 perfeita para cozinhar uma variedade de pratos, incluindo Budae Jjigae, marisco cozido, panela quente, guisados e sopas, perfeitos para a cozinha tradicional coreana e outras cozinhas asi\u00e1ticas.<\/p>\n<p><strong>Pega c\u00f3moda:<\/strong> A pega ergon\u00f3mica facilita o transporte e o servi\u00e7o, especialmente ao manusear ingredientes quentes e pesados, garantindo seguran\u00e7a e conforto durante o processo de cozinhar e servir.<\/p>\n<p><strong>Constru\u00e7\u00e3o duradoura:<\/strong> Fabricado com materiais de alta qualidade, este pote Budae Jjigae resiste a temperaturas elevadas e a uma utiliza\u00e7\u00e3o prolongada, proporcionando uma durabilidade duradoura em cozinhas dom\u00e9sticas e comerciais.<\/p>\n<p><strong>Tamanho grande:<\/strong> Com a sua grande capacidade, esta panela \u00e9 perfeita para cozinhar em grandes quantidades, o que a torna uma \u00f3ptima escolha para reuni\u00f5es familiares, festas ou para utiliza\u00e7\u00e3o comercial em restaurantes e locais de cozinha quente.<\/p>\n<p><strong>Pre\u00e7o por grosso:<\/strong> Este produto centra-se nas vendas a granel, sendo perfeito para restaurantes, grossistas e retalhistas.<\/p>","protected":false},"featured_media":5232,"comment_status":"closed","ping_status":"closed","template":"","meta":[],"product_brand":[],"product_cat":[65],"product_tag":[],"class_list":{"0":"post-5223","1":"product","2":"type-product","3":"status-publish","4":"has-post-thumbnail","6":"product_cat-dry-pot","8":"first","9":"instock","10":"shipping-taxable","11":"product-type-simple"},"_links":{"self":[{"href":"https:\/\/www.hg-cooker.com\/pt\/wp-json\/wp\/v2\/product\/5223","targetHints":{"allow":["GET"]}}],"collection":[{"href":"https:\/\/www.hg-cooker.com\/pt\/wp-json\/wp\/v2\/product"}],"about":[{"href":"https:\/\/www.hg-cooker.com\/pt\/wp-json\/wp\/v2\/types\/product"}],"replies":[{"embeddable":true,"href":"https:\/\/www.hg-cooker.com\/pt\/wp-json\/wp\/v2\/comments?post=5223"}],"wp:featuredmedia":[{"embeddable":true,"href":"https:\/\/www.hg-cooker.com\/pt\/wp-json\/wp\/v2\/media\/5232"}],"wp:attachment":[{"href":"https:\/\/www.hg-cooker.com\/pt\/wp-json\/wp\/v2\/media?parent=5223"}],"wp:term":[{"taxonomy":"product_brand","embeddable":true,"href":"https:\/\/www.hg-cooker.com\/pt\/wp-json\/wp\/v2\/product_brand?post=5223"},{"taxonomy":"product_cat","embeddable":true,"href":"https:\/\/www.hg-cooker.com\/pt\/wp-json\/wp\/v2\/product_cat?post=5223"},{"taxonomy":"product_tag","embeddable":true,"href":"https:\/\/www.hg-cooker.com\/pt\/wp-json\/wp\/v2\/product_tag?post=5223"}],"curies":[{"name":"wp","href":"https:\/\/api.w.org\/{rel}","templated":true}]}}