{"id":5214,"date":"2025-04-02T03:02:32","date_gmt":"2025-04-02T03:02:32","guid":{"rendered":"https:\/\/www.hg-cooker.com\/?post_type=product&#038;p=5214"},"modified":"2025-04-02T03:38:33","modified_gmt":"2025-04-02T03:38:33","slug":"pote-de-leite-fervente-de-aco-inoxidavel-por-atacado-62","status":"publish","type":"product","link":"https:\/\/www.hg-cooker.com\/pt\/produto\/pote-de-leite-fervente-de-aco-inoxidavel-por-atacado-62\/","title":{"rendered":"Pote seco de folha de l\u00f3tus japon\u00eas por atacado, pote Sukiyaki, pote quente de frutos do mar, adequado para fog\u00f5es a \u00e1lcool e fog\u00f5es de indu\u00e7\u00e3o"},"content":{"rendered":"<h3 class=\"wp-block-heading\">Detalhes de Vaso seco de folha de l\u00f3tus japonesa<\/h3>\n\n\n\n<div class=\"wp-block-columns is-layout-flex wp-container-core-columns-is-layout-9d6595d7 wp-block-columns-is-layout-flex\">\n<div class=\"wp-block-column is-layout-flow wp-block-column-is-layout-flow\">\n<figure class=\"wp-block-image size-full\"><img fetchpriority=\"high\" decoding=\"async\" width=\"1800\" height=\"2700\" src=\"https:\/\/www.hg-cooker.com\/wp-content\/uploads\/2025\/04\/Japanese-Lotus-Leaf-Dry-Pot-Details-1.webp\" alt=\"Detalhes do pote seco de folha de l\u00f3tus japonesa (1)\" class=\"wp-image-5221\" srcset=\"https:\/\/www.hg-cooker.com\/wp-content\/uploads\/2025\/04\/Japanese-Lotus-Leaf-Dry-Pot-Details-1.webp 1800w, https:\/\/www.hg-cooker.com\/wp-content\/uploads\/2025\/04\/Japanese-Lotus-Leaf-Dry-Pot-Details-1-100x150.webp 100w, https:\/\/www.hg-cooker.com\/wp-content\/uploads\/2025\/04\/Japanese-Lotus-Leaf-Dry-Pot-Details-1-440x660.webp 440w, https:\/\/www.hg-cooker.com\/wp-content\/uploads\/2025\/04\/Japanese-Lotus-Leaf-Dry-Pot-Details-1-200x300.webp 200w, https:\/\/www.hg-cooker.com\/wp-content\/uploads\/2025\/04\/Japanese-Lotus-Leaf-Dry-Pot-Details-1-768x1152.webp 768w, https:\/\/www.hg-cooker.com\/wp-content\/uploads\/2025\/04\/Japanese-Lotus-Leaf-Dry-Pot-Details-1-8x12.webp 8w, https:\/\/www.hg-cooker.com\/wp-content\/uploads\/2025\/04\/Japanese-Lotus-Leaf-Dry-Pot-Details-1-285x428.webp 285w, https:\/\/www.hg-cooker.com\/wp-content\/uploads\/2025\/04\/Japanese-Lotus-Leaf-Dry-Pot-Details-1-1600x2400.webp 1600w\" sizes=\"(max-width: 1800px) 100vw, 1800px\" \/><\/figure>\n<\/div>\n\n\n\n<div class=\"wp-block-column is-layout-flow wp-block-column-is-layout-flow\">\n<figure class=\"wp-block-image size-full\"><img decoding=\"async\" width=\"1800\" height=\"2700\" src=\"https:\/\/www.hg-cooker.com\/wp-content\/uploads\/2025\/04\/Japanese-Lotus-Leaf-Dry-Pot-Details-2.webp\" alt=\"Detalhes do pote seco de folha de l\u00f3tus japonesa (2)\" class=\"wp-image-5222\" srcset=\"https:\/\/www.hg-cooker.com\/wp-content\/uploads\/2025\/04\/Japanese-Lotus-Leaf-Dry-Pot-Details-2.webp 1800w, https:\/\/www.hg-cooker.com\/wp-content\/uploads\/2025\/04\/Japanese-Lotus-Leaf-Dry-Pot-Details-2-100x150.webp 100w, https:\/\/www.hg-cooker.com\/wp-content\/uploads\/2025\/04\/Japanese-Lotus-Leaf-Dry-Pot-Details-2-440x660.webp 440w, https:\/\/www.hg-cooker.com\/wp-content\/uploads\/2025\/04\/Japanese-Lotus-Leaf-Dry-Pot-Details-2-200x300.webp 200w, https:\/\/www.hg-cooker.com\/wp-content\/uploads\/2025\/04\/Japanese-Lotus-Leaf-Dry-Pot-Details-2-768x1152.webp 768w, https:\/\/www.hg-cooker.com\/wp-content\/uploads\/2025\/04\/Japanese-Lotus-Leaf-Dry-Pot-Details-2-8x12.webp 8w, https:\/\/www.hg-cooker.com\/wp-content\/uploads\/2025\/04\/Japanese-Lotus-Leaf-Dry-Pot-Details-2-285x428.webp 285w, https:\/\/www.hg-cooker.com\/wp-content\/uploads\/2025\/04\/Japanese-Lotus-Leaf-Dry-Pot-Details-2-1600x2400.webp 1600w\" sizes=\"(max-width: 1800px) 100vw, 1800px\" \/><\/figure>\n<\/div>\n<\/div>\n\n\n\n<h3 class=\"wp-block-heading\">Par\u00e2metros do vaso seco de folha de l\u00f3tus japonesa<\/h3>\n\n\n\n<figure class=\"wp-block-table\"><table class=\"has-fixed-layout\"><tbody><tr><td>Nome do produto<\/td><td>Tamanho&nbsp;<\/td><td>Material<\/td><td>PCS\/CTN<\/td><td>Peso bruto (kg)<\/td><td>Tamanho da caixa<\/td><\/tr><tr><td rowspan=\"3\">Folha de l\u00f3tus japonesa em vaso seco<\/td><td>18CM<\/td><td>A\u00e7o inoxid\u00e1vel de tr\u00eas camadas&nbsp;<\/td><td>20<\/td><td>11,2 kg<\/td><td>24*24*22<\/td><\/tr><tr><td>22CM<\/td><td>A\u00e7o inoxid\u00e1vel de tr\u00eas camadas&nbsp;<\/td><td>20<\/td><td>15,7 kg<\/td><td>29*29*26<\/td><\/tr><tr><td>26CM<\/td><td>A\u00e7o inoxid\u00e1vel de tr\u00eas camadas&nbsp;<\/td><td>20<\/td><td>19 kg<\/td><td>31*31*27.5<\/td><\/tr><\/tbody><\/table><\/figure>","protected":false},"excerpt":{"rendered":"<p>A panela seca de folha de l\u00f3tus japonesa por atacado, imita a beleza natural da folha de l\u00f3tus, feita de a\u00e7o inoxid\u00e1vel triplo de alta qualidade, tem excelente preserva\u00e7\u00e3o do calor e efeito de aquecimento uniforme, \u00e9 a escolha ideal para fritar, cozinhar frutos do mar, panela quente, suporte OEM e ODM, bem-vindo ao pedido a granel.<\/p>\n<h2>Carater\u00edsticas e benef\u00edcios do vaso seco de folha de l\u00f3tus japonesa<\/h2>\n<p><strong>Design est\u00e9tico \u00fanico:<\/strong> O aspeto em forma de folha de l\u00f3tus confere-lhe um aspeto elegante e tradicional japon\u00eas, melhorando a experi\u00eancia de refei\u00e7\u00e3o e \u00e9 perfeito para utiliza\u00e7\u00e3o em restaurantes.<\/p>\n<p><strong>Materiais de alta qualidade e durabilidade:<\/strong> Fabricado em a\u00e7o inoxid\u00e1vel triplo de alta qualidade, \u00e9 martelado para garantir uma estrutura duradoura e proporciona uma excelente reten\u00e7\u00e3o e distribui\u00e7\u00e3o uniforme do calor.<\/p>\n<p><strong>V\u00e1rias op\u00e7\u00f5es de tamanho:<\/strong> Esta panela seca est\u00e1 dispon\u00edvel numa variedade de tamanhos, de 18cm a 26cm, para satisfazer uma variedade de necessidades de por\u00e7\u00f5es, desde por\u00e7\u00f5es individuais a grandes grupos.<\/p>\n<p><strong>Ideal para venda por grosso e personaliza\u00e7\u00e3o:<\/strong> Suporta personaliza\u00e7\u00e3o OEM e ODM, permitindo a cria\u00e7\u00e3o de marcas, ajuste de tamanho e grava\u00e7\u00e3o de log\u00f3tipos, e oferece pre\u00e7os de f\u00e1brica, tornando-a uma excelente escolha para restaurantes, hot\u00e9is, empresas de catering e retalhistas de utens\u00edlios de cozinha.<\/p>","protected":false},"featured_media":5215,"comment_status":"closed","ping_status":"closed","template":"","meta":[],"product_brand":[],"product_cat":[65],"product_tag":[],"class_list":{"0":"post-5214","1":"product","2":"type-product","3":"status-publish","4":"has-post-thumbnail","6":"product_cat-dry-pot","8":"first","9":"instock","10":"shipping-taxable","11":"product-type-simple"},"_links":{"self":[{"href":"https:\/\/www.hg-cooker.com\/pt\/wp-json\/wp\/v2\/product\/5214","targetHints":{"allow":["GET"]}}],"collection":[{"href":"https:\/\/www.hg-cooker.com\/pt\/wp-json\/wp\/v2\/product"}],"about":[{"href":"https:\/\/www.hg-cooker.com\/pt\/wp-json\/wp\/v2\/types\/product"}],"replies":[{"embeddable":true,"href":"https:\/\/www.hg-cooker.com\/pt\/wp-json\/wp\/v2\/comments?post=5214"}],"wp:featuredmedia":[{"embeddable":true,"href":"https:\/\/www.hg-cooker.com\/pt\/wp-json\/wp\/v2\/media\/5215"}],"wp:attachment":[{"href":"https:\/\/www.hg-cooker.com\/pt\/wp-json\/wp\/v2\/media?parent=5214"}],"wp:term":[{"taxonomy":"product_brand","embeddable":true,"href":"https:\/\/www.hg-cooker.com\/pt\/wp-json\/wp\/v2\/product_brand?post=5214"},{"taxonomy":"product_cat","embeddable":true,"href":"https:\/\/www.hg-cooker.com\/pt\/wp-json\/wp\/v2\/product_cat?post=5214"},{"taxonomy":"product_tag","embeddable":true,"href":"https:\/\/www.hg-cooker.com\/pt\/wp-json\/wp\/v2\/product_tag?post=5214"}],"curies":[{"name":"wp","href":"https:\/\/api.w.org\/{rel}","templated":true}]}}