{"id":5204,"date":"2025-04-02T02:38:05","date_gmt":"2025-04-02T02:38:05","guid":{"rendered":"https:\/\/www.hg-cooker.com\/?post_type=product&#038;p=5204"},"modified":"2025-04-02T03:02:02","modified_gmt":"2025-04-02T03:02:02","slug":"pote-de-leite-fervente-de-aco-inoxidavel-por-atacado-61","status":"publish","type":"product","link":"https:\/\/www.hg-cooker.com\/pt\/produto\/pote-de-leite-fervente-de-aco-inoxidavel-por-atacado-61\/","title":{"rendered":"Pote seco de estilo tailand\u00eas por atacado, pote de cozimento r\u00e1pido, pote de frutos do mar, adequado para fog\u00f5es a \u00e1lcool e fog\u00f5es de indu\u00e7\u00e3o"},"content":{"rendered":"<h3 class=\"wp-block-heading\">Detalhes de Panela seca ao estilo tailand\u00eas<\/h3>\n\n\n\n<div class=\"wp-block-columns is-layout-flex wp-container-core-columns-is-layout-9d6595d7 wp-block-columns-is-layout-flex\">\n<div class=\"wp-block-column is-layout-flow wp-block-column-is-layout-flow\">\n<figure class=\"wp-block-image size-full\"><img fetchpriority=\"high\" decoding=\"async\" width=\"1600\" height=\"2400\" src=\"https:\/\/www.hg-cooker.com\/wp-content\/uploads\/2025\/04\/Thai-Style-Dry-Pot-Details-1.webp\" alt=\"Detalhes da panela seca ao estilo tailand\u00eas (1)\" class=\"wp-image-5205\" srcset=\"https:\/\/www.hg-cooker.com\/wp-content\/uploads\/2025\/04\/Thai-Style-Dry-Pot-Details-1.webp 1600w, https:\/\/www.hg-cooker.com\/wp-content\/uploads\/2025\/04\/Thai-Style-Dry-Pot-Details-1-100x150.webp 100w, https:\/\/www.hg-cooker.com\/wp-content\/uploads\/2025\/04\/Thai-Style-Dry-Pot-Details-1-440x660.webp 440w, https:\/\/www.hg-cooker.com\/wp-content\/uploads\/2025\/04\/Thai-Style-Dry-Pot-Details-1-200x300.webp 200w, https:\/\/www.hg-cooker.com\/wp-content\/uploads\/2025\/04\/Thai-Style-Dry-Pot-Details-1-768x1152.webp 768w, https:\/\/www.hg-cooker.com\/wp-content\/uploads\/2025\/04\/Thai-Style-Dry-Pot-Details-1-8x12.webp 8w, https:\/\/www.hg-cooker.com\/wp-content\/uploads\/2025\/04\/Thai-Style-Dry-Pot-Details-1-285x428.webp 285w\" sizes=\"(max-width: 1600px) 100vw, 1600px\" \/><\/figure>\n<\/div>\n\n\n\n<div class=\"wp-block-column is-layout-flow wp-block-column-is-layout-flow\">\n<figure class=\"wp-block-image size-full\"><img decoding=\"async\" width=\"1600\" height=\"2400\" src=\"https:\/\/www.hg-cooker.com\/wp-content\/uploads\/2025\/04\/Thai-Style-Dry-Pot-Details-2.webp\" alt=\"Detalhes da panela seca ao estilo tailand\u00eas (2)\" class=\"wp-image-5206\" srcset=\"https:\/\/www.hg-cooker.com\/wp-content\/uploads\/2025\/04\/Thai-Style-Dry-Pot-Details-2.webp 1600w, https:\/\/www.hg-cooker.com\/wp-content\/uploads\/2025\/04\/Thai-Style-Dry-Pot-Details-2-100x150.webp 100w, https:\/\/www.hg-cooker.com\/wp-content\/uploads\/2025\/04\/Thai-Style-Dry-Pot-Details-2-440x660.webp 440w, https:\/\/www.hg-cooker.com\/wp-content\/uploads\/2025\/04\/Thai-Style-Dry-Pot-Details-2-200x300.webp 200w, https:\/\/www.hg-cooker.com\/wp-content\/uploads\/2025\/04\/Thai-Style-Dry-Pot-Details-2-768x1152.webp 768w, https:\/\/www.hg-cooker.com\/wp-content\/uploads\/2025\/04\/Thai-Style-Dry-Pot-Details-2-8x12.webp 8w, https:\/\/www.hg-cooker.com\/wp-content\/uploads\/2025\/04\/Thai-Style-Dry-Pot-Details-2-285x428.webp 285w\" sizes=\"(max-width: 1600px) 100vw, 1600px\" \/><\/figure>\n<\/div>\n<\/div>\n\n\n\n<h3 class=\"wp-block-heading\">Par\u00e2metros da panela seca de estilo tailand\u00eas<\/h3>\n\n\n\n<figure class=\"wp-block-table\"><table class=\"has-fixed-layout\"><tbody><tr><td>Nome do produto<\/td><td>Tamanho&nbsp;<\/td><td>Material<\/td><td>PCS\/CTN<\/td><td>Peso bruto (kg)<\/td><td>Tamanho da caixa<\/td><\/tr><tr><td rowspan=\"6\">Pote seco com textura de floco de neve de estilo tailand\u00eas com pega<\/td><td>18CM<\/td><td>A\u00e7o inoxid\u00e1vel de tr\u00eas camadas&nbsp;<\/td><td>20<\/td><td>11,4 kg<\/td><td>41.5*23*27.5<\/td><\/tr><tr><td>20CM<\/td><td>A\u00e7o inoxid\u00e1vel de tr\u00eas camadas&nbsp;<\/td><td>20<\/td><td>13,4 kg<\/td><td>45*24.5*30<\/td><\/tr><tr><td>22CM<\/td><td>A\u00e7o inoxid\u00e1vel de tr\u00eas camadas&nbsp;<\/td><td>20<\/td><td>16 kg<\/td><td>53*27*31<\/td><\/tr><tr><td>24CM<\/td><td>A\u00e7o inoxid\u00e1vel de tr\u00eas camadas&nbsp;<\/td><td>20<\/td><td>18,8 kg<\/td><td>59*29.5*33<\/td><\/tr><tr><td>26CM<\/td><td>A\u00e7o inoxid\u00e1vel de tr\u00eas camadas&nbsp;<\/td><td>20<\/td><td>21,4 kg<\/td><td>67.5*34*31.5<\/td><\/tr><tr><td>28CM<\/td><td>A\u00e7o inoxid\u00e1vel de tr\u00eas camadas&nbsp;<\/td><td>20<\/td><td>24,8 kg<\/td><td>61.5*32*35.5<\/td><\/tr><\/tbody><\/table><\/figure>","protected":false},"excerpt":{"rendered":"<p>A nossa panela seca de estilo tailand\u00eas de qualidade superior est\u00e1 dispon\u00edvel numa variedade de tamanhos e \u00e9 feita de a\u00e7o triplamente inoxid\u00e1vel, garantindo uma excelente distribui\u00e7\u00e3o de calor e durabilidade. Adequada para fog\u00f5es a g\u00e1s, fog\u00f5es de indu\u00e7\u00e3o e chamas abertas. \u00d3ptima para cozinhar marisco, carne e legumes. Suporte oem e odm, contacte-nos para um or\u00e7amento.<\/p>\n<h2>Carater\u00edsticas e benef\u00edcios da panela seca de estilo tailand\u00eas<\/h2>\n<p><strong>Design bonito e pr\u00e1tico:<\/strong> Com a bonita superf\u00edcie martelada e a pega dourada, \u00e9 esteticamente mais agrad\u00e1vel e mais f\u00e1cil de segurar, melhorando a experi\u00eancia de cozinhar.<\/p>\n<p><strong>Fun\u00e7\u00f5es de cozedura vers\u00e1teis:<\/strong> Vers\u00e1til para fog\u00f5es de indu\u00e7\u00e3o, fog\u00f5es a g\u00e1s e chamas, tornando-o adequado para casa e para restaurantes.<\/p>\n<p><strong>Aquecimento eficaz:<\/strong> \u00c9 capaz de aquecer rapidamente, reduzindo o tempo de cozedura e tornando-o mais eficaz na confe\u00e7\u00e3o de alimentos deliciosos.<\/p>\n<p><strong>V\u00e1rias op\u00e7\u00f5es de tamanho:<\/strong> Temos diferentes tamanhos, de 18cm a 28cm, para satisfazer as necessidades de capacidade, desde cozinhas dom\u00e9sticas a restaurantes.<\/p>\n<p><strong>Servi\u00e7os OEM e ODM:<\/strong> Oferecem personaliza\u00e7\u00e3o OEM e ODM, incluindo tamanho e impress\u00e3o de log\u00f3tipo, o que \u00e9 uma excelente escolha para restaurantes, hot\u00e9is, empresas de catering e retalhistas de utens\u00edlios de cozinha.<\/p>","protected":false},"featured_media":5207,"comment_status":"closed","ping_status":"closed","template":"","meta":[],"product_brand":[],"product_cat":[65],"product_tag":[],"class_list":{"0":"post-5204","1":"product","2":"type-product","3":"status-publish","4":"has-post-thumbnail","6":"product_cat-dry-pot","8":"first","9":"instock","10":"shipping-taxable","11":"product-type-simple"},"_links":{"self":[{"href":"https:\/\/www.hg-cooker.com\/pt\/wp-json\/wp\/v2\/product\/5204","targetHints":{"allow":["GET"]}}],"collection":[{"href":"https:\/\/www.hg-cooker.com\/pt\/wp-json\/wp\/v2\/product"}],"about":[{"href":"https:\/\/www.hg-cooker.com\/pt\/wp-json\/wp\/v2\/types\/product"}],"replies":[{"embeddable":true,"href":"https:\/\/www.hg-cooker.com\/pt\/wp-json\/wp\/v2\/comments?post=5204"}],"wp:featuredmedia":[{"embeddable":true,"href":"https:\/\/www.hg-cooker.com\/pt\/wp-json\/wp\/v2\/media\/5207"}],"wp:attachment":[{"href":"https:\/\/www.hg-cooker.com\/pt\/wp-json\/wp\/v2\/media?parent=5204"}],"wp:term":[{"taxonomy":"product_brand","embeddable":true,"href":"https:\/\/www.hg-cooker.com\/pt\/wp-json\/wp\/v2\/product_brand?post=5204"},{"taxonomy":"product_cat","embeddable":true,"href":"https:\/\/www.hg-cooker.com\/pt\/wp-json\/wp\/v2\/product_cat?post=5204"},{"taxonomy":"product_tag","embeddable":true,"href":"https:\/\/www.hg-cooker.com\/pt\/wp-json\/wp\/v2\/product_tag?post=5204"}],"curies":[{"name":"wp","href":"https:\/\/api.w.org\/{rel}","templated":true}]}}