{"id":5196,"date":"2025-04-02T01:42:40","date_gmt":"2025-04-02T01:42:40","guid":{"rendered":"https:\/\/www.hg-cooker.com\/?post_type=product&#038;p=5196"},"modified":"2025-04-02T02:25:52","modified_gmt":"2025-04-02T02:25:52","slug":"pote-de-leite-fervente-de-aco-inoxidavel-por-atacado-60","status":"publish","type":"product","link":"https:\/\/www.hg-cooker.com\/pt\/produto\/pote-de-leite-fervente-de-aco-inoxidavel-por-atacado-60\/","title":{"rendered":"Panela seca de estilo tailand\u00eas por atacado, frigideira, panela cozida de frutos do mar"},"content":{"rendered":"<h3 class=\"wp-block-heading\">Detalhes de Panela seca estilo tailand\u00eas<\/h3>\n\n\n\n<div class=\"wp-block-columns is-layout-flex wp-container-core-columns-is-layout-9d6595d7 wp-block-columns-is-layout-flex\">\n<div class=\"wp-block-column is-layout-flow wp-block-column-is-layout-flow\">\n<figure class=\"wp-block-image size-full\"><img fetchpriority=\"high\" decoding=\"async\" width=\"2000\" height=\"3000\" src=\"https:\/\/www.hg-cooker.com\/wp-content\/uploads\/2025\/04\/Thai-Style-Dry-Pan-Details-1.webp\" alt=\"Detalhes da frigideira seca ao estilo tailand\u00eas (1)\" class=\"wp-image-5201\" srcset=\"https:\/\/www.hg-cooker.com\/wp-content\/uploads\/2025\/04\/Thai-Style-Dry-Pan-Details-1.webp 2000w, https:\/\/www.hg-cooker.com\/wp-content\/uploads\/2025\/04\/Thai-Style-Dry-Pan-Details-1-100x150.webp 100w, https:\/\/www.hg-cooker.com\/wp-content\/uploads\/2025\/04\/Thai-Style-Dry-Pan-Details-1-440x660.webp 440w, https:\/\/www.hg-cooker.com\/wp-content\/uploads\/2025\/04\/Thai-Style-Dry-Pan-Details-1-200x300.webp 200w, https:\/\/www.hg-cooker.com\/wp-content\/uploads\/2025\/04\/Thai-Style-Dry-Pan-Details-1-768x1152.webp 768w, https:\/\/www.hg-cooker.com\/wp-content\/uploads\/2025\/04\/Thai-Style-Dry-Pan-Details-1-8x12.webp 8w, https:\/\/www.hg-cooker.com\/wp-content\/uploads\/2025\/04\/Thai-Style-Dry-Pan-Details-1-285x428.webp 285w, https:\/\/www.hg-cooker.com\/wp-content\/uploads\/2025\/04\/Thai-Style-Dry-Pan-Details-1-1600x2400.webp 1600w\" sizes=\"(max-width: 2000px) 100vw, 2000px\" \/><\/figure>\n<\/div>\n\n\n\n<div class=\"wp-block-column is-layout-flow wp-block-column-is-layout-flow\">\n<figure class=\"wp-block-image size-full\"><img decoding=\"async\" width=\"2000\" height=\"3000\" src=\"https:\/\/www.hg-cooker.com\/wp-content\/uploads\/2025\/04\/Thai-Style-Dry-Pan-Details-2.webp\" alt=\"Detalhes da frigideira seca ao estilo tailand\u00eas (2)\" class=\"wp-image-5202\" srcset=\"https:\/\/www.hg-cooker.com\/wp-content\/uploads\/2025\/04\/Thai-Style-Dry-Pan-Details-2.webp 2000w, https:\/\/www.hg-cooker.com\/wp-content\/uploads\/2025\/04\/Thai-Style-Dry-Pan-Details-2-100x150.webp 100w, https:\/\/www.hg-cooker.com\/wp-content\/uploads\/2025\/04\/Thai-Style-Dry-Pan-Details-2-440x660.webp 440w, https:\/\/www.hg-cooker.com\/wp-content\/uploads\/2025\/04\/Thai-Style-Dry-Pan-Details-2-200x300.webp 200w, https:\/\/www.hg-cooker.com\/wp-content\/uploads\/2025\/04\/Thai-Style-Dry-Pan-Details-2-768x1152.webp 768w, https:\/\/www.hg-cooker.com\/wp-content\/uploads\/2025\/04\/Thai-Style-Dry-Pan-Details-2-8x12.webp 8w, https:\/\/www.hg-cooker.com\/wp-content\/uploads\/2025\/04\/Thai-Style-Dry-Pan-Details-2-285x428.webp 285w, https:\/\/www.hg-cooker.com\/wp-content\/uploads\/2025\/04\/Thai-Style-Dry-Pan-Details-2-1600x2400.webp 1600w\" sizes=\"(max-width: 2000px) 100vw, 2000px\" \/><\/figure>\n<\/div>\n<\/div>\n\n\n\n<h3 class=\"wp-block-heading\">Par\u00e2metros da panela seca japonesa<\/h3>\n\n\n\n<figure class=\"wp-block-table\"><table class=\"has-fixed-layout\"><tbody><tr><td>Nome do produto<\/td><td>Tamanho&nbsp;<\/td><td>Material<\/td><td>PCS\/CTN<\/td><td>Peso bruto (kg)<\/td><td>Tamanho da caixa<\/td><\/tr><tr><td rowspan=\"8\">Panela seca com textura de floco de neve redonda de estilo tailand\u00eas<\/td><td>18CM<\/td><td>A\u00e7o inoxid\u00e1vel de tr\u00eas camadas&nbsp;<\/td><td>20<\/td><td>10,9 kg<\/td><td>38.5*20.5*24<\/td><\/tr><tr><td>20CM<\/td><td>A\u00e7o inoxid\u00e1vel de tr\u00eas camadas&nbsp;<\/td><td>20<\/td><td>12,5 kg<\/td><td>43*31.5*26.5<\/td><\/tr><tr><td>22CM<\/td><td>A\u00e7o inoxid\u00e1vel de tr\u00eas camadas&nbsp;<\/td><td>20<\/td><td>14,5 kg<\/td><td>46.5*24*27<\/td><\/tr><tr><td>24CM<\/td><td>A\u00e7o inoxid\u00e1vel de tr\u00eas camadas&nbsp;<\/td><td>20<\/td><td>17,5 kg<\/td><td>51.5*25.5*28<\/td><\/tr><tr><td>26CM<\/td><td>A\u00e7o inoxid\u00e1vel de tr\u00eas camadas&nbsp;<\/td><td>20<\/td><td>19 kg<\/td><td>55.5*28.5*28<\/td><\/tr><tr><td>28CM<\/td><td>A\u00e7o inoxid\u00e1vel de tr\u00eas camadas&nbsp;<\/td><td>20<\/td><td>21,7 kg<\/td><td>58.5*29.5*28<\/td><\/tr><tr><td>30CM<\/td><td>A\u00e7o inoxid\u00e1vel de tr\u00eas camadas&nbsp;<\/td><td>20<\/td><td>24,3 kg<\/td><td>63*32*30<\/td><\/tr><tr><td>32CM<\/td><td>A\u00e7o inoxid\u00e1vel de tr\u00eas camadas&nbsp;<\/td><td>20<\/td><td>26,9 kg<\/td><td>67*34.5*28.5<\/td><\/tr><\/tbody><\/table><\/figure>\n\n\n\n<div class=\"wp-block-columns is-layout-flex wp-container-core-columns-is-layout-9d6595d7 wp-block-columns-is-layout-flex\">\n<div class=\"wp-block-column is-layout-flow wp-block-column-is-layout-flow\"><\/div>\n\n\n\n<div class=\"wp-block-column is-layout-flow wp-block-column-is-layout-flow\"><\/div>\n\n\n\n<div class=\"wp-block-column is-layout-flow wp-block-column-is-layout-flow\"><\/div>\n<\/div>\n\n\n\n<div class=\"wp-block-columns is-layout-flex wp-container-core-columns-is-layout-9d6595d7 wp-block-columns-is-layout-flex\">\n<div class=\"wp-block-column is-layout-flow wp-block-column-is-layout-flow\"><\/div>\n\n\n\n<div class=\"wp-block-column is-layout-flow wp-block-column-is-layout-flow\"><\/div>\n\n\n\n<div class=\"wp-block-column is-layout-flow wp-block-column-is-layout-flow\"><\/div>\n<\/div>\n\n\n\n<div class=\"wp-block-columns is-layout-flex wp-container-core-columns-is-layout-9d6595d7 wp-block-columns-is-layout-flex\">\n<div class=\"wp-block-column is-layout-flow wp-block-column-is-layout-flow\"><\/div>\n\n\n\n<div class=\"wp-block-column is-layout-flow wp-block-column-is-layout-flow\"><\/div>\n\n\n\n<div class=\"wp-block-column is-layout-flow wp-block-column-is-layout-flow\"><\/div>\n<\/div>\n\n\n\n<div class=\"wp-block-columns is-layout-flex wp-container-core-columns-is-layout-9d6595d7 wp-block-columns-is-layout-flex\">\n<div class=\"wp-block-column is-layout-flow wp-block-column-is-layout-flow\"><\/div>\n\n\n\n<div class=\"wp-block-column is-layout-flow wp-block-column-is-layout-flow\"><\/div>\n\n\n\n<div class=\"wp-block-column is-layout-flow wp-block-column-is-layout-flow\"><\/div>\n<\/div>\n\n\n\n<div class=\"wp-block-columns is-layout-flex wp-container-core-columns-is-layout-9d6595d7 wp-block-columns-is-layout-flex\">\n<div class=\"wp-block-column is-layout-flow wp-block-column-is-layout-flow\"><\/div>\n\n\n\n<div class=\"wp-block-column is-layout-flow wp-block-column-is-layout-flow\"><\/div>\n\n\n\n<div class=\"wp-block-column is-layout-flow wp-block-column-is-layout-flow\"><\/div>\n<\/div>\n\n\n\n<div class=\"wp-block-columns is-layout-flex wp-container-core-columns-is-layout-9d6595d7 wp-block-columns-is-layout-flex\">\n<div class=\"wp-block-column is-layout-flow wp-block-column-is-layout-flow\"><\/div>\n\n\n\n<div class=\"wp-block-column is-layout-flow wp-block-column-is-layout-flow\"><\/div>\n\n\n\n<div class=\"wp-block-column is-layout-flow wp-block-column-is-layout-flow\"><\/div>\n<\/div>\n\n\n\n<div class=\"wp-block-columns is-layout-flex wp-container-core-columns-is-layout-9d6595d7 wp-block-columns-is-layout-flex\">\n<div class=\"wp-block-column is-layout-flow wp-block-column-is-layout-flow\"><\/div>\n\n\n\n<div class=\"wp-block-column is-layout-flow wp-block-column-is-layout-flow\"><\/div>\n\n\n\n<div class=\"wp-block-column is-layout-flow wp-block-column-is-layout-flow\"><\/div>\n<\/div>","protected":false},"excerpt":{"rendered":"<p>Panela seca de estilo tailand\u00eas por atacado, v\u00e1rios tamanhos dispon\u00edveis, adequada para cozinhas dom\u00e9sticas, restaurantes e cozinha ao ar livre. Material de a\u00e7o inoxid\u00e1vel triplo de alta qualidade selecionado, condu\u00e7\u00e3o de calor r\u00e1pida e aquecimento uniforme, apoiamos a personaliza\u00e7\u00e3o OEM e ODM, bem-vindo \u00e0 compra a granel!<\/p>\n<h2>Carater\u00edsticas e vantagens da frigideira seca de estilo tailand\u00eas<\/h2>\n<p><strong>Materiais de alta qualidade e durabilidade:<\/strong> A panela seca de estilo tailand\u00eas \u00e9 feita de a\u00e7o inoxid\u00e1vel triplo, que tem uma durabilidade superior e resolve o problema da f\u00e1cil deforma\u00e7\u00e3o e da condu\u00e7\u00e3o de calor desigual das panelas tradicionais de camada \u00fanica a partir da raiz do material.<\/p>\n<p><strong>V\u00e1rias op\u00e7\u00f5es de tamanho:<\/strong> Est\u00e3o dispon\u00edveis panelas secas de v\u00e1rios tamanhos para satisfazer facilmente as necessidades culin\u00e1rias das fam\u00edlias e dos restaurantes e podem ser utilizadas para fritar, saltear, cozer e outros tipos de cozinha.<\/p>\n<p><strong>Atualiza\u00e7\u00e3o est\u00e9tica:<\/strong> O aspeto tem uma textura elegante de floco de neve e o design \u00fanico torna-o numa carater\u00edstica de restaurante, atraindo os utilizadores, de modo a que o design est\u00e9tico sirva verdadeiramente a experi\u00eancia culin\u00e1ria.<\/p>\n<p><strong>F\u00e1cil de limpar:<\/strong> Os res\u00edduos alimentares n\u00e3o s\u00e3o f\u00e1ceis de aderir \u00e0 superf\u00edcie dos utens\u00edlios de cozinha, o que \u00e9 mais conveniente para limpar, reduzindo o peso da limpeza di\u00e1ria, e mais adequado para utiliza\u00e7\u00e3o em restaurantes.<\/p>","protected":false},"featured_media":5197,"comment_status":"closed","ping_status":"closed","template":"","meta":[],"product_brand":[],"product_cat":[65],"product_tag":[],"class_list":{"0":"post-5196","1":"product","2":"type-product","3":"status-publish","4":"has-post-thumbnail","6":"product_cat-dry-pot","8":"first","9":"instock","10":"shipping-taxable","11":"product-type-simple"},"_links":{"self":[{"href":"https:\/\/www.hg-cooker.com\/pt\/wp-json\/wp\/v2\/product\/5196","targetHints":{"allow":["GET"]}}],"collection":[{"href":"https:\/\/www.hg-cooker.com\/pt\/wp-json\/wp\/v2\/product"}],"about":[{"href":"https:\/\/www.hg-cooker.com\/pt\/wp-json\/wp\/v2\/types\/product"}],"replies":[{"embeddable":true,"href":"https:\/\/www.hg-cooker.com\/pt\/wp-json\/wp\/v2\/comments?post=5196"}],"wp:featuredmedia":[{"embeddable":true,"href":"https:\/\/www.hg-cooker.com\/pt\/wp-json\/wp\/v2\/media\/5197"}],"wp:attachment":[{"href":"https:\/\/www.hg-cooker.com\/pt\/wp-json\/wp\/v2\/media?parent=5196"}],"wp:term":[{"taxonomy":"product_brand","embeddable":true,"href":"https:\/\/www.hg-cooker.com\/pt\/wp-json\/wp\/v2\/product_brand?post=5196"},{"taxonomy":"product_cat","embeddable":true,"href":"https:\/\/www.hg-cooker.com\/pt\/wp-json\/wp\/v2\/product_cat?post=5196"},{"taxonomy":"product_tag","embeddable":true,"href":"https:\/\/www.hg-cooker.com\/pt\/wp-json\/wp\/v2\/product_tag?post=5196"}],"curies":[{"name":"wp","href":"https:\/\/api.w.org\/{rel}","templated":true}]}}