{"id":5187,"date":"2025-04-01T14:39:59","date_gmt":"2025-04-01T14:39:59","guid":{"rendered":"https:\/\/www.hg-cooker.com\/?post_type=product&#038;p=5187"},"modified":"2025-04-01T15:36:26","modified_gmt":"2025-04-01T15:36:26","slug":"pote-de-leite-fervente-de-aco-inoxidavel-por-atacado-59","status":"publish","type":"product","link":"https:\/\/www.hg-cooker.com\/pt\/produto\/pote-de-leite-fervente-de-aco-inoxidavel-por-atacado-59\/","title":{"rendered":"Panela seca japonesa por atacado com pega f\u00e1cil de agarrar, panela quente, panela Oden, guisado do ex\u00e9rcito"},"content":{"rendered":"<h3 class=\"wp-block-heading\">Detalhes do Pote seco japon\u00eas com pega f\u00e1cil de agarrar<\/h3>\n\n\n\n<div class=\"wp-block-columns is-layout-flex wp-container-core-columns-is-layout-9d6595d7 wp-block-columns-is-layout-flex\">\n<div class=\"wp-block-column is-layout-flow wp-block-column-is-layout-flow\">\n<figure class=\"wp-block-image size-full\"><img fetchpriority=\"high\" decoding=\"async\" width=\"1300\" height=\"1706\" src=\"https:\/\/www.hg-cooker.com\/wp-content\/uploads\/2025\/04\/Japanese-Dry-Pot-Details-1-1.webp\" alt=\"Detalhes do pote seco japon\u00eas (1)\" class=\"wp-image-5194\" srcset=\"https:\/\/www.hg-cooker.com\/wp-content\/uploads\/2025\/04\/Japanese-Dry-Pot-Details-1-1.webp 1300w, https:\/\/www.hg-cooker.com\/wp-content\/uploads\/2025\/04\/Japanese-Dry-Pot-Details-1-1-114x150.webp 114w, https:\/\/www.hg-cooker.com\/wp-content\/uploads\/2025\/04\/Japanese-Dry-Pot-Details-1-1-503x660.webp 503w, https:\/\/www.hg-cooker.com\/wp-content\/uploads\/2025\/04\/Japanese-Dry-Pot-Details-1-1-229x300.webp 229w, https:\/\/www.hg-cooker.com\/wp-content\/uploads\/2025\/04\/Japanese-Dry-Pot-Details-1-1-768x1008.webp 768w, https:\/\/www.hg-cooker.com\/wp-content\/uploads\/2025\/04\/Japanese-Dry-Pot-Details-1-1-9x12.webp 9w, https:\/\/www.hg-cooker.com\/wp-content\/uploads\/2025\/04\/Japanese-Dry-Pot-Details-1-1-285x374.webp 285w\" sizes=\"(max-width: 1300px) 100vw, 1300px\" \/><\/figure>\n<\/div>\n\n\n\n<div class=\"wp-block-column is-layout-flow wp-block-column-is-layout-flow\">\n<figure class=\"wp-block-image size-full\"><img decoding=\"async\" width=\"1300\" height=\"1706\" src=\"https:\/\/www.hg-cooker.com\/wp-content\/uploads\/2025\/04\/Japanese-Dry-Pot-Details-2-1.webp\" alt=\"Detalhes do pote seco japon\u00eas (2)\" class=\"wp-image-5195\" srcset=\"https:\/\/www.hg-cooker.com\/wp-content\/uploads\/2025\/04\/Japanese-Dry-Pot-Details-2-1.webp 1300w, https:\/\/www.hg-cooker.com\/wp-content\/uploads\/2025\/04\/Japanese-Dry-Pot-Details-2-1-114x150.webp 114w, https:\/\/www.hg-cooker.com\/wp-content\/uploads\/2025\/04\/Japanese-Dry-Pot-Details-2-1-503x660.webp 503w, https:\/\/www.hg-cooker.com\/wp-content\/uploads\/2025\/04\/Japanese-Dry-Pot-Details-2-1-229x300.webp 229w, https:\/\/www.hg-cooker.com\/wp-content\/uploads\/2025\/04\/Japanese-Dry-Pot-Details-2-1-768x1008.webp 768w, https:\/\/www.hg-cooker.com\/wp-content\/uploads\/2025\/04\/Japanese-Dry-Pot-Details-2-1-9x12.webp 9w, https:\/\/www.hg-cooker.com\/wp-content\/uploads\/2025\/04\/Japanese-Dry-Pot-Details-2-1-285x374.webp 285w\" sizes=\"(max-width: 1300px) 100vw, 1300px\" \/><\/figure>\n<\/div>\n<\/div>\n\n\n\n<h3 class=\"wp-block-heading\">Par\u00e2metros da panela seca japonesa<\/h3>\n\n\n\n<figure class=\"wp-block-table\"><table class=\"has-fixed-layout\"><tbody><tr><td>Nome do produto<\/td><td>Tamanho&nbsp;<\/td><td>Material<\/td><td>PCS\/CTN<\/td><td>Peso bruto (kg)<\/td><td>Tamanho da caixa<\/td><\/tr><tr><td rowspan=\"6\">Pote seco japon\u00eas com pega f\u00e1cil de agarrar<\/td><td>18CM<\/td><td>A\u00e7o inoxid\u00e1vel de tr\u00eas camadas&nbsp;<\/td><td>20<\/td><td>11,4 kg<\/td><td>41.5*23*27.5<\/td><\/tr><tr><td>20CM<\/td><td>A\u00e7o inoxid\u00e1vel de tr\u00eas camadas&nbsp;<\/td><td>20<\/td><td>13 kg<\/td><td>45*24.5*30<\/td><\/tr><tr><td>22CM<\/td><td>A\u00e7o inoxid\u00e1vel de tr\u00eas camadas&nbsp;<\/td><td>20<\/td><td>16 kg<\/td><td>53*27*31<\/td><\/tr><tr><td>24CM<\/td><td>A\u00e7o inoxid\u00e1vel de tr\u00eas camadas&nbsp;<\/td><td>20<\/td><td>18 kg<\/td><td>59*29.5*33<\/td><\/tr><tr><td>26CM<\/td><td>A\u00e7o inoxid\u00e1vel de tr\u00eas camadas&nbsp;<\/td><td>20<\/td><td>21 kg<\/td><td>67.5*34*31.5<\/td><\/tr><tr><td>28CM<\/td><td>A\u00e7o inoxid\u00e1vel de tr\u00eas camadas&nbsp;<\/td><td>20<\/td><td>24,2 kg<\/td><td>61.5*32*35.5<\/td><\/tr><\/tbody><\/table><\/figure>\n\n\n\n<div class=\"wp-block-columns is-layout-flex wp-container-core-columns-is-layout-9d6595d7 wp-block-columns-is-layout-flex\">\n<div class=\"wp-block-column is-layout-flow wp-block-column-is-layout-flow\"><\/div>\n\n\n\n<div class=\"wp-block-column is-layout-flow wp-block-column-is-layout-flow\"><\/div>\n\n\n\n<div class=\"wp-block-column is-layout-flow wp-block-column-is-layout-flow\"><\/div>\n<\/div>\n\n\n\n<div class=\"wp-block-columns is-layout-flex wp-container-core-columns-is-layout-9d6595d7 wp-block-columns-is-layout-flex\">\n<div class=\"wp-block-column is-layout-flow wp-block-column-is-layout-flow\"><\/div>\n\n\n\n<div class=\"wp-block-column is-layout-flow wp-block-column-is-layout-flow\"><\/div>\n\n\n\n<div class=\"wp-block-column is-layout-flow wp-block-column-is-layout-flow\"><\/div>\n<\/div>\n\n\n\n<div class=\"wp-block-columns is-layout-flex wp-container-core-columns-is-layout-9d6595d7 wp-block-columns-is-layout-flex\">\n<div class=\"wp-block-column is-layout-flow wp-block-column-is-layout-flow\"><\/div>\n\n\n\n<div class=\"wp-block-column is-layout-flow wp-block-column-is-layout-flow\"><\/div>\n\n\n\n<div class=\"wp-block-column is-layout-flow wp-block-column-is-layout-flow\"><\/div>\n<\/div>\n\n\n\n<div class=\"wp-block-columns is-layout-flex wp-container-core-columns-is-layout-9d6595d7 wp-block-columns-is-layout-flex\">\n<div class=\"wp-block-column is-layout-flow wp-block-column-is-layout-flow\"><\/div>\n\n\n\n<div class=\"wp-block-column is-layout-flow wp-block-column-is-layout-flow\"><\/div>\n\n\n\n<div class=\"wp-block-column is-layout-flow wp-block-column-is-layout-flow\"><\/div>\n<\/div>\n\n\n\n<div class=\"wp-block-columns is-layout-flex wp-container-core-columns-is-layout-9d6595d7 wp-block-columns-is-layout-flex\">\n<div class=\"wp-block-column is-layout-flow wp-block-column-is-layout-flow\"><\/div>\n\n\n\n<div class=\"wp-block-column is-layout-flow wp-block-column-is-layout-flow\"><\/div>\n\n\n\n<div class=\"wp-block-column is-layout-flow wp-block-column-is-layout-flow\"><\/div>\n<\/div>\n\n\n\n<div class=\"wp-block-columns is-layout-flex wp-container-core-columns-is-layout-9d6595d7 wp-block-columns-is-layout-flex\">\n<div class=\"wp-block-column is-layout-flow wp-block-column-is-layout-flow\"><\/div>\n\n\n\n<div class=\"wp-block-column is-layout-flow wp-block-column-is-layout-flow\"><\/div>\n\n\n\n<div class=\"wp-block-column is-layout-flow wp-block-column-is-layout-flow\"><\/div>\n<\/div>\n\n\n\n<div class=\"wp-block-columns is-layout-flex wp-container-core-columns-is-layout-9d6595d7 wp-block-columns-is-layout-flex\">\n<div class=\"wp-block-column is-layout-flow wp-block-column-is-layout-flow\"><\/div>\n\n\n\n<div class=\"wp-block-column is-layout-flow wp-block-column-is-layout-flow\"><\/div>\n\n\n\n<div class=\"wp-block-column is-layout-flow wp-block-column-is-layout-flow\"><\/div>\n<\/div>","protected":false},"excerpt":{"rendered":"<p>Panela seca japonesa por atacado, a\u00e7o composto de tr\u00eas camadas selecionado, design geral espessado para resistir \u00e0 deforma\u00e7\u00e3o, adequada para fritar, estufar e outros cen\u00e1rios de cozinha, fornece uma variedade de especifica\u00e7\u00f5es \u00e0 escolha, suporta OEM e ODM, contacte-nos para um or\u00e7amento.<\/p>\n<h2>Carater\u00edsticas e benef\u00edcios da panela seca japonesa\u00a0<\/h2>\n<p><strong>Camada comest\u00edvel em a\u00e7o inoxid\u00e1vel 304:<\/strong> A camada interna da panela seca que entra em contacto direto com os ingredientes \u00e9 feita de a\u00e7o inoxid\u00e1vel SUS304 de qualidade alimentar e passou a certifica\u00e7\u00e3o internacional de seguran\u00e7a alimentar.<\/p>\n<p><strong>Aspeto requintado:<\/strong> A camada exterior \u00e9 feita de a\u00e7o inoxid\u00e1vel 430 com um padr\u00e3o de martelo \u00fanico, que melhora significativamente a sensa\u00e7\u00e3o visual de luxo, e a estrutura c\u00f4ncava e convexa pode efetivamente reduzir o aparecimento de riscos.<\/p>\n<p><strong>Condu\u00e7\u00e3o r\u00e1pida do calor:<\/strong> Fabricado em a\u00e7o inoxid\u00e1vel triplo. Esta \"estrutura em sandu\u00edche\" permite que o calor se difunda rapidamente do fundo da panela para a parede da panela, o que \u00e9 60% mais eficiente do que uma panela de a\u00e7o inoxid\u00e1vel de camada \u00fanica.<\/p>\n<p><strong>Multifuncional:<\/strong> A panela seca \u00e9 muito adequada para v\u00e1rios pratos de panela quente, tais como panela quente de marisco, shabu-shabu, sukiyaki, etc. Tamb\u00e9m pode ser utilizada para uma variedade de m\u00e9todos de cozedura, como sopa e guisado.<\/p>\n<p><strong>F\u00e1cil de limpar:<\/strong> O design sem revestimento permite a limpeza na m\u00e1quina de lavar loi\u00e7a. \u00c9 feito inteiramente de a\u00e7o inoxid\u00e1vel, pelo que n\u00e3o h\u00e1 necessidade de se preocupar com sali\u00eancias de esmalte ou revestimento.<\/p>","protected":false},"featured_media":5188,"comment_status":"closed","ping_status":"closed","template":"","meta":[],"product_brand":[],"product_cat":[65],"product_tag":[],"class_list":{"0":"post-5187","1":"product","2":"type-product","3":"status-publish","4":"has-post-thumbnail","6":"product_cat-dry-pot","8":"first","9":"instock","10":"shipping-taxable","11":"product-type-simple"},"_links":{"self":[{"href":"https:\/\/www.hg-cooker.com\/pt\/wp-json\/wp\/v2\/product\/5187","targetHints":{"allow":["GET"]}}],"collection":[{"href":"https:\/\/www.hg-cooker.com\/pt\/wp-json\/wp\/v2\/product"}],"about":[{"href":"https:\/\/www.hg-cooker.com\/pt\/wp-json\/wp\/v2\/types\/product"}],"replies":[{"embeddable":true,"href":"https:\/\/www.hg-cooker.com\/pt\/wp-json\/wp\/v2\/comments?post=5187"}],"wp:featuredmedia":[{"embeddable":true,"href":"https:\/\/www.hg-cooker.com\/pt\/wp-json\/wp\/v2\/media\/5188"}],"wp:attachment":[{"href":"https:\/\/www.hg-cooker.com\/pt\/wp-json\/wp\/v2\/media?parent=5187"}],"wp:term":[{"taxonomy":"product_brand","embeddable":true,"href":"https:\/\/www.hg-cooker.com\/pt\/wp-json\/wp\/v2\/product_brand?post=5187"},{"taxonomy":"product_cat","embeddable":true,"href":"https:\/\/www.hg-cooker.com\/pt\/wp-json\/wp\/v2\/product_cat?post=5187"},{"taxonomy":"product_tag","embeddable":true,"href":"https:\/\/www.hg-cooker.com\/pt\/wp-json\/wp\/v2\/product_tag?post=5187"}],"curies":[{"name":"wp","href":"https:\/\/api.w.org\/{rel}","templated":true}]}}