{"id":5127,"date":"2025-04-01T07:30:41","date_gmt":"2025-04-01T07:30:41","guid":{"rendered":"https:\/\/www.hg-cooker.com\/?post_type=product&#038;p=5127"},"modified":"2025-04-02T07:10:22","modified_gmt":"2025-04-02T07:10:22","slug":"pote-de-leite-fervente-de-aco-inoxidavel-por-atacado-56","status":"publish","type":"product","link":"https:\/\/www.hg-cooker.com\/pt\/produto\/pote-de-leite-fervente-de-aco-inoxidavel-por-atacado-56\/","title":{"rendered":"Pote seco com bordas japonesas por atacado, pote de frutos do mar cozidos, pote de aquecimento de leite, pote de Ramen instant\u00e2neo"},"content":{"rendered":"<h3 class=\"wp-block-heading\">Detalhes do vaso seco com bordas japonesas<\/h3>\n\n\n\n<div class=\"wp-block-columns is-layout-flex wp-container-core-columns-is-layout-9d6595d7 wp-block-columns-is-layout-flex\">\n<div class=\"wp-block-column is-layout-flow wp-block-column-is-layout-flow\">\n<figure class=\"wp-block-image size-full\"><img fetchpriority=\"high\" decoding=\"async\" width=\"1024\" height=\"1536\" src=\"https:\/\/www.hg-cooker.com\/wp-content\/uploads\/2025\/04\/Details-of-the-Japanese-Bordered-Dry-Pot-1.webp\" alt=\"Detalhes do Pote seco com bordas japonesas (1)\" class=\"wp-image-5177\" srcset=\"https:\/\/www.hg-cooker.com\/wp-content\/uploads\/2025\/04\/Details-of-the-Japanese-Bordered-Dry-Pot-1.webp 1024w, https:\/\/www.hg-cooker.com\/wp-content\/uploads\/2025\/04\/Details-of-the-Japanese-Bordered-Dry-Pot-1-100x150.webp 100w, https:\/\/www.hg-cooker.com\/wp-content\/uploads\/2025\/04\/Details-of-the-Japanese-Bordered-Dry-Pot-1-440x660.webp 440w, https:\/\/www.hg-cooker.com\/wp-content\/uploads\/2025\/04\/Details-of-the-Japanese-Bordered-Dry-Pot-1-200x300.webp 200w, https:\/\/www.hg-cooker.com\/wp-content\/uploads\/2025\/04\/Details-of-the-Japanese-Bordered-Dry-Pot-1-768x1152.webp 768w, https:\/\/www.hg-cooker.com\/wp-content\/uploads\/2025\/04\/Details-of-the-Japanese-Bordered-Dry-Pot-1-8x12.webp 8w, https:\/\/www.hg-cooker.com\/wp-content\/uploads\/2025\/04\/Details-of-the-Japanese-Bordered-Dry-Pot-1-285x428.webp 285w\" sizes=\"(max-width: 1024px) 100vw, 1024px\" \/><\/figure>\n<\/div>\n\n\n\n<div class=\"wp-block-column is-layout-flow wp-block-column-is-layout-flow\">\n<figure class=\"wp-block-image size-full\"><img decoding=\"async\" width=\"1024\" height=\"1536\" src=\"https:\/\/www.hg-cooker.com\/wp-content\/uploads\/2025\/04\/Details-of-the-Japanese-Bordered-Dry-Pot-2.webp\" alt=\"Detalhes do Pote seco com bordas japonesas (2)\" class=\"wp-image-5178\" srcset=\"https:\/\/www.hg-cooker.com\/wp-content\/uploads\/2025\/04\/Details-of-the-Japanese-Bordered-Dry-Pot-2.webp 1024w, https:\/\/www.hg-cooker.com\/wp-content\/uploads\/2025\/04\/Details-of-the-Japanese-Bordered-Dry-Pot-2-100x150.webp 100w, https:\/\/www.hg-cooker.com\/wp-content\/uploads\/2025\/04\/Details-of-the-Japanese-Bordered-Dry-Pot-2-440x660.webp 440w, https:\/\/www.hg-cooker.com\/wp-content\/uploads\/2025\/04\/Details-of-the-Japanese-Bordered-Dry-Pot-2-200x300.webp 200w, https:\/\/www.hg-cooker.com\/wp-content\/uploads\/2025\/04\/Details-of-the-Japanese-Bordered-Dry-Pot-2-768x1152.webp 768w, https:\/\/www.hg-cooker.com\/wp-content\/uploads\/2025\/04\/Details-of-the-Japanese-Bordered-Dry-Pot-2-8x12.webp 8w, https:\/\/www.hg-cooker.com\/wp-content\/uploads\/2025\/04\/Details-of-the-Japanese-Bordered-Dry-Pot-2-285x428.webp 285w\" sizes=\"(max-width: 1024px) 100vw, 1024px\" \/><\/figure>\n<\/div>\n<\/div>\n\n\n\n<div class=\"wp-block-columns is-layout-flex wp-container-core-columns-is-layout-9d6595d7 wp-block-columns-is-layout-flex\">\n<div class=\"wp-block-column is-layout-flow wp-block-column-is-layout-flow\">\n<h3 class=\"wp-block-heading\">Detalhes do vaso seco com bordas japonesas<\/h3>\n<\/div>\n<\/div>\n\n\n\n<figure class=\"wp-block-table\"><table class=\"has-fixed-layout\"><tbody><tr><td>Nome do produto<\/td><td>Tamanho&nbsp;<\/td><td>Material<\/td><td>PCS\/CTN<\/td><td>Peso bruto (kg)<\/td><td>Tamanho da caixa<\/td><\/tr><tr><td rowspan=\"6\">Pote seco com bordas de estilo japon\u00eas<\/td><td>18CM<\/td><td>A\u00e7o inoxid\u00e1vel de tr\u00eas camadas&nbsp;<\/td><td>20<\/td><td>9,7 kg<\/td><td>21.5*21.5*18.5<\/td><\/tr><tr><td>20CM<\/td><td>A\u00e7o inoxid\u00e1vel de tr\u00eas camadas&nbsp;<\/td><td>20<\/td><td>11,9 kg<\/td><td>23.5*23.5*22<\/td><\/tr><tr><td>22CM<\/td><td>A\u00e7o inoxid\u00e1vel de tr\u00eas camadas&nbsp;<\/td><td>20<\/td><td>14,5 kg<\/td><td>26*26*25.5<\/td><\/tr><tr><td>24CM<\/td><td>A\u00e7o inoxid\u00e1vel de tr\u00eas camadas&nbsp;<\/td><td>20<\/td><td>16,3 kg<\/td><td>27.5*27.5*22.5<\/td><\/tr><tr><td>26CM<\/td><td>A\u00e7o inoxid\u00e1vel de tr\u00eas camadas&nbsp;<\/td><td>20<\/td><td>19,4 kg<\/td><td>29.5*29.5*29.5<\/td><\/tr><tr><td>28CM<\/td><td>A\u00e7o inoxid\u00e1vel de tr\u00eas camadas&nbsp;<\/td><td>20<\/td><td>22,3 kg<\/td><td>31.5*31.5*33<\/td><\/tr><\/tbody><\/table><\/figure>","protected":false},"excerpt":{"rendered":"<p>Pote seco com bordas japon\u00eas por atacado, com um design de borda exclusivo, mais f\u00e1cil de segurar. Com uma estrutura de a\u00e7o inoxid\u00e1vel composto de tr\u00eas camadas, promove eficazmente a condu\u00e7\u00e3o de calor e pode ser usado para cozinhar todos os tipos de ingredientes. \u00c9 a escolha ideal para reuni\u00f5es familiares e para o sector da restaura\u00e7\u00e3o.<\/p>\n<h3>Carater\u00edsticas e benef\u00edcios do vaso seco com borda japonesa<\/h3>\n<p><strong>Condu\u00e7\u00e3o r\u00e1pida do calor:<\/strong> Esta panela seca \u00e9 fabricada com material triplamente em a\u00e7o inoxid\u00e1vel, pelo que os alimentos podem atingir rapidamente a temperatura de cozedura mais adequada e desfrutar de comida deliciosa com anteced\u00eancia.<\/p>\n<p><strong>Material espessado:<\/strong> O pote seco utiliza material espesso para tornar o pote mais forte e menos suscet\u00edvel de ser danificado por colis\u00e3o, e a vida \u00fatil do produto \u00e9 mais longa.<\/p>\n<p><strong>Amplos ambientes de aplica\u00e7\u00e3o:<\/strong> Esta panela \u00e9 amplamente aplic\u00e1vel a v\u00e1rios ambientes, tais como cozinhas dom\u00e9sticas, restaurantes de hot pot, restaurantes buffet, etc., e \u00e9 capaz de proporcionar um bom desempenho de cozedura.<\/p>\n<p><strong>Aspeto deslumbrante:<\/strong> O seu aspeto deslumbrante torna-o mais bonito de se ver, o que n\u00e3o s\u00f3 proporciona um melhor ambiente para as refei\u00e7\u00f5es, como tamb\u00e9m serve de ornamento para tornar o restaurante e a cozinha mais elegantes.<\/p>","protected":false},"featured_media":5251,"comment_status":"closed","ping_status":"closed","template":"","meta":[],"product_brand":[],"product_cat":[65],"product_tag":[],"class_list":{"0":"post-5127","1":"product","2":"type-product","3":"status-publish","4":"has-post-thumbnail","6":"product_cat-dry-pot","8":"first","9":"instock","10":"shipping-taxable","11":"product-type-simple"},"_links":{"self":[{"href":"https:\/\/www.hg-cooker.com\/pt\/wp-json\/wp\/v2\/product\/5127","targetHints":{"allow":["GET"]}}],"collection":[{"href":"https:\/\/www.hg-cooker.com\/pt\/wp-json\/wp\/v2\/product"}],"about":[{"href":"https:\/\/www.hg-cooker.com\/pt\/wp-json\/wp\/v2\/types\/product"}],"replies":[{"embeddable":true,"href":"https:\/\/www.hg-cooker.com\/pt\/wp-json\/wp\/v2\/comments?post=5127"}],"wp:featuredmedia":[{"embeddable":true,"href":"https:\/\/www.hg-cooker.com\/pt\/wp-json\/wp\/v2\/media\/5251"}],"wp:attachment":[{"href":"https:\/\/www.hg-cooker.com\/pt\/wp-json\/wp\/v2\/media?parent=5127"}],"wp:term":[{"taxonomy":"product_brand","embeddable":true,"href":"https:\/\/www.hg-cooker.com\/pt\/wp-json\/wp\/v2\/product_brand?post=5127"},{"taxonomy":"product_cat","embeddable":true,"href":"https:\/\/www.hg-cooker.com\/pt\/wp-json\/wp\/v2\/product_cat?post=5127"},{"taxonomy":"product_tag","embeddable":true,"href":"https:\/\/www.hg-cooker.com\/pt\/wp-json\/wp\/v2\/product_tag?post=5127"}],"curies":[{"name":"wp","href":"https:\/\/api.w.org\/{rel}","templated":true}]}}