{"id":5049,"date":"2025-09-12T02:24:36","date_gmt":"2025-09-12T02:24:36","guid":{"rendered":"https:\/\/www.hg-cooker.com\/?post_type=product&#038;p=5049"},"modified":"2026-04-10T09:32:44","modified_gmt":"2026-04-10T09:32:44","slug":"pote-de-leite-fervente-de-aco-inoxidavel-por-atacado-54","status":"publish","type":"product","link":"https:\/\/www.hg-cooker.com\/pt\/produto\/pote-de-leite-fervente-de-aco-inoxidavel-por-atacado-54\/","title":{"rendered":"Mini panela de press\u00e3o por atacado, panela de press\u00e3o pequena de alto desempenho para venda, suporte OEM e ODM"},"content":{"rendered":"<div class=\"wp-block-columns is-layout-flex wp-container-core-columns-is-layout-9d6595d7 wp-block-columns-is-layout-flex\">\n<div class=\"wp-block-column is-layout-flow wp-block-column-is-layout-flow\">\n<h2 class=\"wp-block-heading\">Op\u00e7\u00f5es personalizadas<\/h2>\n\n\n\n<p><strong>Log\u00f3tipo<\/strong>: Personalize o log\u00f3tipo da sua marca na panela t\u00e9rmica e na embalagem.<br><br><strong>Tamanho:<\/strong> Personalize diferentes tamanhos de panela t\u00e9rmica de acordo com as suas necessidades.<br><br><strong>Embalagem<\/strong>: cart\u00e3o\/caixa de cor.<br><br><a href=\"https:\/\/www.hg-cooker.com\/pt\/custom-solution\/\" data-type=\"page\" data-id=\"2793\" target=\"_blank\" rel=\"noreferrer noopener\"><strong>Explorar mais pormenores sobre as mini panelas de press\u00e3o personalizadas<\/strong><\/a><\/p>\n<\/div>\n<\/div>\n\n\n\n<div class=\"wp-block-columns is-layout-flex wp-container-core-columns-is-layout-9d6595d7 wp-block-columns-is-layout-flex\">\n<div class=\"wp-block-column is-layout-flow wp-block-column-is-layout-flow\">\n<figure class=\"wp-block-image size-full\"><img fetchpriority=\"high\" decoding=\"async\" width=\"790\" height=\"1561\" src=\"https:\/\/www.hg-cooker.com\/wp-content\/uploads\/2025\/03\/wholesale-mini-pressure-cooker-details-1.jpg\" alt=\"\" class=\"wp-image-5051\" srcset=\"https:\/\/www.hg-cooker.com\/wp-content\/uploads\/2025\/03\/wholesale-mini-pressure-cooker-details-1.jpg 790w, https:\/\/www.hg-cooker.com\/wp-content\/uploads\/2025\/03\/wholesale-mini-pressure-cooker-details-1-76x150.jpg 76w, https:\/\/www.hg-cooker.com\/wp-content\/uploads\/2025\/03\/wholesale-mini-pressure-cooker-details-1-334x660.jpg 334w, https:\/\/www.hg-cooker.com\/wp-content\/uploads\/2025\/03\/wholesale-mini-pressure-cooker-details-1-152x300.jpg 152w, https:\/\/www.hg-cooker.com\/wp-content\/uploads\/2025\/03\/wholesale-mini-pressure-cooker-details-1-768x1518.jpg 768w, https:\/\/www.hg-cooker.com\/wp-content\/uploads\/2025\/03\/wholesale-mini-pressure-cooker-details-1-6x12.jpg 6w, https:\/\/www.hg-cooker.com\/wp-content\/uploads\/2025\/03\/wholesale-mini-pressure-cooker-details-1-285x563.jpg 285w\" sizes=\"(max-width: 790px) 100vw, 790px\" \/><\/figure>\n<\/div>\n\n\n\n<div class=\"wp-block-column is-layout-flow wp-block-column-is-layout-flow\">\n<figure class=\"wp-block-image size-full\"><img decoding=\"async\" width=\"790\" height=\"1561\" src=\"https:\/\/www.hg-cooker.com\/wp-content\/uploads\/2025\/03\/wholesale-mini-pressure-cooker-details-2.jpg\" alt=\"detalhes da mini panela de press\u00e3o por atacado (2)\" class=\"wp-image-5052\" srcset=\"https:\/\/www.hg-cooker.com\/wp-content\/uploads\/2025\/03\/wholesale-mini-pressure-cooker-details-2.jpg 790w, https:\/\/www.hg-cooker.com\/wp-content\/uploads\/2025\/03\/wholesale-mini-pressure-cooker-details-2-76x150.jpg 76w, https:\/\/www.hg-cooker.com\/wp-content\/uploads\/2025\/03\/wholesale-mini-pressure-cooker-details-2-334x660.jpg 334w, https:\/\/www.hg-cooker.com\/wp-content\/uploads\/2025\/03\/wholesale-mini-pressure-cooker-details-2-152x300.jpg 152w, https:\/\/www.hg-cooker.com\/wp-content\/uploads\/2025\/03\/wholesale-mini-pressure-cooker-details-2-768x1518.jpg 768w, https:\/\/www.hg-cooker.com\/wp-content\/uploads\/2025\/03\/wholesale-mini-pressure-cooker-details-2-6x12.jpg 6w, https:\/\/www.hg-cooker.com\/wp-content\/uploads\/2025\/03\/wholesale-mini-pressure-cooker-details-2-285x563.jpg 285w\" sizes=\"(max-width: 790px) 100vw, 790px\" \/><\/figure>\n<\/div>\n<\/div>","protected":false},"excerpt":{"rendered":"<p>Mini panela de press\u00e3o por atacado, que pode cozinhar arroz e outros alimentos em apenas cerca de 5 minutos. Oferece nano-revestimento cer\u00e2mico seguro e amigo do ambiente e estilos n\u00e3o revestidos. N\u00f3s tamb\u00e9m fornecemos servi\u00e7os flex\u00edveis de OEM e ODM para atender \u00e0s necessidades de diferentes mercados.<\/p>\n<h2>Carater\u00edsticas e vantagens da mini panela de press\u00e3o<\/h2>\n<p><strong>Material triplo em a\u00e7o inoxid\u00e1vel:<\/strong> Esta mini panela de press\u00e3o adopta uma estrutura composta por tr\u00eas camadas de a\u00e7o inoxid\u00e1vel 304#, liga de alum\u00ednio AL1060# e a\u00e7o inoxid\u00e1vel 430#, o que proporciona uma durabilidade extremamente elevada e um excelente desempenho de condu\u00e7\u00e3o de calor.<\/p>\n<p><strong>Cozedura r\u00e1pida:<\/strong> Esta mini panela de press\u00e3o adopta a tecnologia de cozedura sob press\u00e3o de alta efici\u00eancia, que pode completar a cozedura de arroz, sopas, guisados e outros alimentos em cerca de 5 minutos.<\/p>\n<p><strong>Funcionamento c\u00f3modo:<\/strong> Tendo em conta as necessidades de opera\u00e7\u00e3o conveniente do utilizador, o fabricante da panela de press\u00e3o Hengguang utiliza um interrutor de bot\u00e3o para controlar a abertura e o fecho da tampa.<\/p>\n<p><strong>Especifica\u00e7\u00f5es m\u00faltiplas:<\/strong> Para satisfazer as necessidades de diferentes fam\u00edlias e espa\u00e7os de cozinha, esta mini panela de press\u00e3o oferece uma variedade de op\u00e7\u00f5es de capacidade, incluindo 2,5 L, 3,0 L, 3,5 L e 4,0 L.<\/p>\n<p><strong>Servi\u00e7o OEM e ODM:<\/strong> Fornecemos solu\u00e7\u00f5es personalizadas de acordo com as suas necessidades, apoiamos a personaliza\u00e7\u00e3o do aspeto, fun\u00e7\u00e3o, cor do revestimento, capacidade, etc. da panela de press\u00e3o<\/p>","protected":false},"featured_media":7021,"comment_status":"closed","ping_status":"closed","template":"","meta":[],"product_brand":[],"product_cat":[49],"product_tag":[],"class_list":{"0":"post-5049","1":"product","2":"type-product","3":"status-publish","4":"has-post-thumbnail","6":"product_cat-mini-pressure-cooker","8":"first","9":"instock","10":"shipping-taxable","11":"product-type-simple"},"_links":{"self":[{"href":"https:\/\/www.hg-cooker.com\/pt\/wp-json\/wp\/v2\/product\/5049","targetHints":{"allow":["GET"]}}],"collection":[{"href":"https:\/\/www.hg-cooker.com\/pt\/wp-json\/wp\/v2\/product"}],"about":[{"href":"https:\/\/www.hg-cooker.com\/pt\/wp-json\/wp\/v2\/types\/product"}],"replies":[{"embeddable":true,"href":"https:\/\/www.hg-cooker.com\/pt\/wp-json\/wp\/v2\/comments?post=5049"}],"wp:featuredmedia":[{"embeddable":true,"href":"https:\/\/www.hg-cooker.com\/pt\/wp-json\/wp\/v2\/media\/7021"}],"wp:attachment":[{"href":"https:\/\/www.hg-cooker.com\/pt\/wp-json\/wp\/v2\/media?parent=5049"}],"wp:term":[{"taxonomy":"product_brand","embeddable":true,"href":"https:\/\/www.hg-cooker.com\/pt\/wp-json\/wp\/v2\/product_brand?post=5049"},{"taxonomy":"product_cat","embeddable":true,"href":"https:\/\/www.hg-cooker.com\/pt\/wp-json\/wp\/v2\/product_cat?post=5049"},{"taxonomy":"product_tag","embeddable":true,"href":"https:\/\/www.hg-cooker.com\/pt\/wp-json\/wp\/v2\/product_tag?post=5049"}],"curies":[{"name":"wp","href":"https:\/\/api.w.org\/{rel}","templated":true}]}}