{"id":5038,"date":"2025-03-08T07:05:30","date_gmt":"2025-03-08T07:05:30","guid":{"rendered":"https:\/\/www.hg-cooker.com\/?post_type=product&#038;p=5038"},"modified":"2025-03-08T07:20:27","modified_gmt":"2025-03-08T07:20:27","slug":"pote-de-leite-fervente-de-aco-inoxidavel-por-atacado-53","status":"publish","type":"product","link":"https:\/\/www.hg-cooker.com\/pt\/produto\/pote-de-leite-fervente-de-aco-inoxidavel-por-atacado-53\/","title":{"rendered":"Folhas de a\u00e7o inoxid\u00e1vel de camada tripla por atacado para aplica\u00e7\u00f5es de alto desempenho e personalizadas"},"content":{"rendered":"<figure class=\"wp-block-embed is-type-video is-provider-youtube wp-block-embed-youtube wp-embed-aspect-16-9 wp-has-aspect-ratio\"><div class=\"wp-block-embed__wrapper\">\n<iframe title=\"Discos de a\u00e7o inoxid\u00e1vel de tr\u00eas camadas da Hengguang\" width=\"940\" height=\"529\" src=\"https:\/\/www.youtube.com\/embed\/I5lGtmSMgAg?feature=oembed\" frameborder=\"0\" allow=\"accelerometer; autoplay; clipboard-write; encrypted-media; gyroscope; picture-in-picture; web-share\" referrerpolicy=\"strict-origin-when-cross-origin\" allowfullscreen><\/iframe>\n<\/div><\/figure>","protected":false},"excerpt":{"rendered":"<p>Chapa de a\u00e7o inoxid\u00e1vel tripla por atacado. Certifica\u00e7\u00e3o de seguran\u00e7a de grau de contacto com alimentos (FDA\/LFGB), adequado para o fabrico de utens\u00edlios de cozinha de alta qualidade. Apoiamos os servi\u00e7os OEM e ODM para satisfazer os requisitos de fornecimento de chapa de a\u00e7o inoxid\u00e1vel tripla de grande volume. Contacte-nos para obter um or\u00e7amento.<\/p>\n<h3>Carater\u00edsticas e vantagens das chapas de a\u00e7o inoxid\u00e1vel de camada tripla<\/h3>\n<p><strong>Excelente resist\u00eancia estrutural e durabilidade:<\/strong> A estrutura composta de tr\u00eas camadas permite que a folha mantenha a estabilidade e um excelente desempenho anti-deforma\u00e7\u00e3o em v\u00e1rios ambientes agressivos.<\/p>\n<p><strong>Apoio t\u00e9cnico e certifica\u00e7\u00e3o:<\/strong> As nossas chapas de a\u00e7o inoxid\u00e1vel de camada tripla seguem rigorosamente as normas internacionais, tais como astm a240\/a480, en 10088, e fornecem relat\u00f3rios de testes de terceiros (tais como sgs) para garantir a consist\u00eancia da qualidade do lote.<\/p>\n<p><strong>Processamento flex\u00edvel e personalizado:<\/strong> As nossas chapas de a\u00e7o inoxid\u00e1vel de camada tripla por atacado suportam personaliza\u00e7\u00e3o personalizada de acordo com as necessidades do cliente, e podem corresponder com precis\u00e3o a v\u00e1rios projectos profissionais e aplica\u00e7\u00f5es industriais.<\/p>\n<p><strong>Material ideal para utens\u00edlios de cozinha topo de gama:<\/strong> As nossas chapas de a\u00e7o inoxid\u00e1vel de camada tripla por atacado s\u00e3o o material preferido para utens\u00edlios de cozinha topo de gama, que cumprem as normas fda\/lfgb, t\u00eam uma condu\u00e7\u00e3o de calor uniforme e s\u00e3o 30%-50% mais leves do que o ferro fundido tradicional.<\/p>","protected":false},"featured_media":5040,"comment_status":"closed","ping_status":"closed","template":"","meta":[],"product_brand":[],"product_cat":[53],"product_tag":[],"class_list":{"0":"post-5038","1":"product","2":"type-product","3":"status-publish","4":"has-post-thumbnail","6":"product_cat-tri-ply-stainless-steel-discs","8":"first","9":"instock","10":"shipping-taxable","11":"product-type-simple"},"_links":{"self":[{"href":"https:\/\/www.hg-cooker.com\/pt\/wp-json\/wp\/v2\/product\/5038","targetHints":{"allow":["GET"]}}],"collection":[{"href":"https:\/\/www.hg-cooker.com\/pt\/wp-json\/wp\/v2\/product"}],"about":[{"href":"https:\/\/www.hg-cooker.com\/pt\/wp-json\/wp\/v2\/types\/product"}],"replies":[{"embeddable":true,"href":"https:\/\/www.hg-cooker.com\/pt\/wp-json\/wp\/v2\/comments?post=5038"}],"wp:featuredmedia":[{"embeddable":true,"href":"https:\/\/www.hg-cooker.com\/pt\/wp-json\/wp\/v2\/media\/5040"}],"wp:attachment":[{"href":"https:\/\/www.hg-cooker.com\/pt\/wp-json\/wp\/v2\/media?parent=5038"}],"wp:term":[{"taxonomy":"product_brand","embeddable":true,"href":"https:\/\/www.hg-cooker.com\/pt\/wp-json\/wp\/v2\/product_brand?post=5038"},{"taxonomy":"product_cat","embeddable":true,"href":"https:\/\/www.hg-cooker.com\/pt\/wp-json\/wp\/v2\/product_cat?post=5038"},{"taxonomy":"product_tag","embeddable":true,"href":"https:\/\/www.hg-cooker.com\/pt\/wp-json\/wp\/v2\/product_tag?post=5038"}],"curies":[{"name":"wp","href":"https:\/\/api.w.org\/{rel}","templated":true}]}}