{"id":5035,"date":"2025-05-04T06:43:55","date_gmt":"2025-05-04T06:43:55","guid":{"rendered":"https:\/\/www.hg-cooker.com\/?post_type=product&#038;p=5035"},"modified":"2025-11-13T02:33:19","modified_gmt":"2025-11-13T02:33:19","slug":"pote-de-leite-fervente-de-aco-inoxidavel-por-atacado-52","status":"publish","type":"product","link":"https:\/\/www.hg-cooker.com\/pt\/produto\/pote-de-leite-fervente-de-aco-inoxidavel-por-atacado-52\/","title":{"rendered":"Discos de a\u00e7o inoxid\u00e1vel de tr\u00eas camadas para fabrico de panelas - Material de alta qualidade, dur\u00e1vel e compat\u00edvel com a indu\u00e7\u00e3o"},"content":{"rendered":"<div class=\"wp-block-columns is-layout-flex wp-container-core-columns-is-layout-9d6595d7 wp-block-columns-is-layout-flex\">\n<div class=\"wp-block-column is-layout-flow wp-block-column-is-layout-flow\">\n<figure class=\"wp-block-image size-full\"><img fetchpriority=\"high\" decoding=\"async\" width=\"800\" height=\"800\" src=\"https:\/\/www.hg-cooker.com\/wp-content\/uploads\/2025\/03\/Wholesale-triply-stainless-steel-discs-2-1.webp\" alt=\"Discos triplos de a\u00e7o inoxid\u00e1vel por grosso (2)\" class=\"wp-image-5033\" srcset=\"https:\/\/www.hg-cooker.com\/wp-content\/uploads\/2025\/03\/Wholesale-triply-stainless-steel-discs-2-1.webp 800w, https:\/\/www.hg-cooker.com\/wp-content\/uploads\/2025\/03\/Wholesale-triply-stainless-steel-discs-2-1-150x150.webp 150w, https:\/\/www.hg-cooker.com\/wp-content\/uploads\/2025\/03\/Wholesale-triply-stainless-steel-discs-2-1-660x660.webp 660w, https:\/\/www.hg-cooker.com\/wp-content\/uploads\/2025\/03\/Wholesale-triply-stainless-steel-discs-2-1-300x300.webp 300w, https:\/\/www.hg-cooker.com\/wp-content\/uploads\/2025\/03\/Wholesale-triply-stainless-steel-discs-2-1-768x768.webp 768w, https:\/\/www.hg-cooker.com\/wp-content\/uploads\/2025\/03\/Wholesale-triply-stainless-steel-discs-2-1-12x12.webp 12w, https:\/\/www.hg-cooker.com\/wp-content\/uploads\/2025\/03\/Wholesale-triply-stainless-steel-discs-2-1-285x285.webp 285w, https:\/\/www.hg-cooker.com\/wp-content\/uploads\/2025\/03\/Wholesale-triply-stainless-steel-discs-2-1-270x270.webp 270w, https:\/\/www.hg-cooker.com\/wp-content\/uploads\/2025\/03\/Wholesale-triply-stainless-steel-discs-2-1-540x540.webp 540w\" sizes=\"(max-width: 800px) 100vw, 800px\" \/><\/figure>\n<\/div>\n\n\n\n<div class=\"wp-block-column is-layout-flow wp-block-column-is-layout-flow\">\n<figure class=\"wp-block-image size-full\"><img decoding=\"async\" width=\"800\" height=\"800\" src=\"https:\/\/www.hg-cooker.com\/wp-content\/uploads\/2025\/03\/Wholesale-triply-stainless-steel-discs-3-1.webp\" alt=\"Discos triplos de a\u00e7o inoxid\u00e1vel por grosso (3)\" class=\"wp-image-5034\" srcset=\"https:\/\/www.hg-cooker.com\/wp-content\/uploads\/2025\/03\/Wholesale-triply-stainless-steel-discs-3-1.webp 800w, https:\/\/www.hg-cooker.com\/wp-content\/uploads\/2025\/03\/Wholesale-triply-stainless-steel-discs-3-1-150x150.webp 150w, https:\/\/www.hg-cooker.com\/wp-content\/uploads\/2025\/03\/Wholesale-triply-stainless-steel-discs-3-1-660x660.webp 660w, https:\/\/www.hg-cooker.com\/wp-content\/uploads\/2025\/03\/Wholesale-triply-stainless-steel-discs-3-1-300x300.webp 300w, https:\/\/www.hg-cooker.com\/wp-content\/uploads\/2025\/03\/Wholesale-triply-stainless-steel-discs-3-1-768x768.webp 768w, https:\/\/www.hg-cooker.com\/wp-content\/uploads\/2025\/03\/Wholesale-triply-stainless-steel-discs-3-1-12x12.webp 12w, https:\/\/www.hg-cooker.com\/wp-content\/uploads\/2025\/03\/Wholesale-triply-stainless-steel-discs-3-1-285x285.webp 285w, https:\/\/www.hg-cooker.com\/wp-content\/uploads\/2025\/03\/Wholesale-triply-stainless-steel-discs-3-1-270x270.webp 270w, https:\/\/www.hg-cooker.com\/wp-content\/uploads\/2025\/03\/Wholesale-triply-stainless-steel-discs-3-1-540x540.webp 540w\" sizes=\"(max-width: 800px) 100vw, 800px\" \/><\/figure>\n<\/div>\n<\/div>","protected":false},"excerpt":{"rendered":"<p>N\u00f3s fornecemos discos de a\u00e7o inoxid\u00e1vel Tri-Ply de alta qualidade, que s\u00e3o amplamente utilizados em v\u00e1rios utens\u00edlios de cozinha e equipamentos de cozinha de alta qualidade. T\u00eam as vantagens de super durabilidade, compatibilidade com v\u00e1rios fog\u00f5es, desempenho de cozedura de n\u00edvel profissional, etc. Apoiamos a personaliza\u00e7\u00e3o OEM e ODM. Contacte-nos para obter um or\u00e7amento.<\/p>\n<h3>Carater\u00edsticas e vantagens dos discos de a\u00e7o inoxid\u00e1vel de tr\u00eas camadas por atacado<\/h3>\n<p><strong>Personaliz\u00e1vel para v\u00e1rias aplica\u00e7\u00f5es de utens\u00edlios de cozinha:<\/strong> Oferecemos op\u00e7\u00f5es personalizadas em termos de tamanho, espessura e composi\u00e7\u00e3o do material para satisfazer necessidades espec\u00edficas de fabrico de utens\u00edlios de cozinha.<\/p>\n<p><strong>Fornecimento fi\u00e1vel:<\/strong> Com equipamento de produ\u00e7\u00e3o avan\u00e7ado e um controlo de qualidade rigoroso, garantimos um fornecimento est\u00e1vel e cont\u00ednuo de discos de a\u00e7o inoxid\u00e1vel de tr\u00eas camadas. Isto garante a entrega atempada para grandes projectos de fabrico de utens\u00edlios de cozinha.<\/p>\n<p><strong>Aplica\u00e7\u00f5es vers\u00e1teis:<\/strong> Os nossos discos de a\u00e7o inoxid\u00e1vel de tr\u00eas camadas s\u00e3o adequados para uma variedade de produtos de cozinha, e os fabricantes podem confiar nos nossos materiais para fabricar produtos com um desempenho est\u00e1vel.<\/p>\n<p><strong>Pre\u00e7o direto de f\u00e1brica:<\/strong> Oferecemos pre\u00e7os grossistas competitivos para encomendas a granel. \u00c9 uma excelente escolha para fabricantes de utens\u00edlios de cozinha, grossistas e distribuidores que procuram materiais acess\u00edveis e de alta qualidade.<\/p>","protected":false},"featured_media":5036,"comment_status":"closed","ping_status":"closed","template":"","meta":[],"product_brand":[],"product_cat":[53],"product_tag":[],"class_list":{"0":"post-5035","1":"product","2":"type-product","3":"status-publish","4":"has-post-thumbnail","6":"product_cat-tri-ply-stainless-steel-discs","8":"first","9":"instock","10":"shipping-taxable","11":"product-type-simple"},"_links":{"self":[{"href":"https:\/\/www.hg-cooker.com\/pt\/wp-json\/wp\/v2\/product\/5035","targetHints":{"allow":["GET"]}}],"collection":[{"href":"https:\/\/www.hg-cooker.com\/pt\/wp-json\/wp\/v2\/product"}],"about":[{"href":"https:\/\/www.hg-cooker.com\/pt\/wp-json\/wp\/v2\/types\/product"}],"replies":[{"embeddable":true,"href":"https:\/\/www.hg-cooker.com\/pt\/wp-json\/wp\/v2\/comments?post=5035"}],"wp:featuredmedia":[{"embeddable":true,"href":"https:\/\/www.hg-cooker.com\/pt\/wp-json\/wp\/v2\/media\/5036"}],"wp:attachment":[{"href":"https:\/\/www.hg-cooker.com\/pt\/wp-json\/wp\/v2\/media?parent=5035"}],"wp:term":[{"taxonomy":"product_brand","embeddable":true,"href":"https:\/\/www.hg-cooker.com\/pt\/wp-json\/wp\/v2\/product_brand?post=5035"},{"taxonomy":"product_cat","embeddable":true,"href":"https:\/\/www.hg-cooker.com\/pt\/wp-json\/wp\/v2\/product_cat?post=5035"},{"taxonomy":"product_tag","embeddable":true,"href":"https:\/\/www.hg-cooker.com\/pt\/wp-json\/wp\/v2\/product_tag?post=5035"}],"curies":[{"name":"wp","href":"https:\/\/api.w.org\/{rel}","templated":true}]}}