{"id":5027,"date":"2025-05-05T03:57:10","date_gmt":"2025-05-05T03:57:10","guid":{"rendered":"https:\/\/www.hg-cooker.com\/?post_type=product&#038;p=5027"},"modified":"2025-11-13T02:32:56","modified_gmt":"2025-11-13T02:32:56","slug":"pote-de-leite-fervente-de-aco-inoxidavel-por-atacado-50","status":"publish","type":"product","link":"https:\/\/www.hg-cooker.com\/pt\/produto\/pote-de-leite-fervente-de-aco-inoxidavel-por-atacado-50\/","title":{"rendered":"Discos de a\u00e7o inoxid\u00e1vel Tri Ply por atacado para uso profissional, fabrico de utens\u00edlios de cozinha e aplica\u00e7\u00f5es industriais"},"content":{"rendered":"<div class=\"wp-block-columns is-layout-flex wp-container-core-columns-is-layout-9d6595d7 wp-block-columns-is-layout-flex\">\n<div class=\"wp-block-column is-layout-flow wp-block-column-is-layout-flow\">\n<figure class=\"wp-block-image size-full\"><img fetchpriority=\"high\" decoding=\"async\" width=\"800\" height=\"800\" src=\"https:\/\/www.hg-cooker.com\/wp-content\/uploads\/2025\/03\/Wholesale-triply-stainless-steel-discs-2.webp\" alt=\"Discos triplos de a\u00e7o inoxid\u00e1vel por grosso (2)\" class=\"wp-image-5029\" srcset=\"https:\/\/www.hg-cooker.com\/wp-content\/uploads\/2025\/03\/Wholesale-triply-stainless-steel-discs-2.webp 800w, https:\/\/www.hg-cooker.com\/wp-content\/uploads\/2025\/03\/Wholesale-triply-stainless-steel-discs-2-150x150.webp 150w, https:\/\/www.hg-cooker.com\/wp-content\/uploads\/2025\/03\/Wholesale-triply-stainless-steel-discs-2-660x660.webp 660w, https:\/\/www.hg-cooker.com\/wp-content\/uploads\/2025\/03\/Wholesale-triply-stainless-steel-discs-2-300x300.webp 300w, https:\/\/www.hg-cooker.com\/wp-content\/uploads\/2025\/03\/Wholesale-triply-stainless-steel-discs-2-768x768.webp 768w, https:\/\/www.hg-cooker.com\/wp-content\/uploads\/2025\/03\/Wholesale-triply-stainless-steel-discs-2-12x12.webp 12w, https:\/\/www.hg-cooker.com\/wp-content\/uploads\/2025\/03\/Wholesale-triply-stainless-steel-discs-2-285x285.webp 285w, https:\/\/www.hg-cooker.com\/wp-content\/uploads\/2025\/03\/Wholesale-triply-stainless-steel-discs-2-270x270.webp 270w, https:\/\/www.hg-cooker.com\/wp-content\/uploads\/2025\/03\/Wholesale-triply-stainless-steel-discs-2-540x540.webp 540w\" sizes=\"(max-width: 800px) 100vw, 800px\" \/><\/figure>\n<\/div>\n\n\n\n<div class=\"wp-block-column is-layout-flow wp-block-column-is-layout-flow\">\n<figure class=\"wp-block-image size-full\"><img decoding=\"async\" width=\"800\" height=\"800\" src=\"https:\/\/www.hg-cooker.com\/wp-content\/uploads\/2025\/03\/Wholesale-triply-stainless-steel-discs-3.webp\" alt=\"Discos triplos de a\u00e7o inoxid\u00e1vel por grosso (3)\" class=\"wp-image-5030\" srcset=\"https:\/\/www.hg-cooker.com\/wp-content\/uploads\/2025\/03\/Wholesale-triply-stainless-steel-discs-3.webp 800w, https:\/\/www.hg-cooker.com\/wp-content\/uploads\/2025\/03\/Wholesale-triply-stainless-steel-discs-3-150x150.webp 150w, https:\/\/www.hg-cooker.com\/wp-content\/uploads\/2025\/03\/Wholesale-triply-stainless-steel-discs-3-660x660.webp 660w, https:\/\/www.hg-cooker.com\/wp-content\/uploads\/2025\/03\/Wholesale-triply-stainless-steel-discs-3-300x300.webp 300w, https:\/\/www.hg-cooker.com\/wp-content\/uploads\/2025\/03\/Wholesale-triply-stainless-steel-discs-3-768x768.webp 768w, https:\/\/www.hg-cooker.com\/wp-content\/uploads\/2025\/03\/Wholesale-triply-stainless-steel-discs-3-12x12.webp 12w, https:\/\/www.hg-cooker.com\/wp-content\/uploads\/2025\/03\/Wholesale-triply-stainless-steel-discs-3-285x285.webp 285w, https:\/\/www.hg-cooker.com\/wp-content\/uploads\/2025\/03\/Wholesale-triply-stainless-steel-discs-3-270x270.webp 270w, https:\/\/www.hg-cooker.com\/wp-content\/uploads\/2025\/03\/Wholesale-triply-stainless-steel-discs-3-540x540.webp 540w\" sizes=\"(max-width: 800px) 100vw, 800px\" \/><\/figure>\n<\/div>\n<\/div>\n\n\n\n<p><\/p>","protected":false},"excerpt":{"rendered":"<p>Os nossos discos de a\u00e7o inoxid\u00e1vel triplo por atacado oferecem uma excelente durabilidade e distribui\u00e7\u00e3o de calor, ideais para o fabrico de utens\u00edlios de cozinha e aplica\u00e7\u00f5es industriais. Oferecemos op\u00e7\u00f5es de personaliza\u00e7\u00e3o OEM e ODM, permitindo-lhe personalizar a espessura, o tipo de a\u00e7o inoxid\u00e1vel, o padr\u00e3o, contacte-nos para obter uma cota\u00e7\u00e3o.<\/p>\n<h3>Carater\u00edsticas e vantagens dos discos de a\u00e7o inoxid\u00e1vel Tri-Ply<\/h3>\n<p><strong data-start=\"2\" data-end=\"36\" data-is-only-node=\"\" data-immersive-translate-walked=\"9187d9d6-1722-4bf8-952c-92dd258bb7cd\">Op\u00e7\u00f5es de espessura personaliz\u00e1veis<\/strong>: Dispon\u00edvel em espessuras de 1,8 mm, 2,0 mm, 2,2 mm, 2,5 mm e 3,0 mm, com suporte total para espessuras personalizadas.<\/p>\n<p><strong data-start=\"146\" data-end=\"182\" data-is-only-node=\"\" data-immersive-translate-walked=\"9187d9d6-1722-4bf8-952c-92dd258bb7cd\">Escolha de graus de a\u00e7o inoxid\u00e1vel<\/strong>: Selecione entre duas op\u00e7\u00f5es de a\u00e7o inoxid\u00e1vel de alta qualidade, 18-8# e 18-10#, para maior durabilidade e resist\u00eancia \u00e0 corros\u00e3o.<\/p>\n<p><strong data-start=\"308\" data-end=\"333\" data-is-only-node=\"\" data-immersive-translate-walked=\"9187d9d6-1722-4bf8-952c-92dd258bb7cd\">Personaliza\u00e7\u00e3o de padr\u00f5es<\/strong>: Suporta uma variedade de padr\u00f5es, incluindo hexagonais, diamantes, log\u00f3tipos e outros designs personalizados, oferecendo total flexibilidade criativa.<\/p>\n<p><strong data-start=\"469\" data-end=\"484\" data-is-only-node=\"\" data-immersive-translate-walked=\"9187d9d6-1722-4bf8-952c-92dd258bb7cd\">Versatilidade<\/strong>: Ideal para o fabrico de utens\u00edlios de cozinha, aplica\u00e7\u00f5es industriais e qualquer projeto que exija discos de a\u00e7o inoxid\u00e1vel duradouros e personaliz\u00e1veis.<\/p>","protected":false},"featured_media":5028,"comment_status":"closed","ping_status":"closed","template":"","meta":[],"product_brand":[],"product_cat":[53],"product_tag":[],"class_list":{"0":"post-5027","1":"product","2":"type-product","3":"status-publish","4":"has-post-thumbnail","6":"product_cat-tri-ply-stainless-steel-discs","8":"first","9":"instock","10":"shipping-taxable","11":"product-type-simple"},"_links":{"self":[{"href":"https:\/\/www.hg-cooker.com\/pt\/wp-json\/wp\/v2\/product\/5027","targetHints":{"allow":["GET"]}}],"collection":[{"href":"https:\/\/www.hg-cooker.com\/pt\/wp-json\/wp\/v2\/product"}],"about":[{"href":"https:\/\/www.hg-cooker.com\/pt\/wp-json\/wp\/v2\/types\/product"}],"replies":[{"embeddable":true,"href":"https:\/\/www.hg-cooker.com\/pt\/wp-json\/wp\/v2\/comments?post=5027"}],"wp:featuredmedia":[{"embeddable":true,"href":"https:\/\/www.hg-cooker.com\/pt\/wp-json\/wp\/v2\/media\/5028"}],"wp:attachment":[{"href":"https:\/\/www.hg-cooker.com\/pt\/wp-json\/wp\/v2\/media?parent=5027"}],"wp:term":[{"taxonomy":"product_brand","embeddable":true,"href":"https:\/\/www.hg-cooker.com\/pt\/wp-json\/wp\/v2\/product_brand?post=5027"},{"taxonomy":"product_cat","embeddable":true,"href":"https:\/\/www.hg-cooker.com\/pt\/wp-json\/wp\/v2\/product_cat?post=5027"},{"taxonomy":"product_tag","embeddable":true,"href":"https:\/\/www.hg-cooker.com\/pt\/wp-json\/wp\/v2\/product_tag?post=5027"}],"curies":[{"name":"wp","href":"https:\/\/api.w.org\/{rel}","templated":true}]}}