{"id":4904,"date":"2025-02-07T07:21:50","date_gmt":"2025-02-07T07:21:50","guid":{"rendered":"https:\/\/www.hg-cooker.com\/?post_type=product&#038;p=4904"},"modified":"2025-02-07T07:35:31","modified_gmt":"2025-02-07T07:35:31","slug":"pote-de-leite-fervente-de-aco-inoxidavel-por-atacado-49","status":"publish","type":"product","link":"https:\/\/www.hg-cooker.com\/pt\/produto\/pote-de-leite-fervente-de-aco-inoxidavel-por-atacado-49\/","title":{"rendered":"Discos de a\u00e7o inoxid\u00e1vel Tri Ply por atacado, suporte OEM e ODM"},"content":{"rendered":"<div class=\"wp-block-columns is-layout-flex wp-container-core-columns-is-layout-9d6595d7 wp-block-columns-is-layout-flex\">\n<div class=\"wp-block-column is-layout-flow wp-block-column-is-layout-flow\">\n<h2 class=\"wp-block-heading\">Par\u00e2metros dos discos de a\u00e7o inoxid\u00e1vel de tr\u00eas camadas<\/h2>\n\n\n\n<figure class=\"wp-block-table\"><table class=\"has-fixed-layout\"><tbody><tr><td>Nome do produto<\/td><td>Material<\/td><td>Espessura opcional<\/td><td>Formas<\/td><td>Tamanho opcional<\/td><\/tr><tr><td>Discos de a\u00e7o inoxid\u00e1vel composto de tr\u00eas camadas<\/td><td>A\u00e7o inoxid\u00e1vel 304\/316 + alum\u00ednio + a\u00e7o inoxid\u00e1vel 430<\/td><td>1,8 mm \/ 2,0 mm \/ 2,2 mm \/ 2,5 mm \/ 3,0 mm<\/td><td>Circular \/ Forma especial<\/td><td>Tamanho circular: 250mm - 500mm \/ Tamanho de forma especial: At\u00e9 900 mm<\/td><\/tr><\/tbody><\/table><\/figure>\n\n\n\n<h2 class=\"wp-block-heading\">Op\u00e7\u00f5es de discos de a\u00e7o inoxid\u00e1vel de tr\u00eas camadas personalizados<\/h2>\n\n\n\n<p><strong>Padr\u00e3o<\/strong>: Padr\u00f5es personalizados em discos de a\u00e7o inoxid\u00e1vel de tr\u00eas camadas.<br><br><strong>Material<\/strong>: A\u00e7o inoxid\u00e1vel 304\/316 + alum\u00ednio + a\u00e7o inoxid\u00e1vel 430<br><br><strong>Tamanho<\/strong>: Tamanho do disco de a\u00e7o inoxid\u00e1vel personalizado.<br><br><strong>Formas<\/strong>: Prato redondo \/ Qualquer forma especial<br><br><strong>MOQ<\/strong>:1000 pe\u00e7as<\/p>\n\n\n\n<p><a href=\"https:\/\/www.hg-cooker.com\/pt\/discos-de-aco-inoxidavel-de-tres-camadas\/\" data-type=\"link\" data-id=\"https:\/\/www.hg-cooker.com\/tri-ply-stainless-steel-discs\/\" target=\"_blank\" rel=\"noreferrer noopener\"><strong>Explore mais solu\u00e7\u00f5es personalizadas de discos de a\u00e7o inoxid\u00e1vel de tr\u00eas camadas. <\/strong><\/a><\/p>\n<\/div>\n<\/div>\n\n\n\n<div class=\"wp-block-columns is-layout-flex wp-container-core-columns-is-layout-9d6595d7 wp-block-columns-is-layout-flex\">\n<div class=\"wp-block-column is-layout-flow wp-block-column-is-layout-flow\">\n<figure class=\"wp-block-image size-full\"><img fetchpriority=\"high\" decoding=\"async\" width=\"540\" height=\"540\" src=\"https:\/\/www.hg-cooker.com\/wp-content\/uploads\/2025\/02\/wholesale-tri-ply-stainless-steel-discs-3.webp\" alt=\"discos de a\u00e7o inoxid\u00e1vel de tr\u00eas camadas por atacado (3)\" class=\"wp-image-4907\" srcset=\"https:\/\/www.hg-cooker.com\/wp-content\/uploads\/2025\/02\/wholesale-tri-ply-stainless-steel-discs-3.webp 540w, https:\/\/www.hg-cooker.com\/wp-content\/uploads\/2025\/02\/wholesale-tri-ply-stainless-steel-discs-3-150x150.webp 150w, https:\/\/www.hg-cooker.com\/wp-content\/uploads\/2025\/02\/wholesale-tri-ply-stainless-steel-discs-3-300x300.webp 300w, https:\/\/www.hg-cooker.com\/wp-content\/uploads\/2025\/02\/wholesale-tri-ply-stainless-steel-discs-3-12x12.webp 12w, https:\/\/www.hg-cooker.com\/wp-content\/uploads\/2025\/02\/wholesale-tri-ply-stainless-steel-discs-3-285x285.webp 285w, https:\/\/www.hg-cooker.com\/wp-content\/uploads\/2025\/02\/wholesale-tri-ply-stainless-steel-discs-3-270x270.webp 270w\" sizes=\"(max-width: 540px) 100vw, 540px\" \/><\/figure>\n<\/div>\n\n\n\n<div class=\"wp-block-column is-layout-flow wp-block-column-is-layout-flow\">\n<figure class=\"wp-block-image size-full\"><img decoding=\"async\" width=\"535\" height=\"535\" src=\"https:\/\/www.hg-cooker.com\/wp-content\/uploads\/2025\/02\/wholesale-tri-ply-stainless-steel-discs-4.webp\" alt=\"discos de a\u00e7o inoxid\u00e1vel de tr\u00eas camadas por atacado (4)\" class=\"wp-image-4908\" srcset=\"https:\/\/www.hg-cooker.com\/wp-content\/uploads\/2025\/02\/wholesale-tri-ply-stainless-steel-discs-4.webp 535w, https:\/\/www.hg-cooker.com\/wp-content\/uploads\/2025\/02\/wholesale-tri-ply-stainless-steel-discs-4-150x150.webp 150w, https:\/\/www.hg-cooker.com\/wp-content\/uploads\/2025\/02\/wholesale-tri-ply-stainless-steel-discs-4-300x300.webp 300w, https:\/\/www.hg-cooker.com\/wp-content\/uploads\/2025\/02\/wholesale-tri-ply-stainless-steel-discs-4-12x12.webp 12w, https:\/\/www.hg-cooker.com\/wp-content\/uploads\/2025\/02\/wholesale-tri-ply-stainless-steel-discs-4-285x285.webp 285w, https:\/\/www.hg-cooker.com\/wp-content\/uploads\/2025\/02\/wholesale-tri-ply-stainless-steel-discs-4-270x270.webp 270w\" sizes=\"(max-width: 535px) 100vw, 535px\" \/><\/figure>\n<\/div>\n<\/div>\n\n\n\n<div class=\"wp-block-columns is-layout-flex wp-container-core-columns-is-layout-9d6595d7 wp-block-columns-is-layout-flex\">\n<div class=\"wp-block-column is-layout-flow wp-block-column-is-layout-flow\"><\/div>\n\n\n\n<div class=\"wp-block-column is-layout-flow wp-block-column-is-layout-flow\"><\/div>\n<\/div>","protected":false},"excerpt":{"rendered":"<p>Discos de a\u00e7o inoxid\u00e1vel triplos por atacado, com v\u00e1rias op\u00e7\u00f5es de espessura, usando a\u00e7o inoxid\u00e1vel 304\/316, alum\u00ednio e estrutura composta de tr\u00eas camadas de a\u00e7o inoxid\u00e1vel 430, adequados para utens\u00edlios de cozinha e utens\u00edlios de mesa de alta qualidade. N\u00f3s fornecemos servi\u00e7os flex\u00edveis de OEM e ODM, e podemos personalizar o tamanho, espessura, tratamento de superf\u00edcie e forma de acordo com as necessidades do cliente. Bem-vindo a contactar-nos.<\/p>\n<h3>Carater\u00edsticas e vantagens dos discos de a\u00e7o inoxid\u00e1vel Tri Ply<\/h3>\n<div>\n<p><strong>Excelente condutividade t\u00e9rmica:<\/strong> Os discos de a\u00e7o inoxid\u00e1vel de tr\u00eas camadas s\u00e3o feitos de tr\u00eas camadas de material, a camada interm\u00e9dia \u00e9 de alum\u00ednio e as camadas interior e exterior s\u00e3o de a\u00e7o inoxid\u00e1vel. T\u00eam uma excelente condutividade t\u00e9rmica e s\u00e3o ideais para o fabrico de utens\u00edlios de cozinha.<\/p>\n<p><strong>Grande durabilidade:<\/strong> A estrutura de tr\u00eas camadas torna os discos de a\u00e7o inoxid\u00e1vel de tr\u00eas camadas mais dur\u00e1veis do que os de a\u00e7o inoxid\u00e1vel de camada \u00fanica. As duas camadas exteriores de a\u00e7o inoxid\u00e1vel podem resistir eficazmente \u00e0 corros\u00e3o, ao desgaste e \u00e0 oxida\u00e7\u00e3o, prolongando a vida \u00fatil.<\/p>\n<p><strong>Utiliza\u00e7\u00f5es diversificadas:<\/strong> Os discos de a\u00e7o inoxid\u00e1vel de tr\u00eas camadas s\u00e3o amplamente utilizados no fabrico de v\u00e1rios utens\u00edlios de cozinha em a\u00e7o inoxid\u00e1vel de alta qualidade, tais como woks, frigideiras e panelas para guisados. Tamb\u00e9m podem ser utilizados no fabrico de loi\u00e7a de mesa para fazer pratos modernos, tigelas, etc.<\/p>\n<p><strong>Melhorar a est\u00e9tica do produto:<\/strong> O brilho e a modernidade dos discos de a\u00e7o inoxid\u00e1vel Tri-ply tornam-no muito adequado para o fabrico de utens\u00edlios de cozinha e artigos dom\u00e9sticos requintados, conferindo uma maior beleza visual \u00e0 cozinha ou \u00e0 mesa de jantar.<\/p>\n<p><strong>Servi\u00e7o OEM e ODM:<\/strong> Como um fabricante de discos de a\u00e7o triplamente inoxid\u00e1vel, podemos personalizar diferentes tamanhos, espessuras, tratamentos de superf\u00edcie e desenhos de acordo com as necessidades do cliente para atender \u00e0s necessidades espec\u00edficas do cliente.<\/p>\n<p><a href=\"https:\/\/www.hg-cooker.com\/pt\/discos-de-aco-inoxidavel-de-tres-camadas\/\" target=\"_blank\" rel=\"noopener\"><strong>Saiba mais sobre as solu\u00e7\u00f5es personalizadas de discos de a\u00e7o inoxid\u00e1vel de tr\u00eas camadas.<\/strong><\/a><\/p>\n<\/div>","protected":false},"featured_media":4905,"comment_status":"closed","ping_status":"closed","template":"","meta":[],"product_brand":[],"product_cat":[53],"product_tag":[],"class_list":{"0":"post-4904","1":"product","2":"type-product","3":"status-publish","4":"has-post-thumbnail","6":"product_cat-tri-ply-stainless-steel-discs","8":"first","9":"instock","10":"shipping-taxable","11":"product-type-simple"},"_links":{"self":[{"href":"https:\/\/www.hg-cooker.com\/pt\/wp-json\/wp\/v2\/product\/4904","targetHints":{"allow":["GET"]}}],"collection":[{"href":"https:\/\/www.hg-cooker.com\/pt\/wp-json\/wp\/v2\/product"}],"about":[{"href":"https:\/\/www.hg-cooker.com\/pt\/wp-json\/wp\/v2\/types\/product"}],"replies":[{"embeddable":true,"href":"https:\/\/www.hg-cooker.com\/pt\/wp-json\/wp\/v2\/comments?post=4904"}],"wp:featuredmedia":[{"embeddable":true,"href":"https:\/\/www.hg-cooker.com\/pt\/wp-json\/wp\/v2\/media\/4905"}],"wp:attachment":[{"href":"https:\/\/www.hg-cooker.com\/pt\/wp-json\/wp\/v2\/media?parent=4904"}],"wp:term":[{"taxonomy":"product_brand","embeddable":true,"href":"https:\/\/www.hg-cooker.com\/pt\/wp-json\/wp\/v2\/product_brand?post=4904"},{"taxonomy":"product_cat","embeddable":true,"href":"https:\/\/www.hg-cooker.com\/pt\/wp-json\/wp\/v2\/product_cat?post=4904"},{"taxonomy":"product_tag","embeddable":true,"href":"https:\/\/www.hg-cooker.com\/pt\/wp-json\/wp\/v2\/product_tag?post=4904"}],"curies":[{"name":"wp","href":"https:\/\/api.w.org\/{rel}","templated":true}]}}