{"id":4865,"date":"2025-08-18T01:53:35","date_gmt":"2025-08-18T01:53:35","guid":{"rendered":"https:\/\/www.hg-cooker.com\/?post_type=product&#038;p=4865"},"modified":"2025-11-13T02:21:09","modified_gmt":"2025-11-13T02:21:09","slug":"pote-de-leite-fervente-de-aco-inoxidavel-por-atacado-48","status":"publish","type":"product","link":"https:\/\/www.hg-cooker.com\/pt\/produto\/pote-de-leite-fervente-de-aco-inoxidavel-por-atacado-48\/","title":{"rendered":"Panela de press\u00e3o de a\u00e7o inoxid\u00e1vel para uso dom\u00e9stico e exterior de 3 litros, design de seguran\u00e7a m\u00faltipla, suporte OEM e ODM"},"content":{"rendered":"<div class=\"wp-block-columns is-layout-flex wp-container-core-columns-is-layout-9d6595d7 wp-block-columns-is-layout-flex\">\n<div class=\"wp-block-column is-layout-flow wp-block-column-is-layout-flow\">\n<h2 class=\"wp-block-heading\">Par\u00e2metros da panela de press\u00e3o de a\u00e7o inoxid\u00e1vel<\/h2>\n\n\n\n<figure class=\"wp-block-table\"><table class=\"has-fixed-layout\"><tbody><tr><td>Nome do produto<\/td><td>Material<\/td><td>Estilo<\/td><td>Capacidade<\/td><td>Fog\u00e3o adequado<\/td><\/tr><tr><td>Panela de press\u00e3o pequena<\/td><td>A\u00e7o inoxid\u00e1vel 304# (tampa) + a\u00e7o inoxid\u00e1vel Tri-Ply (corpo da panela)<\/td><td>Parede interior em a\u00e7o inoxid\u00e1vel \/ Parede interior antiaderente<\/td><td>2.5L \/ 3.0L \/ 3.5L \/ 4.0L<\/td><td>Fog\u00e3o a g\u00e1s \/ Chama aberta \/ Fog\u00e3o de indu\u00e7\u00e3o<\/td><\/tr><\/tbody><\/table><\/figure>\n\n\n\n<h3 class=\"wp-block-heading\">Op\u00e7\u00f5es de panelas de press\u00e3o personalizadas<\/h3>\n\n\n\n<p><strong>Log\u00f3tipo:<\/strong> Personalize o log\u00f3tipo da sua marca em produtos e embalagens.<br><br><strong>Revestimento:<\/strong> Revestimento antiaderente \/ A\u00e7o inoxid\u00e1vel <br><br><strong>Tamanho: <\/strong>Personalize diferentes tamanhos de panelas de press\u00e3o de acordo com as suas necessidades.<br><br><strong>Embalagem: <\/strong>caixa de cart\u00e3o\/cor.<br><br><a href=\"https:\/\/www.hg-cooker.com\/pt\/custom-solution\/\" data-type=\"page\" data-id=\"2793\" target=\"_blank\" rel=\"noreferrer noopener\"><strong>Saiba mais sobre as solu\u00e7\u00f5es personalizadas para panelas de press\u00e3o.<\/strong><\/a><br><\/p>\n<\/div>\n<\/div>\n\n\n\n<div class=\"wp-block-columns is-layout-flex wp-container-core-columns-is-layout-9d6595d7 wp-block-columns-is-layout-flex\">\n<div class=\"wp-block-column is-layout-flow wp-block-column-is-layout-flow\">\n<figure class=\"wp-block-image size-full\"><img fetchpriority=\"high\" decoding=\"async\" width=\"790\" height=\"1673\" src=\"https:\/\/www.hg-cooker.com\/wp-content\/uploads\/2025\/02\/stainless-steel-pressure-cooker-details-5-1.jpg\" alt=\"detalhes da panela de press\u00e3o de a\u00e7o inoxid\u00e1vel (5)\" class=\"wp-image-4870\" srcset=\"https:\/\/www.hg-cooker.com\/wp-content\/uploads\/2025\/02\/stainless-steel-pressure-cooker-details-5-1.jpg 790w, https:\/\/www.hg-cooker.com\/wp-content\/uploads\/2025\/02\/stainless-steel-pressure-cooker-details-5-1-71x150.jpg 71w, https:\/\/www.hg-cooker.com\/wp-content\/uploads\/2025\/02\/stainless-steel-pressure-cooker-details-5-1-312x660.jpg 312w, https:\/\/www.hg-cooker.com\/wp-content\/uploads\/2025\/02\/stainless-steel-pressure-cooker-details-5-1-142x300.jpg 142w, https:\/\/www.hg-cooker.com\/wp-content\/uploads\/2025\/02\/stainless-steel-pressure-cooker-details-5-1-768x1626.jpg 768w, https:\/\/www.hg-cooker.com\/wp-content\/uploads\/2025\/02\/stainless-steel-pressure-cooker-details-5-1-6x12.jpg 6w, https:\/\/www.hg-cooker.com\/wp-content\/uploads\/2025\/02\/stainless-steel-pressure-cooker-details-5-1-285x604.jpg 285w\" sizes=\"(max-width: 790px) 100vw, 790px\" \/><\/figure>\n<\/div>\n\n\n\n<div class=\"wp-block-column is-layout-flow wp-block-column-is-layout-flow\">\n<figure class=\"wp-block-image size-full\"><img decoding=\"async\" width=\"790\" height=\"1673\" src=\"https:\/\/www.hg-cooker.com\/wp-content\/uploads\/2025\/02\/stainless-steel-pressure-cooker-details-6-1.jpg\" alt=\"detalhes da panela de press\u00e3o de a\u00e7o inoxid\u00e1vel (6)\" class=\"wp-image-4871\" srcset=\"https:\/\/www.hg-cooker.com\/wp-content\/uploads\/2025\/02\/stainless-steel-pressure-cooker-details-6-1.jpg 790w, https:\/\/www.hg-cooker.com\/wp-content\/uploads\/2025\/02\/stainless-steel-pressure-cooker-details-6-1-71x150.jpg 71w, https:\/\/www.hg-cooker.com\/wp-content\/uploads\/2025\/02\/stainless-steel-pressure-cooker-details-6-1-312x660.jpg 312w, https:\/\/www.hg-cooker.com\/wp-content\/uploads\/2025\/02\/stainless-steel-pressure-cooker-details-6-1-142x300.jpg 142w, https:\/\/www.hg-cooker.com\/wp-content\/uploads\/2025\/02\/stainless-steel-pressure-cooker-details-6-1-768x1626.jpg 768w, https:\/\/www.hg-cooker.com\/wp-content\/uploads\/2025\/02\/stainless-steel-pressure-cooker-details-6-1-6x12.jpg 6w, https:\/\/www.hg-cooker.com\/wp-content\/uploads\/2025\/02\/stainless-steel-pressure-cooker-details-6-1-285x604.jpg 285w\" sizes=\"(max-width: 790px) 100vw, 790px\" \/><\/figure>\n<\/div>\n<\/div>","protected":false},"excerpt":{"rendered":"<p>Panelas de press\u00e3o dom\u00e9sticas e de exterior por grosso para satisfazer as suas necessidades culin\u00e1rias di\u00e1rias e viagens de campismo. Feita de a\u00e7o inoxid\u00e1vel triplo de alta qualidade, tem melhor condutividade t\u00e9rmica do que as panelas de press\u00e3o comuns e pode cozinhar alimentos rapidamente. Apoiamos os servi\u00e7os OEM e ODM e podemos fornecer designs personalizados de acordo com as suas necessidades. Bem-vindo a contactar-nos para um or\u00e7amento.<\/p>\n<h2>Carater\u00edsticas e vantagens da panela de press\u00e3o de a\u00e7o inoxid\u00e1vel<\/h2>\n<div>\n<p><strong>Material de alta qualidade:<\/strong> A panela de press\u00e3o \u00e9 fabricada em a\u00e7o inoxid\u00e1vel triplo de alta qualidade, resistente \u00e0 corros\u00e3o e a altas temperaturas, garantindo que n\u00e3o se deforma facilmente durante a utiliza\u00e7\u00e3o a longo prazo.<\/p>\n<p><strong>Adequado para uma variedade de ocasi\u00f5es:<\/strong> Quer seja para uso dom\u00e9stico ou para acampar no exterior, esta panela de press\u00e3o \u00e9 muito adequada, f\u00e1cil de transportar e satisfaz diferentes necessidades.<\/p>\n<p><strong>Capacidade moderada:<\/strong> A capacidade de 3 litros \u00e9 muito adequada para indiv\u00edduos e fam\u00edlias pequenas, e n\u00e3o causar\u00e1 desperd\u00edcio de alimentos.<\/p>\n<p><strong>Design multifuncional:<\/strong> A panela de press\u00e3o de a\u00e7o inoxid\u00e1vel pode ser utilizada para cozinhar, estufar, cozer a vapor e outros m\u00e9todos de cozedura para satisfazer diferentes necessidades culin\u00e1rias.<\/p>\n<p><strong>Suporte OEM e ODM:<\/strong> Pode ser personalizada de acordo com as necessidades do cliente e fornecer um design personalizado para satisfazer os requisitos de diferentes mercados.<\/p>\n<\/div>","protected":false},"featured_media":4872,"comment_status":"closed","ping_status":"closed","template":"","meta":[],"product_brand":[],"product_cat":[54],"product_tag":[],"class_list":{"0":"post-4865","1":"product","2":"type-product","3":"status-publish","4":"has-post-thumbnail","6":"product_cat-pressure-cooker","8":"first","9":"instock","10":"shipping-taxable","11":"product-type-simple"},"_links":{"self":[{"href":"https:\/\/www.hg-cooker.com\/pt\/wp-json\/wp\/v2\/product\/4865","targetHints":{"allow":["GET"]}}],"collection":[{"href":"https:\/\/www.hg-cooker.com\/pt\/wp-json\/wp\/v2\/product"}],"about":[{"href":"https:\/\/www.hg-cooker.com\/pt\/wp-json\/wp\/v2\/types\/product"}],"replies":[{"embeddable":true,"href":"https:\/\/www.hg-cooker.com\/pt\/wp-json\/wp\/v2\/comments?post=4865"}],"wp:featuredmedia":[{"embeddable":true,"href":"https:\/\/www.hg-cooker.com\/pt\/wp-json\/wp\/v2\/media\/4872"}],"wp:attachment":[{"href":"https:\/\/www.hg-cooker.com\/pt\/wp-json\/wp\/v2\/media?parent=4865"}],"wp:term":[{"taxonomy":"product_brand","embeddable":true,"href":"https:\/\/www.hg-cooker.com\/pt\/wp-json\/wp\/v2\/product_brand?post=4865"},{"taxonomy":"product_cat","embeddable":true,"href":"https:\/\/www.hg-cooker.com\/pt\/wp-json\/wp\/v2\/product_cat?post=4865"},{"taxonomy":"product_tag","embeddable":true,"href":"https:\/\/www.hg-cooker.com\/pt\/wp-json\/wp\/v2\/product_tag?post=4865"}],"curies":[{"name":"wp","href":"https:\/\/api.w.org\/{rel}","templated":true}]}}