{"id":4857,"date":"2025-08-19T01:24:30","date_gmt":"2025-08-19T01:24:30","guid":{"rendered":"https:\/\/www.hg-cooker.com\/?post_type=product&#038;p=4857"},"modified":"2025-11-13T02:20:52","modified_gmt":"2025-11-13T02:20:52","slug":"pote-de-leite-fervente-de-aco-inoxidavel-por-atacado-47","status":"publish","type":"product","link":"https:\/\/www.hg-cooker.com\/pt\/produto\/pote-de-leite-fervente-de-aco-inoxidavel-por-atacado-47\/","title":{"rendered":"Panela de press\u00e3o de a\u00e7o inoxid\u00e1vel por atacado (2.5L, 3.0L, 3.5L, 4.0L), arroz cozido em 5 minutos, suporte OEM e ODM"},"content":{"rendered":"<div class=\"wp-block-columns is-layout-flex wp-container-core-columns-is-layout-9d6595d7 wp-block-columns-is-layout-flex\">\n<div class=\"wp-block-column is-layout-flow wp-block-column-is-layout-flow\">\n<h2 class=\"wp-block-heading\">Par\u00e2metros da panela de press\u00e3o de fog\u00e3o de a\u00e7o inoxid\u00e1vel<\/h2>\n\n\n\n<figure class=\"wp-block-table\"><table class=\"has-fixed-layout\"><tbody><tr><td>Nome do produto<\/td><td>Material<\/td><td>Estilo<\/td><td>Capacidade<\/td><td>Fog\u00e3o adequado<\/td><\/tr><tr><td>Panela de press\u00e3o pequena<\/td><td>A\u00e7o inoxid\u00e1vel 304# (tampa) + a\u00e7o inoxid\u00e1vel Tri-Ply (corpo da panela)<\/td><td>Parede interior em a\u00e7o inoxid\u00e1vel \/ Parede interior antiaderente<\/td><td>2.5L \/ 3.0L \/ 3.5L \/ 4.0L<\/td><td>Fog\u00e3o a g\u00e1s \/ Chama aberta \/ Fog\u00e3o de indu\u00e7\u00e3o<\/td><\/tr><\/tbody><\/table><\/figure>\n\n\n\n<h3 class=\"wp-block-heading\">Op\u00e7\u00f5es de panelas de press\u00e3o personalizadas<\/h3>\n\n\n\n<p><strong>Log\u00f3tipo:<\/strong> Personalize o log\u00f3tipo da sua marca em produtos e embalagens.<br><br><strong>Revestimento:<\/strong> Revestimento antiaderente \/ A\u00e7o inoxid\u00e1vel <br><br><strong>Tamanho: <\/strong>Personalize diferentes tamanhos de panelas de press\u00e3o de acordo com as suas necessidades.<br><br><strong>Embalagem: <\/strong>caixa de cart\u00e3o\/cor.<br><br><a href=\"https:\/\/www.hg-cooker.com\/pt\/custom-solution\/\" data-type=\"page\" data-id=\"2793\" target=\"_blank\" rel=\"noreferrer noopener\"><strong>Saiba mais sobre as solu\u00e7\u00f5es personalizadas para panelas de press\u00e3o.<\/strong><\/a><br><\/p>\n<\/div>\n<\/div>\n\n\n\n<div class=\"wp-block-columns is-layout-flex wp-container-core-columns-is-layout-9d6595d7 wp-block-columns-is-layout-flex\">\n<div class=\"wp-block-column is-layout-flow wp-block-column-is-layout-flow\">\n<figure class=\"wp-block-image size-full\"><img fetchpriority=\"high\" decoding=\"async\" width=\"790\" height=\"1383\" src=\"https:\/\/www.hg-cooker.com\/wp-content\/uploads\/2025\/02\/stainless-steel-pressure-cooker-details-5.jpg\" alt=\"detalhes da panela de press\u00e3o de a\u00e7o inoxid\u00e1vel (5)\" class=\"wp-image-4862\" srcset=\"https:\/\/www.hg-cooker.com\/wp-content\/uploads\/2025\/02\/stainless-steel-pressure-cooker-details-5.jpg 790w, https:\/\/www.hg-cooker.com\/wp-content\/uploads\/2025\/02\/stainless-steel-pressure-cooker-details-5-86x150.jpg 86w, https:\/\/www.hg-cooker.com\/wp-content\/uploads\/2025\/02\/stainless-steel-pressure-cooker-details-5-377x660.jpg 377w, https:\/\/www.hg-cooker.com\/wp-content\/uploads\/2025\/02\/stainless-steel-pressure-cooker-details-5-171x300.jpg 171w, https:\/\/www.hg-cooker.com\/wp-content\/uploads\/2025\/02\/stainless-steel-pressure-cooker-details-5-768x1344.jpg 768w, https:\/\/www.hg-cooker.com\/wp-content\/uploads\/2025\/02\/stainless-steel-pressure-cooker-details-5-7x12.jpg 7w, https:\/\/www.hg-cooker.com\/wp-content\/uploads\/2025\/02\/stainless-steel-pressure-cooker-details-5-285x499.jpg 285w\" sizes=\"(max-width: 790px) 100vw, 790px\" \/><\/figure>\n<\/div>\n\n\n\n<div class=\"wp-block-column is-layout-flow wp-block-column-is-layout-flow\">\n<figure class=\"wp-block-image size-full\"><img decoding=\"async\" width=\"790\" height=\"1383\" src=\"https:\/\/www.hg-cooker.com\/wp-content\/uploads\/2025\/02\/stainless-steel-pressure-cooker-details-6.jpg\" alt=\"detalhes da panela de press\u00e3o de a\u00e7o inoxid\u00e1vel (6)\" class=\"wp-image-4863\" srcset=\"https:\/\/www.hg-cooker.com\/wp-content\/uploads\/2025\/02\/stainless-steel-pressure-cooker-details-6.jpg 790w, https:\/\/www.hg-cooker.com\/wp-content\/uploads\/2025\/02\/stainless-steel-pressure-cooker-details-6-86x150.jpg 86w, https:\/\/www.hg-cooker.com\/wp-content\/uploads\/2025\/02\/stainless-steel-pressure-cooker-details-6-377x660.jpg 377w, https:\/\/www.hg-cooker.com\/wp-content\/uploads\/2025\/02\/stainless-steel-pressure-cooker-details-6-171x300.jpg 171w, https:\/\/www.hg-cooker.com\/wp-content\/uploads\/2025\/02\/stainless-steel-pressure-cooker-details-6-768x1344.jpg 768w, https:\/\/www.hg-cooker.com\/wp-content\/uploads\/2025\/02\/stainless-steel-pressure-cooker-details-6-7x12.jpg 7w, https:\/\/www.hg-cooker.com\/wp-content\/uploads\/2025\/02\/stainless-steel-pressure-cooker-details-6-285x499.jpg 285w\" sizes=\"(max-width: 790px) 100vw, 790px\" \/><\/figure>\n<\/div>\n<\/div>","protected":false},"excerpt":{"rendered":"<p>Panela de press\u00e3o de a\u00e7o inoxid\u00e1vel por atacado, feita de material de a\u00e7o triplamente inoxid\u00e1vel resistente a altas temperaturas e \u00e0 corros\u00e3o, com excelente durabilidade e seguran\u00e7a, equipada com v\u00e1rios sistemas de prote\u00e7\u00e3o de seguran\u00e7a para garantir a seguran\u00e7a durante a utiliza\u00e7\u00e3o. Fornecemos uma variedade de op\u00e7\u00f5es de capacidade para atender \u00e0s necessidades de cozimento em diferentes cen\u00e1rios. Suporte OEM e ODM, contacte-nos para um or\u00e7amento.<\/p>\n<h2>Carater\u00edsticas e vantagens da Panela de Press\u00e3o de A\u00e7o Inoxid\u00e1vel para Fog\u00e3o<\/h2>\n<div>\n<p><strong>Aquecimento uniforme:<\/strong> Fabricada com tr\u00eas camadas de a\u00e7o inoxid\u00e1vel, a panela de press\u00e3o de fog\u00e3o em a\u00e7o inoxid\u00e1vel proporciona uma excelente condu\u00e7\u00e3o de calor, garantindo um aquecimento uniforme dos alimentos e melhores resultados de cozedura.<\/p>\n<p><strong>Amplamente aplic\u00e1vel:<\/strong> Esta panela de press\u00e3o em a\u00e7o inoxid\u00e1vel \u00e9 compat\u00edvel com uma variedade de fog\u00f5es, incluindo fog\u00f5es de indu\u00e7\u00e3o, fog\u00f5es a g\u00e1s, etc.<\/p>\n<p><strong>Elevada efici\u00eancia e poupan\u00e7a de energia:<\/strong> A cozedura a alta press\u00e3o pode reduzir significativamente o tempo de cozedura e poupar energia, sendo especialmente adequada para fam\u00edlias ocupadas ou cozinhas comerciais.<\/p>\n<p><strong>Design inovador:<\/strong> A nossa panela de press\u00e3o de a\u00e7o inoxid\u00e1vel tem um design \u00fanico de interrutor de bot\u00e3o, tornando-a mais f\u00e1cil de utilizar e adequada para principiantes.<\/p>\n<p><strong>Servi\u00e7o OEM e ODM:<\/strong> Fornecemos servi\u00e7os personalizados de panelas de press\u00e3o, incluindo capacidade, log\u00f3tipo e embalagem personalizados, para criar a melhor marca de panelas de press\u00e3o para si.<\/p>\n<\/div>","protected":false},"featured_media":4864,"comment_status":"closed","ping_status":"closed","template":"","meta":[],"product_brand":[],"product_cat":[54],"product_tag":[],"class_list":{"0":"post-4857","1":"product","2":"type-product","3":"status-publish","4":"has-post-thumbnail","6":"product_cat-pressure-cooker","8":"first","9":"instock","10":"shipping-taxable","11":"product-type-simple"},"_links":{"self":[{"href":"https:\/\/www.hg-cooker.com\/pt\/wp-json\/wp\/v2\/product\/4857","targetHints":{"allow":["GET"]}}],"collection":[{"href":"https:\/\/www.hg-cooker.com\/pt\/wp-json\/wp\/v2\/product"}],"about":[{"href":"https:\/\/www.hg-cooker.com\/pt\/wp-json\/wp\/v2\/types\/product"}],"replies":[{"embeddable":true,"href":"https:\/\/www.hg-cooker.com\/pt\/wp-json\/wp\/v2\/comments?post=4857"}],"wp:featuredmedia":[{"embeddable":true,"href":"https:\/\/www.hg-cooker.com\/pt\/wp-json\/wp\/v2\/media\/4864"}],"wp:attachment":[{"href":"https:\/\/www.hg-cooker.com\/pt\/wp-json\/wp\/v2\/media?parent=4857"}],"wp:term":[{"taxonomy":"product_brand","embeddable":true,"href":"https:\/\/www.hg-cooker.com\/pt\/wp-json\/wp\/v2\/product_brand?post=4857"},{"taxonomy":"product_cat","embeddable":true,"href":"https:\/\/www.hg-cooker.com\/pt\/wp-json\/wp\/v2\/product_cat?post=4857"},{"taxonomy":"product_tag","embeddable":true,"href":"https:\/\/www.hg-cooker.com\/pt\/wp-json\/wp\/v2\/product_tag?post=4857"}],"curies":[{"name":"wp","href":"https:\/\/api.w.org\/{rel}","templated":true}]}}