{"id":4541,"date":"2024-11-06T23:34:53","date_gmt":"2024-11-06T23:34:53","guid":{"rendered":"https:\/\/www.hg-cooker.com\/?post_type=product&#038;p=4541"},"modified":"2024-11-07T07:00:12","modified_gmt":"2024-11-07T07:00:12","slug":"pote-de-leite-fervente-de-aco-inoxidavel-por-atacado-46","status":"publish","type":"product","link":"https:\/\/www.hg-cooker.com\/pt\/produto\/pote-de-leite-fervente-de-aco-inoxidavel-por-atacado-46\/","title":{"rendered":"Recipientes de armazenamento de alimentos de a\u00e7o inoxid\u00e1vel por atacado: design empilh\u00e1vel, v\u00e1rios estilos para escolher"},"content":{"rendered":"<div class=\"wp-block-columns is-layout-flex wp-container-core-columns-is-layout-9d6595d7 wp-block-columns-is-layout-flex\">\n<div class=\"wp-block-column is-layout-flow wp-block-column-is-layout-flow\">\n<h3 class=\"wp-block-heading\">Par\u00e2metros do recipiente de a\u00e7o inoxid\u00e1vel para armazenagem de alimentos<br><\/h3>\n\n\n\n<figure class=\"wp-block-table\"><table class=\"has-fixed-layout\"><tbody><tr><td>Local de origem<\/td><td>N\u00famero do modelo<\/td><td>Nome do produto<\/td><td>Grau de material<\/td><td>Tamanho<\/td><td>Embalagem<\/td><td>Log\u00f3tipo<\/td><td>Detalhes da embalagem<\/td><td>Tamanho da embalagem individual:<\/td><td>Peso bruto \u00fanico:<\/td><\/tr><tr><td>Guangdong, China<\/td><td>CK-2500-1<\/td><td>Recipiente para alimentos em a\u00e7o inoxid\u00e1vel com 5 pe\u00e7as e tampas em pp<\/td><td>ss410<\/td><td>10\/12\/14\/16\/18cm<\/td><td>Embalagem em caixa de cor<\/td><td>Log\u00f3tipo personalizado<\/td><td>Quantidade da embalagem: 36sets\/ctn;<\/td><td>35X35X35 cm<\/td><td>3.000 kg<\/td><\/tr><\/tbody><\/table><\/figure>\n<\/div>\n<\/div>\n\n\n\n<h3 class=\"wp-block-heading\">Op\u00e7\u00f5es de recipientes de armazenamento de alimentos personalizados<\/h3>\n\n\n\n<p><strong>Log\u00f3tipo<\/strong>: Personalize o log\u00f3tipo da sua marca em recipientes e embalagens de alimentos.<br><br><strong>Tamanho:<\/strong> Personalize o tamanho dos recipientes para alimentos de acordo com as suas necessidades.<br><br><strong>Embalagem<\/strong>: Caixa de cores.<br><br><a href=\"https:\/\/www.hg-cooker.com\/pt\/custom-solution\/\" data-type=\"page\" data-id=\"2793\" target=\"_blank\" rel=\"noreferrer noopener\"><strong>Saiba mais sobre solu\u00e7\u00f5es personalizadas de contentores para alimentos<\/strong><\/a><\/p>\n\n\n\n<div class=\"wp-block-columns is-layout-flex wp-container-core-columns-is-layout-9d6595d7 wp-block-columns-is-layout-flex\">\n<div class=\"wp-block-column is-layout-flow wp-block-column-is-layout-flow\">\n<figure class=\"wp-block-image size-full\"><img fetchpriority=\"high\" decoding=\"async\" width=\"468\" height=\"468\" src=\"https:\/\/www.hg-cooker.com\/wp-content\/uploads\/2024\/11\/wholesale-stainless-steel-food-storage-containers-1.png\" alt=\"recipientes de armazenamento de alimentos em a\u00e7o inoxid\u00e1vel por atacado (1)\" class=\"wp-image-4547\" srcset=\"https:\/\/www.hg-cooker.com\/wp-content\/uploads\/2024\/11\/wholesale-stainless-steel-food-storage-containers-1.png 468w, https:\/\/www.hg-cooker.com\/wp-content\/uploads\/2024\/11\/wholesale-stainless-steel-food-storage-containers-1-150x150.png 150w, https:\/\/www.hg-cooker.com\/wp-content\/uploads\/2024\/11\/wholesale-stainless-steel-food-storage-containers-1-300x300.png 300w, https:\/\/www.hg-cooker.com\/wp-content\/uploads\/2024\/11\/wholesale-stainless-steel-food-storage-containers-1-12x12.png 12w, https:\/\/www.hg-cooker.com\/wp-content\/uploads\/2024\/11\/wholesale-stainless-steel-food-storage-containers-1-285x285.png 285w, https:\/\/www.hg-cooker.com\/wp-content\/uploads\/2024\/11\/wholesale-stainless-steel-food-storage-containers-1-270x270.png 270w\" sizes=\"(max-width: 468px) 100vw, 468px\" \/><\/figure>\n<\/div>\n\n\n\n<div class=\"wp-block-column is-layout-flow wp-block-column-is-layout-flow\">\n<figure class=\"wp-block-image size-full\"><img decoding=\"async\" width=\"468\" height=\"468\" src=\"https:\/\/www.hg-cooker.com\/wp-content\/uploads\/2024\/11\/wholesale-stainless-steel-food-storage-containers-3.png\" alt=\"recipientes de armazenamento de alimentos em a\u00e7o inoxid\u00e1vel por atacado (3)\" class=\"wp-image-4549\" srcset=\"https:\/\/www.hg-cooker.com\/wp-content\/uploads\/2024\/11\/wholesale-stainless-steel-food-storage-containers-3.png 468w, https:\/\/www.hg-cooker.com\/wp-content\/uploads\/2024\/11\/wholesale-stainless-steel-food-storage-containers-3-150x150.png 150w, https:\/\/www.hg-cooker.com\/wp-content\/uploads\/2024\/11\/wholesale-stainless-steel-food-storage-containers-3-300x300.png 300w, https:\/\/www.hg-cooker.com\/wp-content\/uploads\/2024\/11\/wholesale-stainless-steel-food-storage-containers-3-12x12.png 12w, https:\/\/www.hg-cooker.com\/wp-content\/uploads\/2024\/11\/wholesale-stainless-steel-food-storage-containers-3-285x285.png 285w, https:\/\/www.hg-cooker.com\/wp-content\/uploads\/2024\/11\/wholesale-stainless-steel-food-storage-containers-3-270x270.png 270w\" sizes=\"(max-width: 468px) 100vw, 468px\" \/><\/figure>\n<\/div>\n<\/div>","protected":false},"excerpt":{"rendered":"<p>Recipientes de armazenamento de alimentos empilh\u00e1veis em a\u00e7o inoxid\u00e1vel por atacado, adequados para armazenar uma variedade de alimentos, incluindo alimentos congelados e alimentos quentes, com uma variedade de capacidades \u00e0 escolha, muito adequados para uso dom\u00e9stico e em restaurantes. Como fabricante de recipientes para alimentos, fornecemos servi\u00e7os por atacado e personalizados, entre em contacto connosco.<\/p>\n<h3>Carater\u00edsticas e vantagens do recipiente de armazenamento de alimentos em a\u00e7o inoxid\u00e1vel<\/h3>\n<p><strong>Design empilh\u00e1vel:<\/strong> O recipiente de armazenamento de alimentos adopta um design empilh\u00e1vel, o que permite poupar espa\u00e7o de armazenamento na cozinha e mant\u00ea-la arrumada.<\/p>\n<p><strong>Dur\u00e1vel e de longa dura\u00e7\u00e3o:<\/strong> Este recipiente de armazenamento de alimentos \u00e9 feito de material de a\u00e7o inoxid\u00e1vel de alta qualidade para garantir a resist\u00eancia \u00e0 ferrugem, \u00e0 corros\u00e3o e \u00e0 deforma\u00e7\u00e3o, e tem uma longa vida \u00fatil.<\/p>\n<p><strong>Tampa \u00e0 prova de fugas:<\/strong> Equipado com uma tampa herm\u00e9tica, pode efetivamente evitar fugas e \u00e9 mais seguro de utilizar.<\/p>\n<p><strong>Reutiliz\u00e1vel:<\/strong> Este recipiente de armazenamento de alimentos substitui eficazmente os recipientes de pl\u00e1stico descart\u00e1veis e \u00e9 uma escolha ambiental sustent\u00e1vel.<\/p>\n<p><strong>F\u00e1cil de limpar:<\/strong> A superf\u00edcie de a\u00e7o inoxid\u00e1vel \u00e9 f\u00e1cil de limpar e n\u00e3o ret\u00e9m facilmente as manchas e os odores. Al\u00e9m disso, pode ser colocada na m\u00e1quina de lavar lou\u00e7a, poupando o trabalho de limpeza.<\/p>","protected":false},"featured_media":4547,"comment_status":"closed","ping_status":"closed","template":"","meta":[],"product_brand":[],"product_cat":[51],"product_tag":[],"class_list":{"0":"post-4541","1":"product","2":"type-product","3":"status-publish","4":"has-post-thumbnail","6":"product_cat-food-storage-container","8":"first","9":"instock","10":"shipping-taxable","11":"product-type-simple"},"_links":{"self":[{"href":"https:\/\/www.hg-cooker.com\/pt\/wp-json\/wp\/v2\/product\/4541","targetHints":{"allow":["GET"]}}],"collection":[{"href":"https:\/\/www.hg-cooker.com\/pt\/wp-json\/wp\/v2\/product"}],"about":[{"href":"https:\/\/www.hg-cooker.com\/pt\/wp-json\/wp\/v2\/types\/product"}],"replies":[{"embeddable":true,"href":"https:\/\/www.hg-cooker.com\/pt\/wp-json\/wp\/v2\/comments?post=4541"}],"wp:featuredmedia":[{"embeddable":true,"href":"https:\/\/www.hg-cooker.com\/pt\/wp-json\/wp\/v2\/media\/4547"}],"wp:attachment":[{"href":"https:\/\/www.hg-cooker.com\/pt\/wp-json\/wp\/v2\/media?parent=4541"}],"wp:term":[{"taxonomy":"product_brand","embeddable":true,"href":"https:\/\/www.hg-cooker.com\/pt\/wp-json\/wp\/v2\/product_brand?post=4541"},{"taxonomy":"product_cat","embeddable":true,"href":"https:\/\/www.hg-cooker.com\/pt\/wp-json\/wp\/v2\/product_cat?post=4541"},{"taxonomy":"product_tag","embeddable":true,"href":"https:\/\/www.hg-cooker.com\/pt\/wp-json\/wp\/v2\/product_tag?post=4541"}],"curies":[{"name":"wp","href":"https:\/\/api.w.org\/{rel}","templated":true}]}}