{"id":4526,"date":"2025-09-01T04:25:59","date_gmt":"2025-09-01T04:25:59","guid":{"rendered":"https:\/\/www.hg-cooker.com\/?post_type=product&#038;p=4526"},"modified":"2025-09-13T02:10:59","modified_gmt":"2025-09-13T02:10:59","slug":"pote-de-leite-fervente-de-aco-inoxidavel-por-atacado-45","status":"publish","type":"product","link":"https:\/\/www.hg-cooker.com\/pt\/produto\/pote-de-leite-fervente-de-aco-inoxidavel-por-atacado-45\/","title":{"rendered":"Frasco de leite de a\u00e7o inoxid\u00e1vel Tri Ply por atacado com vaporizador - Fabricante de utens\u00edlios de cozinha Hengguang"},"content":{"rendered":"<div class=\"wp-block-columns is-layout-flex wp-container-core-columns-is-layout-9d6595d7 wp-block-columns-is-layout-flex\">\n<div class=\"wp-block-column is-layout-flow wp-block-column-is-layout-flow\">\n<h2 class=\"wp-block-heading\">Par\u00e2metros do recipiente para leite em a\u00e7o inoxid\u00e1vel Tri Ply<\/h2>\n\n\n\n<figure class=\"wp-block-table\"><table class=\"has-fixed-layout\"><tbody><tr><td>Nome do produto<\/td><td>Frasco de leite em a\u00e7o inoxid\u00e1vel<\/td><\/tr><tr><td>N\u00famero do modelo<\/td><td>HG-316NG16<\/td><\/tr><tr><td>Material<\/td><td>Corpo da panela em a\u00e7o inoxid\u00e1vel 316 \/ Fundo em a\u00e7o inoxid\u00e1vel Tri-Ply<\/td><\/tr><tr><td>Capacidade<\/td><td>1,5L (16cm) \/ 2,0L (18cm)<\/td><\/tr><tr><td>Fog\u00e3o adequado<\/td><td>Fog\u00e3o a g\u00e1s \/ Fog\u00e3o de indu\u00e7\u00e3o \/ Fog\u00e3o el\u00e9trico de cer\u00e2mica \/ Fog\u00e3o el\u00e9trico<\/td><\/tr><\/tbody><\/table><\/figure>\n\n\n\n<h2 class=\"wp-block-heading\">Op\u00e7\u00f5es de utens\u00edlios de cozinha personalizados<\/h2>\n\n\n\n<figure class=\"wp-block-table\"><table class=\"has-fixed-layout\"><tbody><tr><td>Op\u00e7\u00f5es de utens\u00edlios de cozinha personalizados<\/td><td>Detalhes<\/td><\/tr><tr><td>Log\u00f3tipo<\/td><td>Personalize o log\u00f3tipo da sua marca nos potes de leite e nas embalagens.<\/td><\/tr><tr><td>Tamanho<\/td><td>Personalize diferentes tamanhos de leiteiras de acordo com as suas necessidades.<\/td><\/tr><tr><td>Embalagem<\/td><td>Caixa de cart\u00e3o \/ Caixa de cor.<\/td><\/tr><\/tbody><\/table><\/figure>\n<\/div>\n<\/div>\n\n\n\n<div class=\"wp-block-columns is-layout-flex wp-container-core-columns-is-layout-9d6595d7 wp-block-columns-is-layout-flex\">\n<div class=\"wp-block-column is-layout-flow wp-block-column-is-layout-flow\">\n<figure class=\"wp-block-image size-full\"><img fetchpriority=\"high\" decoding=\"async\" width=\"800\" height=\"800\" src=\"https:\/\/www.hg-cooker.com\/wp-content\/uploads\/2024\/07\/wholesale-tri-ply-stainless-steel-milk-pot.webp\" alt=\"leiteira de a\u00e7o inoxid\u00e1vel de tr\u00eas camadas por atacado\" class=\"wp-image-4120\" srcset=\"https:\/\/www.hg-cooker.com\/wp-content\/uploads\/2024\/07\/wholesale-tri-ply-stainless-steel-milk-pot.webp 800w, https:\/\/www.hg-cooker.com\/wp-content\/uploads\/2024\/07\/wholesale-tri-ply-stainless-steel-milk-pot-150x150.webp 150w, https:\/\/www.hg-cooker.com\/wp-content\/uploads\/2024\/07\/wholesale-tri-ply-stainless-steel-milk-pot-660x660.webp 660w, https:\/\/www.hg-cooker.com\/wp-content\/uploads\/2024\/07\/wholesale-tri-ply-stainless-steel-milk-pot-300x300.webp 300w, https:\/\/www.hg-cooker.com\/wp-content\/uploads\/2024\/07\/wholesale-tri-ply-stainless-steel-milk-pot-768x768.webp 768w, https:\/\/www.hg-cooker.com\/wp-content\/uploads\/2024\/07\/wholesale-tri-ply-stainless-steel-milk-pot-12x12.webp 12w, https:\/\/www.hg-cooker.com\/wp-content\/uploads\/2024\/07\/wholesale-tri-ply-stainless-steel-milk-pot-285x285.webp 285w, https:\/\/www.hg-cooker.com\/wp-content\/uploads\/2024\/07\/wholesale-tri-ply-stainless-steel-milk-pot-270x270.webp 270w, https:\/\/www.hg-cooker.com\/wp-content\/uploads\/2024\/07\/wholesale-tri-ply-stainless-steel-milk-pot-540x540.webp 540w\" sizes=\"(max-width: 800px) 100vw, 800px\" \/><\/figure>\n<\/div>\n\n\n\n<div class=\"wp-block-column is-layout-flow wp-block-column-is-layout-flow\">\n<figure class=\"wp-block-image size-full\"><img decoding=\"async\" width=\"611\" height=\"611\" src=\"https:\/\/www.hg-cooker.com\/wp-content\/uploads\/2024\/10\/steamer.jpg\" alt=\"vaporizador\" class=\"wp-image-4529\" srcset=\"https:\/\/www.hg-cooker.com\/wp-content\/uploads\/2024\/10\/steamer.jpg 611w, https:\/\/www.hg-cooker.com\/wp-content\/uploads\/2024\/10\/steamer-150x150.jpg 150w, https:\/\/www.hg-cooker.com\/wp-content\/uploads\/2024\/10\/steamer-300x300.jpg 300w, https:\/\/www.hg-cooker.com\/wp-content\/uploads\/2024\/10\/steamer-12x12.jpg 12w, https:\/\/www.hg-cooker.com\/wp-content\/uploads\/2024\/10\/steamer-285x285.jpg 285w, https:\/\/www.hg-cooker.com\/wp-content\/uploads\/2024\/10\/steamer-270x270.jpg 270w, https:\/\/www.hg-cooker.com\/wp-content\/uploads\/2024\/10\/steamer-540x540.jpg 540w\" sizes=\"(max-width: 611px) 100vw, 611px\" \/><\/figure>\n<\/div>\n<\/div>","protected":false},"excerpt":{"rendered":"<p>Os tachos de leite de a\u00e7o inoxid\u00e1vel triplo por atacado, excelente condutividade t\u00e9rmica, dur\u00e1vel, podem satisfazer as necessidades de cozedura de v\u00e1rios cen\u00e1rios, podem ser utilizados em cozinhas comerciais e cozinhas dom\u00e9sticas. Adequado para aquisi\u00e7\u00e3o por v\u00e1rias empresas de catering e retalhistas. Bem-vindo a contactar-nos, o fabricante de utens\u00edlios de cozinha Hengguang ir\u00e1 fornecer-lhe a melhor cota\u00e7\u00e3o.<\/p>\n<h2>Carater\u00edsticas e vantagens da leiteira de a\u00e7o inoxid\u00e1vel<\/h2>\n<p><strong>Excelente condutividade t\u00e9rmica:<\/strong> Este pote para leite \u00e9 feito de tr\u00eas camadas de a\u00e7o inoxid\u00e1vel, o que garante um aquecimento uniforme e reduz a concentra\u00e7\u00e3o de calor, tornando a cozedura mais eficiente.<\/p>\n<p><strong>N\u00e3o t\u00f3xico e seguro:<\/strong> Este pote de leite em a\u00e7o inoxid\u00e1vel de tr\u00eas camadas n\u00e3o cont\u00e9m revestimento. Quer seja para cozinhar a alta temperatura ou para uso di\u00e1rio, n\u00e3o ser\u00e3o libertadas quaisquer subst\u00e2ncias nocivas, garantindo a seguran\u00e7a dos alimentos da fam\u00edlia.<\/p>\n<p><strong>F\u00e1cil de limpar:<\/strong> A superf\u00edcie do pote de leite \u00e9 polida e o design da superf\u00edcie lisa em a\u00e7o inoxid\u00e1vel torna a limpeza simples e r\u00e1pida. Pode ser lavado \u00e0 m\u00e3o ou colocado na m\u00e1quina de lavar loi\u00e7a para uma limpeza r\u00e1pida. Poupe o seu tempo e energia.<\/p>\n<p><strong>Adequado para uma variedade de fog\u00f5es<\/strong>: Este pote de leite em a\u00e7o inoxid\u00e1vel pode ser utilizado em muitos tipos de fog\u00f5es, fog\u00f5es de indu\u00e7\u00e3o, fog\u00f5es a g\u00e1s, fog\u00f5es de cer\u00e2mica, etc. Devido \u00e0 sua grande capacidade de adapta\u00e7\u00e3o, pode satisfazer as necessidades de cozedura de diferentes fam\u00edlias.<\/p>\n<p><strong>Servi\u00e7o grossista:<\/strong> Fornecemos servi\u00e7os de pote de leite por atacado a pre\u00e7os de f\u00e1brica, apoiamos encomendas a granel e fornecemos um tempo de entrega r\u00e1pido para satisfazer as suas necessidades comerciais.<\/p>\n<p><strong>Personaliza\u00e7\u00e3o OEM e ODM:<\/strong> Como fabricante profissional de utens\u00edlios de cozinha, a Hengguang fornece uma solu\u00e7\u00e3o \u00fanica de panela de leite personalizada para personalizar utens\u00edlios de cozinha de alta qualidade que atendam \u00e0s necessidades da sua marca.<\/p>","protected":false},"featured_media":4527,"comment_status":"closed","ping_status":"closed","template":"","meta":[],"product_brand":[],"product_cat":[52],"product_tag":[],"class_list":{"0":"post-4526","1":"product","2":"type-product","3":"status-publish","4":"has-post-thumbnail","6":"product_cat-stainless-steel-cookware","8":"first","9":"instock","10":"shipping-taxable","11":"product-type-simple"},"_links":{"self":[{"href":"https:\/\/www.hg-cooker.com\/pt\/wp-json\/wp\/v2\/product\/4526","targetHints":{"allow":["GET"]}}],"collection":[{"href":"https:\/\/www.hg-cooker.com\/pt\/wp-json\/wp\/v2\/product"}],"about":[{"href":"https:\/\/www.hg-cooker.com\/pt\/wp-json\/wp\/v2\/types\/product"}],"replies":[{"embeddable":true,"href":"https:\/\/www.hg-cooker.com\/pt\/wp-json\/wp\/v2\/comments?post=4526"}],"wp:featuredmedia":[{"embeddable":true,"href":"https:\/\/www.hg-cooker.com\/pt\/wp-json\/wp\/v2\/media\/4527"}],"wp:attachment":[{"href":"https:\/\/www.hg-cooker.com\/pt\/wp-json\/wp\/v2\/media?parent=4526"}],"wp:term":[{"taxonomy":"product_brand","embeddable":true,"href":"https:\/\/www.hg-cooker.com\/pt\/wp-json\/wp\/v2\/product_brand?post=4526"},{"taxonomy":"product_cat","embeddable":true,"href":"https:\/\/www.hg-cooker.com\/pt\/wp-json\/wp\/v2\/product_cat?post=4526"},{"taxonomy":"product_tag","embeddable":true,"href":"https:\/\/www.hg-cooker.com\/pt\/wp-json\/wp\/v2\/product_tag?post=4526"}],"curies":[{"name":"wp","href":"https:\/\/api.w.org\/{rel}","templated":true}]}}