{"id":4520,"date":"2025-09-01T10:21:57","date_gmt":"2025-09-01T10:21:57","guid":{"rendered":"https:\/\/www.hg-cooker.com\/?post_type=product&#038;p=4520"},"modified":"2025-09-13T02:06:47","modified_gmt":"2025-09-13T02:06:47","slug":"pote-de-leite-fervente-de-aco-inoxidavel-por-atacado-44","status":"publish","type":"product","link":"https:\/\/www.hg-cooker.com\/pt\/produto\/pote-de-leite-fervente-de-aco-inoxidavel-por-atacado-44\/","title":{"rendered":"Panela de sopa de a\u00e7o inoxid\u00e1vel com tampa Venda direta da f\u00e1brica: Concebida para cozinhas dom\u00e9sticas e comerciais"},"content":{"rendered":"<div class=\"wp-block-columns is-layout-flex wp-container-core-columns-is-layout-9d6595d7 wp-block-columns-is-layout-flex\">\n<div class=\"wp-block-column is-layout-flow wp-block-column-is-layout-flow\">\n<h2 class=\"wp-block-heading\">Par\u00e2metros da panela de sopa de a\u00e7o inoxid\u00e1vel<\/h2>\n\n\n\n<p><strong>Nome do produto<\/strong>: Panela de sopa em a\u00e7o inoxid\u00e1vel<br><br><strong>N\u00famero do modelo: <\/strong>HG-316NG16<br><br><strong>Material:<\/strong> Corpo da panela em a\u00e7o inoxid\u00e1vel 316 \/ Fundo em a\u00e7o inoxid\u00e1vel de tr\u00eas camadas <\/p>\n\n\n\n<p><strong>Capacidade: <\/strong>1.5L(16cm)\/2.0L(18cm)<br><br><strong>Fog\u00e3o adequado<\/strong>: Fog\u00e3o a g\u00e1s \/ Fog\u00e3o de indu\u00e7\u00e3o \/ Fog\u00e3o el\u00e9trico de cer\u00e2mica \/ Fog\u00e3o el\u00e9trico.<br><\/p>\n<\/div>\n\n\n\n<div class=\"wp-block-column is-layout-flow wp-block-column-is-layout-flow\">\n<h2 class=\"wp-block-heading\">Op\u00e7\u00f5es de utens\u00edlios de cozinha personalizados<\/h2>\n\n\n\n<p><strong>Log\u00f3tipo<\/strong>: Personalize o log\u00f3tipo da sua marca na panela de sopa e na embalagem.<br><br><strong>Tamanho:<\/strong> Personalize diferentes tamanhos de panela de sopa de acordo com as suas necessidades.<br><br><strong>Embalagem<\/strong>: cart\u00e3o\/caixa de cor.<br><br><a href=\"https:\/\/www.hg-cooker.com\/pt\/custom-solution\/\" data-type=\"page\" data-id=\"2793\" target=\"_blank\" rel=\"noreferrer noopener\"><strong>Explorar mais pormenores sobre utens\u00edlios de cozinha personalizados<\/strong><\/a><\/p>\n<\/div>\n<\/div>\n\n\n\n<div class=\"wp-block-columns is-layout-flex wp-container-core-columns-is-layout-9d6595d7 wp-block-columns-is-layout-flex\">\n<div class=\"wp-block-column is-layout-flow wp-block-column-is-layout-flow\">\n<figure class=\"wp-block-image size-full\"><img fetchpriority=\"high\" decoding=\"async\" width=\"800\" height=\"800\" src=\"https:\/\/www.hg-cooker.com\/wp-content\/uploads\/2024\/10\/stainless-steel-soup-pot-detail.jpg\" alt=\"pormenor da panela de a\u00e7o inoxid\u00e1vel para sopa\" class=\"wp-image-4523\" srcset=\"https:\/\/www.hg-cooker.com\/wp-content\/uploads\/2024\/10\/stainless-steel-soup-pot-detail.jpg 800w, https:\/\/www.hg-cooker.com\/wp-content\/uploads\/2024\/10\/stainless-steel-soup-pot-detail-150x150.jpg 150w, https:\/\/www.hg-cooker.com\/wp-content\/uploads\/2024\/10\/stainless-steel-soup-pot-detail-660x660.jpg 660w, https:\/\/www.hg-cooker.com\/wp-content\/uploads\/2024\/10\/stainless-steel-soup-pot-detail-300x300.jpg 300w, https:\/\/www.hg-cooker.com\/wp-content\/uploads\/2024\/10\/stainless-steel-soup-pot-detail-768x768.jpg 768w, https:\/\/www.hg-cooker.com\/wp-content\/uploads\/2024\/10\/stainless-steel-soup-pot-detail-12x12.jpg 12w, https:\/\/www.hg-cooker.com\/wp-content\/uploads\/2024\/10\/stainless-steel-soup-pot-detail-285x285.jpg 285w, https:\/\/www.hg-cooker.com\/wp-content\/uploads\/2024\/10\/stainless-steel-soup-pot-detail-270x270.jpg 270w, https:\/\/www.hg-cooker.com\/wp-content\/uploads\/2024\/10\/stainless-steel-soup-pot-detail-540x540.jpg 540w\" sizes=\"(max-width: 800px) 100vw, 800px\" \/><\/figure>\n<\/div>\n\n\n\n<div class=\"wp-block-column is-layout-flow wp-block-column-is-layout-flow\">\n<figure class=\"wp-block-image size-full\"><img decoding=\"async\" width=\"800\" height=\"800\" src=\"https:\/\/www.hg-cooker.com\/wp-content\/uploads\/2024\/10\/stainless-steel-soup-pot-detail-1.jpg\" alt=\"pormenor da panela de a\u00e7o inoxid\u00e1vel para sopa\" class=\"wp-image-4525\" srcset=\"https:\/\/www.hg-cooker.com\/wp-content\/uploads\/2024\/10\/stainless-steel-soup-pot-detail-1.jpg 800w, https:\/\/www.hg-cooker.com\/wp-content\/uploads\/2024\/10\/stainless-steel-soup-pot-detail-1-150x150.jpg 150w, https:\/\/www.hg-cooker.com\/wp-content\/uploads\/2024\/10\/stainless-steel-soup-pot-detail-1-660x660.jpg 660w, https:\/\/www.hg-cooker.com\/wp-content\/uploads\/2024\/10\/stainless-steel-soup-pot-detail-1-300x300.jpg 300w, https:\/\/www.hg-cooker.com\/wp-content\/uploads\/2024\/10\/stainless-steel-soup-pot-detail-1-768x768.jpg 768w, https:\/\/www.hg-cooker.com\/wp-content\/uploads\/2024\/10\/stainless-steel-soup-pot-detail-1-12x12.jpg 12w, https:\/\/www.hg-cooker.com\/wp-content\/uploads\/2024\/10\/stainless-steel-soup-pot-detail-1-285x285.jpg 285w, https:\/\/www.hg-cooker.com\/wp-content\/uploads\/2024\/10\/stainless-steel-soup-pot-detail-1-270x270.jpg 270w, https:\/\/www.hg-cooker.com\/wp-content\/uploads\/2024\/10\/stainless-steel-soup-pot-detail-1-540x540.jpg 540w\" sizes=\"(max-width: 800px) 100vw, 800px\" \/><\/figure>\n<\/div>\n<\/div>","protected":false},"excerpt":{"rendered":"<p>Panela de a\u00e7o inoxid\u00e1vel por atacado com tampa, melhora a sua experi\u00eancia culin\u00e1ria. Fabricada em a\u00e7o inoxid\u00e1vel triplo de alta qualidade, esta panela tem uma excelente condutividade t\u00e9rmica e durabilidade, adequada para utiliza\u00e7\u00e3o frequente em restaurantes ou hot\u00e9is. Quer se trate de fazer sopas fortes, de estufar pratos deliciosos ou de cozinhar massas simples, esta panela pode lidar com isso facilmente. Al\u00e9m disso, oferecemos op\u00e7\u00f5es flex\u00edveis de venda por grosso e personalizadas de utens\u00edlios de cozinha, contacte-nos para obter solu\u00e7\u00f5es e pre\u00e7os competitivos.<\/p>\n<h3>Carater\u00edsticas e vantagens da panela de sopa em a\u00e7o inoxid\u00e1vel<\/h3>\n<p><strong>Desenho n\u00e3o revestido:<\/strong> Esta panela de sopa \u00e9 feita com materiais n\u00e3o revestidos, o que \u00e9 saud\u00e1vel e seguro para cozinhar em casa e em restaurantes.<\/p>\n<p><strong>Estrutura em a\u00e7o inoxid\u00e1vel de tr\u00eas camadas:<\/strong> A panela de sopa \u00e9 feita de a\u00e7o inoxid\u00e1vel de tr\u00eas camadas, com boa durabilidade e excelente condutividade t\u00e9rmica. Isto garante uma distribui\u00e7\u00e3o uniforme do calor e uma utiliza\u00e7\u00e3o prolongada do produto.<\/p>\n<p><strong>Utiliza\u00e7\u00e3o em v\u00e1rios fog\u00f5es:<\/strong> Esta panela de sopa \u00e9 adequada para ser utilizada com v\u00e1rios fog\u00f5es, incluindo um fog\u00e3o a g\u00e1s, um fog\u00e3o de indu\u00e7\u00e3o ou um fog\u00e3o el\u00e9trico, para satisfazer as necessidades de diferentes utilizadores.<\/p>\n<p><strong>Utiliza\u00e7\u00e3o multifuncional<\/strong>: Para muitos fins culin\u00e1rios, como aquecer leite, preparar alimentos suplementares, cozinhar massa e fritar, tudo num s\u00f3 aparelho para satisfazer as v\u00e1rias necessidades na cozinha.\u00a0<\/p>\n<p><strong>Personaliza\u00e7\u00e3o OEM&amp;ODM:<\/strong> Oferecemos solu\u00e7\u00f5es personalizadas de utens\u00edlios de cozinha, incluindo design de produto personalizado, sele\u00e7\u00e3o flex\u00edvel de materiais, uma variedade de tamanhos e especifica\u00e7\u00f5es e, atrav\u00e9s dos nossos servi\u00e7os de personaliza\u00e7\u00e3o, pode criar produtos de utens\u00edlios de cozinha \u00fanicos.<\/p>","protected":false},"featured_media":4524,"comment_status":"closed","ping_status":"closed","template":"","meta":[],"product_brand":[],"product_cat":[52],"product_tag":[],"class_list":{"0":"post-4520","1":"product","2":"type-product","3":"status-publish","4":"has-post-thumbnail","6":"product_cat-stainless-steel-cookware","8":"first","9":"instock","10":"shipping-taxable","11":"product-type-simple"},"_links":{"self":[{"href":"https:\/\/www.hg-cooker.com\/pt\/wp-json\/wp\/v2\/product\/4520","targetHints":{"allow":["GET"]}}],"collection":[{"href":"https:\/\/www.hg-cooker.com\/pt\/wp-json\/wp\/v2\/product"}],"about":[{"href":"https:\/\/www.hg-cooker.com\/pt\/wp-json\/wp\/v2\/types\/product"}],"replies":[{"embeddable":true,"href":"https:\/\/www.hg-cooker.com\/pt\/wp-json\/wp\/v2\/comments?post=4520"}],"wp:featuredmedia":[{"embeddable":true,"href":"https:\/\/www.hg-cooker.com\/pt\/wp-json\/wp\/v2\/media\/4524"}],"wp:attachment":[{"href":"https:\/\/www.hg-cooker.com\/pt\/wp-json\/wp\/v2\/media?parent=4520"}],"wp:term":[{"taxonomy":"product_brand","embeddable":true,"href":"https:\/\/www.hg-cooker.com\/pt\/wp-json\/wp\/v2\/product_brand?post=4520"},{"taxonomy":"product_cat","embeddable":true,"href":"https:\/\/www.hg-cooker.com\/pt\/wp-json\/wp\/v2\/product_cat?post=4520"},{"taxonomy":"product_tag","embeddable":true,"href":"https:\/\/www.hg-cooker.com\/pt\/wp-json\/wp\/v2\/product_tag?post=4520"}],"curies":[{"name":"wp","href":"https:\/\/api.w.org\/{rel}","templated":true}]}}