{"id":4514,"date":"2025-09-01T03:36:59","date_gmt":"2025-09-01T03:36:59","guid":{"rendered":"https:\/\/www.hg-cooker.com\/?post_type=product&#038;p=4514"},"modified":"2025-09-13T02:16:40","modified_gmt":"2025-09-13T02:16:40","slug":"pote-de-leite-fervente-de-aco-inoxidavel-por-atacado-43","status":"publish","type":"product","link":"https:\/\/www.hg-cooker.com\/pt\/produto\/pote-de-leite-fervente-de-aco-inoxidavel-por-atacado-43\/","title":{"rendered":"Panelas de cozinha de a\u00e7o inoxid\u00e1vel por atacado para fog\u00f5es a g\u00e1s, fog\u00e3o de indu\u00e7\u00e3o e muito mais"},"content":{"rendered":"<div class=\"wp-block-columns is-layout-flex wp-container-core-columns-is-layout-9d6595d7 wp-block-columns-is-layout-flex\">\n<div class=\"wp-block-column is-layout-flow wp-block-column-is-layout-flow\">\n<h3 class=\"wp-block-heading\">Par\u00e2metros da panela de a\u00e7o inoxid\u00e1vel<\/h3>\n\n\n\n<figure class=\"wp-block-table\"><table class=\"has-fixed-layout\"><tbody><tr><td>Nome do produto<\/td><td>Panela de a\u00e7o inoxid\u00e1vel<\/td><\/tr><tr><td>N\u00famero do modelo<\/td><td>HG-TG18<\/td><\/tr><tr><td>Material<\/td><td>Corpo da panela em a\u00e7o inoxid\u00e1vel 304 \/ Fundo em a\u00e7o inoxid\u00e1vel Tri-Ply<\/td><\/tr><tr><td>Op\u00e7\u00f5es de tamanho<\/td><td>18cm \/ 20cm \/ 22cm \/ 24cm<\/td><\/tr><tr><td>Fog\u00e3o adequado<\/td><td>Fog\u00e3o a g\u00e1s \/ Fog\u00e3o de indu\u00e7\u00e3o<\/td><\/tr><\/tbody><\/table><\/figure>\n\n\n\n<h3 class=\"wp-block-heading\">Op\u00e7\u00f5es de utens\u00edlios de cozinha personalizados<\/h3>\n\n\n\n<figure class=\"wp-block-table\"><table class=\"has-fixed-layout\"><tbody><tr><td>Op\u00e7\u00f5es personalizadas<\/td><td>Detalhes<\/td><\/tr><tr><td>Log\u00f3tipo<\/td><td>Personalize o log\u00f3tipo da sua marca no produto e na embalagem.<\/td><\/tr><tr><td>Material<\/td><td>A\u00e7o inoxid\u00e1vel triplo\/304 A\u00e7o inoxid\u00e1vel\/316 A\u00e7o inoxid\u00e1vel<\/td><\/tr><tr><td>Revestimento<\/td><td>Revestimento antiaderente\/Combina\u00e7\u00e3o de favos de mel Antiaderente f\u00edsico\/A\u00e7o inoxid\u00e1vel (sem revestimento)<\/td><\/tr><tr><td>Tamanho<\/td><td>Tamanhos de utens\u00edlios de cozinha personalizados<\/td><\/tr><tr><td>Embalagem<\/td><td>Caixa de cart\u00e3o, caixa de cor<\/td><\/tr><\/tbody><\/table><\/figure>\n\n\n\n<p><br><\/p>\n<\/div>\n<\/div>\n\n\n\n<div class=\"wp-block-columns is-layout-flex wp-container-core-columns-is-layout-9d6595d7 wp-block-columns-is-layout-flex\">\n<div class=\"wp-block-column is-layout-flow wp-block-column-is-layout-flow\">\n<figure class=\"wp-block-image size-full\"><img fetchpriority=\"high\" decoding=\"async\" width=\"620\" height=\"620\" src=\"https:\/\/www.hg-cooker.com\/wp-content\/uploads\/2024\/10\/Wholesale-Stainless-Steel-Cooking-Pots-4.jpg\" alt=\"Panelas de a\u00e7o inoxid\u00e1vel por atacado (4)\" class=\"wp-image-4518\" srcset=\"https:\/\/www.hg-cooker.com\/wp-content\/uploads\/2024\/10\/Wholesale-Stainless-Steel-Cooking-Pots-4.jpg 620w, https:\/\/www.hg-cooker.com\/wp-content\/uploads\/2024\/10\/Wholesale-Stainless-Steel-Cooking-Pots-4-150x150.jpg 150w, https:\/\/www.hg-cooker.com\/wp-content\/uploads\/2024\/10\/Wholesale-Stainless-Steel-Cooking-Pots-4-300x300.jpg 300w, https:\/\/www.hg-cooker.com\/wp-content\/uploads\/2024\/10\/Wholesale-Stainless-Steel-Cooking-Pots-4-12x12.jpg 12w, https:\/\/www.hg-cooker.com\/wp-content\/uploads\/2024\/10\/Wholesale-Stainless-Steel-Cooking-Pots-4-285x285.jpg 285w, https:\/\/www.hg-cooker.com\/wp-content\/uploads\/2024\/10\/Wholesale-Stainless-Steel-Cooking-Pots-4-270x270.jpg 270w, https:\/\/www.hg-cooker.com\/wp-content\/uploads\/2024\/10\/Wholesale-Stainless-Steel-Cooking-Pots-4-540x540.jpg 540w\" sizes=\"(max-width: 620px) 100vw, 620px\" \/><\/figure>\n<\/div>\n\n\n\n<div class=\"wp-block-column is-layout-flow wp-block-column-is-layout-flow\">\n<figure class=\"wp-block-image size-full\"><img decoding=\"async\" width=\"620\" height=\"620\" src=\"https:\/\/www.hg-cooker.com\/wp-content\/uploads\/2024\/10\/Wholesale-Stainless-Steel-Cooking-Pots-3.jpg\" alt=\"Panelas de a\u00e7o inoxid\u00e1vel por atacado (3)\" class=\"wp-image-4517\" srcset=\"https:\/\/www.hg-cooker.com\/wp-content\/uploads\/2024\/10\/Wholesale-Stainless-Steel-Cooking-Pots-3.jpg 620w, https:\/\/www.hg-cooker.com\/wp-content\/uploads\/2024\/10\/Wholesale-Stainless-Steel-Cooking-Pots-3-150x150.jpg 150w, https:\/\/www.hg-cooker.com\/wp-content\/uploads\/2024\/10\/Wholesale-Stainless-Steel-Cooking-Pots-3-300x300.jpg 300w, https:\/\/www.hg-cooker.com\/wp-content\/uploads\/2024\/10\/Wholesale-Stainless-Steel-Cooking-Pots-3-12x12.jpg 12w, https:\/\/www.hg-cooker.com\/wp-content\/uploads\/2024\/10\/Wholesale-Stainless-Steel-Cooking-Pots-3-285x285.jpg 285w, https:\/\/www.hg-cooker.com\/wp-content\/uploads\/2024\/10\/Wholesale-Stainless-Steel-Cooking-Pots-3-270x270.jpg 270w, https:\/\/www.hg-cooker.com\/wp-content\/uploads\/2024\/10\/Wholesale-Stainless-Steel-Cooking-Pots-3-540x540.jpg 540w\" sizes=\"(max-width: 620px) 100vw, 620px\" \/><\/figure>\n<\/div>\n<\/div>","protected":false},"excerpt":{"rendered":"<p>Panelas de cozinha de a\u00e7o inoxid\u00e1vel por atacado, as nossas panelas de cozinha s\u00e3o feitas de a\u00e7o inoxid\u00e1vel 304 de qualidade alimentar de alta qualidade, com excelente desempenho, para satisfazer as necessidades de todos os tipos de cozinhas, quer sejam cozinhas dom\u00e9sticas, catering ou hot\u00e9is. Tamb\u00e9m fornecemos op\u00e7\u00f5es flex\u00edveis de utens\u00edlios de cozinha personalizados para atender \u00e0s suas necessidades personalizadas. Os compradores B2B s\u00e3o bem-vindos a contactar-nos.<\/p>\n<h3>Carater\u00edsticas e vantagens da panela de a\u00e7o inoxid\u00e1vel<\/h3>\n<p><strong>Excelente condutividade t\u00e9rmica:<\/strong> Esta panela de a\u00e7o inoxid\u00e1vel tem um fundo triplo de a\u00e7o inoxid\u00e1vel, que pode conduzir o calor de forma r\u00e1pida e uniforme, assegurando que os alimentos s\u00e3o aquecidos uniformemente e reduzindo o tempo de cozedura.<\/p>\n<p><strong>Durabilidade:<\/strong> Fabricado em a\u00e7o inoxid\u00e1vel 304 de qualidade alimentar, tem uma excelente resist\u00eancia \u00e0 corros\u00e3o e ao desgaste, pode suportar a influ\u00eancia de temperaturas elevadas e de um ambiente \u00e1cido-base e garantir que a panela mant\u00e9m um bom desempenho e aspeto numa utiliza\u00e7\u00e3o a longo prazo.<\/p>\n<p><strong>F\u00e1cil de limpar:<\/strong> A superf\u00edcie do a\u00e7o inoxid\u00e1vel \u00e9 lisa, n\u00e3o se cola facilmente aos alimentos e \u00e9 relativamente simples de limpar. Pode ser colocado na m\u00e1quina de lavar loi\u00e7a para poupar tempo<\/p>\n<p><strong>Design de pega oca:<\/strong> O cabo oco tem a fun\u00e7\u00e3o de isolar o calor, o que \u00e9 c\u00f3modo de mover e pode evitar queimaduras at\u00e9 certo ponto.<\/p>\n<p><strong>Servi\u00e7o de personaliza\u00e7\u00e3o OEM&amp;ODM:<\/strong> Como fabricante profissional de utens\u00edlios de cozinha, a Hengguang fornece um servi\u00e7o completo de utens\u00edlios de cozinha personalizados, incluindo material, forma, capacidade e personaliza\u00e7\u00e3o de embalagens.<\/p>","protected":false},"featured_media":4515,"comment_status":"closed","ping_status":"closed","template":"","meta":[],"product_brand":[],"product_cat":[52],"product_tag":[],"class_list":{"0":"post-4514","1":"product","2":"type-product","3":"status-publish","4":"has-post-thumbnail","6":"product_cat-stainless-steel-cookware","8":"first","9":"instock","10":"shipping-taxable","11":"product-type-simple"},"_links":{"self":[{"href":"https:\/\/www.hg-cooker.com\/pt\/wp-json\/wp\/v2\/product\/4514","targetHints":{"allow":["GET"]}}],"collection":[{"href":"https:\/\/www.hg-cooker.com\/pt\/wp-json\/wp\/v2\/product"}],"about":[{"href":"https:\/\/www.hg-cooker.com\/pt\/wp-json\/wp\/v2\/types\/product"}],"replies":[{"embeddable":true,"href":"https:\/\/www.hg-cooker.com\/pt\/wp-json\/wp\/v2\/comments?post=4514"}],"wp:featuredmedia":[{"embeddable":true,"href":"https:\/\/www.hg-cooker.com\/pt\/wp-json\/wp\/v2\/media\/4515"}],"wp:attachment":[{"href":"https:\/\/www.hg-cooker.com\/pt\/wp-json\/wp\/v2\/media?parent=4514"}],"wp:term":[{"taxonomy":"product_brand","embeddable":true,"href":"https:\/\/www.hg-cooker.com\/pt\/wp-json\/wp\/v2\/product_brand?post=4514"},{"taxonomy":"product_cat","embeddable":true,"href":"https:\/\/www.hg-cooker.com\/pt\/wp-json\/wp\/v2\/product_cat?post=4514"},{"taxonomy":"product_tag","embeddable":true,"href":"https:\/\/www.hg-cooker.com\/pt\/wp-json\/wp\/v2\/product_tag?post=4514"}],"curies":[{"name":"wp","href":"https:\/\/api.w.org\/{rel}","templated":true}]}}